{"id":980,"date":"2022-03-03T09:48:48","date_gmt":"2022-03-03T12:48:48","guid":{"rendered":"https:\/\/crefito10.org.br\/portal\/?page_id=980"},"modified":"2025-08-18T08:29:18","modified_gmt":"2025-08-18T11:29:18","slug":"denuncias","status":"publish","type":"page","link":"https:\/\/crefito10.org.br\/portal\/index.php\/denuncias\/","title":{"rendered":"Den\u00fancias"},"content":{"rendered":"\t\t<div data-elementor-type=\"wp-page\" data-elementor-id=\"980\" class=\"elementor elementor-980\">\n\t\t\t\t\t\t<section class=\"elementor-section elementor-top-section elementor-element elementor-element-6b04dc59 elementor-section-boxed elementor-section-height-default elementor-section-height-default\" data-id=\"6b04dc59\" data-element_type=\"section\" data-e-type=\"section\">\n\t\t\t\t\t\t<div class=\"elementor-container elementor-column-gap-default\">\n\t\t\t\t\t<div class=\"elementor-column elementor-col-100 elementor-top-column elementor-element elementor-element-165ee130\" data-id=\"165ee130\" data-element_type=\"column\" data-e-type=\"column\">\n\t\t\t<div class=\"elementor-widget-wrap elementor-element-populated\">\n\t\t\t\t\t\t<div class=\"elementor-element elementor-element-1f0a21ad elementor-share-buttons--view-icon elementor-share-buttons--shape-circle elementor-share-buttons--align-right elementor-share-buttons--skin-gradient elementor-grid-0 elementor-share-buttons--color-official elementor-widget elementor-widget-share-buttons\" data-id=\"1f0a21ad\" data-element_type=\"widget\" data-e-type=\"widget\" data-widget_type=\"share-buttons.default\">\n\t\t\t\t<div class=\"elementor-widget-container\">\n\t\t\t\t\t\t\t<div class=\"elementor-grid\">\n\t\t\t\t\t\t\t\t<div class=\"elementor-grid-item\">\n\t\t\t\t\t\t<div class=\"elementor-share-btn elementor-share-btn_facebook\">\n\t\t\t\t\t\t\t\t\t\t\t\t\t\t\t<span class=\"elementor-share-btn__icon\">\n\t\t\t\t\t\t\t\t<i class=\"fab fa-facebook\" aria-hidden=\"true\"><\/i>\t\t\t\t\t\t\t\t<span\n\t\t\t\t\t\t\t\t\tclass=\"elementor-screen-only\">Share on facebook<\/span>\n\t\t\t\t\t\t\t<\/span>\n\t\t\t\t\t\t\t\t\t\t\t\t\t\t\t\t\t\t\t\t<\/div>\n\t\t\t\t\t<\/div>\n\t\t\t\t\t\t\t\t\t<div class=\"elementor-grid-item\">\n\t\t\t\t\t\t<div class=\"elementor-share-btn elementor-share-btn_email\">\n\t\t\t\t\t\t\t\t\t\t\t\t\t\t\t<span class=\"elementor-share-btn__icon\">\n\t\t\t\t\t\t\t\t<i class=\"fas fa-envelope\" aria-hidden=\"true\"><\/i>\t\t\t\t\t\t\t\t<span\n\t\t\t\t\t\t\t\t\tclass=\"elementor-screen-only\">Share on email<\/span>\n\t\t\t\t\t\t\t<\/span>\n\t\t\t\t\t\t\t\t\t\t\t\t\t\t\t\t\t\t\t\t<\/div>\n\t\t\t\t\t<\/div>\n\t\t\t\t\t\t\t\t\t<div class=\"elementor-grid-item\">\n\t\t\t\t\t\t<div class=\"elementor-share-btn elementor-share-btn_whatsapp\">\n\t\t\t\t\t\t\t\t\t\t\t\t\t\t\t<span class=\"elementor-share-btn__icon\">\n\t\t\t\t\t\t\t\t<i class=\"fab fa-whatsapp\" aria-hidden=\"true\"><\/i>\t\t\t\t\t\t\t\t<span\n\t\t\t\t\t\t\t\t\tclass=\"elementor-screen-only\">Share on whatsapp<\/span>\n\t\t\t\t\t\t\t<\/span>\n\t\t\t\t\t\t\t\t\t\t\t\t\t\t\t\t\t\t\t\t<\/div>\n\t\t\t\t\t<\/div>\n\t\t\t\t\t\t<\/div>\n\t\t\t\t\t\t<\/div>\n\t\t\t\t<\/div>\n\t\t\t\t<div class=\"elementor-element elementor-element-a22cc3b elementor-widget elementor-widget-heading\" data-id=\"a22cc3b\" data-element_type=\"widget\" data-e-type=\"widget\" data-widget_type=\"heading.default\">\n\t\t\t\t<div class=\"elementor-widget-container\">\n\t\t\t\t\t<h2 class=\"elementor-heading-title elementor-size-default\">Den\u00fancias<\/h2>\t\t\t\t<\/div>\n\t\t\t\t<\/div>\n\t\t\t\t\t<\/div>\n\t\t<\/div>\n\t\t\t\t\t<\/div>\n\t\t<\/section>\n\t\t\t\t<section class=\"elementor-section elementor-top-section elementor-element elementor-element-5535825 elementor-section-boxed elementor-section-height-default elementor-section-height-default\" data-id=\"5535825\" data-element_type=\"section\" data-e-type=\"section\">\n\t\t\t\t\t\t<div class=\"elementor-container elementor-column-gap-default\">\n\t\t\t\t\t<div class=\"elementor-column elementor-col-100 elementor-top-column elementor-element elementor-element-afbdc69\" data-id=\"afbdc69\" data-element_type=\"column\" data-e-type=\"column\">\n\t\t\t<div class=\"elementor-widget-wrap elementor-element-populated\">\n\t\t\t\t\t\t<div class=\"elementor-element elementor-element-590a407 elementor-button-align-stretch elementor-widget elementor-widget-form\" data-id=\"590a407\" data-element_type=\"widget\" data-e-type=\"widget\" data-settings=\"{&quot;step_next_label&quot;:&quot;Pr\\u00f3ximo&quot;,&quot;step_previous_label&quot;:&quot;Anterior&quot;,&quot;button_width&quot;:&quot;100&quot;,&quot;step_type&quot;:&quot;number_text&quot;,&quot;step_icon_shape&quot;:&quot;circle&quot;}\" data-widget_type=\"form.default\">\n\t\t\t\t<div class=\"elementor-widget-container\">\n\t\t\t\t\t\t\t<form class=\"elementor-form\" method=\"post\" name=\"New Form\">\n\t\t\t<input type=\"hidden\" name=\"post_id\" value=\"980\"\/>\n\t\t\t<input type=\"hidden\" name=\"form_id\" value=\"590a407\"\/>\n\t\t\t<input type=\"hidden\" name=\"referer_title\" value=\"CREFITO10\" \/>\n\n\t\t\t\n\t\t\t<div class=\"elementor-form-fields-wrapper elementor-labels-\">\n\t\t\t\t\t\t\t\t<div class=\"elementor-field-type-text elementor-field-group elementor-column elementor-field-group-name elementor-col-100 elementor-field-required\">\n\t\t\t\t\t\t\t\t\t\t\t\t<label for=\"form-field-name\" class=\"elementor-field-label elementor-screen-only\">\n\t\t\t\t\t\t\t\tNome\t\t\t\t\t\t\t<\/label>\n\t\t\t\t\t\t\t\t\t\t\t\t\t\t<input size=\"1\" type=\"text\" name=\"form_fields[name]\" id=\"form-field-name\" class=\"elementor-field elementor-size-sm  elementor-field-textual\" placeholder=\"Nome\" required=\"required\" aria-required=\"true\">\n\t\t\t\t\t\t\t\t\t\t\t<\/div>\n\t\t\t\t\t\t\t\t<div class=\"elementor-field-type-email elementor-field-group elementor-column elementor-field-group-email elementor-col-100 elementor-field-required\">\n\t\t\t\t\t\t\t\t\t\t\t\t<label for=\"form-field-email\" class=\"elementor-field-label elementor-screen-only\">\n\t\t\t\t\t\t\t\tEmail\t\t\t\t\t\t\t<\/label>\n\t\t\t\t\t\t\t\t\t\t\t\t\t\t<input size=\"1\" type=\"email\" name=\"form_fields[email]\" id=\"form-field-email\" class=\"elementor-field elementor-size-sm  elementor-field-textual\" placeholder=\"Email\" required=\"required\" aria-required=\"true\">\n\t\t\t\t\t\t\t\t\t\t\t<\/div>\n\t\t\t\t\t\t\t\t<div class=\"elementor-field-type-text elementor-field-group elementor-column elementor-field-group-field_466e1cb elementor-col-100 elementor-field-required\">\n\t\t\t\t\t\t\t\t\t\t\t\t<label for=\"form-field-field_466e1cb\" class=\"elementor-field-label elementor-screen-only\">\n\t\t\t\t\t\t\t\tAssunto\t\t\t\t\t\t\t<\/label>\n\t\t\t\t\t\t\t\t\t\t\t\t\t\t<input size=\"1\" type=\"text\" name=\"form_fields[field_466e1cb]\" id=\"form-field-field_466e1cb\" class=\"elementor-field elementor-size-sm  elementor-field-textual\" placeholder=\"Assunto\" required=\"required\" aria-required=\"true\">\n\t\t\t\t\t\t\t\t\t\t\t<\/div>\n\t\t\t\t\t\t\t\t<div class=\"elementor-field-type-textarea elementor-field-group elementor-column elementor-field-group-message elementor-col-100 elementor-field-required\">\n\t\t\t\t\t\t\t\t\t\t\t\t<label for=\"form-field-message\" class=\"elementor-field-label elementor-screen-only\">\n\t\t\t\t\t\t\t\tDescri\u00e7\u00e3o da sua den\u00fancia:\t\t\t\t\t\t\t<\/label>\n\t\t\t\t\t\t<textarea class=\"elementor-field-textual elementor-field  elementor-size-sm\" name=\"form_fields[message]\" id=\"form-field-message\" rows=\"8\" placeholder=\"Descri\u00e7\u00e3o da sua den\u00fancia (\u00c9 necess\u00e1rio informar: nome completo do denunciado, endere\u00e7o completo do estabelecimento e, se poss\u00edvel, dias e hor\u00e1rios de atendimento):\" required=\"required\" aria-required=\"true\"><\/textarea>\t\t\t\t<\/div>\n\t\t\t\t\t\t\t\t<div class=\"elementor-field-type-recaptcha elementor-field-group elementor-column elementor-field-group-field_39ac759 elementor-col-100\">\n\t\t\t\t\t<div class=\"elementor-field\" id=\"form-field-field_39ac759\"><div class=\"elementor-g-recaptcha\" data-sitekey=\"6LciCLEeAAAAADjS_eJ7OdyX_WSCrvKSfppx_1rd\" data-type=\"v2_checkbox\" data-theme=\"light\" data-size=\"normal\"><\/div><\/div>\t\t\t\t<\/div>\n\t\t\t\t\t\t\t\t<div class=\"elementor-field-group elementor-column elementor-field-type-submit elementor-col-100 e-form__buttons\">\n\t\t\t\t\t<button type=\"submit\" class=\"elementor-button elementor-size-sm\">\n\t\t\t\t\t\t<span >\n\t\t\t\t\t\t\t\t\t\t\t\t\t\t\t<span class=\" elementor-button-icon\">\n\t\t\t\t\t\t\t\t\t\t\t\t\t\t\t\t\t\t\t\t\t\t\t\t\t\t<\/span>\n\t\t\t\t\t\t\t\t\t\t\t\t\t\t\t\t\t\t\t\t\t\t<span class=\"elementor-button-text\">Enviar<\/span>\n\t\t\t\t\t\t\t\t\t\t\t\t\t<\/span>\n\t\t\t\t\t<\/button>\n\t\t\t\t<\/div>\n\t\t\t<\/div>\n\t\t<\/form>\n\t\t\t\t\t\t<\/div>\n\t\t\t\t<\/div>\n\t\t\t\t\t<\/div>\n\t\t<\/div>\n\t\t\t\t\t<\/div>\n\t\t<\/section>\n\t\t\t\t<\/div>\n\t\t","protected":false},"excerpt":{"rendered":"<p>Share on facebook Share on email Share on whatsapp Den\u00fancias<\/p>\n","protected":false},"author":1,"featured_media":0,"parent":0,"menu_order":0,"comment_status":"closed","ping_status":"closed","template":"elementor_header_footer","meta":{"footnotes":""},"class_list":["post-980","page","type-page","status-publish","hentry"],"yoast_head":"<!-- This site is optimized with the Yoast SEO plugin v27.4 - https:\/\/yoast.com\/product\/yoast-seo-wordpress\/ -->\n<title>Den\u00fancias - CREFITO10<\/title>\n<meta name=\"robots\" content=\"index, follow, max-snippet:-1, max-image-preview:large, max-video-preview:-1\" \/>\n<link rel=\"canonical\" href=\"https:\/\/crefito10.org.br\/portal\/index.php\/denuncias\/\" \/>\n<meta property=\"og:locale\" content=\"pt_BR\" \/>\n<meta property=\"og:type\" content=\"article\" \/>\n<meta property=\"og:title\" content=\"Den\u00fancias - CREFITO10\" \/>\n<meta property=\"og:description\" content=\"Share on facebook Share on email Share on whatsapp Den\u00fancias\" \/>\n<meta property=\"og:url\" content=\"https:\/\/crefito10.org.br\/portal\/index.php\/denuncias\/\" \/>\n<meta property=\"og:site_name\" content=\"CREFITO10\" \/>\n<meta property=\"article:modified_time\" content=\"2025-08-18T11:29:18+00:00\" \/>\n<meta name=\"twitter:card\" content=\"summary_large_image\" \/>\n<script type=\"application\/ld+json\" class=\"yoast-schema-graph\">{\"@context\":\"https:\\\/\\\/schema.org\",\"@graph\":[{\"@type\":\"WebPage\",\"@id\":\"https:\\\/\\\/crefito10.org.br\\\/portal\\\/index.php\\\/denuncias\\\/\",\"url\":\"https:\\\/\\\/crefito10.org.br\\\/portal\\\/index.php\\\/denuncias\\\/\",\"name\":\"Den\u00fancias - CREFITO10\",\"isPartOf\":{\"@id\":\"https:\\\/\\\/crefito10.org.br\\\/portal\\\/#website\"},\"datePublished\":\"2022-03-03T12:48:48+00:00\",\"dateModified\":\"2025-08-18T11:29:18+00:00\",\"breadcrumb\":{\"@id\":\"https:\\\/\\\/crefito10.org.br\\\/portal\\\/index.php\\\/denuncias\\\/#breadcrumb\"},\"inLanguage\":\"pt-BR\",\"potentialAction\":[{\"@type\":\"ReadAction\",\"target\":[\"https:\\\/\\\/crefito10.org.br\\\/portal\\\/index.php\\\/denuncias\\\/\"]}]},{\"@type\":\"BreadcrumbList\",\"@id\":\"https:\\\/\\\/crefito10.org.br\\\/portal\\\/index.php\\\/denuncias\\\/#breadcrumb\",\"itemListElement\":[{\"@type\":\"ListItem\",\"position\":1,\"name\":\"In\u00edcio\",\"item\":\"https:\\\/\\\/crefito10.org.br\\\/portal\\\/\"},{\"@type\":\"ListItem\",\"position\":2,\"name\":\"Den\u00fancias\"}]},{\"@type\":\"WebSite\",\"@id\":\"https:\\\/\\\/crefito10.org.br\\\/portal\\\/#website\",\"url\":\"https:\\\/\\\/crefito10.org.br\\\/portal\\\/\",\"name\":\"CREFITO-10\",\"description\":\"\",\"publisher\":{\"@id\":\"https:\\\/\\\/crefito10.org.br\\\/portal\\\/#organization\"},\"potentialAction\":[{\"@type\":\"SearchAction\",\"target\":{\"@type\":\"EntryPoint\",\"urlTemplate\":\"https:\\\/\\\/crefito10.org.br\\\/portal\\\/?s={search_term_string}\"},\"query-input\":{\"@type\":\"PropertyValueSpecification\",\"valueRequired\":true,\"valueName\":\"search_term_string\"}}],\"inLanguage\":\"pt-BR\"},{\"@type\":\"Organization\",\"@id\":\"https:\\\/\\\/crefito10.org.br\\\/portal\\\/#organization\",\"name\":\"CREFITO-10\",\"url\":\"https:\\\/\\\/crefito10.org.br\\\/portal\\\/\",\"logo\":{\"@type\":\"ImageObject\",\"inLanguage\":\"pt-BR\",\"@id\":\"https:\\\/\\\/crefito10.org.br\\\/portal\\\/#\\\/schema\\\/logo\\\/image\\\/\",\"url\":\"https:\\\/\\\/crefito10.org.br\\\/portal\\\/wp-content\\\/uploads\\\/2022\\\/02\\\/WhatsApp-Image-2022-03-11-at-13.34.44-e1648128473135.jpeg\",\"contentUrl\":\"https:\\\/\\\/crefito10.org.br\\\/portal\\\/wp-content\\\/uploads\\\/2022\\\/02\\\/WhatsApp-Image-2022-03-11-at-13.34.44-e1648128473135.jpeg\",\"width\":139,\"height\":25,\"caption\":\"CREFITO-10\"},\"image\":{\"@id\":\"https:\\\/\\\/crefito10.org.br\\\/portal\\\/#\\\/schema\\\/logo\\\/image\\\/\"},\"sameAs\":[\"https:\\\/\\\/www.instagram.com\\\/crefito10\"]}]}<\/script>\n<!-- \/ Yoast SEO plugin. -->","yoast_head_json":{"title":"Den\u00fancias - CREFITO10","robots":{"index":"index","follow":"follow","max-snippet":"max-snippet:-1","max-image-preview":"max-image-preview:large","max-video-preview":"max-video-preview:-1"},"canonical":"https:\/\/crefito10.org.br\/portal\/index.php\/denuncias\/","og_locale":"pt_BR","og_type":"article","og_title":"Den\u00fancias - CREFITO10","og_description":"Share on facebook Share on email Share on whatsapp Den\u00fancias","og_url":"https:\/\/crefito10.org.br\/portal\/index.php\/denuncias\/","og_site_name":"CREFITO10","article_modified_time":"2025-08-18T11:29:18+00:00","twitter_card":"summary_large_image","schema":{"@context":"https:\/\/schema.org","@graph":[{"@type":"WebPage","@id":"https:\/\/crefito10.org.br\/portal\/index.php\/denuncias\/","url":"https:\/\/crefito10.org.br\/portal\/index.php\/denuncias\/","name":"Den\u00fancias - CREFITO10","isPartOf":{"@id":"https:\/\/crefito10.org.br\/portal\/#website"},"datePublished":"2022-03-03T12:48:48+00:00","dateModified":"2025-08-18T11:29:18+00:00","breadcrumb":{"@id":"https:\/\/crefito10.org.br\/portal\/index.php\/denuncias\/#breadcrumb"},"inLanguage":"pt-BR","potentialAction":[{"@type":"ReadAction","target":["https:\/\/crefito10.org.br\/portal\/index.php\/denuncias\/"]}]},{"@type":"BreadcrumbList","@id":"https:\/\/crefito10.org.br\/portal\/index.php\/denuncias\/#breadcrumb","itemListElement":[{"@type":"ListItem","position":1,"name":"In\u00edcio","item":"https:\/\/crefito10.org.br\/portal\/"},{"@type":"ListItem","position":2,"name":"Den\u00fancias"}]},{"@type":"WebSite","@id":"https:\/\/crefito10.org.br\/portal\/#website","url":"https:\/\/crefito10.org.br\/portal\/","name":"CREFITO-10","description":"","publisher":{"@id":"https:\/\/crefito10.org.br\/portal\/#organization"},"potentialAction":[{"@type":"SearchAction","target":{"@type":"EntryPoint","urlTemplate":"https:\/\/crefito10.org.br\/portal\/?s={search_term_string}"},"query-input":{"@type":"PropertyValueSpecification","valueRequired":true,"valueName":"search_term_string"}}],"inLanguage":"pt-BR"},{"@type":"Organization","@id":"https:\/\/crefito10.org.br\/portal\/#organization","name":"CREFITO-10","url":"https:\/\/crefito10.org.br\/portal\/","logo":{"@type":"ImageObject","inLanguage":"pt-BR","@id":"https:\/\/crefito10.org.br\/portal\/#\/schema\/logo\/image\/","url":"https:\/\/crefito10.org.br\/portal\/wp-content\/uploads\/2022\/02\/WhatsApp-Image-2022-03-11-at-13.34.44-e1648128473135.jpeg","contentUrl":"https:\/\/crefito10.org.br\/portal\/wp-content\/uploads\/2022\/02\/WhatsApp-Image-2022-03-11-at-13.34.44-e1648128473135.jpeg","width":139,"height":25,"caption":"CREFITO-10"},"image":{"@id":"https:\/\/crefito10.org.br\/portal\/#\/schema\/logo\/image\/"},"sameAs":["https:\/\/www.instagram.com\/crefito10"]}]}},"_links":{"self":[{"href":"https:\/\/crefito10.org.br\/portal\/index.php\/wp-json\/wp\/v2\/pages\/980","targetHints":{"allow":["GET"]}}],"collection":[{"href":"https:\/\/crefito10.org.br\/portal\/index.php\/wp-json\/wp\/v2\/pages"}],"about":[{"href":"https:\/\/crefito10.org.br\/portal\/index.php\/wp-json\/wp\/v2\/types\/page"}],"author":[{"embeddable":true,"href":"https:\/\/crefito10.org.br\/portal\/index.php\/wp-json\/wp\/v2\/users\/1"}],"replies":[{"embeddable":true,"href":"https:\/\/crefito10.org.br\/portal\/index.php\/wp-json\/wp\/v2\/comments?post=980"}],"version-history":[{"count":6,"href":"https:\/\/crefito10.org.br\/portal\/index.php\/wp-json\/wp\/v2\/pages\/980\/revisions"}],"predecessor-version":[{"id":5806,"href":"https:\/\/crefito10.org.br\/portal\/index.php\/wp-json\/wp\/v2\/pages\/980\/revisions\/5806"}],"wp:attachment":[{"href":"https:\/\/crefito10.org.br\/portal\/index.php\/wp-json\/wp\/v2\/media?parent=980"}],"curies":[{"name":"wp","href":"https:\/\/api.w.org\/{rel}","templated":true}]}}