{"id":728,"date":"2022-02-25T13:23:31","date_gmt":"2022-02-25T16:23:31","guid":{"rendered":"https:\/\/crefito10.org.br\/portal\/?page_id=728"},"modified":"2022-02-25T13:24:25","modified_gmt":"2022-02-25T16:24:25","slug":"cdl-florianopolis","status":"publish","type":"page","link":"https:\/\/crefito10.org.br\/portal\/index.php\/cdl-florianopolis\/","title":{"rendered":"CDL Florian\u00f3polis"},"content":{"rendered":"\t\t<div data-elementor-type=\"wp-page\" data-elementor-id=\"728\" class=\"elementor elementor-728\">\n\t\t\t\t\t\t<section class=\"elementor-section elementor-top-section elementor-element elementor-element-c897032 elementor-section-height-min-height elementor-section-items-top elementor-section-boxed elementor-section-height-default\" data-id=\"c897032\" data-element_type=\"section\" data-e-type=\"section\">\n\t\t\t\t\t\t<div class=\"elementor-container elementor-column-gap-default\">\n\t\t\t\t\t<div class=\"elementor-column elementor-col-100 elementor-top-column elementor-element elementor-element-22a400c\" data-id=\"22a400c\" data-element_type=\"column\" data-e-type=\"column\">\n\t\t\t<div class=\"elementor-widget-wrap elementor-element-populated\">\n\t\t\t\t\t\t<div class=\"elementor-element elementor-element-2d010b8a elementor-share-buttons--view-icon elementor-share-buttons--shape-circle elementor-share-buttons--align-right elementor-share-buttons--skin-gradient elementor-grid-0 elementor-share-buttons--color-official elementor-widget elementor-widget-share-buttons\" data-id=\"2d010b8a\" data-element_type=\"widget\" data-e-type=\"widget\" data-widget_type=\"share-buttons.default\">\n\t\t\t\t<div class=\"elementor-widget-container\">\n\t\t\t\t\t\t\t<div class=\"elementor-grid\">\n\t\t\t\t\t\t\t\t<div class=\"elementor-grid-item\">\n\t\t\t\t\t\t<div class=\"elementor-share-btn elementor-share-btn_facebook\">\n\t\t\t\t\t\t\t\t\t\t\t\t\t\t\t<span class=\"elementor-share-btn__icon\">\n\t\t\t\t\t\t\t\t<i class=\"fab fa-facebook\" aria-hidden=\"true\"><\/i>\t\t\t\t\t\t\t\t<span\n\t\t\t\t\t\t\t\t\tclass=\"elementor-screen-only\">Share on facebook<\/span>\n\t\t\t\t\t\t\t<\/span>\n\t\t\t\t\t\t\t\t\t\t\t\t\t\t\t\t\t\t\t\t<\/div>\n\t\t\t\t\t<\/div>\n\t\t\t\t\t\t\t\t\t<div class=\"elementor-grid-item\">\n\t\t\t\t\t\t<div class=\"elementor-share-btn elementor-share-btn_email\">\n\t\t\t\t\t\t\t\t\t\t\t\t\t\t\t<span class=\"elementor-share-btn__icon\">\n\t\t\t\t\t\t\t\t<i class=\"fas fa-envelope\" aria-hidden=\"true\"><\/i>\t\t\t\t\t\t\t\t<span\n\t\t\t\t\t\t\t\t\tclass=\"elementor-screen-only\">Share on email<\/span>\n\t\t\t\t\t\t\t<\/span>\n\t\t\t\t\t\t\t\t\t\t\t\t\t\t\t\t\t\t\t\t<\/div>\n\t\t\t\t\t<\/div>\n\t\t\t\t\t\t\t\t\t<div class=\"elementor-grid-item\">\n\t\t\t\t\t\t<div class=\"elementor-share-btn elementor-share-btn_whatsapp\">\n\t\t\t\t\t\t\t\t\t\t\t\t\t\t\t<span class=\"elementor-share-btn__icon\">\n\t\t\t\t\t\t\t\t<i class=\"fab fa-whatsapp\" aria-hidden=\"true\"><\/i>\t\t\t\t\t\t\t\t<span\n\t\t\t\t\t\t\t\t\tclass=\"elementor-screen-only\">Share on whatsapp<\/span>\n\t\t\t\t\t\t\t<\/span>\n\t\t\t\t\t\t\t\t\t\t\t\t\t\t\t\t\t\t\t\t<\/div>\n\t\t\t\t\t<\/div>\n\t\t\t\t\t\t<\/div>\n\t\t\t\t\t\t<\/div>\n\t\t\t\t<\/div>\n\t\t\t\t<div class=\"elementor-element elementor-element-4724922f elementor-widget elementor-widget-heading\" data-id=\"4724922f\" data-element_type=\"widget\" data-e-type=\"widget\" data-widget_type=\"heading.default\">\n\t\t\t\t<div class=\"elementor-widget-container\">\n\t\t\t\t\t<h2 class=\"elementor-heading-title elementor-size-default\">CDL Florian\u00f3polis<\/h2>\t\t\t\t<\/div>\n\t\t\t\t<\/div>\n\t\t\t\t<div class=\"elementor-element elementor-element-7a243d2 elementor-widget elementor-widget-image\" data-id=\"7a243d2\" data-element_type=\"widget\" data-e-type=\"widget\" data-widget_type=\"image.default\">\n\t\t\t\t<div class=\"elementor-widget-container\">\n\t\t\t\t\t\t\t\t\t\t\t\t\t\t\t<img decoding=\"async\" src=\"http:\/\/www.crefito10.org.br\/imagens\/LOGO-CDL.JPG\" title=\"\" alt=\"\" loading=\"lazy\" \/>\t\t\t\t\t\t\t\t\t\t\t\t\t\t\t<\/div>\n\t\t\t\t<\/div>\n\t\t\t\t<div class=\"elementor-element elementor-element-5861df96 elementor-widget elementor-widget-text-editor\" data-id=\"5861df96\" data-element_type=\"widget\" data-e-type=\"widget\" data-widget_type=\"text-editor.default\">\n\t\t\t\t<div class=\"elementor-widget-container\">\n\t\t\t\t\t\t\t\t\t<p><span style=\"font-family: arial, helvetica, sans-serif;\">Informa\u00e7\u00f5es poder\u00e3o ser obtidas diretamente no CDL Florian\u00f3polis.<\/span><\/p>\t\t\t\t\t\t\t\t<\/div>\n\t\t\t\t<\/div>\n\t\t\t\t<div class=\"elementor-element elementor-element-6aa633d3 elementor-align-left elementor-widget elementor-widget-button\" data-id=\"6aa633d3\" data-element_type=\"widget\" data-e-type=\"widget\" data-widget_type=\"button.default\">\n\t\t\t\t<div class=\"elementor-widget-container\">\n\t\t\t\t\t\t\t\t\t<div class=\"elementor-button-wrapper\">\n\t\t\t\t\t<a class=\"elementor-button elementor-button-link elementor-size-sm\" href=\"#elementor-action%3Aaction%3Dpopup%3Aopen%26settings%3DeyJpZCI6Ijc2IiwidG9nZ2xlIjpmYWxzZX0%3D\">\n\t\t\t\t\t\t<span class=\"elementor-button-content-wrapper\">\n\t\t\t\t\t\t<span class=\"elementor-button-icon\">\n\t\t\t\t<i aria-hidden=\"true\" class=\"fas fa-backward\"><\/i>\t\t\t<\/span>\n\t\t\t\t\t\t\t\t\t<span class=\"elementor-button-text\">Voltar<\/span>\n\t\t\t\t\t<\/span>\n\t\t\t\t\t<\/a>\n\t\t\t\t<\/div>\n\t\t\t\t\t\t\t\t<\/div>\n\t\t\t\t<\/div>\n\t\t\t\t\t<\/div>\n\t\t<\/div>\n\t\t\t\t\t<\/div>\n\t\t<\/section>\n\t\t\t\t<\/div>\n\t\t","protected":false},"excerpt":{"rendered":"<p>Share on facebook Share on email Share on whatsapp CDL Florian\u00f3polis Informa\u00e7\u00f5es poder\u00e3o ser obtidas diretamente no CDL Florian\u00f3polis. Voltar<\/p>\n","protected":false},"author":1,"featured_media":0,"parent":0,"menu_order":0,"comment_status":"closed","ping_status":"closed","template":"elementor_header_footer","meta":{"footnotes":""},"class_list":["post-728","page","type-page","status-publish","hentry"],"yoast_head":"<!-- This site is optimized with the Yoast SEO plugin v27.4 - https:\/\/yoast.com\/product\/yoast-seo-wordpress\/ -->\n<title>CDL Florian\u00f3polis - CREFITO10<\/title>\n<meta name=\"robots\" content=\"index, follow, max-snippet:-1, max-image-preview:large, max-video-preview:-1\" \/>\n<link rel=\"canonical\" href=\"https:\/\/crefito10.org.br\/portal\/index.php\/cdl-florianopolis\/\" \/>\n<meta property=\"og:locale\" content=\"pt_BR\" \/>\n<meta property=\"og:type\" content=\"article\" \/>\n<meta property=\"og:title\" content=\"CDL Florian\u00f3polis - CREFITO10\" \/>\n<meta property=\"og:description\" content=\"Share on facebook Share on email Share on whatsapp CDL Florian\u00f3polis Informa\u00e7\u00f5es poder\u00e3o ser obtidas diretamente no CDL Florian\u00f3polis. Voltar\" \/>\n<meta property=\"og:url\" content=\"https:\/\/crefito10.org.br\/portal\/index.php\/cdl-florianopolis\/\" \/>\n<meta property=\"og:site_name\" content=\"CREFITO10\" \/>\n<meta property=\"article:modified_time\" content=\"2022-02-25T16:24:25+00:00\" \/>\n<meta property=\"og:image\" content=\"http:\/\/www.crefito10.org.br\/imagens\/LOGO-CDL.JPG\" \/>\n<meta name=\"twitter:card\" content=\"summary_large_image\" \/>\n<script type=\"application\/ld+json\" class=\"yoast-schema-graph\">{\"@context\":\"https:\\\/\\\/schema.org\",\"@graph\":[{\"@type\":\"WebPage\",\"@id\":\"https:\\\/\\\/crefito10.org.br\\\/portal\\\/index.php\\\/cdl-florianopolis\\\/\",\"url\":\"https:\\\/\\\/crefito10.org.br\\\/portal\\\/index.php\\\/cdl-florianopolis\\\/\",\"name\":\"CDL Florian\u00f3polis - CREFITO10\",\"isPartOf\":{\"@id\":\"https:\\\/\\\/crefito10.org.br\\\/portal\\\/#website\"},\"primaryImageOfPage\":{\"@id\":\"https:\\\/\\\/crefito10.org.br\\\/portal\\\/index.php\\\/cdl-florianopolis\\\/#primaryimage\"},\"image\":{\"@id\":\"https:\\\/\\\/crefito10.org.br\\\/portal\\\/index.php\\\/cdl-florianopolis\\\/#primaryimage\"},\"thumbnailUrl\":\"http:\\\/\\\/www.crefito10.org.br\\\/imagens\\\/LOGO-CDL.JPG\",\"datePublished\":\"2022-02-25T16:23:31+00:00\",\"dateModified\":\"2022-02-25T16:24:25+00:00\",\"breadcrumb\":{\"@id\":\"https:\\\/\\\/crefito10.org.br\\\/portal\\\/index.php\\\/cdl-florianopolis\\\/#breadcrumb\"},\"inLanguage\":\"pt-BR\",\"potentialAction\":[{\"@type\":\"ReadAction\",\"target\":[\"https:\\\/\\\/crefito10.org.br\\\/portal\\\/index.php\\\/cdl-florianopolis\\\/\"]}]},{\"@type\":\"ImageObject\",\"inLanguage\":\"pt-BR\",\"@id\":\"https:\\\/\\\/crefito10.org.br\\\/portal\\\/index.php\\\/cdl-florianopolis\\\/#primaryimage\",\"url\":\"http:\\\/\\\/www.crefito10.org.br\\\/imagens\\\/LOGO-CDL.JPG\",\"contentUrl\":\"http:\\\/\\\/www.crefito10.org.br\\\/imagens\\\/LOGO-CDL.JPG\"},{\"@type\":\"BreadcrumbList\",\"@id\":\"https:\\\/\\\/crefito10.org.br\\\/portal\\\/index.php\\\/cdl-florianopolis\\\/#breadcrumb\",\"itemListElement\":[{\"@type\":\"ListItem\",\"position\":1,\"name\":\"In\u00edcio\",\"item\":\"https:\\\/\\\/crefito10.org.br\\\/portal\\\/\"},{\"@type\":\"ListItem\",\"position\":2,\"name\":\"CDL Florian\u00f3polis\"}]},{\"@type\":\"WebSite\",\"@id\":\"https:\\\/\\\/crefito10.org.br\\\/portal\\\/#website\",\"url\":\"https:\\\/\\\/crefito10.org.br\\\/portal\\\/\",\"name\":\"CREFITO-10\",\"description\":\"\",\"publisher\":{\"@id\":\"https:\\\/\\\/crefito10.org.br\\\/portal\\\/#organization\"},\"potentialAction\":[{\"@type\":\"SearchAction\",\"target\":{\"@type\":\"EntryPoint\",\"urlTemplate\":\"https:\\\/\\\/crefito10.org.br\\\/portal\\\/?s={search_term_string}\"},\"query-input\":{\"@type\":\"PropertyValueSpecification\",\"valueRequired\":true,\"valueName\":\"search_term_string\"}}],\"inLanguage\":\"pt-BR\"},{\"@type\":\"Organization\",\"@id\":\"https:\\\/\\\/crefito10.org.br\\\/portal\\\/#organization\",\"name\":\"CREFITO-10\",\"url\":\"https:\\\/\\\/crefito10.org.br\\\/portal\\\/\",\"logo\":{\"@type\":\"ImageObject\",\"inLanguage\":\"pt-BR\",\"@id\":\"https:\\\/\\\/crefito10.org.br\\\/portal\\\/#\\\/schema\\\/logo\\\/image\\\/\",\"url\":\"https:\\\/\\\/crefito10.org.br\\\/portal\\\/wp-content\\\/uploads\\\/2022\\\/02\\\/WhatsApp-Image-2022-03-11-at-13.34.44-e1648128473135.jpeg\",\"contentUrl\":\"https:\\\/\\\/crefito10.org.br\\\/portal\\\/wp-content\\\/uploads\\\/2022\\\/02\\\/WhatsApp-Image-2022-03-11-at-13.34.44-e1648128473135.jpeg\",\"width\":139,\"height\":25,\"caption\":\"CREFITO-10\"},\"image\":{\"@id\":\"https:\\\/\\\/crefito10.org.br\\\/portal\\\/#\\\/schema\\\/logo\\\/image\\\/\"},\"sameAs\":[\"https:\\\/\\\/www.instagram.com\\\/crefito10\"]}]}<\/script>\n<!-- \/ Yoast SEO plugin. -->","yoast_head_json":{"title":"CDL Florian\u00f3polis - CREFITO10","robots":{"index":"index","follow":"follow","max-snippet":"max-snippet:-1","max-image-preview":"max-image-preview:large","max-video-preview":"max-video-preview:-1"},"canonical":"https:\/\/crefito10.org.br\/portal\/index.php\/cdl-florianopolis\/","og_locale":"pt_BR","og_type":"article","og_title":"CDL Florian\u00f3polis - CREFITO10","og_description":"Share on facebook Share on email Share on whatsapp CDL Florian\u00f3polis Informa\u00e7\u00f5es poder\u00e3o ser obtidas diretamente no CDL Florian\u00f3polis. Voltar","og_url":"https:\/\/crefito10.org.br\/portal\/index.php\/cdl-florianopolis\/","og_site_name":"CREFITO10","article_modified_time":"2022-02-25T16:24:25+00:00","og_image":[{"url":"http:\/\/www.crefito10.org.br\/imagens\/LOGO-CDL.JPG","type":"","width":"","height":""}],"twitter_card":"summary_large_image","schema":{"@context":"https:\/\/schema.org","@graph":[{"@type":"WebPage","@id":"https:\/\/crefito10.org.br\/portal\/index.php\/cdl-florianopolis\/","url":"https:\/\/crefito10.org.br\/portal\/index.php\/cdl-florianopolis\/","name":"CDL Florian\u00f3polis - CREFITO10","isPartOf":{"@id":"https:\/\/crefito10.org.br\/portal\/#website"},"primaryImageOfPage":{"@id":"https:\/\/crefito10.org.br\/portal\/index.php\/cdl-florianopolis\/#primaryimage"},"image":{"@id":"https:\/\/crefito10.org.br\/portal\/index.php\/cdl-florianopolis\/#primaryimage"},"thumbnailUrl":"http:\/\/www.crefito10.org.br\/imagens\/LOGO-CDL.JPG","datePublished":"2022-02-25T16:23:31+00:00","dateModified":"2022-02-25T16:24:25+00:00","breadcrumb":{"@id":"https:\/\/crefito10.org.br\/portal\/index.php\/cdl-florianopolis\/#breadcrumb"},"inLanguage":"pt-BR","potentialAction":[{"@type":"ReadAction","target":["https:\/\/crefito10.org.br\/portal\/index.php\/cdl-florianopolis\/"]}]},{"@type":"ImageObject","inLanguage":"pt-BR","@id":"https:\/\/crefito10.org.br\/portal\/index.php\/cdl-florianopolis\/#primaryimage","url":"http:\/\/www.crefito10.org.br\/imagens\/LOGO-CDL.JPG","contentUrl":"http:\/\/www.crefito10.org.br\/imagens\/LOGO-CDL.JPG"},{"@type":"BreadcrumbList","@id":"https:\/\/crefito10.org.br\/portal\/index.php\/cdl-florianopolis\/#breadcrumb","itemListElement":[{"@type":"ListItem","position":1,"name":"In\u00edcio","item":"https:\/\/crefito10.org.br\/portal\/"},{"@type":"ListItem","position":2,"name":"CDL Florian\u00f3polis"}]},{"@type":"WebSite","@id":"https:\/\/crefito10.org.br\/portal\/#website","url":"https:\/\/crefito10.org.br\/portal\/","name":"CREFITO-10","description":"","publisher":{"@id":"https:\/\/crefito10.org.br\/portal\/#organization"},"potentialAction":[{"@type":"SearchAction","target":{"@type":"EntryPoint","urlTemplate":"https:\/\/crefito10.org.br\/portal\/?s={search_term_string}"},"query-input":{"@type":"PropertyValueSpecification","valueRequired":true,"valueName":"search_term_string"}}],"inLanguage":"pt-BR"},{"@type":"Organization","@id":"https:\/\/crefito10.org.br\/portal\/#organization","name":"CREFITO-10","url":"https:\/\/crefito10.org.br\/portal\/","logo":{"@type":"ImageObject","inLanguage":"pt-BR","@id":"https:\/\/crefito10.org.br\/portal\/#\/schema\/logo\/image\/","url":"https:\/\/crefito10.org.br\/portal\/wp-content\/uploads\/2022\/02\/WhatsApp-Image-2022-03-11-at-13.34.44-e1648128473135.jpeg","contentUrl":"https:\/\/crefito10.org.br\/portal\/wp-content\/uploads\/2022\/02\/WhatsApp-Image-2022-03-11-at-13.34.44-e1648128473135.jpeg","width":139,"height":25,"caption":"CREFITO-10"},"image":{"@id":"https:\/\/crefito10.org.br\/portal\/#\/schema\/logo\/image\/"},"sameAs":["https:\/\/www.instagram.com\/crefito10"]}]}},"_links":{"self":[{"href":"https:\/\/crefito10.org.br\/portal\/index.php\/wp-json\/wp\/v2\/pages\/728","targetHints":{"allow":["GET"]}}],"collection":[{"href":"https:\/\/crefito10.org.br\/portal\/index.php\/wp-json\/wp\/v2\/pages"}],"about":[{"href":"https:\/\/crefito10.org.br\/portal\/index.php\/wp-json\/wp\/v2\/types\/page"}],"author":[{"embeddable":true,"href":"https:\/\/crefito10.org.br\/portal\/index.php\/wp-json\/wp\/v2\/users\/1"}],"replies":[{"embeddable":true,"href":"https:\/\/crefito10.org.br\/portal\/index.php\/wp-json\/wp\/v2\/comments?post=728"}],"version-history":[{"count":0,"href":"https:\/\/crefito10.org.br\/portal\/index.php\/wp-json\/wp\/v2\/pages\/728\/revisions"}],"wp:attachment":[{"href":"https:\/\/crefito10.org.br\/portal\/index.php\/wp-json\/wp\/v2\/media?parent=728"}],"curies":[{"name":"wp","href":"https:\/\/api.w.org\/{rel}","templated":true}]}}