{"id":608,"date":"2022-02-25T12:08:25","date_gmt":"2022-02-25T15:08:25","guid":{"rendered":"https:\/\/crefito10.org.br\/portal\/?page_id=608"},"modified":"2025-09-30T10:22:06","modified_gmt":"2025-09-30T13:22:06","slug":"inclusao-de-resp-tecnica","status":"publish","type":"page","link":"https:\/\/crefito10.org.br\/portal\/index.php\/inclusao-de-resp-tecnica\/","title":{"rendered":"Inclus\u00e3o de Resp. T\u00e9cnica"},"content":{"rendered":"\t\t<div data-elementor-type=\"wp-page\" data-elementor-id=\"608\" class=\"elementor elementor-608\">\n\t\t\t\t\t\t<section class=\"elementor-section elementor-top-section elementor-element elementor-element-6a1a8e25 elementor-section-height-min-height elementor-section-items-top elementor-section-boxed elementor-section-height-default\" data-id=\"6a1a8e25\" data-element_type=\"section\" data-e-type=\"section\">\n\t\t\t\t\t\t<div class=\"elementor-container elementor-column-gap-default\">\n\t\t\t\t\t<div class=\"elementor-column elementor-col-100 elementor-top-column elementor-element elementor-element-24d61836\" data-id=\"24d61836\" data-element_type=\"column\" data-e-type=\"column\">\n\t\t\t<div class=\"elementor-widget-wrap elementor-element-populated\">\n\t\t\t\t\t\t<div class=\"elementor-element elementor-element-863ad14 elementor-share-buttons--view-icon elementor-share-buttons--shape-circle elementor-share-buttons--align-right elementor-share-buttons--skin-gradient elementor-grid-0 elementor-share-buttons--color-official elementor-widget elementor-widget-share-buttons\" data-id=\"863ad14\" data-element_type=\"widget\" data-e-type=\"widget\" data-widget_type=\"share-buttons.default\">\n\t\t\t\t<div class=\"elementor-widget-container\">\n\t\t\t\t\t\t\t<div class=\"elementor-grid\">\n\t\t\t\t\t\t\t\t<div class=\"elementor-grid-item\">\n\t\t\t\t\t\t<div class=\"elementor-share-btn elementor-share-btn_email\">\n\t\t\t\t\t\t\t\t\t\t\t\t\t\t\t<span class=\"elementor-share-btn__icon\">\n\t\t\t\t\t\t\t\t<i class=\"fas fa-envelope\" aria-hidden=\"true\"><\/i>\t\t\t\t\t\t\t\t<span\n\t\t\t\t\t\t\t\t\tclass=\"elementor-screen-only\">Share on email<\/span>\n\t\t\t\t\t\t\t<\/span>\n\t\t\t\t\t\t\t\t\t\t\t\t\t\t\t\t\t\t\t\t<\/div>\n\t\t\t\t\t<\/div>\n\t\t\t\t\t\t\t\t\t<div class=\"elementor-grid-item\">\n\t\t\t\t\t\t<div class=\"elementor-share-btn elementor-share-btn_whatsapp\">\n\t\t\t\t\t\t\t\t\t\t\t\t\t\t\t<span class=\"elementor-share-btn__icon\">\n\t\t\t\t\t\t\t\t<i class=\"fab fa-whatsapp\" aria-hidden=\"true\"><\/i>\t\t\t\t\t\t\t\t<span\n\t\t\t\t\t\t\t\t\tclass=\"elementor-screen-only\">Share on whatsapp<\/span>\n\t\t\t\t\t\t\t<\/span>\n\t\t\t\t\t\t\t\t\t\t\t\t\t\t\t\t\t\t\t\t<\/div>\n\t\t\t\t\t<\/div>\n\t\t\t\t\t\t<\/div>\n\t\t\t\t\t\t<\/div>\n\t\t\t\t<\/div>\n\t\t\t\t<div class=\"elementor-element elementor-element-6a72cdbe elementor-widget elementor-widget-heading\" data-id=\"6a72cdbe\" data-element_type=\"widget\" data-e-type=\"widget\" data-widget_type=\"heading.default\">\n\t\t\t\t<div class=\"elementor-widget-container\">\n\t\t\t\t\t<h2 class=\"elementor-heading-title elementor-size-default\">Inclus\u00e3o de Responsabilidade T\u00e9cnica<\/h2>\t\t\t\t<\/div>\n\t\t\t\t<\/div>\n\t\t\t\t<div class=\"elementor-element elementor-element-8974165 elementor-widget elementor-widget-spacer\" data-id=\"8974165\" data-element_type=\"widget\" data-e-type=\"widget\" data-widget_type=\"spacer.default\">\n\t\t\t\t<div class=\"elementor-widget-container\">\n\t\t\t\t\t\t\t<div class=\"elementor-spacer\">\n\t\t\t<div class=\"elementor-spacer-inner\"><\/div>\n\t\t<\/div>\n\t\t\t\t\t\t<\/div>\n\t\t\t\t<\/div>\n\t\t\t\t<div class=\"elementor-element elementor-element-729f74c4 elementor-widget elementor-widget-text-editor\" data-id=\"729f74c4\" data-element_type=\"widget\" data-e-type=\"widget\" data-widget_type=\"text-editor.default\">\n\t\t\t\t<div class=\"elementor-widget-container\">\n\t\t\t\t\t\t\t\t\t<p>Requerimento (<a href=\"http:\/\/www.crefito10.org.br\/cmslite\/userfiles\/file\/requerimentos\/REQUERIMENTO_INCLUSAO.pdf\" target=\"_blank\" rel=\"noopener\">download<\/a>)<\/p><p><span style=\"font-size: 1rem;\">Requerimento para \u00f3rg\u00e3o p\u00fablico\/institui\u00e7\u00e3o\u00a0 (<\/span><a href=\"http:\/\/www.crefito10.org.br\/cmslite\/userfiles\/file\/requerimentos\/requerimento-inclusao-responsabilidade-tecnica.pdf\" target=\"_blank\" rel=\"noopener\">download<\/a><span style=\"font-size: 1rem;\">)<\/span><\/p><p><span style=\"font-size: 1rem;\">Declara\u00e7\u00e3o de Responsabilidade T\u00e9cnica (<\/span><a style=\"font-size: 1rem; background-color: #ffffff;\" href=\"http:\/\/www.crefito10.org.br\/cmslite\/userfiles\/file\/requerimentos\/DECLARACAO_RESPONSABILIDADE_TECNICA.pdf\" target=\"_blank\" rel=\"noopener\">download<\/a><span style=\"font-size: 1rem;\">)<\/span><\/p><p>Os documentos devem ser enviados por e-mail: <a href=\"mailto:crefito10@crefito10.org.br\">crefito10@crefito10.org.br<\/a><\/p>\t\t\t\t\t\t\t\t<\/div>\n\t\t\t\t<\/div>\n\t\t\t\t<div class=\"elementor-element elementor-element-13c0a1eb elementor-align-left elementor-widget elementor-widget-button\" data-id=\"13c0a1eb\" data-element_type=\"widget\" data-e-type=\"widget\" data-widget_type=\"button.default\">\n\t\t\t\t<div class=\"elementor-widget-container\">\n\t\t\t\t\t\t\t\t\t<div class=\"elementor-button-wrapper\">\n\t\t\t\t\t<a class=\"elementor-button elementor-button-link elementor-size-sm\" href=\"#elementor-action%3Aaction%3Dpopup%3Aopen%26settings%3DeyJpZCI6Ijc2IiwidG9nZ2xlIjpmYWxzZX0%3D\">\n\t\t\t\t\t\t<span class=\"elementor-button-content-wrapper\">\n\t\t\t\t\t\t<span class=\"elementor-button-icon\">\n\t\t\t\t<i aria-hidden=\"true\" class=\"fas fa-backward\"><\/i>\t\t\t<\/span>\n\t\t\t\t\t\t\t\t\t<span class=\"elementor-button-text\">Voltar<\/span>\n\t\t\t\t\t<\/span>\n\t\t\t\t\t<\/a>\n\t\t\t\t<\/div>\n\t\t\t\t\t\t\t\t<\/div>\n\t\t\t\t<\/div>\n\t\t\t\t\t<\/div>\n\t\t<\/div>\n\t\t\t\t\t<\/div>\n\t\t<\/section>\n\t\t\t\t<\/div>\n\t\t","protected":false},"excerpt":{"rendered":"<p>Share on email Share on whatsapp Inclus\u00e3o de Responsabilidade T\u00e9cnica Requerimento (download) Requerimento para \u00f3rg\u00e3o p\u00fablico\/institui\u00e7\u00e3o\u00a0 (download) Declara\u00e7\u00e3o de Responsabilidade T\u00e9cnica (download) Os documentos devem ser enviados por e-mail: crefito10@crefito10.org.br [&hellip;]<\/p>\n","protected":false},"author":1,"featured_media":0,"parent":0,"menu_order":0,"comment_status":"closed","ping_status":"closed","template":"elementor_header_footer","meta":{"footnotes":""},"class_list":["post-608","page","type-page","status-publish","hentry"],"yoast_head":"<!-- This site is optimized with the Yoast SEO plugin v27.4 - https:\/\/yoast.com\/product\/yoast-seo-wordpress\/ -->\n<title>Inclus\u00e3o de Resp. T\u00e9cnica - CREFITO10<\/title>\n<meta name=\"robots\" content=\"index, follow, max-snippet:-1, max-image-preview:large, max-video-preview:-1\" \/>\n<link rel=\"canonical\" href=\"https:\/\/crefito10.org.br\/portal\/index.php\/inclusao-de-resp-tecnica\/\" \/>\n<meta property=\"og:locale\" content=\"pt_BR\" \/>\n<meta property=\"og:type\" content=\"article\" \/>\n<meta property=\"og:title\" content=\"Inclus\u00e3o de Resp. T\u00e9cnica - CREFITO10\" \/>\n<meta property=\"og:description\" content=\"Share on email Share on whatsapp Inclus\u00e3o de Responsabilidade T\u00e9cnica Requerimento (download) Requerimento para \u00f3rg\u00e3o p\u00fablico\/institui\u00e7\u00e3o\u00a0 (download) Declara\u00e7\u00e3o de Responsabilidade T\u00e9cnica (download) Os documentos devem ser enviados por e-mail: crefito10@crefito10.org.br [&hellip;]\" \/>\n<meta property=\"og:url\" content=\"https:\/\/crefito10.org.br\/portal\/index.php\/inclusao-de-resp-tecnica\/\" \/>\n<meta property=\"og:site_name\" content=\"CREFITO10\" \/>\n<meta property=\"article:modified_time\" content=\"2025-09-30T13:22:06+00:00\" \/>\n<meta name=\"twitter:card\" content=\"summary_large_image\" \/>\n<meta name=\"twitter:label1\" content=\"Est. tempo de leitura\" \/>\n\t<meta name=\"twitter:data1\" content=\"1 minuto\" \/>\n<script type=\"application\/ld+json\" class=\"yoast-schema-graph\">{\"@context\":\"https:\\\/\\\/schema.org\",\"@graph\":[{\"@type\":\"WebPage\",\"@id\":\"https:\\\/\\\/crefito10.org.br\\\/portal\\\/index.php\\\/inclusao-de-resp-tecnica\\\/\",\"url\":\"https:\\\/\\\/crefito10.org.br\\\/portal\\\/index.php\\\/inclusao-de-resp-tecnica\\\/\",\"name\":\"Inclus\u00e3o de Resp. T\u00e9cnica - CREFITO10\",\"isPartOf\":{\"@id\":\"https:\\\/\\\/crefito10.org.br\\\/portal\\\/#website\"},\"datePublished\":\"2022-02-25T15:08:25+00:00\",\"dateModified\":\"2025-09-30T13:22:06+00:00\",\"breadcrumb\":{\"@id\":\"https:\\\/\\\/crefito10.org.br\\\/portal\\\/index.php\\\/inclusao-de-resp-tecnica\\\/#breadcrumb\"},\"inLanguage\":\"pt-BR\",\"potentialAction\":[{\"@type\":\"ReadAction\",\"target\":[\"https:\\\/\\\/crefito10.org.br\\\/portal\\\/index.php\\\/inclusao-de-resp-tecnica\\\/\"]}]},{\"@type\":\"BreadcrumbList\",\"@id\":\"https:\\\/\\\/crefito10.org.br\\\/portal\\\/index.php\\\/inclusao-de-resp-tecnica\\\/#breadcrumb\",\"itemListElement\":[{\"@type\":\"ListItem\",\"position\":1,\"name\":\"In\u00edcio\",\"item\":\"https:\\\/\\\/crefito10.org.br\\\/portal\\\/\"},{\"@type\":\"ListItem\",\"position\":2,\"name\":\"Inclus\u00e3o de Resp. T\u00e9cnica\"}]},{\"@type\":\"WebSite\",\"@id\":\"https:\\\/\\\/crefito10.org.br\\\/portal\\\/#website\",\"url\":\"https:\\\/\\\/crefito10.org.br\\\/portal\\\/\",\"name\":\"CREFITO-10\",\"description\":\"\",\"publisher\":{\"@id\":\"https:\\\/\\\/crefito10.org.br\\\/portal\\\/#organization\"},\"potentialAction\":[{\"@type\":\"SearchAction\",\"target\":{\"@type\":\"EntryPoint\",\"urlTemplate\":\"https:\\\/\\\/crefito10.org.br\\\/portal\\\/?s={search_term_string}\"},\"query-input\":{\"@type\":\"PropertyValueSpecification\",\"valueRequired\":true,\"valueName\":\"search_term_string\"}}],\"inLanguage\":\"pt-BR\"},{\"@type\":\"Organization\",\"@id\":\"https:\\\/\\\/crefito10.org.br\\\/portal\\\/#organization\",\"name\":\"CREFITO-10\",\"url\":\"https:\\\/\\\/crefito10.org.br\\\/portal\\\/\",\"logo\":{\"@type\":\"ImageObject\",\"inLanguage\":\"pt-BR\",\"@id\":\"https:\\\/\\\/crefito10.org.br\\\/portal\\\/#\\\/schema\\\/logo\\\/image\\\/\",\"url\":\"https:\\\/\\\/crefito10.org.br\\\/portal\\\/wp-content\\\/uploads\\\/2022\\\/02\\\/WhatsApp-Image-2022-03-11-at-13.34.44-e1648128473135.jpeg\",\"contentUrl\":\"https:\\\/\\\/crefito10.org.br\\\/portal\\\/wp-content\\\/uploads\\\/2022\\\/02\\\/WhatsApp-Image-2022-03-11-at-13.34.44-e1648128473135.jpeg\",\"width\":139,\"height\":25,\"caption\":\"CREFITO-10\"},\"image\":{\"@id\":\"https:\\\/\\\/crefito10.org.br\\\/portal\\\/#\\\/schema\\\/logo\\\/image\\\/\"},\"sameAs\":[\"https:\\\/\\\/www.instagram.com\\\/crefito10\"]}]}<\/script>\n<!-- \/ Yoast SEO plugin. -->","yoast_head_json":{"title":"Inclus\u00e3o de Resp. T\u00e9cnica - CREFITO10","robots":{"index":"index","follow":"follow","max-snippet":"max-snippet:-1","max-image-preview":"max-image-preview:large","max-video-preview":"max-video-preview:-1"},"canonical":"https:\/\/crefito10.org.br\/portal\/index.php\/inclusao-de-resp-tecnica\/","og_locale":"pt_BR","og_type":"article","og_title":"Inclus\u00e3o de Resp. T\u00e9cnica - CREFITO10","og_description":"Share on email Share on whatsapp Inclus\u00e3o de Responsabilidade T\u00e9cnica Requerimento (download) Requerimento para \u00f3rg\u00e3o p\u00fablico\/institui\u00e7\u00e3o\u00a0 (download) Declara\u00e7\u00e3o de Responsabilidade T\u00e9cnica (download) Os documentos devem ser enviados por e-mail: crefito10@crefito10.org.br [&hellip;]","og_url":"https:\/\/crefito10.org.br\/portal\/index.php\/inclusao-de-resp-tecnica\/","og_site_name":"CREFITO10","article_modified_time":"2025-09-30T13:22:06+00:00","twitter_card":"summary_large_image","twitter_misc":{"Est. tempo de leitura":"1 minuto"},"schema":{"@context":"https:\/\/schema.org","@graph":[{"@type":"WebPage","@id":"https:\/\/crefito10.org.br\/portal\/index.php\/inclusao-de-resp-tecnica\/","url":"https:\/\/crefito10.org.br\/portal\/index.php\/inclusao-de-resp-tecnica\/","name":"Inclus\u00e3o de Resp. T\u00e9cnica - CREFITO10","isPartOf":{"@id":"https:\/\/crefito10.org.br\/portal\/#website"},"datePublished":"2022-02-25T15:08:25+00:00","dateModified":"2025-09-30T13:22:06+00:00","breadcrumb":{"@id":"https:\/\/crefito10.org.br\/portal\/index.php\/inclusao-de-resp-tecnica\/#breadcrumb"},"inLanguage":"pt-BR","potentialAction":[{"@type":"ReadAction","target":["https:\/\/crefito10.org.br\/portal\/index.php\/inclusao-de-resp-tecnica\/"]}]},{"@type":"BreadcrumbList","@id":"https:\/\/crefito10.org.br\/portal\/index.php\/inclusao-de-resp-tecnica\/#breadcrumb","itemListElement":[{"@type":"ListItem","position":1,"name":"In\u00edcio","item":"https:\/\/crefito10.org.br\/portal\/"},{"@type":"ListItem","position":2,"name":"Inclus\u00e3o de Resp. T\u00e9cnica"}]},{"@type":"WebSite","@id":"https:\/\/crefito10.org.br\/portal\/#website","url":"https:\/\/crefito10.org.br\/portal\/","name":"CREFITO-10","description":"","publisher":{"@id":"https:\/\/crefito10.org.br\/portal\/#organization"},"potentialAction":[{"@type":"SearchAction","target":{"@type":"EntryPoint","urlTemplate":"https:\/\/crefito10.org.br\/portal\/?s={search_term_string}"},"query-input":{"@type":"PropertyValueSpecification","valueRequired":true,"valueName":"search_term_string"}}],"inLanguage":"pt-BR"},{"@type":"Organization","@id":"https:\/\/crefito10.org.br\/portal\/#organization","name":"CREFITO-10","url":"https:\/\/crefito10.org.br\/portal\/","logo":{"@type":"ImageObject","inLanguage":"pt-BR","@id":"https:\/\/crefito10.org.br\/portal\/#\/schema\/logo\/image\/","url":"https:\/\/crefito10.org.br\/portal\/wp-content\/uploads\/2022\/02\/WhatsApp-Image-2022-03-11-at-13.34.44-e1648128473135.jpeg","contentUrl":"https:\/\/crefito10.org.br\/portal\/wp-content\/uploads\/2022\/02\/WhatsApp-Image-2022-03-11-at-13.34.44-e1648128473135.jpeg","width":139,"height":25,"caption":"CREFITO-10"},"image":{"@id":"https:\/\/crefito10.org.br\/portal\/#\/schema\/logo\/image\/"},"sameAs":["https:\/\/www.instagram.com\/crefito10"]}]}},"_links":{"self":[{"href":"https:\/\/crefito10.org.br\/portal\/index.php\/wp-json\/wp\/v2\/pages\/608","targetHints":{"allow":["GET"]}}],"collection":[{"href":"https:\/\/crefito10.org.br\/portal\/index.php\/wp-json\/wp\/v2\/pages"}],"about":[{"href":"https:\/\/crefito10.org.br\/portal\/index.php\/wp-json\/wp\/v2\/types\/page"}],"author":[{"embeddable":true,"href":"https:\/\/crefito10.org.br\/portal\/index.php\/wp-json\/wp\/v2\/users\/1"}],"replies":[{"embeddable":true,"href":"https:\/\/crefito10.org.br\/portal\/index.php\/wp-json\/wp\/v2\/comments?post=608"}],"version-history":[{"count":9,"href":"https:\/\/crefito10.org.br\/portal\/index.php\/wp-json\/wp\/v2\/pages\/608\/revisions"}],"predecessor-version":[{"id":6125,"href":"https:\/\/crefito10.org.br\/portal\/index.php\/wp-json\/wp\/v2\/pages\/608\/revisions\/6125"}],"wp:attachment":[{"href":"https:\/\/crefito10.org.br\/portal\/index.php\/wp-json\/wp\/v2\/media?parent=608"}],"curies":[{"name":"wp","href":"https:\/\/api.w.org\/{rel}","templated":true}]}}