{"id":5221,"date":"2025-01-16T08:15:52","date_gmt":"2025-01-16T11:15:52","guid":{"rendered":"https:\/\/crefito10.org.br\/portal\/?page_id=5221"},"modified":"2025-06-09T10:10:05","modified_gmt":"2025-06-09T13:10:05","slug":"eleicoes-2025-2029","status":"publish","type":"page","link":"https:\/\/crefito10.org.br\/portal\/index.php\/eleicoes-2025-2029\/","title":{"rendered":"Elei\u00e7\u00f5es 2025-2029"},"content":{"rendered":"\t\t<div data-elementor-type=\"wp-page\" data-elementor-id=\"5221\" class=\"elementor elementor-5221\">\n\t\t\t\t\t\t<section class=\"elementor-section elementor-top-section elementor-element elementor-element-2f7875f elementor-section-boxed elementor-section-height-default elementor-section-height-default\" data-id=\"2f7875f\" data-element_type=\"section\" data-e-type=\"section\">\n\t\t\t\t\t\t<div class=\"elementor-container elementor-column-gap-default\">\n\t\t\t\t\t<div class=\"elementor-column elementor-col-100 elementor-top-column elementor-element elementor-element-26343b4\" data-id=\"26343b4\" data-element_type=\"column\" data-e-type=\"column\">\n\t\t\t<div class=\"elementor-widget-wrap elementor-element-populated\">\n\t\t\t\t\t\t<div class=\"elementor-element elementor-element-1cea77f elementor-widget elementor-widget-spacer\" data-id=\"1cea77f\" data-element_type=\"widget\" data-e-type=\"widget\" data-widget_type=\"spacer.default\">\n\t\t\t\t<div class=\"elementor-widget-container\">\n\t\t\t\t\t\t\t<div class=\"elementor-spacer\">\n\t\t\t<div class=\"elementor-spacer-inner\"><\/div>\n\t\t<\/div>\n\t\t\t\t\t\t<\/div>\n\t\t\t\t<\/div>\n\t\t\t\t<div class=\"elementor-element elementor-element-b67a262 elementor-widget elementor-widget-heading\" data-id=\"b67a262\" data-element_type=\"widget\" data-e-type=\"widget\" data-widget_type=\"heading.default\">\n\t\t\t\t<div class=\"elementor-widget-container\">\n\t\t\t\t\t<h2 class=\"elementor-heading-title elementor-size-default\">Elei\u00e7\u00f5es 2025-2029<\/h2>\t\t\t\t<\/div>\n\t\t\t\t<\/div>\n\t\t\t\t<div class=\"elementor-element elementor-element-ce6c36b elementor-widget elementor-widget-spacer\" data-id=\"ce6c36b\" data-element_type=\"widget\" data-e-type=\"widget\" data-widget_type=\"spacer.default\">\n\t\t\t\t<div class=\"elementor-widget-container\">\n\t\t\t\t\t\t\t<div class=\"elementor-spacer\">\n\t\t\t<div class=\"elementor-spacer-inner\"><\/div>\n\t\t<\/div>\n\t\t\t\t\t\t<\/div>\n\t\t\t\t<\/div>\n\t\t\t\t<div class=\"elementor-element elementor-element-d54d501 elementor-widget elementor-widget-text-editor\" data-id=\"d54d501\" data-element_type=\"widget\" data-e-type=\"widget\" data-widget_type=\"text-editor.default\">\n\t\t\t\t<div class=\"elementor-widget-container\">\n\t\t\t\t\t\t\t\t\t<p>Foi instaurado o processo administrativo para as elei\u00e7\u00f5es no CREFITO-10 referentes ao quadri\u00eanio 2025-2029. Abaixo segue a lista de publica\u00e7\u00f5es referentes \u00e0s Elei\u00e7\u00f5es.<\/p>\t\t\t\t\t\t\t\t<\/div>\n\t\t\t\t<\/div>\n\t\t\t\t<div class=\"elementor-element elementor-element-fc672df elementor-widget elementor-widget-spacer\" data-id=\"fc672df\" data-element_type=\"widget\" data-e-type=\"widget\" data-widget_type=\"spacer.default\">\n\t\t\t\t<div class=\"elementor-widget-container\">\n\t\t\t\t\t\t\t<div class=\"elementor-spacer\">\n\t\t\t<div class=\"elementor-spacer-inner\"><\/div>\n\t\t<\/div>\n\t\t\t\t\t\t<\/div>\n\t\t\t\t<\/div>\n\t\t\t\t<div class=\"elementor-element elementor-element-47433cb elementor-widget__width-initial elementor-widget elementor-widget-text-editor\" data-id=\"47433cb\" data-element_type=\"widget\" data-e-type=\"widget\" data-widget_type=\"text-editor.default\">\n\t\t\t\t<div class=\"elementor-widget-container\">\n\t\t\t\t\t\t\t\t\t<p><span style=\"font-weight: bold;\">Aten\u00e7\u00e3o, profissionais!<\/span><\/p><p><span style=\"font-size: 1rem;\">Considerando a publica\u00e7\u00e3o do Edital de Deferimento Provis\u00f3rio do pedido de inscri\u00e7\u00e3o da Chapa 1 para as Elei\u00e7\u00f5es do quadri\u00eanio de\u00a0<\/span><\/p><p>2025-2029, ocorrido em 16\/04\/25, a Comiss\u00e3o Eleitoral do CREFITO-10 reabriu prazo de 15 dias, a contar de 17\/04\/25 a 01\/05\/25, para que os profissionais realizem sua atualiza\u00e7\u00e3o cadastral e regulariza\u00e7\u00e3o financeira.\u00a0<\/p><p>Esse procedimento \u00e9 necess\u00e1rio para garantir o recebimento das instru\u00e7\u00f5es de vota\u00e7\u00e3o e assegurar o direito de votar e ser votado no processo eleitoral. A diretriz parte da Comiss\u00e3o Eleitoral, com base na Resolu\u00e7\u00e3o COFFITO n\u00ba 519\/2020, que regulamenta o processo eleitoral nos Conselhos Regionais de Fisioterapia e Terapia Ocupacional.<\/p><p><span style=\"font-size: 1rem;\">\ud83d\udd0d Refor\u00e7amos que somente os profissionais com situa\u00e7\u00e3o regularizada junto ao CREFITO-10 poder\u00e3o exercer o direito ao voto.<\/span><\/p><p><span style=\"font-size: 1rem;\">Em caso de d\u00favidas, entre em contato com os canais oficiais de atendimento:<\/span><\/p><p>\u00a0(48) 3225-3329<\/p><p><a href=\"mailto:crefito10@crefito10.org.br\" target=\"_blank\" rel=\"noopener\">crefito10@crefito10.org.br<\/a><\/p>\t\t\t\t\t\t\t\t<\/div>\n\t\t\t\t<\/div>\n\t\t\t\t<div class=\"elementor-element elementor-element-c6a4a93 elementor-widget elementor-widget-spacer\" data-id=\"c6a4a93\" data-element_type=\"widget\" data-e-type=\"widget\" data-widget_type=\"spacer.default\">\n\t\t\t\t<div class=\"elementor-widget-container\">\n\t\t\t\t\t\t\t<div class=\"elementor-spacer\">\n\t\t\t<div class=\"elementor-spacer-inner\"><\/div>\n\t\t<\/div>\n\t\t\t\t\t\t<\/div>\n\t\t\t\t<\/div>\n\t\t\t\t<div class=\"elementor-element elementor-element-28bc13a elementor-widget elementor-widget-text-editor\" data-id=\"28bc13a\" data-element_type=\"widget\" data-e-type=\"widget\" data-widget_type=\"text-editor.default\">\n\t\t\t\t<div class=\"elementor-widget-container\">\n\t\t\t\t\t\t\t\t\t<table border=\"0\" width=\"500\" cellspacing=\"1\" cellpadding=\"1\" align=\"center\">\n<tbody>\n<tr>\n<td style=\"text-align: left;\"><a><strong>D. O. U. &#8211; Proclama\u00e7\u00e3o do Resultado das Elei\u00e7\u00f5es<\/strong><\/a><\/td>\n<td style=\"text-align: center;\"><a href=\"https:\/\/crefito10.org.br\/cmslite\/userfiles\/file\/eleicoes\/dou-proclamacao-resultado-eleicoes.pdf\" target=\"_blank\" rel=\"noopener\"><img decoding=\"async\" src=\"https:\/\/crefito10.org.br\/portal\/wp-content\/uploads\/2022\/03\/nuvem.png\" alt=\"clique aqui para baixar\" width=\"40\" height=\"40\" border=\"0\" \/><\/a><\/td>\n<\/tr>\n<tr>\n<td style=\"text-align: left;\"><a><strong>Publica\u00e7\u00e3o Not\u00edcias do Dia &#8211; Problama\u00e7\u00e3o do Resultado das Elei\u00e7\u00f5es<\/strong><\/a><\/td>\n<td style=\"text-align: center;\"><a href=\"https:\/\/crefito10.org.br\/cmslite\/userfiles\/file\/eleicoes\/noticias-do-dia-publicacao-resultado-eleicoes.pdf\" target=\"_blank\" rel=\"noopener\"><img decoding=\"async\" src=\"https:\/\/crefito10.org.br\/portal\/wp-content\/uploads\/2022\/03\/nuvem.png\" alt=\"clique aqui para baixar\" width=\"40\" height=\"40\" border=\"0\" \/><\/a><\/td>\n<\/tr>\n<tr>\n<td style=\"text-align: left;\"><a><strong>Despacho de 26 de maio de 2025<\/strong><\/a><\/td>\n<td style=\"text-align: center;\"><a href=\"https:\/\/crefito10.org.br\/cmslite\/userfiles\/file\/eleicoes\/despacho-26-de-maio.pdf\" target=\"_blank\" rel=\"noopener\"><img decoding=\"async\" src=\"https:\/\/crefito10.org.br\/portal\/wp-content\/uploads\/2022\/03\/nuvem.png\" alt=\"clique aqui para baixar\" width=\"40\" height=\"40\" border=\"0\" \/><\/a><\/td>\n<\/tr>\n<tr>\n<td style=\"text-align: left;\"><a><strong>Informativo da Elei\u00e7\u00e3o Direta para o colegiado do CREFITO-10,\nmandato quadri\u00eanio 2025-2029<\/strong><\/a><\/td>\n<td style=\"text-align: center;\"><a href=\"https:\/\/crefito10.org.br\/cmslite\/userfiles\/file\/eleicoes\/Informativo-Comissao-Eleitoral-CREFITO10.pdf\" target=\"_blank\" rel=\"noopener\"><img decoding=\"async\" src=\"https:\/\/crefito10.org.br\/portal\/wp-content\/uploads\/2022\/03\/nuvem.png\" alt=\"clique aqui para baixar\" width=\"40\" height=\"40\" border=\"0\" \/><\/a><\/td>\n<\/tr>\n<tr>\n<td style=\"text-align: left;\"><a><strong>Publica\u00e7\u00e3o Noticias do Dia &#8211; Edital Convoca\u00e7\u00e3o\nElei\u00e7\u00f5es<\/strong><\/a><\/td>\n<td style=\"text-align: center;\"><a href=\"https:\/\/crefito10.org.br\/cmslite\/userfiles\/file\/eleicoes\/publicacao-noticias-do-dia-edital-de-convocacao-eleicoes.pdf\" target=\"_blank\" rel=\"noopener\"><img decoding=\"async\" src=\"https:\/\/crefito10.org.br\/portal\/wp-content\/uploads\/2022\/03\/nuvem.png\" alt=\"clique aqui para baixar\" width=\"40\" height=\"40\" border=\"0\" \/><\/a><\/td>\n<\/tr>\n<tr>\n<td style=\"text-align: left;\"><a><strong>Edital &#8211; Convoca\u00e7\u00e3o Elei\u00e7\u00f5es &#8211; Di\u00e1rio Oficial da Uni\u00e3o (D. O.\nU.)<\/strong><\/a><\/td>\n<td style=\"text-align: center;\"><a href=\"https:\/\/crefito10.org.br\/cmslite\/userfiles\/file\/eleicoes\/edital-dou-convocacao-eleicoes.pdf\" target=\"_blank\" rel=\"noopener\"><img decoding=\"async\" src=\"https:\/\/crefito10.org.br\/portal\/wp-content\/uploads\/2022\/03\/nuvem.png\" alt=\"clique aqui para baixar\" width=\"40\" height=\"40\" border=\"0\" \/><\/a><\/td>\n<\/tr>\n<tr>\n<td style=\"text-align: left;\"><a><strong>Publica\u00e7\u00e3o Noticias do Dia &#8211; Edital deferimento substituto &#8211; Chapa\nl<\/strong><\/a><\/td>\n<td style=\"text-align: center;\"><a href=\"https:\/\/crefito10.org.br\/cmslite\/userfiles\/file\/eleicoes\/publicacao-noticias-do-dia-deferimento-substituto-chapa-crefito10.pdf\" target=\"_blank\" rel=\"noopener\"><img decoding=\"async\" src=\"https:\/\/crefito10.org.br\/portal\/wp-content\/uploads\/2022\/03\/nuvem.png\" alt=\"clique aqui para baixar\" width=\"40\" height=\"40\" border=\"0\" \/><\/a><\/td>\n<\/tr>\n<tr>\n<td style=\"text-align: left;\"><a><strong>Publica\u00e7\u00e3o Noticias do Dia &#8211; Edital deferimento provisorio &#8211; Chapa\nl<\/strong><\/a><\/td>\n<td style=\"text-align: center;\"><a href=\"https:\/\/crefito10.org.br\/cmslite\/userfiles\/file\/eleicoes\/publicacao-noticias-do-dia-deferimento-provisorio-chapa-crefito10.pdf\" target=\"_blank\" rel=\"noopener\"><img decoding=\"async\" src=\"https:\/\/crefito10.org.br\/portal\/wp-content\/uploads\/2022\/03\/nuvem.png\" alt=\"clique aqui para baixar\" width=\"40\" height=\"40\" border=\"0\" \/><\/a><\/td>\n<\/tr>\n<tr>\n<td style=\"text-align: left;\"><a><strong>Edital deferimento provisorio &#8211; Chapa l<\/strong><\/a><\/td>\n<td style=\"text-align: center;\"><a href=\"https:\/\/crefito10.org.br\/cmslite\/userfiles\/file\/eleicoes\/edital-deferimento-chapa-crefito-10.pdf\" target=\"_blank\" rel=\"noopener\"><img decoding=\"async\" src=\"https:\/\/crefito10.org.br\/portal\/wp-content\/uploads\/2022\/03\/nuvem.png\" alt=\"clique aqui para baixar\" width=\"40\" height=\"40\" border=\"0\" \/><\/a><\/td>\n<\/tr>\n<tr>\n<td style=\"text-align: left;\"><a><strong>Publica\u00e7\u00e3o Not\u00edcias do Dia &#8211; Edital &#8211; Abertura do Processo\nEleitoral<\/strong><\/a><\/td>\n<td style=\"text-align: center;\"><a href=\"https:\/\/crefito10.org.br\/cmslite\/userfiles\/file\/eleicoes\/COFFITO-NOTICIAS-DO-DIA-EDITAL-CR10.pdf\" target=\"_blank\" rel=\"noopener\"><img decoding=\"async\" src=\"https:\/\/crefito10.org.br\/portal\/wp-content\/uploads\/2022\/03\/nuvem.png\" alt=\"clique aqui para baixar\" width=\"40\" height=\"40\" border=\"0\" \/><\/a><\/td>\n<\/tr>\n<tr>\n<td style=\"text-align: left;\"><a><strong>Publica\u00e7\u00e3o Di\u00e1rio Catarinense &#8211; Edital &#8211; Abertura do Processo\nEleitoral<\/strong><\/a><\/td>\n<td style=\"text-align: center;\"><a href=\"https:\/\/crefito10.org.br\/cmslite\/userfiles\/file\/eleicoes\/COFFITO-SITE-DIARIO-CATARINENSE-EDITAL-C10.pdf\" target=\"_blank\" rel=\"noopener\"><img decoding=\"async\" src=\"https:\/\/crefito10.org.br\/portal\/wp-content\/uploads\/2022\/03\/nuvem.png\" alt=\"clique aqui para baixar\" width=\"40\" height=\"40\" border=\"0\" \/><\/a><\/td>\n<\/tr>\n<tr>\n<td style=\"text-align: left;\"><a><strong>Anexos &#8211; Edital &#8211; Abertura do Processo Eleitoral<\/strong><\/a><\/td>\n<td style=\"text-align: center;\"><a href=\"https:\/\/crefito10.org.br\/cmslite\/userfiles\/file\/eleicoes\/ANEXOS - EDITAL DE ABERTURA DO PROCESSO ELEITORAL DO CREFITO-10.pdf\" target=\"_blank\" rel=\"noopener\"><img decoding=\"async\" src=\"https:\/\/crefito10.org.br\/portal\/wp-content\/uploads\/2022\/03\/nuvem.png\" alt=\"clique aqui para baixar\" width=\"40\" height=\"40\" border=\"0\" \/><\/a><\/td>\n<\/tr>\n<tr>\n<td style=\"text-align: left;\"><a><strong>Edital &#8211; Abertura do Processo Eleitoral &#8211; Di\u00e1rio Oficial da Uni\u00e3o\n(D. O. U.)<\/strong><\/a><\/td>\n<td style=\"text-align: center;\"><a href=\"https:\/\/crefito10.org.br\/cmslite\/userfiles\/file\/eleicoes\/edital-dou-abertura-processo-eleitoral-crefito-10.pdf\" target=\"_blank\" rel=\"noopener\"><img decoding=\"async\" src=\"https:\/\/crefito10.org.br\/portal\/wp-content\/uploads\/2022\/03\/nuvem.png\" alt=\"clique aqui para baixar\" width=\"40\" height=\"40\" border=\"0\" \/><\/a><\/td>\n<\/tr>\n<tr>\n<td style=\"text-align: left;\"><a><strong>Ata de Sorteio P\u00fablico para forma\u00e7\u00e3o de Comiss\u00e3o\nEleitoral<\/strong><\/a><\/td>\n<td style=\"text-align: center;\"><a href=\"https:\/\/crefito10.org.br\/cmslite\/userfiles\/file\/eleicoes\/ata-sorteio-publico-comissao-eleitoral-2025.pdf\" target=\"_blank\" rel=\"noopener\"><img decoding=\"async\" src=\"https:\/\/crefito10.org.br\/portal\/wp-content\/uploads\/2022\/03\/nuvem.png\" alt=\"clique aqui para baixar\" width=\"40\" height=\"40\" border=\"0\" \/><\/a><\/td>\n<\/tr>\n<tr>\n<td style=\"text-align: left;\"><a><strong>Lista de profissionais aptos ao sorteio da Comiss\u00e3o\nEleitoral<\/strong><\/a><\/td>\n<td style=\"text-align: center;\"><a href=\"https:\/\/crefito10.org.br\/cmslite\/userfiles\/file\/eleicoes\/lista-eleicoes-01-2025-2029.pdf\" target=\"_blank\" rel=\"noopener\"><img decoding=\"async\" src=\"https:\/\/crefito10.org.br\/portal\/wp-content\/uploads\/2022\/03\/nuvem.png\" alt=\"clique aqui para baixar\" width=\"40\" height=\"40\" border=\"0\" \/><\/a><\/td>\n<\/tr>\n<tr>\n<td style=\"text-align: left;\"><a><strong>Portaria 01\/2025 Publicada no Di\u00e1rio Oficial da Uni\u00e3o (D. O.\nU.)<\/strong><\/a><\/td>\n<td style=\"text-align: center;\"><a href=\"https:\/\/crefito10.org.br\/cmslite\/userfiles\/file\/eleicoes\/portaria-01-2025-DOU.pdf\" target=\"_blank\" rel=\"noopener\"><img decoding=\"async\" src=\"https:\/\/crefito10.org.br\/portal\/wp-content\/uploads\/2022\/03\/nuvem.png\" alt=\"clique aqui para baixar\" width=\"40\" height=\"40\" border=\"0\" \/><\/a><\/td>\n<\/tr>\n<tr>\n<td style=\"text-align: left;\"><a><strong>Portaria 01\/2025<\/strong><\/a><\/td>\n<td style=\"text-align: center;\"><a href=\"https:\/\/crefito10.org.br\/cmslite\/userfiles\/file\/Portarias\/PORTARIA_01_2025.pdf\" target=\"_blank\" rel=\"noopener\"><img decoding=\"async\" src=\"https:\/\/crefito10.org.br\/portal\/wp-content\/uploads\/2022\/03\/nuvem.png\" alt=\"clique aqui para baixar\" width=\"40\" height=\"40\" border=\"0\" \/><\/a><\/td>\n<\/tr>\n<\/tbody>\n<\/table>\t\t\t\t\t\t\t\t<\/div>\n\t\t\t\t<\/div>\n\t\t\t\t\t<\/div>\n\t\t<\/div>\n\t\t\t\t\t<\/div>\n\t\t<\/section>\n\t\t\t\t<\/div>\n\t\t","protected":false},"excerpt":{"rendered":"<p>Elei\u00e7\u00f5es 2025-2029 Foi instaurado o processo administrativo para as elei\u00e7\u00f5es no CREFITO-10 referentes ao quadri\u00eanio 2025-2029. Abaixo segue a lista de publica\u00e7\u00f5es referentes \u00e0s Elei\u00e7\u00f5es. Aten\u00e7\u00e3o, profissionais! Considerando a publica\u00e7\u00e3o [&hellip;]<\/p>\n","protected":false},"author":1,"featured_media":0,"parent":0,"menu_order":0,"comment_status":"closed","ping_status":"closed","template":"","meta":{"footnotes":""},"class_list":["post-5221","page","type-page","status-publish","hentry"],"yoast_head":"<!-- This site is optimized with the Yoast SEO plugin v27.4 - https:\/\/yoast.com\/product\/yoast-seo-wordpress\/ -->\n<title>Elei\u00e7\u00f5es 2025-2029 - CREFITO10<\/title>\n<meta name=\"robots\" content=\"index, follow, max-snippet:-1, max-image-preview:large, max-video-preview:-1\" \/>\n<link rel=\"canonical\" href=\"https:\/\/crefito10.org.br\/portal\/index.php\/eleicoes-2025-2029\/\" \/>\n<meta property=\"og:locale\" content=\"pt_BR\" \/>\n<meta property=\"og:type\" content=\"article\" \/>\n<meta property=\"og:title\" content=\"Elei\u00e7\u00f5es 2025-2029 - CREFITO10\" \/>\n<meta property=\"og:description\" content=\"Elei\u00e7\u00f5es 2025-2029 Foi instaurado o processo administrativo para as elei\u00e7\u00f5es no CREFITO-10 referentes ao quadri\u00eanio 2025-2029. Abaixo segue a lista de publica\u00e7\u00f5es referentes \u00e0s Elei\u00e7\u00f5es. Aten\u00e7\u00e3o, profissionais! Considerando a publica\u00e7\u00e3o [&hellip;]\" \/>\n<meta property=\"og:url\" content=\"https:\/\/crefito10.org.br\/portal\/index.php\/eleicoes-2025-2029\/\" \/>\n<meta property=\"og:site_name\" content=\"CREFITO10\" \/>\n<meta property=\"article:modified_time\" content=\"2025-06-09T13:10:05+00:00\" \/>\n<meta property=\"og:image\" content=\"https:\/\/crefito10.org.br\/portal\/wp-content\/uploads\/2022\/03\/nuvem.png\" \/>\n<meta name=\"twitter:card\" content=\"summary_large_image\" \/>\n<meta name=\"twitter:label1\" content=\"Est. tempo de leitura\" \/>\n\t<meta name=\"twitter:data1\" content=\"2 minutos\" \/>\n<script type=\"application\/ld+json\" class=\"yoast-schema-graph\">{\"@context\":\"https:\\\/\\\/schema.org\",\"@graph\":[{\"@type\":\"WebPage\",\"@id\":\"https:\\\/\\\/crefito10.org.br\\\/portal\\\/index.php\\\/eleicoes-2025-2029\\\/\",\"url\":\"https:\\\/\\\/crefito10.org.br\\\/portal\\\/index.php\\\/eleicoes-2025-2029\\\/\",\"name\":\"Elei\u00e7\u00f5es 2025-2029 - CREFITO10\",\"isPartOf\":{\"@id\":\"https:\\\/\\\/crefito10.org.br\\\/portal\\\/#website\"},\"primaryImageOfPage\":{\"@id\":\"https:\\\/\\\/crefito10.org.br\\\/portal\\\/index.php\\\/eleicoes-2025-2029\\\/#primaryimage\"},\"image\":{\"@id\":\"https:\\\/\\\/crefito10.org.br\\\/portal\\\/index.php\\\/eleicoes-2025-2029\\\/#primaryimage\"},\"thumbnailUrl\":\"https:\\\/\\\/crefito10.org.br\\\/portal\\\/wp-content\\\/uploads\\\/2022\\\/03\\\/nuvem.png\",\"datePublished\":\"2025-01-16T11:15:52+00:00\",\"dateModified\":\"2025-06-09T13:10:05+00:00\",\"breadcrumb\":{\"@id\":\"https:\\\/\\\/crefito10.org.br\\\/portal\\\/index.php\\\/eleicoes-2025-2029\\\/#breadcrumb\"},\"inLanguage\":\"pt-BR\",\"potentialAction\":[{\"@type\":\"ReadAction\",\"target\":[\"https:\\\/\\\/crefito10.org.br\\\/portal\\\/index.php\\\/eleicoes-2025-2029\\\/\"]}]},{\"@type\":\"ImageObject\",\"inLanguage\":\"pt-BR\",\"@id\":\"https:\\\/\\\/crefito10.org.br\\\/portal\\\/index.php\\\/eleicoes-2025-2029\\\/#primaryimage\",\"url\":\"https:\\\/\\\/crefito10.org.br\\\/portal\\\/wp-content\\\/uploads\\\/2022\\\/03\\\/nuvem.png\",\"contentUrl\":\"https:\\\/\\\/crefito10.org.br\\\/portal\\\/wp-content\\\/uploads\\\/2022\\\/03\\\/nuvem.png\",\"width\":512,\"height\":512},{\"@type\":\"BreadcrumbList\",\"@id\":\"https:\\\/\\\/crefito10.org.br\\\/portal\\\/index.php\\\/eleicoes-2025-2029\\\/#breadcrumb\",\"itemListElement\":[{\"@type\":\"ListItem\",\"position\":1,\"name\":\"In\u00edcio\",\"item\":\"https:\\\/\\\/crefito10.org.br\\\/portal\\\/\"},{\"@type\":\"ListItem\",\"position\":2,\"name\":\"Elei\u00e7\u00f5es 2025-2029\"}]},{\"@type\":\"WebSite\",\"@id\":\"https:\\\/\\\/crefito10.org.br\\\/portal\\\/#website\",\"url\":\"https:\\\/\\\/crefito10.org.br\\\/portal\\\/\",\"name\":\"CREFITO-10\",\"description\":\"\",\"publisher\":{\"@id\":\"https:\\\/\\\/crefito10.org.br\\\/portal\\\/#organization\"},\"potentialAction\":[{\"@type\":\"SearchAction\",\"target\":{\"@type\":\"EntryPoint\",\"urlTemplate\":\"https:\\\/\\\/crefito10.org.br\\\/portal\\\/?s={search_term_string}\"},\"query-input\":{\"@type\":\"PropertyValueSpecification\",\"valueRequired\":true,\"valueName\":\"search_term_string\"}}],\"inLanguage\":\"pt-BR\"},{\"@type\":\"Organization\",\"@id\":\"https:\\\/\\\/crefito10.org.br\\\/portal\\\/#organization\",\"name\":\"CREFITO-10\",\"url\":\"https:\\\/\\\/crefito10.org.br\\\/portal\\\/\",\"logo\":{\"@type\":\"ImageObject\",\"inLanguage\":\"pt-BR\",\"@id\":\"https:\\\/\\\/crefito10.org.br\\\/portal\\\/#\\\/schema\\\/logo\\\/image\\\/\",\"url\":\"https:\\\/\\\/crefito10.org.br\\\/portal\\\/wp-content\\\/uploads\\\/2022\\\/02\\\/WhatsApp-Image-2022-03-11-at-13.34.44-e1648128473135.jpeg\",\"contentUrl\":\"https:\\\/\\\/crefito10.org.br\\\/portal\\\/wp-content\\\/uploads\\\/2022\\\/02\\\/WhatsApp-Image-2022-03-11-at-13.34.44-e1648128473135.jpeg\",\"width\":139,\"height\":25,\"caption\":\"CREFITO-10\"},\"image\":{\"@id\":\"https:\\\/\\\/crefito10.org.br\\\/portal\\\/#\\\/schema\\\/logo\\\/image\\\/\"},\"sameAs\":[\"https:\\\/\\\/www.instagram.com\\\/crefito10\"]}]}<\/script>\n<!-- \/ Yoast SEO plugin. -->","yoast_head_json":{"title":"Elei\u00e7\u00f5es 2025-2029 - CREFITO10","robots":{"index":"index","follow":"follow","max-snippet":"max-snippet:-1","max-image-preview":"max-image-preview:large","max-video-preview":"max-video-preview:-1"},"canonical":"https:\/\/crefito10.org.br\/portal\/index.php\/eleicoes-2025-2029\/","og_locale":"pt_BR","og_type":"article","og_title":"Elei\u00e7\u00f5es 2025-2029 - CREFITO10","og_description":"Elei\u00e7\u00f5es 2025-2029 Foi instaurado o processo administrativo para as elei\u00e7\u00f5es no CREFITO-10 referentes ao quadri\u00eanio 2025-2029. Abaixo segue a lista de publica\u00e7\u00f5es referentes \u00e0s Elei\u00e7\u00f5es. Aten\u00e7\u00e3o, profissionais! Considerando a publica\u00e7\u00e3o [&hellip;]","og_url":"https:\/\/crefito10.org.br\/portal\/index.php\/eleicoes-2025-2029\/","og_site_name":"CREFITO10","article_modified_time":"2025-06-09T13:10:05+00:00","og_image":[{"url":"https:\/\/crefito10.org.br\/portal\/wp-content\/uploads\/2022\/03\/nuvem.png","type":"","width":"","height":""}],"twitter_card":"summary_large_image","twitter_misc":{"Est. tempo de leitura":"2 minutos"},"schema":{"@context":"https:\/\/schema.org","@graph":[{"@type":"WebPage","@id":"https:\/\/crefito10.org.br\/portal\/index.php\/eleicoes-2025-2029\/","url":"https:\/\/crefito10.org.br\/portal\/index.php\/eleicoes-2025-2029\/","name":"Elei\u00e7\u00f5es 2025-2029 - CREFITO10","isPartOf":{"@id":"https:\/\/crefito10.org.br\/portal\/#website"},"primaryImageOfPage":{"@id":"https:\/\/crefito10.org.br\/portal\/index.php\/eleicoes-2025-2029\/#primaryimage"},"image":{"@id":"https:\/\/crefito10.org.br\/portal\/index.php\/eleicoes-2025-2029\/#primaryimage"},"thumbnailUrl":"https:\/\/crefito10.org.br\/portal\/wp-content\/uploads\/2022\/03\/nuvem.png","datePublished":"2025-01-16T11:15:52+00:00","dateModified":"2025-06-09T13:10:05+00:00","breadcrumb":{"@id":"https:\/\/crefito10.org.br\/portal\/index.php\/eleicoes-2025-2029\/#breadcrumb"},"inLanguage":"pt-BR","potentialAction":[{"@type":"ReadAction","target":["https:\/\/crefito10.org.br\/portal\/index.php\/eleicoes-2025-2029\/"]}]},{"@type":"ImageObject","inLanguage":"pt-BR","@id":"https:\/\/crefito10.org.br\/portal\/index.php\/eleicoes-2025-2029\/#primaryimage","url":"https:\/\/crefito10.org.br\/portal\/wp-content\/uploads\/2022\/03\/nuvem.png","contentUrl":"https:\/\/crefito10.org.br\/portal\/wp-content\/uploads\/2022\/03\/nuvem.png","width":512,"height":512},{"@type":"BreadcrumbList","@id":"https:\/\/crefito10.org.br\/portal\/index.php\/eleicoes-2025-2029\/#breadcrumb","itemListElement":[{"@type":"ListItem","position":1,"name":"In\u00edcio","item":"https:\/\/crefito10.org.br\/portal\/"},{"@type":"ListItem","position":2,"name":"Elei\u00e7\u00f5es 2025-2029"}]},{"@type":"WebSite","@id":"https:\/\/crefito10.org.br\/portal\/#website","url":"https:\/\/crefito10.org.br\/portal\/","name":"CREFITO-10","description":"","publisher":{"@id":"https:\/\/crefito10.org.br\/portal\/#organization"},"potentialAction":[{"@type":"SearchAction","target":{"@type":"EntryPoint","urlTemplate":"https:\/\/crefito10.org.br\/portal\/?s={search_term_string}"},"query-input":{"@type":"PropertyValueSpecification","valueRequired":true,"valueName":"search_term_string"}}],"inLanguage":"pt-BR"},{"@type":"Organization","@id":"https:\/\/crefito10.org.br\/portal\/#organization","name":"CREFITO-10","url":"https:\/\/crefito10.org.br\/portal\/","logo":{"@type":"ImageObject","inLanguage":"pt-BR","@id":"https:\/\/crefito10.org.br\/portal\/#\/schema\/logo\/image\/","url":"https:\/\/crefito10.org.br\/portal\/wp-content\/uploads\/2022\/02\/WhatsApp-Image-2022-03-11-at-13.34.44-e1648128473135.jpeg","contentUrl":"https:\/\/crefito10.org.br\/portal\/wp-content\/uploads\/2022\/02\/WhatsApp-Image-2022-03-11-at-13.34.44-e1648128473135.jpeg","width":139,"height":25,"caption":"CREFITO-10"},"image":{"@id":"https:\/\/crefito10.org.br\/portal\/#\/schema\/logo\/image\/"},"sameAs":["https:\/\/www.instagram.com\/crefito10"]}]}},"_links":{"self":[{"href":"https:\/\/crefito10.org.br\/portal\/index.php\/wp-json\/wp\/v2\/pages\/5221","targetHints":{"allow":["GET"]}}],"collection":[{"href":"https:\/\/crefito10.org.br\/portal\/index.php\/wp-json\/wp\/v2\/pages"}],"about":[{"href":"https:\/\/crefito10.org.br\/portal\/index.php\/wp-json\/wp\/v2\/types\/page"}],"author":[{"embeddable":true,"href":"https:\/\/crefito10.org.br\/portal\/index.php\/wp-json\/wp\/v2\/users\/1"}],"replies":[{"embeddable":true,"href":"https:\/\/crefito10.org.br\/portal\/index.php\/wp-json\/wp\/v2\/comments?post=5221"}],"version-history":[{"count":59,"href":"https:\/\/crefito10.org.br\/portal\/index.php\/wp-json\/wp\/v2\/pages\/5221\/revisions"}],"predecessor-version":[{"id":5655,"href":"https:\/\/crefito10.org.br\/portal\/index.php\/wp-json\/wp\/v2\/pages\/5221\/revisions\/5655"}],"wp:attachment":[{"href":"https:\/\/crefito10.org.br\/portal\/index.php\/wp-json\/wp\/v2\/media?parent=5221"}],"curies":[{"name":"wp","href":"https:\/\/api.w.org\/{rel}","templated":true}]}}