{"id":4773,"date":"2024-07-23T08:53:14","date_gmt":"2024-07-23T11:53:14","guid":{"rendered":"https:\/\/crefito10.org.br\/portal\/?page_id=4773"},"modified":"2025-07-04T15:17:57","modified_gmt":"2025-07-04T18:17:57","slug":"baixa-de-endereco-de-orgao-publico-entidade-filantropica","status":"publish","type":"page","link":"https:\/\/crefito10.org.br\/portal\/index.php\/baixa-de-endereco-de-orgao-publico-entidade-filantropica\/","title":{"rendered":"Baixa de Endere\u00e7o de \u00f3rg\u00e3o p\u00fablico\/entidade filantr\u00f3pica"},"content":{"rendered":"\t\t<div data-elementor-type=\"wp-page\" data-elementor-id=\"4773\" class=\"elementor elementor-4773\">\n\t\t\t\t\t\t<section class=\"elementor-section elementor-top-section elementor-element elementor-element-f52c952 elementor-section-boxed elementor-section-height-default elementor-section-height-default\" data-id=\"f52c952\" data-element_type=\"section\" data-e-type=\"section\">\n\t\t\t\t\t\t<div class=\"elementor-container elementor-column-gap-default\">\n\t\t\t\t\t<div class=\"elementor-column elementor-col-100 elementor-top-column elementor-element elementor-element-56ac54a\" data-id=\"56ac54a\" data-element_type=\"column\" data-e-type=\"column\">\n\t\t\t<div class=\"elementor-widget-wrap elementor-element-populated\">\n\t\t\t\t\t\t<div class=\"elementor-element elementor-element-7124792 elementor-widget elementor-widget-spacer\" data-id=\"7124792\" data-element_type=\"widget\" data-e-type=\"widget\" data-widget_type=\"spacer.default\">\n\t\t\t\t<div class=\"elementor-widget-container\">\n\t\t\t\t\t\t\t<div class=\"elementor-spacer\">\n\t\t\t<div class=\"elementor-spacer-inner\"><\/div>\n\t\t<\/div>\n\t\t\t\t\t\t<\/div>\n\t\t\t\t<\/div>\n\t\t\t\t<div class=\"elementor-element elementor-element-57c0b8e elementor-widget elementor-widget-heading\" data-id=\"57c0b8e\" data-element_type=\"widget\" data-e-type=\"widget\" data-widget_type=\"heading.default\">\n\t\t\t\t<div class=\"elementor-widget-container\">\n\t\t\t\t\t<h2 class=\"elementor-heading-title elementor-size-default\"><h2 data-elementor-setting-key=\"title\" data-pen-placeholder=\"Digite aqui...\" style=\"font-family: var( --e-global-typography-primary-font-family ), Sans-serif;font-weight: var( --e-global-typography-primary-font-weight )\">Baixa de Registro de \u00f3rg\u00e3o p\u00fablico\/entidade filantr\u00f3pica<\/h2><\/h2>\t\t\t\t<\/div>\n\t\t\t\t<\/div>\n\t\t\t\t<div class=\"elementor-element elementor-element-8aad3f6 elementor-widget elementor-widget-text-editor\" data-id=\"8aad3f6\" data-element_type=\"widget\" data-e-type=\"widget\" data-widget_type=\"text-editor.default\">\n\t\t\t\t<div class=\"elementor-widget-container\">\n\t\t\t\t\t\t\t\t\t<div style=\"letter-spacing: 0.4px; border: 0px; font-variant-numeric: inherit; font-variant-east-asian: inherit; font-variant-alternates: inherit; font-variant-position: inherit; font-stretch: inherit; font-size: 12pt; line-height: inherit; font-family: Aptos, Aptos_EmbeddedFont, Aptos_MSFontService, Calibri, Helvetica, sans-serif; font-optical-sizing: inherit; font-kerning: inherit; font-feature-settings: inherit; font-variation-settings: inherit; margin: 0px; padding: 0px; vertical-align: baseline; color: rgb(0, 0, 0) !important;\"><span style=\"font-size: 12pt;\"><span style=\"font-weight: 700;\">Baixa&nbsp; de registro de \u00f3rg\u00e3o p\u00fablico\/entidade filantr\u00f3pica :<\/span><\/span><\/div>\n<div style=\"letter-spacing: 0.4px; border: 0px; font-variant-numeric: inherit; font-variant-east-asian: inherit; font-variant-alternates: inherit; font-variant-position: inherit; font-stretch: inherit; font-size: 12pt; line-height: inherit; font-family: Aptos, Aptos_EmbeddedFont, Aptos_MSFontService, Calibri, Helvetica, sans-serif; font-optical-sizing: inherit; font-kerning: inherit; font-feature-settings: inherit; font-variation-settings: inherit; margin: 0px; padding: 0px; vertical-align: baseline; color: rgb(0, 0, 0) !important;\"><span style=\"font-size: 12pt;\"><span style=\"font-weight: 700;\"><br><\/span><\/span><\/div>\n<div style=\"letter-spacing: 0.4px; border: 0px; font-variant-numeric: inherit; font-variant-east-asian: inherit; font-variant-alternates: inherit; font-variant-position: inherit; font-stretch: inherit; font-size: 12pt; line-height: inherit; font-family: Aptos, Aptos_EmbeddedFont, Aptos_MSFontService, Calibri, Helvetica, sans-serif; font-optical-sizing: inherit; font-kerning: inherit; font-feature-settings: inherit; font-variation-settings: inherit; margin: 0px; padding: 0px; vertical-align: baseline; color: rgb(0, 0, 0) !important;\">\n<ul style=\"font-size: 16px;\">\n<li style=\"font-size: 16px;\"><span style=\"font-size: 12pt; font-weight: var( --e-global-typography-text-font-weight );\">Solicita\u00e7\u00e3o formal (<\/span><a href=\"http:\/\/www.crefito10.org.br\/cmslite\/userfiles\/file\/requerimentos\/requerimento-baixa-orgao-entidade-filantropica.pdf\" target=\"_blank\">requerimento baixa<\/a><span style=\"font-size: 12pt; font-weight: var( --e-global-typography-text-font-weight );\">)<\/span><\/li>\n<li style=\"font-size: 16px;\">Documento que comprove a inexist\u00eancia do local, ou da presta\u00e7\u00e3o de servi\u00e7os de Fisioterapia e ou Terapia Ocupacional&nbsp;<\/li>\n<li style=\"font-size: 16px;\">C\u00f3pia do certificado de registro que foi emitido pelo CREFITO-10.<\/li><\/ul>\n<\/div>\t\t\t\t\t\t\t\t<\/div>\n\t\t\t\t<\/div>\n\t\t\t\t<div class=\"elementor-element elementor-element-bf660cc elementor-widget elementor-widget-spacer\" data-id=\"bf660cc\" data-element_type=\"widget\" data-e-type=\"widget\" data-widget_type=\"spacer.default\">\n\t\t\t\t<div class=\"elementor-widget-container\">\n\t\t\t\t\t\t\t<div class=\"elementor-spacer\">\n\t\t\t<div class=\"elementor-spacer-inner\"><\/div>\n\t\t<\/div>\n\t\t\t\t\t\t<\/div>\n\t\t\t\t<\/div>\n\t\t\t\t\t<\/div>\n\t\t<\/div>\n\t\t\t\t\t<\/div>\n\t\t<\/section>\n\t\t\t\t<\/div>\n\t\t","protected":false},"excerpt":{"rendered":"<p>Baixa de Registro de \u00f3rg\u00e3o p\u00fablico\/entidade filantr\u00f3pica Baixa&nbsp; de registro de \u00f3rg\u00e3o p\u00fablico\/entidade filantr\u00f3pica : Solicita\u00e7\u00e3o formal (requerimento baixa) Documento que comprove a inexist\u00eancia do local, ou da presta\u00e7\u00e3o de [&hellip;]<\/p>\n","protected":false},"author":1,"featured_media":0,"parent":0,"menu_order":0,"comment_status":"closed","ping_status":"closed","template":"","meta":{"footnotes":""},"class_list":["post-4773","page","type-page","status-publish","hentry"],"yoast_head":"<!-- This site is optimized with the Yoast SEO plugin v27.4 - https:\/\/yoast.com\/product\/yoast-seo-wordpress\/ -->\n<title>Baixa de Endere\u00e7o de \u00f3rg\u00e3o p\u00fablico\/entidade filantr\u00f3pica - CREFITO10<\/title>\n<meta name=\"robots\" content=\"index, follow, max-snippet:-1, max-image-preview:large, max-video-preview:-1\" \/>\n<link rel=\"canonical\" href=\"https:\/\/crefito10.org.br\/portal\/index.php\/baixa-de-endereco-de-orgao-publico-entidade-filantropica\/\" \/>\n<meta property=\"og:locale\" content=\"pt_BR\" \/>\n<meta property=\"og:type\" content=\"article\" \/>\n<meta property=\"og:title\" content=\"Baixa de Endere\u00e7o de \u00f3rg\u00e3o p\u00fablico\/entidade filantr\u00f3pica - CREFITO10\" \/>\n<meta property=\"og:description\" content=\"Baixa de Registro de \u00f3rg\u00e3o p\u00fablico\/entidade filantr\u00f3pica Baixa&nbsp; de registro de \u00f3rg\u00e3o p\u00fablico\/entidade filantr\u00f3pica : Solicita\u00e7\u00e3o formal (requerimento baixa) Documento que comprove a inexist\u00eancia do local, ou da presta\u00e7\u00e3o de [&hellip;]\" \/>\n<meta property=\"og:url\" content=\"https:\/\/crefito10.org.br\/portal\/index.php\/baixa-de-endereco-de-orgao-publico-entidade-filantropica\/\" \/>\n<meta property=\"og:site_name\" content=\"CREFITO10\" \/>\n<meta property=\"article:modified_time\" content=\"2025-07-04T18:17:57+00:00\" \/>\n<meta name=\"twitter:card\" content=\"summary_large_image\" \/>\n<script type=\"application\/ld+json\" class=\"yoast-schema-graph\">{\"@context\":\"https:\\\/\\\/schema.org\",\"@graph\":[{\"@type\":\"WebPage\",\"@id\":\"https:\\\/\\\/crefito10.org.br\\\/portal\\\/index.php\\\/baixa-de-endereco-de-orgao-publico-entidade-filantropica\\\/\",\"url\":\"https:\\\/\\\/crefito10.org.br\\\/portal\\\/index.php\\\/baixa-de-endereco-de-orgao-publico-entidade-filantropica\\\/\",\"name\":\"Baixa de Endere\u00e7o de \u00f3rg\u00e3o p\u00fablico\\\/entidade filantr\u00f3pica - CREFITO10\",\"isPartOf\":{\"@id\":\"https:\\\/\\\/crefito10.org.br\\\/portal\\\/#website\"},\"datePublished\":\"2024-07-23T11:53:14+00:00\",\"dateModified\":\"2025-07-04T18:17:57+00:00\",\"breadcrumb\":{\"@id\":\"https:\\\/\\\/crefito10.org.br\\\/portal\\\/index.php\\\/baixa-de-endereco-de-orgao-publico-entidade-filantropica\\\/#breadcrumb\"},\"inLanguage\":\"pt-BR\",\"potentialAction\":[{\"@type\":\"ReadAction\",\"target\":[\"https:\\\/\\\/crefito10.org.br\\\/portal\\\/index.php\\\/baixa-de-endereco-de-orgao-publico-entidade-filantropica\\\/\"]}]},{\"@type\":\"BreadcrumbList\",\"@id\":\"https:\\\/\\\/crefito10.org.br\\\/portal\\\/index.php\\\/baixa-de-endereco-de-orgao-publico-entidade-filantropica\\\/#breadcrumb\",\"itemListElement\":[{\"@type\":\"ListItem\",\"position\":1,\"name\":\"In\u00edcio\",\"item\":\"https:\\\/\\\/crefito10.org.br\\\/portal\\\/\"},{\"@type\":\"ListItem\",\"position\":2,\"name\":\"Baixa de Endere\u00e7o de \u00f3rg\u00e3o p\u00fablico\\\/entidade filantr\u00f3pica\"}]},{\"@type\":\"WebSite\",\"@id\":\"https:\\\/\\\/crefito10.org.br\\\/portal\\\/#website\",\"url\":\"https:\\\/\\\/crefito10.org.br\\\/portal\\\/\",\"name\":\"CREFITO-10\",\"description\":\"\",\"publisher\":{\"@id\":\"https:\\\/\\\/crefito10.org.br\\\/portal\\\/#organization\"},\"potentialAction\":[{\"@type\":\"SearchAction\",\"target\":{\"@type\":\"EntryPoint\",\"urlTemplate\":\"https:\\\/\\\/crefito10.org.br\\\/portal\\\/?s={search_term_string}\"},\"query-input\":{\"@type\":\"PropertyValueSpecification\",\"valueRequired\":true,\"valueName\":\"search_term_string\"}}],\"inLanguage\":\"pt-BR\"},{\"@type\":\"Organization\",\"@id\":\"https:\\\/\\\/crefito10.org.br\\\/portal\\\/#organization\",\"name\":\"CREFITO-10\",\"url\":\"https:\\\/\\\/crefito10.org.br\\\/portal\\\/\",\"logo\":{\"@type\":\"ImageObject\",\"inLanguage\":\"pt-BR\",\"@id\":\"https:\\\/\\\/crefito10.org.br\\\/portal\\\/#\\\/schema\\\/logo\\\/image\\\/\",\"url\":\"https:\\\/\\\/crefito10.org.br\\\/portal\\\/wp-content\\\/uploads\\\/2022\\\/02\\\/WhatsApp-Image-2022-03-11-at-13.34.44-e1648128473135.jpeg\",\"contentUrl\":\"https:\\\/\\\/crefito10.org.br\\\/portal\\\/wp-content\\\/uploads\\\/2022\\\/02\\\/WhatsApp-Image-2022-03-11-at-13.34.44-e1648128473135.jpeg\",\"width\":139,\"height\":25,\"caption\":\"CREFITO-10\"},\"image\":{\"@id\":\"https:\\\/\\\/crefito10.org.br\\\/portal\\\/#\\\/schema\\\/logo\\\/image\\\/\"},\"sameAs\":[\"https:\\\/\\\/www.instagram.com\\\/crefito10\"]}]}<\/script>\n<!-- \/ Yoast SEO plugin. -->","yoast_head_json":{"title":"Baixa de Endere\u00e7o de \u00f3rg\u00e3o p\u00fablico\/entidade filantr\u00f3pica - CREFITO10","robots":{"index":"index","follow":"follow","max-snippet":"max-snippet:-1","max-image-preview":"max-image-preview:large","max-video-preview":"max-video-preview:-1"},"canonical":"https:\/\/crefito10.org.br\/portal\/index.php\/baixa-de-endereco-de-orgao-publico-entidade-filantropica\/","og_locale":"pt_BR","og_type":"article","og_title":"Baixa de Endere\u00e7o de \u00f3rg\u00e3o p\u00fablico\/entidade filantr\u00f3pica - CREFITO10","og_description":"Baixa de Registro de \u00f3rg\u00e3o p\u00fablico\/entidade filantr\u00f3pica Baixa&nbsp; de registro de \u00f3rg\u00e3o p\u00fablico\/entidade filantr\u00f3pica : Solicita\u00e7\u00e3o formal (requerimento baixa) Documento que comprove a inexist\u00eancia do local, ou da presta\u00e7\u00e3o de [&hellip;]","og_url":"https:\/\/crefito10.org.br\/portal\/index.php\/baixa-de-endereco-de-orgao-publico-entidade-filantropica\/","og_site_name":"CREFITO10","article_modified_time":"2025-07-04T18:17:57+00:00","twitter_card":"summary_large_image","schema":{"@context":"https:\/\/schema.org","@graph":[{"@type":"WebPage","@id":"https:\/\/crefito10.org.br\/portal\/index.php\/baixa-de-endereco-de-orgao-publico-entidade-filantropica\/","url":"https:\/\/crefito10.org.br\/portal\/index.php\/baixa-de-endereco-de-orgao-publico-entidade-filantropica\/","name":"Baixa de Endere\u00e7o de \u00f3rg\u00e3o p\u00fablico\/entidade filantr\u00f3pica - CREFITO10","isPartOf":{"@id":"https:\/\/crefito10.org.br\/portal\/#website"},"datePublished":"2024-07-23T11:53:14+00:00","dateModified":"2025-07-04T18:17:57+00:00","breadcrumb":{"@id":"https:\/\/crefito10.org.br\/portal\/index.php\/baixa-de-endereco-de-orgao-publico-entidade-filantropica\/#breadcrumb"},"inLanguage":"pt-BR","potentialAction":[{"@type":"ReadAction","target":["https:\/\/crefito10.org.br\/portal\/index.php\/baixa-de-endereco-de-orgao-publico-entidade-filantropica\/"]}]},{"@type":"BreadcrumbList","@id":"https:\/\/crefito10.org.br\/portal\/index.php\/baixa-de-endereco-de-orgao-publico-entidade-filantropica\/#breadcrumb","itemListElement":[{"@type":"ListItem","position":1,"name":"In\u00edcio","item":"https:\/\/crefito10.org.br\/portal\/"},{"@type":"ListItem","position":2,"name":"Baixa de Endere\u00e7o de \u00f3rg\u00e3o p\u00fablico\/entidade filantr\u00f3pica"}]},{"@type":"WebSite","@id":"https:\/\/crefito10.org.br\/portal\/#website","url":"https:\/\/crefito10.org.br\/portal\/","name":"CREFITO-10","description":"","publisher":{"@id":"https:\/\/crefito10.org.br\/portal\/#organization"},"potentialAction":[{"@type":"SearchAction","target":{"@type":"EntryPoint","urlTemplate":"https:\/\/crefito10.org.br\/portal\/?s={search_term_string}"},"query-input":{"@type":"PropertyValueSpecification","valueRequired":true,"valueName":"search_term_string"}}],"inLanguage":"pt-BR"},{"@type":"Organization","@id":"https:\/\/crefito10.org.br\/portal\/#organization","name":"CREFITO-10","url":"https:\/\/crefito10.org.br\/portal\/","logo":{"@type":"ImageObject","inLanguage":"pt-BR","@id":"https:\/\/crefito10.org.br\/portal\/#\/schema\/logo\/image\/","url":"https:\/\/crefito10.org.br\/portal\/wp-content\/uploads\/2022\/02\/WhatsApp-Image-2022-03-11-at-13.34.44-e1648128473135.jpeg","contentUrl":"https:\/\/crefito10.org.br\/portal\/wp-content\/uploads\/2022\/02\/WhatsApp-Image-2022-03-11-at-13.34.44-e1648128473135.jpeg","width":139,"height":25,"caption":"CREFITO-10"},"image":{"@id":"https:\/\/crefito10.org.br\/portal\/#\/schema\/logo\/image\/"},"sameAs":["https:\/\/www.instagram.com\/crefito10"]}]}},"_links":{"self":[{"href":"https:\/\/crefito10.org.br\/portal\/index.php\/wp-json\/wp\/v2\/pages\/4773","targetHints":{"allow":["GET"]}}],"collection":[{"href":"https:\/\/crefito10.org.br\/portal\/index.php\/wp-json\/wp\/v2\/pages"}],"about":[{"href":"https:\/\/crefito10.org.br\/portal\/index.php\/wp-json\/wp\/v2\/types\/page"}],"author":[{"embeddable":true,"href":"https:\/\/crefito10.org.br\/portal\/index.php\/wp-json\/wp\/v2\/users\/1"}],"replies":[{"embeddable":true,"href":"https:\/\/crefito10.org.br\/portal\/index.php\/wp-json\/wp\/v2\/comments?post=4773"}],"version-history":[{"count":10,"href":"https:\/\/crefito10.org.br\/portal\/index.php\/wp-json\/wp\/v2\/pages\/4773\/revisions"}],"predecessor-version":[{"id":5706,"href":"https:\/\/crefito10.org.br\/portal\/index.php\/wp-json\/wp\/v2\/pages\/4773\/revisions\/5706"}],"wp:attachment":[{"href":"https:\/\/crefito10.org.br\/portal\/index.php\/wp-json\/wp\/v2\/media?parent=4773"}],"curies":[{"name":"wp","href":"https:\/\/api.w.org\/{rel}","templated":true}]}}