{"id":4760,"date":"2024-07-23T08:28:50","date_gmt":"2024-07-23T11:28:50","guid":{"rendered":"https:\/\/crefito10.org.br\/portal\/?page_id=4760"},"modified":"2024-07-23T08:57:03","modified_gmt":"2024-07-23T11:57:03","slug":"alteracao-de-endereco-de-orgao-publico-entidade-filantropica","status":"publish","type":"page","link":"https:\/\/crefito10.org.br\/portal\/index.php\/alteracao-de-endereco-de-orgao-publico-entidade-filantropica\/","title":{"rendered":"Altera\u00e7\u00e3o de endere\u00e7o de \u00f3rg\u00e3o p\u00fablico\/entidade filantr\u00f3pica"},"content":{"rendered":"\t\t<div data-elementor-type=\"wp-page\" data-elementor-id=\"4760\" class=\"elementor elementor-4760\">\n\t\t\t\t\t\t<section class=\"elementor-section elementor-top-section elementor-element elementor-element-acb0189 elementor-section-boxed elementor-section-height-default elementor-section-height-default\" data-id=\"acb0189\" data-element_type=\"section\" data-e-type=\"section\">\n\t\t\t\t\t\t<div class=\"elementor-container elementor-column-gap-default\">\n\t\t\t\t\t<div class=\"elementor-column elementor-col-100 elementor-top-column elementor-element elementor-element-db140f1\" data-id=\"db140f1\" data-element_type=\"column\" data-e-type=\"column\">\n\t\t\t<div class=\"elementor-widget-wrap elementor-element-populated\">\n\t\t\t\t\t\t<div class=\"elementor-element elementor-element-315d07c elementor-widget elementor-widget-spacer\" data-id=\"315d07c\" data-element_type=\"widget\" data-e-type=\"widget\" data-widget_type=\"spacer.default\">\n\t\t\t\t<div class=\"elementor-widget-container\">\n\t\t\t\t\t\t\t<div class=\"elementor-spacer\">\n\t\t\t<div class=\"elementor-spacer-inner\"><\/div>\n\t\t<\/div>\n\t\t\t\t\t\t<\/div>\n\t\t\t\t<\/div>\n\t\t\t\t<div class=\"elementor-element elementor-element-2dc3870 elementor-widget elementor-widget-heading\" data-id=\"2dc3870\" data-element_type=\"widget\" data-e-type=\"widget\" data-widget_type=\"heading.default\">\n\t\t\t\t<div class=\"elementor-widget-container\">\n\t\t\t\t\t<h2 class=\"elementor-heading-title elementor-size-default\"><h2 data-elementor-setting-key=\"title\" data-pen-placeholder=\"Digite aqui...\" style=\"font-family: var( --e-global-typography-primary-font-family ), Sans-serif;font-weight: var( --e-global-typography-primary-font-weight )\">Altera\u00e7\u00e3o de Endere\u00e7o de \u00f3rg\u00e3o p\u00fablico\/entidade filantr\u00f3pica<\/h2><\/h2>\t\t\t\t<\/div>\n\t\t\t\t<\/div>\n\t\t\t\t<div class=\"elementor-element elementor-element-e6b79cd elementor-widget elementor-widget-text-editor\" data-id=\"e6b79cd\" data-element_type=\"widget\" data-e-type=\"widget\" data-widget_type=\"text-editor.default\">\n\t\t\t\t<div class=\"elementor-widget-container\">\n\t\t\t\t\t\t\t\t\t<div class=\"x_elementToProof\" style=\"border: 0px; font-variant-numeric: inherit; font-variant-east-asian: inherit; font-variant-alternates: inherit; font-variant-position: inherit; font-stretch: inherit; font-size: 12pt; line-height: inherit; font-family: Aptos, Aptos_EmbeddedFont, Aptos_MSFontService, Calibri, Helvetica, sans-serif; font-optical-sizing: inherit; font-kerning: inherit; font-feature-settings: inherit; font-variation-settings: inherit; margin: 0px; padding: 0px; vertical-align: baseline; color: #000000 !important;\"><b>Altera\u00e7\u00e3o de endere\u00e7o de \u00f3rg\u00e3o p\u00fablico\/entidade filantr\u00f3pica<br><br><\/b><\/div>\n<div class=\"x_elementToProof\" style=\"border: 0px; font-variant-numeric: inherit; font-variant-east-asian: inherit; font-variant-alternates: inherit; font-variant-position: inherit; font-stretch: inherit; font-size: 12pt; line-height: inherit; font-family: Aptos, Aptos_EmbeddedFont, Aptos_MSFontService, Calibri, Helvetica, sans-serif; font-optical-sizing: inherit; font-kerning: inherit; font-feature-settings: inherit; font-variation-settings: inherit; margin: 0px; padding: 0px; vertical-align: baseline; color: #000000 !important;\">\n<ul>\n<li>Solicita\u00e7\u00e3o formal&nbsp; (<a href=\"http:\/\/www.crefito10.org.br\/cmslite\/userfiles\/file\/requerimentos\/alteracao-endereco-orgao-entidade-filantropica.pdf\" target=\"_blank\">altera\u00e7\u00e3o de endere\u00e7o<\/a>)&nbsp;<\/li>\n<li><span style=\"font-size: 12pt; font-weight: var( --e-global-typography-text-font-weight );\">Documento que comprove a altera\u00e7\u00e3o do endere\u00e7o, emitido pelo \u00f3rg\u00e3o competente.&nbsp;<\/span><\/li>\n<li>C\u00f3pia do certificado antigo que foi emitido pelo CREFITO-10.&nbsp;<\/li>\n<\/ul>\n<\/div>\n<div class=\"x_elementToProof\" style=\"border: 0px; font-variant-numeric: inherit; font-variant-east-asian: inherit; font-variant-alternates: inherit; font-variant-position: inherit; font-stretch: inherit; font-size: 12pt; line-height: inherit; font-family: Aptos, Aptos_EmbeddedFont, Aptos_MSFontService, Calibri, Helvetica, sans-serif; font-optical-sizing: inherit; font-kerning: inherit; font-feature-settings: inherit; font-variation-settings: inherit; margin: 0px; padding: 0px; vertical-align: baseline; color: #000000 !important;\"><br><\/div><div class=\"x_elementToProof\" style=\"border: 0px; font-variant-numeric: inherit; font-variant-east-asian: inherit; font-variant-alternates: inherit; font-variant-position: inherit; font-stretch: inherit; font-size: 12pt; line-height: inherit; font-family: Aptos, Aptos_EmbeddedFont, Aptos_MSFontService, Calibri, Helvetica, sans-serif; font-optical-sizing: inherit; font-kerning: inherit; font-feature-settings: inherit; font-variation-settings: inherit; margin: 0px; padding: 0px; vertical-align: baseline; color: #000000 !important;\"><ul>\n<\/ul>\n<\/div>\t\t\t\t\t\t\t\t<\/div>\n\t\t\t\t<\/div>\n\t\t\t\t<div class=\"elementor-element elementor-element-b2a3786 elementor-widget elementor-widget-spacer\" data-id=\"b2a3786\" data-element_type=\"widget\" data-e-type=\"widget\" data-widget_type=\"spacer.default\">\n\t\t\t\t<div class=\"elementor-widget-container\">\n\t\t\t\t\t\t\t<div class=\"elementor-spacer\">\n\t\t\t<div class=\"elementor-spacer-inner\"><\/div>\n\t\t<\/div>\n\t\t\t\t\t\t<\/div>\n\t\t\t\t<\/div>\n\t\t\t\t\t<\/div>\n\t\t<\/div>\n\t\t\t\t\t<\/div>\n\t\t<\/section>\n\t\t\t\t<\/div>\n\t\t","protected":false},"excerpt":{"rendered":"<p>Altera\u00e7\u00e3o de Endere\u00e7o de \u00f3rg\u00e3o p\u00fablico\/entidade filantr\u00f3pica Altera\u00e7\u00e3o de endere\u00e7o de \u00f3rg\u00e3o p\u00fablico\/entidade filantr\u00f3pica Solicita\u00e7\u00e3o formal&nbsp; (altera\u00e7\u00e3o de endere\u00e7o)&nbsp; Documento que comprove a altera\u00e7\u00e3o do endere\u00e7o, emitido pelo \u00f3rg\u00e3o competente.&nbsp; [&hellip;]<\/p>\n","protected":false},"author":1,"featured_media":0,"parent":0,"menu_order":0,"comment_status":"closed","ping_status":"closed","template":"","meta":{"footnotes":""},"class_list":["post-4760","page","type-page","status-publish","hentry"],"yoast_head":"<!-- This site is optimized with the Yoast SEO plugin v27.4 - https:\/\/yoast.com\/product\/yoast-seo-wordpress\/ -->\n<title>Altera\u00e7\u00e3o de endere\u00e7o de \u00f3rg\u00e3o p\u00fablico\/entidade filantr\u00f3pica - CREFITO10<\/title>\n<meta name=\"robots\" content=\"index, follow, max-snippet:-1, max-image-preview:large, max-video-preview:-1\" \/>\n<link rel=\"canonical\" href=\"https:\/\/crefito10.org.br\/portal\/index.php\/alteracao-de-endereco-de-orgao-publico-entidade-filantropica\/\" \/>\n<meta property=\"og:locale\" content=\"pt_BR\" \/>\n<meta property=\"og:type\" content=\"article\" \/>\n<meta property=\"og:title\" content=\"Altera\u00e7\u00e3o de endere\u00e7o de \u00f3rg\u00e3o p\u00fablico\/entidade filantr\u00f3pica - CREFITO10\" \/>\n<meta property=\"og:description\" content=\"Altera\u00e7\u00e3o de Endere\u00e7o de \u00f3rg\u00e3o p\u00fablico\/entidade filantr\u00f3pica Altera\u00e7\u00e3o de endere\u00e7o de \u00f3rg\u00e3o p\u00fablico\/entidade filantr\u00f3pica Solicita\u00e7\u00e3o formal&nbsp; (altera\u00e7\u00e3o de endere\u00e7o)&nbsp; Documento que comprove a altera\u00e7\u00e3o do endere\u00e7o, emitido pelo \u00f3rg\u00e3o competente.&nbsp; [&hellip;]\" \/>\n<meta property=\"og:url\" content=\"https:\/\/crefito10.org.br\/portal\/index.php\/alteracao-de-endereco-de-orgao-publico-entidade-filantropica\/\" \/>\n<meta property=\"og:site_name\" content=\"CREFITO10\" \/>\n<meta property=\"article:modified_time\" content=\"2024-07-23T11:57:03+00:00\" \/>\n<meta name=\"twitter:card\" content=\"summary_large_image\" \/>\n<script type=\"application\/ld+json\" class=\"yoast-schema-graph\">{\"@context\":\"https:\\\/\\\/schema.org\",\"@graph\":[{\"@type\":\"WebPage\",\"@id\":\"https:\\\/\\\/crefito10.org.br\\\/portal\\\/index.php\\\/alteracao-de-endereco-de-orgao-publico-entidade-filantropica\\\/\",\"url\":\"https:\\\/\\\/crefito10.org.br\\\/portal\\\/index.php\\\/alteracao-de-endereco-de-orgao-publico-entidade-filantropica\\\/\",\"name\":\"Altera\u00e7\u00e3o de endere\u00e7o de \u00f3rg\u00e3o p\u00fablico\\\/entidade filantr\u00f3pica - CREFITO10\",\"isPartOf\":{\"@id\":\"https:\\\/\\\/crefito10.org.br\\\/portal\\\/#website\"},\"datePublished\":\"2024-07-23T11:28:50+00:00\",\"dateModified\":\"2024-07-23T11:57:03+00:00\",\"breadcrumb\":{\"@id\":\"https:\\\/\\\/crefito10.org.br\\\/portal\\\/index.php\\\/alteracao-de-endereco-de-orgao-publico-entidade-filantropica\\\/#breadcrumb\"},\"inLanguage\":\"pt-BR\",\"potentialAction\":[{\"@type\":\"ReadAction\",\"target\":[\"https:\\\/\\\/crefito10.org.br\\\/portal\\\/index.php\\\/alteracao-de-endereco-de-orgao-publico-entidade-filantropica\\\/\"]}]},{\"@type\":\"BreadcrumbList\",\"@id\":\"https:\\\/\\\/crefito10.org.br\\\/portal\\\/index.php\\\/alteracao-de-endereco-de-orgao-publico-entidade-filantropica\\\/#breadcrumb\",\"itemListElement\":[{\"@type\":\"ListItem\",\"position\":1,\"name\":\"In\u00edcio\",\"item\":\"https:\\\/\\\/crefito10.org.br\\\/portal\\\/\"},{\"@type\":\"ListItem\",\"position\":2,\"name\":\"Altera\u00e7\u00e3o de endere\u00e7o de \u00f3rg\u00e3o p\u00fablico\\\/entidade filantr\u00f3pica\"}]},{\"@type\":\"WebSite\",\"@id\":\"https:\\\/\\\/crefito10.org.br\\\/portal\\\/#website\",\"url\":\"https:\\\/\\\/crefito10.org.br\\\/portal\\\/\",\"name\":\"CREFITO-10\",\"description\":\"\",\"publisher\":{\"@id\":\"https:\\\/\\\/crefito10.org.br\\\/portal\\\/#organization\"},\"potentialAction\":[{\"@type\":\"SearchAction\",\"target\":{\"@type\":\"EntryPoint\",\"urlTemplate\":\"https:\\\/\\\/crefito10.org.br\\\/portal\\\/?s={search_term_string}\"},\"query-input\":{\"@type\":\"PropertyValueSpecification\",\"valueRequired\":true,\"valueName\":\"search_term_string\"}}],\"inLanguage\":\"pt-BR\"},{\"@type\":\"Organization\",\"@id\":\"https:\\\/\\\/crefito10.org.br\\\/portal\\\/#organization\",\"name\":\"CREFITO-10\",\"url\":\"https:\\\/\\\/crefito10.org.br\\\/portal\\\/\",\"logo\":{\"@type\":\"ImageObject\",\"inLanguage\":\"pt-BR\",\"@id\":\"https:\\\/\\\/crefito10.org.br\\\/portal\\\/#\\\/schema\\\/logo\\\/image\\\/\",\"url\":\"https:\\\/\\\/crefito10.org.br\\\/portal\\\/wp-content\\\/uploads\\\/2022\\\/02\\\/WhatsApp-Image-2022-03-11-at-13.34.44-e1648128473135.jpeg\",\"contentUrl\":\"https:\\\/\\\/crefito10.org.br\\\/portal\\\/wp-content\\\/uploads\\\/2022\\\/02\\\/WhatsApp-Image-2022-03-11-at-13.34.44-e1648128473135.jpeg\",\"width\":139,\"height\":25,\"caption\":\"CREFITO-10\"},\"image\":{\"@id\":\"https:\\\/\\\/crefito10.org.br\\\/portal\\\/#\\\/schema\\\/logo\\\/image\\\/\"},\"sameAs\":[\"https:\\\/\\\/www.instagram.com\\\/crefito10\"]}]}<\/script>\n<!-- \/ Yoast SEO plugin. -->","yoast_head_json":{"title":"Altera\u00e7\u00e3o de endere\u00e7o de \u00f3rg\u00e3o p\u00fablico\/entidade filantr\u00f3pica - CREFITO10","robots":{"index":"index","follow":"follow","max-snippet":"max-snippet:-1","max-image-preview":"max-image-preview:large","max-video-preview":"max-video-preview:-1"},"canonical":"https:\/\/crefito10.org.br\/portal\/index.php\/alteracao-de-endereco-de-orgao-publico-entidade-filantropica\/","og_locale":"pt_BR","og_type":"article","og_title":"Altera\u00e7\u00e3o de endere\u00e7o de \u00f3rg\u00e3o p\u00fablico\/entidade filantr\u00f3pica - CREFITO10","og_description":"Altera\u00e7\u00e3o de Endere\u00e7o de \u00f3rg\u00e3o p\u00fablico\/entidade filantr\u00f3pica Altera\u00e7\u00e3o de endere\u00e7o de \u00f3rg\u00e3o p\u00fablico\/entidade filantr\u00f3pica Solicita\u00e7\u00e3o formal&nbsp; (altera\u00e7\u00e3o de endere\u00e7o)&nbsp; Documento que comprove a altera\u00e7\u00e3o do endere\u00e7o, emitido pelo \u00f3rg\u00e3o competente.&nbsp; [&hellip;]","og_url":"https:\/\/crefito10.org.br\/portal\/index.php\/alteracao-de-endereco-de-orgao-publico-entidade-filantropica\/","og_site_name":"CREFITO10","article_modified_time":"2024-07-23T11:57:03+00:00","twitter_card":"summary_large_image","schema":{"@context":"https:\/\/schema.org","@graph":[{"@type":"WebPage","@id":"https:\/\/crefito10.org.br\/portal\/index.php\/alteracao-de-endereco-de-orgao-publico-entidade-filantropica\/","url":"https:\/\/crefito10.org.br\/portal\/index.php\/alteracao-de-endereco-de-orgao-publico-entidade-filantropica\/","name":"Altera\u00e7\u00e3o de endere\u00e7o de \u00f3rg\u00e3o p\u00fablico\/entidade filantr\u00f3pica - CREFITO10","isPartOf":{"@id":"https:\/\/crefito10.org.br\/portal\/#website"},"datePublished":"2024-07-23T11:28:50+00:00","dateModified":"2024-07-23T11:57:03+00:00","breadcrumb":{"@id":"https:\/\/crefito10.org.br\/portal\/index.php\/alteracao-de-endereco-de-orgao-publico-entidade-filantropica\/#breadcrumb"},"inLanguage":"pt-BR","potentialAction":[{"@type":"ReadAction","target":["https:\/\/crefito10.org.br\/portal\/index.php\/alteracao-de-endereco-de-orgao-publico-entidade-filantropica\/"]}]},{"@type":"BreadcrumbList","@id":"https:\/\/crefito10.org.br\/portal\/index.php\/alteracao-de-endereco-de-orgao-publico-entidade-filantropica\/#breadcrumb","itemListElement":[{"@type":"ListItem","position":1,"name":"In\u00edcio","item":"https:\/\/crefito10.org.br\/portal\/"},{"@type":"ListItem","position":2,"name":"Altera\u00e7\u00e3o de endere\u00e7o de \u00f3rg\u00e3o p\u00fablico\/entidade filantr\u00f3pica"}]},{"@type":"WebSite","@id":"https:\/\/crefito10.org.br\/portal\/#website","url":"https:\/\/crefito10.org.br\/portal\/","name":"CREFITO-10","description":"","publisher":{"@id":"https:\/\/crefito10.org.br\/portal\/#organization"},"potentialAction":[{"@type":"SearchAction","target":{"@type":"EntryPoint","urlTemplate":"https:\/\/crefito10.org.br\/portal\/?s={search_term_string}"},"query-input":{"@type":"PropertyValueSpecification","valueRequired":true,"valueName":"search_term_string"}}],"inLanguage":"pt-BR"},{"@type":"Organization","@id":"https:\/\/crefito10.org.br\/portal\/#organization","name":"CREFITO-10","url":"https:\/\/crefito10.org.br\/portal\/","logo":{"@type":"ImageObject","inLanguage":"pt-BR","@id":"https:\/\/crefito10.org.br\/portal\/#\/schema\/logo\/image\/","url":"https:\/\/crefito10.org.br\/portal\/wp-content\/uploads\/2022\/02\/WhatsApp-Image-2022-03-11-at-13.34.44-e1648128473135.jpeg","contentUrl":"https:\/\/crefito10.org.br\/portal\/wp-content\/uploads\/2022\/02\/WhatsApp-Image-2022-03-11-at-13.34.44-e1648128473135.jpeg","width":139,"height":25,"caption":"CREFITO-10"},"image":{"@id":"https:\/\/crefito10.org.br\/portal\/#\/schema\/logo\/image\/"},"sameAs":["https:\/\/www.instagram.com\/crefito10"]}]}},"_links":{"self":[{"href":"https:\/\/crefito10.org.br\/portal\/index.php\/wp-json\/wp\/v2\/pages\/4760","targetHints":{"allow":["GET"]}}],"collection":[{"href":"https:\/\/crefito10.org.br\/portal\/index.php\/wp-json\/wp\/v2\/pages"}],"about":[{"href":"https:\/\/crefito10.org.br\/portal\/index.php\/wp-json\/wp\/v2\/types\/page"}],"author":[{"embeddable":true,"href":"https:\/\/crefito10.org.br\/portal\/index.php\/wp-json\/wp\/v2\/users\/1"}],"replies":[{"embeddable":true,"href":"https:\/\/crefito10.org.br\/portal\/index.php\/wp-json\/wp\/v2\/comments?post=4760"}],"version-history":[{"count":0,"href":"https:\/\/crefito10.org.br\/portal\/index.php\/wp-json\/wp\/v2\/pages\/4760\/revisions"}],"wp:attachment":[{"href":"https:\/\/crefito10.org.br\/portal\/index.php\/wp-json\/wp\/v2\/media?parent=4760"}],"curies":[{"name":"wp","href":"https:\/\/api.w.org\/{rel}","templated":true}]}}