{"id":280,"date":"2022-02-24T00:05:01","date_gmt":"2022-02-24T03:05:01","guid":{"rendered":"https:\/\/crefito10.org.br\/portal\/?page_id=280"},"modified":"2025-05-14T09:59:50","modified_gmt":"2025-05-14T12:59:50","slug":"registro-das-tecnicas-fisioterapeuticas-de-estimulacao-transcraniana-nao-invasiva","status":"publish","type":"page","link":"https:\/\/crefito10.org.br\/portal\/index.php\/registro-das-tecnicas-fisioterapeuticas-de-estimulacao-transcraniana-nao-invasiva\/","title":{"rendered":"Registro das t\u00e9cnicas Fisioterap\u00eauticas de Estimula\u00e7\u00e3o Transcraniana n\u00e3o Invasiva"},"content":{"rendered":"\t\t<div data-elementor-type=\"wp-page\" data-elementor-id=\"280\" class=\"elementor elementor-280\">\n\t\t\t\t\t\t<section class=\"elementor-section elementor-top-section elementor-element elementor-element-533a450a elementor-section-height-min-height elementor-section-items-top elementor-section-boxed elementor-section-height-default\" data-id=\"533a450a\" data-element_type=\"section\" data-e-type=\"section\">\n\t\t\t\t\t\t<div class=\"elementor-container elementor-column-gap-default\">\n\t\t\t\t\t<div class=\"elementor-column elementor-col-100 elementor-top-column elementor-element elementor-element-90ef19e\" data-id=\"90ef19e\" data-element_type=\"column\" data-e-type=\"column\">\n\t\t\t<div class=\"elementor-widget-wrap elementor-element-populated\">\n\t\t\t\t\t\t<div class=\"elementor-element elementor-element-b0166d2 elementor-share-buttons--view-icon elementor-share-buttons--shape-circle elementor-share-buttons--align-right elementor-share-buttons--skin-gradient elementor-grid-0 elementor-share-buttons--color-official elementor-widget elementor-widget-share-buttons\" data-id=\"b0166d2\" data-element_type=\"widget\" data-e-type=\"widget\" data-widget_type=\"share-buttons.default\">\n\t\t\t\t<div class=\"elementor-widget-container\">\n\t\t\t\t\t\t\t<div class=\"elementor-grid\">\n\t\t\t\t\t\t\t\t<div class=\"elementor-grid-item\">\n\t\t\t\t\t\t<div class=\"elementor-share-btn elementor-share-btn_facebook\">\n\t\t\t\t\t\t\t\t\t\t\t\t\t\t\t<span class=\"elementor-share-btn__icon\">\n\t\t\t\t\t\t\t\t<i class=\"fab fa-facebook\" aria-hidden=\"true\"><\/i>\t\t\t\t\t\t\t\t<span\n\t\t\t\t\t\t\t\t\tclass=\"elementor-screen-only\">Share on facebook<\/span>\n\t\t\t\t\t\t\t<\/span>\n\t\t\t\t\t\t\t\t\t\t\t\t\t\t\t\t\t\t\t\t<\/div>\n\t\t\t\t\t<\/div>\n\t\t\t\t\t\t\t\t\t<div class=\"elementor-grid-item\">\n\t\t\t\t\t\t<div class=\"elementor-share-btn elementor-share-btn_email\">\n\t\t\t\t\t\t\t\t\t\t\t\t\t\t\t<span class=\"elementor-share-btn__icon\">\n\t\t\t\t\t\t\t\t<i class=\"fas fa-envelope\" aria-hidden=\"true\"><\/i>\t\t\t\t\t\t\t\t<span\n\t\t\t\t\t\t\t\t\tclass=\"elementor-screen-only\">Share on email<\/span>\n\t\t\t\t\t\t\t<\/span>\n\t\t\t\t\t\t\t\t\t\t\t\t\t\t\t\t\t\t\t\t<\/div>\n\t\t\t\t\t<\/div>\n\t\t\t\t\t\t\t\t\t<div class=\"elementor-grid-item\">\n\t\t\t\t\t\t<div class=\"elementor-share-btn elementor-share-btn_whatsapp\">\n\t\t\t\t\t\t\t\t\t\t\t\t\t\t\t<span class=\"elementor-share-btn__icon\">\n\t\t\t\t\t\t\t\t<i class=\"fab fa-whatsapp\" aria-hidden=\"true\"><\/i>\t\t\t\t\t\t\t\t<span\n\t\t\t\t\t\t\t\t\tclass=\"elementor-screen-only\">Share on whatsapp<\/span>\n\t\t\t\t\t\t\t<\/span>\n\t\t\t\t\t\t\t\t\t\t\t\t\t\t\t\t\t\t\t\t<\/div>\n\t\t\t\t\t<\/div>\n\t\t\t\t\t\t<\/div>\n\t\t\t\t\t\t<\/div>\n\t\t\t\t<\/div>\n\t\t\t\t<div class=\"elementor-element elementor-element-72e8b38b elementor-widget elementor-widget-heading\" data-id=\"72e8b38b\" data-element_type=\"widget\" data-e-type=\"widget\" data-widget_type=\"heading.default\">\n\t\t\t\t<div class=\"elementor-widget-container\">\n\t\t\t\t\t<h2 class=\"elementor-heading-title elementor-size-default\">Requerimento de credenciamento para o uso cl\u00ednico das t\u00e9cnicas de estimula\u00e7\u00e3o el\u00e9trica e magn\u00e9tica n\u00e3o invasivas do sistema nervoso<\/h2>\t\t\t\t<\/div>\n\t\t\t\t<\/div>\n\t\t\t\t<div class=\"elementor-element elementor-element-1a4a339 elementor-widget elementor-widget-text-editor\" data-id=\"1a4a339\" data-element_type=\"widget\" data-e-type=\"widget\" data-widget_type=\"text-editor.default\">\n\t\t\t\t<div class=\"elementor-widget-container\">\n\t\t\t\t\t\t\t\t\t<p>a) Certificado Original;<br><span style=\"font-size: 1rem;\"><br><\/span><\/p>\n<p><span style=\"font-size: 1rem;\">1)Para a t\u00e9cnica de estimula\u00e7\u00e3o el\u00e9trica n\u00e3o invasiva do sistema nervoso central: carga hor\u00e1ria m\u00ednima de 30 horas, sendo 60% da carga hor\u00e1ria de treinamento pr\u00e1tico;<br><\/span><span style=\"font-size: 1rem;\">2) Para a t\u00e9cnica de estimula\u00e7\u00e3o magn\u00e9tica n\u00e3o invasiva do sistema nervoso para fins terap\u00eauticos: carga hor\u00e1ria m\u00ednima de 60 horas, sendo 60% da carga hor\u00e1ria de treinamento pr\u00e1tico;<br><\/span><span style=\"font-size: 1rem;\">3) Para a t\u00e9cnica de estimula\u00e7\u00e3o magn\u00e9tica n\u00e3o invasiva do sistema nervoso para diagn\u00f3stico fisioterap\u00eautico: carga hor\u00e1ria m\u00ednima de 60 horas, sendo 60% da carga hor\u00e1ria de treinamento pr\u00e1tico.<br><\/span><span style=\"font-size: 1rem;\">4) Alternativamente, a forma\u00e7\u00e3o poder\u00e1 ser obtida por meio de curso de mestrado ou doutorado, cuja disserta\u00e7\u00e3o\/tese tenha sido realizada com a aplica\u00e7\u00e3o, em seres humanos, da(5) t\u00e9cnica(s) de estimula\u00e7\u00e3o n\u00e3o invasiva do sistema nervoso, com a(s) qual(is) pretende atuar.<\/span><\/p>\n<p>b) C\u00f3pia do Certificado (frente e verso)<\/p><p>c)&nbsp;Carteira Profissional (tipo livro)<\/p>\n<p><span style=\"font-size: 1rem;\">d) Requerimento (<\/span><a href=\"http:\/\/www.crefito10.org.br\/cmslite\/userfiles\/file\/requerimentos\/Requerimento_Registro_Transcraniana.pdf\" style=\"font-size: 1rem; background-color: rgb(255, 255, 255);\">download<\/a><span style=\"font-size: 1rem;\">);<\/span><\/p>\n<p>A documenta\u00e7\u00e3o dever\u00e1 ser enviada pelos Correios ou entregue presencialmente na sede ou em uma de nossas secretarias. O Processo envolve em torno de 60 dias.<\/p>\t\t\t\t\t\t\t\t<\/div>\n\t\t\t\t<\/div>\n\t\t\t\t<div class=\"elementor-element elementor-element-56f5c9fa elementor-align-left elementor-widget elementor-widget-button\" data-id=\"56f5c9fa\" data-element_type=\"widget\" data-e-type=\"widget\" data-widget_type=\"button.default\">\n\t\t\t\t<div class=\"elementor-widget-container\">\n\t\t\t\t\t\t\t\t\t<div class=\"elementor-button-wrapper\">\n\t\t\t\t\t<a class=\"elementor-button elementor-button-link elementor-size-sm\" href=\"#elementor-action%3Aaction%3Dpopup%3Aopen%26settings%3DeyJpZCI6Ijc2IiwidG9nZ2xlIjpmYWxzZX0%3D\">\n\t\t\t\t\t\t<span class=\"elementor-button-content-wrapper\">\n\t\t\t\t\t\t<span class=\"elementor-button-icon\">\n\t\t\t\t<i aria-hidden=\"true\" class=\"fas fa-backward\"><\/i>\t\t\t<\/span>\n\t\t\t\t\t\t\t\t\t<span class=\"elementor-button-text\">Voltar<\/span>\n\t\t\t\t\t<\/span>\n\t\t\t\t\t<\/a>\n\t\t\t\t<\/div>\n\t\t\t\t\t\t\t\t<\/div>\n\t\t\t\t<\/div>\n\t\t\t\t\t<\/div>\n\t\t<\/div>\n\t\t\t\t\t<\/div>\n\t\t<\/section>\n\t\t\t\t<\/div>\n\t\t","protected":false},"excerpt":{"rendered":"<p>Share on facebook Share on email Share on whatsapp Requerimento de credenciamento para o uso cl\u00ednico das t\u00e9cnicas de estimula\u00e7\u00e3o el\u00e9trica e magn\u00e9tica n\u00e3o invasivas do sistema nervoso a) Certificado [&hellip;]<\/p>\n","protected":false},"author":1,"featured_media":0,"parent":0,"menu_order":0,"comment_status":"closed","ping_status":"closed","template":"elementor_header_footer","meta":{"footnotes":""},"class_list":["post-280","page","type-page","status-publish","hentry"],"yoast_head":"<!-- This site is optimized with the Yoast SEO plugin v27.4 - https:\/\/yoast.com\/product\/yoast-seo-wordpress\/ -->\n<title>Registro das t\u00e9cnicas Fisioterap\u00eauticas de Estimula\u00e7\u00e3o Transcraniana n\u00e3o Invasiva - CREFITO10<\/title>\n<meta name=\"robots\" content=\"index, follow, max-snippet:-1, max-image-preview:large, max-video-preview:-1\" \/>\n<link rel=\"canonical\" href=\"https:\/\/crefito10.org.br\/portal\/index.php\/registro-das-tecnicas-fisioterapeuticas-de-estimulacao-transcraniana-nao-invasiva\/\" \/>\n<meta property=\"og:locale\" content=\"pt_BR\" \/>\n<meta property=\"og:type\" content=\"article\" \/>\n<meta property=\"og:title\" content=\"Registro das t\u00e9cnicas Fisioterap\u00eauticas de Estimula\u00e7\u00e3o Transcraniana n\u00e3o Invasiva - CREFITO10\" \/>\n<meta property=\"og:description\" content=\"Share on facebook Share on email Share on whatsapp Requerimento de credenciamento para o uso cl\u00ednico das t\u00e9cnicas de estimula\u00e7\u00e3o el\u00e9trica e magn\u00e9tica n\u00e3o invasivas do sistema nervoso a) Certificado [&hellip;]\" \/>\n<meta property=\"og:url\" content=\"https:\/\/crefito10.org.br\/portal\/index.php\/registro-das-tecnicas-fisioterapeuticas-de-estimulacao-transcraniana-nao-invasiva\/\" \/>\n<meta property=\"og:site_name\" content=\"CREFITO10\" \/>\n<meta property=\"article:modified_time\" content=\"2025-05-14T12:59:50+00:00\" \/>\n<meta name=\"twitter:card\" content=\"summary_large_image\" \/>\n<meta name=\"twitter:label1\" content=\"Est. tempo de leitura\" \/>\n\t<meta name=\"twitter:data1\" content=\"1 minuto\" \/>\n<script type=\"application\/ld+json\" class=\"yoast-schema-graph\">{\"@context\":\"https:\\\/\\\/schema.org\",\"@graph\":[{\"@type\":\"WebPage\",\"@id\":\"https:\\\/\\\/crefito10.org.br\\\/portal\\\/index.php\\\/registro-das-tecnicas-fisioterapeuticas-de-estimulacao-transcraniana-nao-invasiva\\\/\",\"url\":\"https:\\\/\\\/crefito10.org.br\\\/portal\\\/index.php\\\/registro-das-tecnicas-fisioterapeuticas-de-estimulacao-transcraniana-nao-invasiva\\\/\",\"name\":\"Registro das t\u00e9cnicas Fisioterap\u00eauticas de Estimula\u00e7\u00e3o Transcraniana n\u00e3o Invasiva - CREFITO10\",\"isPartOf\":{\"@id\":\"https:\\\/\\\/crefito10.org.br\\\/portal\\\/#website\"},\"datePublished\":\"2022-02-24T03:05:01+00:00\",\"dateModified\":\"2025-05-14T12:59:50+00:00\",\"breadcrumb\":{\"@id\":\"https:\\\/\\\/crefito10.org.br\\\/portal\\\/index.php\\\/registro-das-tecnicas-fisioterapeuticas-de-estimulacao-transcraniana-nao-invasiva\\\/#breadcrumb\"},\"inLanguage\":\"pt-BR\",\"potentialAction\":[{\"@type\":\"ReadAction\",\"target\":[\"https:\\\/\\\/crefito10.org.br\\\/portal\\\/index.php\\\/registro-das-tecnicas-fisioterapeuticas-de-estimulacao-transcraniana-nao-invasiva\\\/\"]}]},{\"@type\":\"BreadcrumbList\",\"@id\":\"https:\\\/\\\/crefito10.org.br\\\/portal\\\/index.php\\\/registro-das-tecnicas-fisioterapeuticas-de-estimulacao-transcraniana-nao-invasiva\\\/#breadcrumb\",\"itemListElement\":[{\"@type\":\"ListItem\",\"position\":1,\"name\":\"In\u00edcio\",\"item\":\"https:\\\/\\\/crefito10.org.br\\\/portal\\\/\"},{\"@type\":\"ListItem\",\"position\":2,\"name\":\"Registro das t\u00e9cnicas Fisioterap\u00eauticas de Estimula\u00e7\u00e3o Transcraniana n\u00e3o Invasiva\"}]},{\"@type\":\"WebSite\",\"@id\":\"https:\\\/\\\/crefito10.org.br\\\/portal\\\/#website\",\"url\":\"https:\\\/\\\/crefito10.org.br\\\/portal\\\/\",\"name\":\"CREFITO-10\",\"description\":\"\",\"publisher\":{\"@id\":\"https:\\\/\\\/crefito10.org.br\\\/portal\\\/#organization\"},\"potentialAction\":[{\"@type\":\"SearchAction\",\"target\":{\"@type\":\"EntryPoint\",\"urlTemplate\":\"https:\\\/\\\/crefito10.org.br\\\/portal\\\/?s={search_term_string}\"},\"query-input\":{\"@type\":\"PropertyValueSpecification\",\"valueRequired\":true,\"valueName\":\"search_term_string\"}}],\"inLanguage\":\"pt-BR\"},{\"@type\":\"Organization\",\"@id\":\"https:\\\/\\\/crefito10.org.br\\\/portal\\\/#organization\",\"name\":\"CREFITO-10\",\"url\":\"https:\\\/\\\/crefito10.org.br\\\/portal\\\/\",\"logo\":{\"@type\":\"ImageObject\",\"inLanguage\":\"pt-BR\",\"@id\":\"https:\\\/\\\/crefito10.org.br\\\/portal\\\/#\\\/schema\\\/logo\\\/image\\\/\",\"url\":\"https:\\\/\\\/crefito10.org.br\\\/portal\\\/wp-content\\\/uploads\\\/2022\\\/02\\\/WhatsApp-Image-2022-03-11-at-13.34.44-e1648128473135.jpeg\",\"contentUrl\":\"https:\\\/\\\/crefito10.org.br\\\/portal\\\/wp-content\\\/uploads\\\/2022\\\/02\\\/WhatsApp-Image-2022-03-11-at-13.34.44-e1648128473135.jpeg\",\"width\":139,\"height\":25,\"caption\":\"CREFITO-10\"},\"image\":{\"@id\":\"https:\\\/\\\/crefito10.org.br\\\/portal\\\/#\\\/schema\\\/logo\\\/image\\\/\"},\"sameAs\":[\"https:\\\/\\\/www.instagram.com\\\/crefito10\"]}]}<\/script>\n<!-- \/ Yoast SEO plugin. -->","yoast_head_json":{"title":"Registro das t\u00e9cnicas Fisioterap\u00eauticas de Estimula\u00e7\u00e3o Transcraniana n\u00e3o Invasiva - CREFITO10","robots":{"index":"index","follow":"follow","max-snippet":"max-snippet:-1","max-image-preview":"max-image-preview:large","max-video-preview":"max-video-preview:-1"},"canonical":"https:\/\/crefito10.org.br\/portal\/index.php\/registro-das-tecnicas-fisioterapeuticas-de-estimulacao-transcraniana-nao-invasiva\/","og_locale":"pt_BR","og_type":"article","og_title":"Registro das t\u00e9cnicas Fisioterap\u00eauticas de Estimula\u00e7\u00e3o Transcraniana n\u00e3o Invasiva - CREFITO10","og_description":"Share on facebook Share on email Share on whatsapp Requerimento de credenciamento para o uso cl\u00ednico das t\u00e9cnicas de estimula\u00e7\u00e3o el\u00e9trica e magn\u00e9tica n\u00e3o invasivas do sistema nervoso a) Certificado [&hellip;]","og_url":"https:\/\/crefito10.org.br\/portal\/index.php\/registro-das-tecnicas-fisioterapeuticas-de-estimulacao-transcraniana-nao-invasiva\/","og_site_name":"CREFITO10","article_modified_time":"2025-05-14T12:59:50+00:00","twitter_card":"summary_large_image","twitter_misc":{"Est. tempo de leitura":"1 minuto"},"schema":{"@context":"https:\/\/schema.org","@graph":[{"@type":"WebPage","@id":"https:\/\/crefito10.org.br\/portal\/index.php\/registro-das-tecnicas-fisioterapeuticas-de-estimulacao-transcraniana-nao-invasiva\/","url":"https:\/\/crefito10.org.br\/portal\/index.php\/registro-das-tecnicas-fisioterapeuticas-de-estimulacao-transcraniana-nao-invasiva\/","name":"Registro das t\u00e9cnicas Fisioterap\u00eauticas de Estimula\u00e7\u00e3o Transcraniana n\u00e3o Invasiva - CREFITO10","isPartOf":{"@id":"https:\/\/crefito10.org.br\/portal\/#website"},"datePublished":"2022-02-24T03:05:01+00:00","dateModified":"2025-05-14T12:59:50+00:00","breadcrumb":{"@id":"https:\/\/crefito10.org.br\/portal\/index.php\/registro-das-tecnicas-fisioterapeuticas-de-estimulacao-transcraniana-nao-invasiva\/#breadcrumb"},"inLanguage":"pt-BR","potentialAction":[{"@type":"ReadAction","target":["https:\/\/crefito10.org.br\/portal\/index.php\/registro-das-tecnicas-fisioterapeuticas-de-estimulacao-transcraniana-nao-invasiva\/"]}]},{"@type":"BreadcrumbList","@id":"https:\/\/crefito10.org.br\/portal\/index.php\/registro-das-tecnicas-fisioterapeuticas-de-estimulacao-transcraniana-nao-invasiva\/#breadcrumb","itemListElement":[{"@type":"ListItem","position":1,"name":"In\u00edcio","item":"https:\/\/crefito10.org.br\/portal\/"},{"@type":"ListItem","position":2,"name":"Registro das t\u00e9cnicas Fisioterap\u00eauticas de Estimula\u00e7\u00e3o Transcraniana n\u00e3o Invasiva"}]},{"@type":"WebSite","@id":"https:\/\/crefito10.org.br\/portal\/#website","url":"https:\/\/crefito10.org.br\/portal\/","name":"CREFITO-10","description":"","publisher":{"@id":"https:\/\/crefito10.org.br\/portal\/#organization"},"potentialAction":[{"@type":"SearchAction","target":{"@type":"EntryPoint","urlTemplate":"https:\/\/crefito10.org.br\/portal\/?s={search_term_string}"},"query-input":{"@type":"PropertyValueSpecification","valueRequired":true,"valueName":"search_term_string"}}],"inLanguage":"pt-BR"},{"@type":"Organization","@id":"https:\/\/crefito10.org.br\/portal\/#organization","name":"CREFITO-10","url":"https:\/\/crefito10.org.br\/portal\/","logo":{"@type":"ImageObject","inLanguage":"pt-BR","@id":"https:\/\/crefito10.org.br\/portal\/#\/schema\/logo\/image\/","url":"https:\/\/crefito10.org.br\/portal\/wp-content\/uploads\/2022\/02\/WhatsApp-Image-2022-03-11-at-13.34.44-e1648128473135.jpeg","contentUrl":"https:\/\/crefito10.org.br\/portal\/wp-content\/uploads\/2022\/02\/WhatsApp-Image-2022-03-11-at-13.34.44-e1648128473135.jpeg","width":139,"height":25,"caption":"CREFITO-10"},"image":{"@id":"https:\/\/crefito10.org.br\/portal\/#\/schema\/logo\/image\/"},"sameAs":["https:\/\/www.instagram.com\/crefito10"]}]}},"_links":{"self":[{"href":"https:\/\/crefito10.org.br\/portal\/index.php\/wp-json\/wp\/v2\/pages\/280","targetHints":{"allow":["GET"]}}],"collection":[{"href":"https:\/\/crefito10.org.br\/portal\/index.php\/wp-json\/wp\/v2\/pages"}],"about":[{"href":"https:\/\/crefito10.org.br\/portal\/index.php\/wp-json\/wp\/v2\/types\/page"}],"author":[{"embeddable":true,"href":"https:\/\/crefito10.org.br\/portal\/index.php\/wp-json\/wp\/v2\/users\/1"}],"replies":[{"embeddable":true,"href":"https:\/\/crefito10.org.br\/portal\/index.php\/wp-json\/wp\/v2\/comments?post=280"}],"version-history":[{"count":18,"href":"https:\/\/crefito10.org.br\/portal\/index.php\/wp-json\/wp\/v2\/pages\/280\/revisions"}],"predecessor-version":[{"id":5545,"href":"https:\/\/crefito10.org.br\/portal\/index.php\/wp-json\/wp\/v2\/pages\/280\/revisions\/5545"}],"wp:attachment":[{"href":"https:\/\/crefito10.org.br\/portal\/index.php\/wp-json\/wp\/v2\/media?parent=280"}],"curies":[{"name":"wp","href":"https:\/\/api.w.org\/{rel}","templated":true}]}}