{"id":2328,"date":"2022-03-23T19:50:20","date_gmt":"2022-03-23T22:50:20","guid":{"rendered":"https:\/\/crefito10.org.br\/portal\/?page_id=2328"},"modified":"2022-03-23T19:54:36","modified_gmt":"2022-03-23T22:54:36","slug":"politica-de-cookies","status":"publish","type":"page","link":"https:\/\/crefito10.org.br\/portal\/index.php\/politica-de-cookies\/","title":{"rendered":"Pol\u00edtica de Cookies"},"content":{"rendered":"\t\t<div data-elementor-type=\"wp-page\" data-elementor-id=\"2328\" class=\"elementor elementor-2328\">\n\t\t\t\t\t\t<section class=\"elementor-section elementor-top-section elementor-element elementor-element-eb2f34e elementor-section-boxed elementor-section-height-default elementor-section-height-default\" data-id=\"eb2f34e\" data-element_type=\"section\" data-e-type=\"section\">\n\t\t\t\t\t\t<div class=\"elementor-container elementor-column-gap-default\">\n\t\t\t\t\t<div class=\"elementor-column elementor-col-100 elementor-top-column elementor-element elementor-element-4a96a66\" data-id=\"4a96a66\" data-element_type=\"column\" data-e-type=\"column\">\n\t\t\t<div class=\"elementor-widget-wrap elementor-element-populated\">\n\t\t\t\t\t\t<div class=\"elementor-element elementor-element-f726353 elementor-widget elementor-widget-text-editor\" data-id=\"f726353\" data-element_type=\"widget\" data-e-type=\"widget\" data-widget_type=\"text-editor.default\">\n\t\t\t\t<div class=\"elementor-widget-container\">\n\t\t\t\t\t\t\t\t\t<h1 class=\"titulo-noticia\">Pol\u00edtica de Cookies<\/h1><p><strong>Introdu\u00e7\u00e3o<\/strong><\/p><p>A pol\u00edtica de cookies tem como objetivo descrever as pr\u00e1ticas que o Conselho Regional de Medicinal de Santa Catarina segue para respeitar a privacidade de todos os visitantes do nosso Portal.<\/p><p>Os cookies s\u00e3o utilizados em nosso site para melhorar o desempenho, aprimorar a experi\u00eancia de navega\u00e7\u00e3o e an\u00e1lise de estat\u00edsticas.<\/p><p><strong>O que \u00e9 um Cookie?<\/strong><\/p><p>Cookies s\u00e3o arquivos de texto que cont\u00eam pequenas quantidades de informa\u00e7\u00f5es que s\u00e3o armazenadas no seu dispositivo quando voc\u00ea visita um site.<\/p><p>Estas informa\u00e7\u00f5es podem ser sobre voc\u00ea, as suas prefer\u00eancias ou sobre o seu dispositivo.<\/p><p>Os cookies podem ter diferentes objetivos, como permitir que voc\u00ea navegue entre as p\u00e1ginas com efici\u00eancia, lembrando suas prefer\u00eancias e, geralmente, melhorando a experi\u00eancia do usu\u00e1rio.<\/p><p>A maioria dos navegadores da Internet aceitam cookies; entretanto, os usu\u00e1rios podem configurar seus navegadores para recusar certos tipos de cookies ou cookies espec\u00edficos.<\/p><p>A recusa de uso de cookies no site, pode resultar na impossibilidade de ter acesso a algumas das suas \u00e1reas ou de receber informa\u00e7\u00e3o personalizada.<\/p><p><strong>Para que servem os Cookies?<\/strong><\/p><p>Os cookies s\u00e3o utilizados para ajudar a determinar a utilidade, interesse e o n\u00famero de utiliza\u00e7\u00f5es dos sites, permitindo maior rapidez e efici\u00eancia na navega\u00e7\u00e3o, eliminando a necessidade de introduzir, repetidamente, as mesmas informa\u00e7\u00f5es j\u00e1 inseridas.<\/p><p>Eles podem ser igualmente usados para ajudar a acelerar as atividades e experi\u00eancias futuras dos usu\u00e1rios nos Sites. Tamb\u00e9m usamos cookies para compilar estat\u00edsticas an\u00f4nimas e agregadas, que nos possibilitam compreender a forma como os usu\u00e1rios utilizam os nossos Sites, o que nos ajuda a melhorar a estrutura e os nossos conte\u00fados.<\/p><p><strong>Quais os tipos de Cookies que utilizamos?<\/strong><\/p><p><strong>Cookies estat\u00edsticos e de an\u00e1lise de dados<\/strong><\/p><p>S\u00e3o os cookies dos servi\u00e7os\u00a0<strong>Google Analytics<\/strong><\/p><p>A ferramenta Google Analytics \u00e9 utilizada para coletar informa\u00e7\u00f5es estat\u00edsticas sobre visitantes, e pode compartilhar estas informa\u00e7\u00f5es com terceiros<\/p><p>Permitem criar e coletar dados da sess\u00e3o, tais como: n\u00famero de visitas, p\u00e1ginas visualizadas, se\u00e7\u00f5es visitadas, dura\u00e7\u00e3o da sess\u00e3o, fontes de refer\u00eancia, buscas realizadas, n\u00famero de novos usu\u00e1rios, frequ\u00eancia e reincid\u00eancia das visitas, interesse em produtos ou servi\u00e7os, p\u00e1ginas visitadas, navegador e tipo de terminal usados para fazer a visita.<\/p><p>Para fins estat\u00edsticos, com o intuito de medir e analisar as audi\u00eancias dos sites ou aplicativos e de melhoria da comunica\u00e7\u00e3o com os usu\u00e1rios, os dados coletados pelos cookies, sempre de forma agregada e an\u00f4nima, podem ser compartilhados com empresas parceiras, dentre elas, o Google. Se voc\u00ea quiser mais informa\u00e7\u00f5es de como o Google utiliza os dados quando os usu\u00e1rios usam sites ou aplicativos, voc\u00ea pode acessar em:\u00a0<a href=\"https:\/\/www.google.com\/policies\/privacy\/partners\/\" target=\"_blank\" rel=\"noopener noreferrer\">https:\/\/www.google.com\/policies\/privacy\/partners\/<\/a>.<\/p><p><strong>Cookies de funcionalidade<\/strong><\/p><p>Guardam as prefer\u00eancias do utilizador relativamente \u00e0 utiliza\u00e7\u00e3o do site, de forma que n\u00e3o seja necess\u00e1rio voltar a configurar o site cada vez que o visita. Evitam, por exemplo, introduzir nomes de utilizador de cada vez que se acede ao mesmo.<\/p><p><strong>Cookies de terceiros<\/strong><\/p><p>Medem o sucesso de aplica\u00e7\u00f5es e a efic\u00e1cia da publicidade de terceiros.<\/p><p><strong>Cookies de redes sociais e sites externos<\/strong><\/p><p>S\u00e3o os cookies dos servi\u00e7os do Facebook, Instagram, Twitter, e YouTube.<\/p><p>Estes cookies facilitam a intera\u00e7\u00e3o do usu\u00e1rio com nosso site por meio do uso de suas contas nas principais redes sociais.<\/p><p><strong>Como desativar os cookies?<\/strong><\/p><p>Se voc\u00ea deseja restringir ou bloquear a capta\u00e7\u00e3o de cookies definidos por este site ou por qualquer outro, voc\u00ea pode desativar ou excluir os cookies e outras formas\/tecnologias de coleta nas configura\u00e7\u00f5es do seu navegador e nas configura\u00e7\u00f5es do sistema operacional do seu dispositivo.<\/p><p>\u00c9 importante que voc\u00ea esteja ciente que se o acesso for limitado por voc\u00ea ou dependendo da limpeza e configura\u00e7\u00e3o de cookies, os sites ou alguns de seus recursos ou funcionalidades poder\u00e3o n\u00e3o funcionar da maneira mais ben\u00e9fica.<\/p><p>Para fazer isso, deve acessar as op\u00e7\u00f5es de configura\u00e7\u00e3o do navegador web. Voc\u00ea pode consultar as guias de ajuda ao usu\u00e1rio dos principais navegadores a seguir:<\/p><p>Navegador Google Chrome:\u00a0<a href=\"https:\/\/support.google.com\/chrome\/answer\/95647\" target=\"_blank\" rel=\"noreferrer noopener\" aria-label=\"clique aqui (opens in a new tab)\">clique aqui<\/a>.<\/p><p>Navegador Internet Explorer:\u00a0<a href=\"https:\/\/support.microsoft.com\/pt-br\/topic\/descri%C3%A7%C3%A3o-de-cookies-ad01aa7e-66c9-8ab2-7898-6652c100999d\" target=\"_blank\" rel=\"noreferrer noopener\" aria-label=\"clique aqui (opens in a new tab)\">clique aqui<\/a>.<\/p><p>Navegador Safari:\u00a0<a href=\"https:\/\/support.apple.com\/pt-br\/guide\/safari\/sfri11471\/mac\" target=\"_blank\" rel=\"noreferrer noopener\" aria-label=\"clique aqui (opens in a new tab)\">clique aqui<\/a>.<\/p><p>Navegador Mozila:\u00a0<a href=\"https:\/\/support.mozilla.org\/pt-BR\/kb\/limpe-cookies-e-dados-de-sites-no-firefox?redirectslug=exclua-cookies-para-remover-info-armazenadas&amp;redirectlocale=pt-BR\" target=\"_blank\" rel=\"noreferrer noopener\" aria-label=\"clique aqui (opens in a new tab)\">clique aqui<\/a><\/p><p>Navegador Opera:\u00a0<a href=\"https:\/\/help.opera.com\/en\/latest\/web-preferences\/#cookies\" target=\"_blank\" rel=\"noreferrer noopener\" aria-label=\"clique aqui (opens in a new tab)\">clique aqui<\/a>.<\/p><p>Note-se que, ao desativar cookies, pode impedir que alguns servi\u00e7os da web funcionem corretamente, afetando, parcial ou totalmente, a navega\u00e7\u00e3o no website.<\/p><p>Recordamos que ao desativar os cookies, partes do nosso site podem n\u00e3o funcionar corretamente.<\/p><p>Contate-nos<\/p><p>Caso tenha alguma pergunta acerca desta Pol\u00edtica de Cookies ou n\u00e3o achar que suas preocupa\u00e7\u00f5es foram tratadas, por favor\u00a0<a href=\"https:\/\/crmsc.org.br\/fale-conosco\/\">contate-nos<\/a>.<\/p><p><span style=\"color: #333333;\"><strong>Introdu\u00e7\u00e3o<\/strong><\/span><\/p><p><span style=\"color: #333333;\">A pol\u00edtica de cookies tem como objetivo descrever as pr\u00e1ticas que o Conselho Regional de Fisioterapia e Terapia Ocupacional de 10\u00aa Regi\u00e3o segue para respeitar a privacidade de todos os visitantes do nosso Portal.<\/span><\/p><p><span style=\"color: #333333;\">Os cookies s\u00e3o utilizados em nosso site para melhorar o desempenho, aprimorar a experi\u00eancia de navega\u00e7\u00e3o e an\u00e1lise de estat\u00edsticas.<\/span><\/p><p><span style=\"color: #333333;\"><strong>O que \u00e9 um Cookie?<\/strong><\/span><\/p><p><span style=\"color: #333333;\">Cookies s\u00e3o arquivos de texto que cont\u00eam pequenas quantidades de informa\u00e7\u00f5es que s\u00e3o armazenadas no seu dispositivo quando voc\u00ea visita um site.<\/span><\/p><p><span style=\"color: #333333;\">Estas informa\u00e7\u00f5es podem ser sobre voc\u00ea, as suas prefer\u00eancias ou sobre o seu dispositivo.<\/span><\/p><p><span style=\"color: #333333;\">Os cookies podem ter diferentes objetivos, como permitir que voc\u00ea navegue entre as p\u00e1ginas com efici\u00eancia, lembrando suas prefer\u00eancias e, geralmente, melhorando a experi\u00eancia do usu\u00e1rio.<\/span><\/p><p><span style=\"color: #333333;\">A maioria dos navegadores da Internet aceitam cookies; entretanto, os usu\u00e1rios podem configurar seus navegadores para recusar certos tipos de cookies ou cookies espec\u00edficos.<\/span><\/p><p><span style=\"color: #333333;\">A recusa de uso de cookies no site, pode resultar na impossibilidade de ter acesso a algumas das suas \u00e1reas ou de receber informa\u00e7\u00e3o personalizada.<\/span><\/p><p><span style=\"color: #333333;\"><strong>Para que servem os Cookies?<\/strong><\/span><\/p><p><span style=\"color: #333333;\">Os cookies s\u00e3o utilizados para ajudar a determinar a utilidade, interesse e o n\u00famero de utiliza\u00e7\u00f5es dos sites, permitindo maior rapidez e efici\u00eancia na navega\u00e7\u00e3o, eliminando a necessidade de introduzir, repetidamente, as mesmas informa\u00e7\u00f5es j\u00e1 inseridas.<\/span><\/p><p><span style=\"color: #333333;\">Eles podem ser igualmente usados para ajudar a acelerar as atividades e experi\u00eancias futuras dos usu\u00e1rios nos Sites. Tamb\u00e9m usamos cookies para compilar estat\u00edsticas an\u00f4nimas e agregadas, que nos possibilitam compreender a forma como os usu\u00e1rios utilizam os nossos Sites, o que nos ajuda a melhorar a estrutura e os nossos conte\u00fados.<\/span><\/p><p><span style=\"color: #333333;\"><strong>Quais os tipos de Cookies que utilizamos?<\/strong><\/span><\/p><p><span style=\"color: #333333;\"><strong>Cookies estat\u00edsticos e de an\u00e1lise de dados<\/strong><\/span><\/p><p><span style=\"color: #333333;\">S\u00e3o os cookies dos servi\u00e7os\u00a0<strong>Google Analytics<\/strong><\/span><\/p><p><span style=\"color: #333333;\">A ferramenta Google Analytics \u00e9 utilizada para coletar informa\u00e7\u00f5es estat\u00edsticas sobre visitantes, e pode compartilhar estas informa\u00e7\u00f5es com terceiros<\/span><\/p><p><span style=\"color: #333333;\">Permitem criar e coletar dados da sess\u00e3o, tais como: n\u00famero de visitas, p\u00e1ginas visualizadas, se\u00e7\u00f5es visitadas, dura\u00e7\u00e3o da sess\u00e3o, fontes de refer\u00eancia, buscas realizadas, n\u00famero de novos usu\u00e1rios, frequ\u00eancia e reincid\u00eancia das visitas, interesse em produtos ou servi\u00e7os, p\u00e1ginas visitadas, navegador e tipo de terminal usados para fazer a visita.<\/span><\/p><p><span style=\"color: #333333;\">Para fins estat\u00edsticos, com o intuito de medir e analisar as audi\u00eancias dos sites ou aplicativos e de melhoria da comunica\u00e7\u00e3o com os usu\u00e1rios, os dados coletados pelos cookies, sempre de forma agregada e an\u00f4nima, podem ser compartilhados com empresas parceiras, dentre elas, o Google. Se voc\u00ea quiser mais informa\u00e7\u00f5es de como o Google utiliza os dados quando os usu\u00e1rios usam sites ou aplicativos, voc\u00ea pode acessar em:\u00a0<a style=\"color: #333333;\" href=\"https:\/\/www.google.com\/policies\/privacy\/partners\/\" target=\"_blank\" rel=\"noopener noreferrer\">https:\/\/www.google.com\/policies\/privacy\/partners\/<\/a>.<\/span><\/p><p><span style=\"color: #333333;\"><strong>Cookies de funcionalidade<\/strong><\/span><\/p><p><span style=\"color: #333333;\">Guardam as prefer\u00eancias do utilizador relativamente \u00e0 utiliza\u00e7\u00e3o do site, de forma que n\u00e3o seja necess\u00e1rio voltar a configurar o site cada vez que o visita. Evitam, por exemplo, introduzir nomes de utilizador de cada vez que se acede ao mesmo.<\/span><\/p><p><span style=\"color: #333333;\"><strong>Cookies de terceiros<\/strong><\/span><\/p><p><span style=\"color: #333333;\">Medem o sucesso de aplica\u00e7\u00f5es e a efic\u00e1cia da publicidade de terceiros.<\/span><\/p><p><span style=\"color: #333333;\"><strong>Cookies de redes sociais e sites externos<\/strong><\/span><\/p><p><span style=\"color: #333333;\">S\u00e3o os cookies dos servi\u00e7os do Facebook, Instagram, Twitter, e YouTube.<\/span><\/p><p><span style=\"color: #333333;\">Estes cookies facilitam a intera\u00e7\u00e3o do usu\u00e1rio com nosso site por meio do uso de suas contas nas principais redes sociais.<\/span><\/p><p><span style=\"color: #333333;\"><strong>Como desativar os cookies?<\/strong><\/span><\/p><p><span style=\"color: #333333;\">Se voc\u00ea deseja restringir ou bloquear a capta\u00e7\u00e3o de cookies definidos por este site ou por qualquer outro, voc\u00ea pode desativar ou excluir os cookies e outras formas\/tecnologias de coleta nas configura\u00e7\u00f5es do seu navegador e nas configura\u00e7\u00f5es do sistema operacional do seu dispositivo.<\/span><\/p><p><span style=\"color: #333333;\">\u00c9 importante que voc\u00ea esteja ciente que se o acesso for limitado por voc\u00ea ou dependendo da limpeza e configura\u00e7\u00e3o de cookies, os sites ou alguns de seus recursos ou funcionalidades poder\u00e3o n\u00e3o funcionar da maneira mais ben\u00e9fica.<\/span><\/p><p><span style=\"color: #333333;\">Para fazer isso, deve acessar as op\u00e7\u00f5es de configura\u00e7\u00e3o do navegador web. Voc\u00ea pode consultar as guias de ajuda ao usu\u00e1rio dos principais navegadores a seguir:<\/span><\/p><p><span style=\"color: #333333;\">Navegador Google Chrome:\u00a0<a style=\"color: #333333;\" href=\"https:\/\/support.google.com\/chrome\/answer\/95647\" target=\"_blank\" rel=\"noreferrer noopener\" aria-label=\"clique aqui (opens in a new tab)\">clique aqui<\/a>.<\/span><\/p><p><span style=\"color: #333333;\">Navegador Internet Explorer:\u00a0<a style=\"color: #333333;\" href=\"https:\/\/support.microsoft.com\/pt-br\/topic\/descri%C3%A7%C3%A3o-de-cookies-ad01aa7e-66c9-8ab2-7898-6652c100999d\" target=\"_blank\" rel=\"noreferrer noopener\" aria-label=\"clique aqui (opens in a new tab)\">clique aqui<\/a>.<\/span><\/p><p><span style=\"color: #333333;\">Navegador Safari:\u00a0<a style=\"color: #333333;\" href=\"https:\/\/support.apple.com\/pt-br\/guide\/safari\/sfri11471\/mac\" target=\"_blank\" rel=\"noreferrer noopener\" aria-label=\"clique aqui (opens in a new tab)\">clique aqui<\/a>.<\/span><\/p><p><span style=\"color: #333333;\">Navegador Mozila:\u00a0<a style=\"color: #333333;\" href=\"https:\/\/support.mozilla.org\/pt-BR\/kb\/limpe-cookies-e-dados-de-sites-no-firefox?redirectslug=exclua-cookies-para-remover-info-armazenadas&amp;redirectlocale=pt-BR\" target=\"_blank\" rel=\"noreferrer noopener\" aria-label=\"clique aqui (opens in a new tab)\">clique aqui<\/a><\/span><\/p><p><span style=\"color: #333333;\">Navegador Opera:\u00a0<a style=\"color: #333333;\" href=\"https:\/\/help.opera.com\/en\/latest\/web-preferences\/#cookies\" target=\"_blank\" rel=\"noreferrer noopener\" aria-label=\"clique aqui (opens in a new tab)\">clique aqui<\/a>.<\/span><\/p><p><span style=\"color: #333333;\">Note-se que, ao desativar cookies, pode impedir que alguns servi\u00e7os da web funcionem corretamente, afetando, parcial ou totalmente, a navega\u00e7\u00e3o no website.<\/span><\/p><p><span style=\"color: #333333;\">Recordamos que ao desativar os cookies, partes do nosso site podem n\u00e3o funcionar corretamente.<\/span><\/p><p><span style=\"color: #333333;\">Contate-nos<\/span><\/p><p><span style=\"color: #333333;\">Caso tenha alguma pergunta acerca desta Pol\u00edtica de Cookies ou n\u00e3o achar que suas preocupa\u00e7\u00f5es foram tratadas, por favor\u00a0<a style=\"color: #333333;\" href=\"https:\/\/crefito10.org.br\/portal\/index.php\/fale-conosco\/\" target=\"_blank\" rel=\"noopener\">contate-nos<\/a>.<\/span><\/p>\t\t\t\t\t\t\t\t<\/div>\n\t\t\t\t<\/div>\n\t\t\t\t\t<\/div>\n\t\t<\/div>\n\t\t\t\t\t<\/div>\n\t\t<\/section>\n\t\t\t\t<\/div>\n\t\t","protected":false},"excerpt":{"rendered":"<p>Pol\u00edtica de Cookies Introdu\u00e7\u00e3o A pol\u00edtica de cookies tem como objetivo descrever as pr\u00e1ticas que o Conselho Regional de Medicinal de Santa Catarina segue para respeitar a privacidade de todos [&hellip;]<\/p>\n","protected":false},"author":1,"featured_media":0,"parent":0,"menu_order":0,"comment_status":"closed","ping_status":"closed","template":"elementor_header_footer","meta":{"footnotes":""},"class_list":["post-2328","page","type-page","status-publish","hentry"],"yoast_head":"<!-- This site is optimized with the Yoast SEO plugin v27.4 - https:\/\/yoast.com\/product\/yoast-seo-wordpress\/ -->\n<title>Pol\u00edtica de Cookies - CREFITO10<\/title>\n<meta name=\"robots\" content=\"index, follow, max-snippet:-1, max-image-preview:large, max-video-preview:-1\" \/>\n<link rel=\"canonical\" href=\"https:\/\/crefito10.org.br\/portal\/index.php\/politica-de-cookies\/\" \/>\n<meta property=\"og:locale\" content=\"pt_BR\" \/>\n<meta property=\"og:type\" content=\"article\" \/>\n<meta property=\"og:title\" content=\"Pol\u00edtica de Cookies - CREFITO10\" \/>\n<meta property=\"og:description\" content=\"Pol\u00edtica de Cookies Introdu\u00e7\u00e3o A pol\u00edtica de cookies tem como objetivo descrever as pr\u00e1ticas que o Conselho Regional de Medicinal de Santa Catarina segue para respeitar a privacidade de todos [&hellip;]\" \/>\n<meta property=\"og:url\" content=\"https:\/\/crefito10.org.br\/portal\/index.php\/politica-de-cookies\/\" \/>\n<meta property=\"og:site_name\" content=\"CREFITO10\" \/>\n<meta property=\"article:modified_time\" content=\"2022-03-23T22:54:36+00:00\" \/>\n<meta name=\"twitter:card\" content=\"summary_large_image\" \/>\n<meta name=\"twitter:label1\" content=\"Est. tempo de leitura\" \/>\n\t<meta name=\"twitter:data1\" content=\"8 minutos\" \/>\n<script type=\"application\/ld+json\" class=\"yoast-schema-graph\">{\"@context\":\"https:\\\/\\\/schema.org\",\"@graph\":[{\"@type\":\"WebPage\",\"@id\":\"https:\\\/\\\/crefito10.org.br\\\/portal\\\/index.php\\\/politica-de-cookies\\\/\",\"url\":\"https:\\\/\\\/crefito10.org.br\\\/portal\\\/index.php\\\/politica-de-cookies\\\/\",\"name\":\"Pol\u00edtica de Cookies - CREFITO10\",\"isPartOf\":{\"@id\":\"https:\\\/\\\/crefito10.org.br\\\/portal\\\/#website\"},\"datePublished\":\"2022-03-23T22:50:20+00:00\",\"dateModified\":\"2022-03-23T22:54:36+00:00\",\"breadcrumb\":{\"@id\":\"https:\\\/\\\/crefito10.org.br\\\/portal\\\/index.php\\\/politica-de-cookies\\\/#breadcrumb\"},\"inLanguage\":\"pt-BR\",\"potentialAction\":[{\"@type\":\"ReadAction\",\"target\":[\"https:\\\/\\\/crefito10.org.br\\\/portal\\\/index.php\\\/politica-de-cookies\\\/\"]}]},{\"@type\":\"BreadcrumbList\",\"@id\":\"https:\\\/\\\/crefito10.org.br\\\/portal\\\/index.php\\\/politica-de-cookies\\\/#breadcrumb\",\"itemListElement\":[{\"@type\":\"ListItem\",\"position\":1,\"name\":\"In\u00edcio\",\"item\":\"https:\\\/\\\/crefito10.org.br\\\/portal\\\/\"},{\"@type\":\"ListItem\",\"position\":2,\"name\":\"Pol\u00edtica de Cookies\"}]},{\"@type\":\"WebSite\",\"@id\":\"https:\\\/\\\/crefito10.org.br\\\/portal\\\/#website\",\"url\":\"https:\\\/\\\/crefito10.org.br\\\/portal\\\/\",\"name\":\"CREFITO-10\",\"description\":\"\",\"publisher\":{\"@id\":\"https:\\\/\\\/crefito10.org.br\\\/portal\\\/#organization\"},\"potentialAction\":[{\"@type\":\"SearchAction\",\"target\":{\"@type\":\"EntryPoint\",\"urlTemplate\":\"https:\\\/\\\/crefito10.org.br\\\/portal\\\/?s={search_term_string}\"},\"query-input\":{\"@type\":\"PropertyValueSpecification\",\"valueRequired\":true,\"valueName\":\"search_term_string\"}}],\"inLanguage\":\"pt-BR\"},{\"@type\":\"Organization\",\"@id\":\"https:\\\/\\\/crefito10.org.br\\\/portal\\\/#organization\",\"name\":\"CREFITO-10\",\"url\":\"https:\\\/\\\/crefito10.org.br\\\/portal\\\/\",\"logo\":{\"@type\":\"ImageObject\",\"inLanguage\":\"pt-BR\",\"@id\":\"https:\\\/\\\/crefito10.org.br\\\/portal\\\/#\\\/schema\\\/logo\\\/image\\\/\",\"url\":\"https:\\\/\\\/crefito10.org.br\\\/portal\\\/wp-content\\\/uploads\\\/2022\\\/02\\\/WhatsApp-Image-2022-03-11-at-13.34.44-e1648128473135.jpeg\",\"contentUrl\":\"https:\\\/\\\/crefito10.org.br\\\/portal\\\/wp-content\\\/uploads\\\/2022\\\/02\\\/WhatsApp-Image-2022-03-11-at-13.34.44-e1648128473135.jpeg\",\"width\":139,\"height\":25,\"caption\":\"CREFITO-10\"},\"image\":{\"@id\":\"https:\\\/\\\/crefito10.org.br\\\/portal\\\/#\\\/schema\\\/logo\\\/image\\\/\"},\"sameAs\":[\"https:\\\/\\\/www.instagram.com\\\/crefito10\"]}]}<\/script>\n<!-- \/ Yoast SEO plugin. -->","yoast_head_json":{"title":"Pol\u00edtica de Cookies - CREFITO10","robots":{"index":"index","follow":"follow","max-snippet":"max-snippet:-1","max-image-preview":"max-image-preview:large","max-video-preview":"max-video-preview:-1"},"canonical":"https:\/\/crefito10.org.br\/portal\/index.php\/politica-de-cookies\/","og_locale":"pt_BR","og_type":"article","og_title":"Pol\u00edtica de Cookies - CREFITO10","og_description":"Pol\u00edtica de Cookies Introdu\u00e7\u00e3o A pol\u00edtica de cookies tem como objetivo descrever as pr\u00e1ticas que o Conselho Regional de Medicinal de Santa Catarina segue para respeitar a privacidade de todos [&hellip;]","og_url":"https:\/\/crefito10.org.br\/portal\/index.php\/politica-de-cookies\/","og_site_name":"CREFITO10","article_modified_time":"2022-03-23T22:54:36+00:00","twitter_card":"summary_large_image","twitter_misc":{"Est. tempo de leitura":"8 minutos"},"schema":{"@context":"https:\/\/schema.org","@graph":[{"@type":"WebPage","@id":"https:\/\/crefito10.org.br\/portal\/index.php\/politica-de-cookies\/","url":"https:\/\/crefito10.org.br\/portal\/index.php\/politica-de-cookies\/","name":"Pol\u00edtica de Cookies - CREFITO10","isPartOf":{"@id":"https:\/\/crefito10.org.br\/portal\/#website"},"datePublished":"2022-03-23T22:50:20+00:00","dateModified":"2022-03-23T22:54:36+00:00","breadcrumb":{"@id":"https:\/\/crefito10.org.br\/portal\/index.php\/politica-de-cookies\/#breadcrumb"},"inLanguage":"pt-BR","potentialAction":[{"@type":"ReadAction","target":["https:\/\/crefito10.org.br\/portal\/index.php\/politica-de-cookies\/"]}]},{"@type":"BreadcrumbList","@id":"https:\/\/crefito10.org.br\/portal\/index.php\/politica-de-cookies\/#breadcrumb","itemListElement":[{"@type":"ListItem","position":1,"name":"In\u00edcio","item":"https:\/\/crefito10.org.br\/portal\/"},{"@type":"ListItem","position":2,"name":"Pol\u00edtica de Cookies"}]},{"@type":"WebSite","@id":"https:\/\/crefito10.org.br\/portal\/#website","url":"https:\/\/crefito10.org.br\/portal\/","name":"CREFITO-10","description":"","publisher":{"@id":"https:\/\/crefito10.org.br\/portal\/#organization"},"potentialAction":[{"@type":"SearchAction","target":{"@type":"EntryPoint","urlTemplate":"https:\/\/crefito10.org.br\/portal\/?s={search_term_string}"},"query-input":{"@type":"PropertyValueSpecification","valueRequired":true,"valueName":"search_term_string"}}],"inLanguage":"pt-BR"},{"@type":"Organization","@id":"https:\/\/crefito10.org.br\/portal\/#organization","name":"CREFITO-10","url":"https:\/\/crefito10.org.br\/portal\/","logo":{"@type":"ImageObject","inLanguage":"pt-BR","@id":"https:\/\/crefito10.org.br\/portal\/#\/schema\/logo\/image\/","url":"https:\/\/crefito10.org.br\/portal\/wp-content\/uploads\/2022\/02\/WhatsApp-Image-2022-03-11-at-13.34.44-e1648128473135.jpeg","contentUrl":"https:\/\/crefito10.org.br\/portal\/wp-content\/uploads\/2022\/02\/WhatsApp-Image-2022-03-11-at-13.34.44-e1648128473135.jpeg","width":139,"height":25,"caption":"CREFITO-10"},"image":{"@id":"https:\/\/crefito10.org.br\/portal\/#\/schema\/logo\/image\/"},"sameAs":["https:\/\/www.instagram.com\/crefito10"]}]}},"_links":{"self":[{"href":"https:\/\/crefito10.org.br\/portal\/index.php\/wp-json\/wp\/v2\/pages\/2328","targetHints":{"allow":["GET"]}}],"collection":[{"href":"https:\/\/crefito10.org.br\/portal\/index.php\/wp-json\/wp\/v2\/pages"}],"about":[{"href":"https:\/\/crefito10.org.br\/portal\/index.php\/wp-json\/wp\/v2\/types\/page"}],"author":[{"embeddable":true,"href":"https:\/\/crefito10.org.br\/portal\/index.php\/wp-json\/wp\/v2\/users\/1"}],"replies":[{"embeddable":true,"href":"https:\/\/crefito10.org.br\/portal\/index.php\/wp-json\/wp\/v2\/comments?post=2328"}],"version-history":[{"count":0,"href":"https:\/\/crefito10.org.br\/portal\/index.php\/wp-json\/wp\/v2\/pages\/2328\/revisions"}],"wp:attachment":[{"href":"https:\/\/crefito10.org.br\/portal\/index.php\/wp-json\/wp\/v2\/media?parent=2328"}],"curies":[{"name":"wp","href":"https:\/\/api.w.org\/{rel}","templated":true}]}}