{"id":1194,"date":"2022-03-04T09:59:44","date_gmt":"2022-03-04T12:59:44","guid":{"rendered":"https:\/\/crefito10.org.br\/portal\/?page_id=1194"},"modified":"2022-03-04T10:00:31","modified_gmt":"2022-03-04T13:00:31","slug":"o-crefito-10-diarias-e-auxilios-representacao","status":"publish","type":"page","link":"https:\/\/crefito10.org.br\/portal\/index.php\/o-crefito-10-diarias-e-auxilios-representacao\/","title":{"rendered":"O Crefito-10 | Di\u00e1rias e Aux\u00edlios-Representa\u00e7\u00e3o"},"content":{"rendered":"\t\t<div data-elementor-type=\"wp-page\" data-elementor-id=\"1194\" class=\"elementor elementor-1194\">\n\t\t\t\t\t\t<section class=\"elementor-section elementor-top-section elementor-element elementor-element-6d64446c elementor-section-height-min-height elementor-section-items-top elementor-section-boxed elementor-section-height-default\" data-id=\"6d64446c\" data-element_type=\"section\" data-e-type=\"section\">\n\t\t\t\t\t\t<div class=\"elementor-container elementor-column-gap-default\">\n\t\t\t\t\t<div class=\"elementor-column elementor-col-100 elementor-top-column elementor-element elementor-element-3dbdbfa6\" data-id=\"3dbdbfa6\" data-element_type=\"column\" data-e-type=\"column\">\n\t\t\t<div class=\"elementor-widget-wrap elementor-element-populated\">\n\t\t\t\t\t\t<div class=\"elementor-element elementor-element-1b8ddc4b elementor-share-buttons--view-icon elementor-share-buttons--shape-circle elementor-share-buttons--align-right elementor-share-buttons--skin-gradient elementor-grid-0 elementor-share-buttons--color-official elementor-widget elementor-widget-share-buttons\" data-id=\"1b8ddc4b\" data-element_type=\"widget\" data-e-type=\"widget\" data-widget_type=\"share-buttons.default\">\n\t\t\t\t<div class=\"elementor-widget-container\">\n\t\t\t\t\t\t\t<div class=\"elementor-grid\">\n\t\t\t\t\t\t\t\t<div class=\"elementor-grid-item\">\n\t\t\t\t\t\t<div class=\"elementor-share-btn elementor-share-btn_facebook\">\n\t\t\t\t\t\t\t\t\t\t\t\t\t\t\t<span class=\"elementor-share-btn__icon\">\n\t\t\t\t\t\t\t\t<i class=\"fab fa-facebook\" aria-hidden=\"true\"><\/i>\t\t\t\t\t\t\t\t<span\n\t\t\t\t\t\t\t\t\tclass=\"elementor-screen-only\">Share on facebook<\/span>\n\t\t\t\t\t\t\t<\/span>\n\t\t\t\t\t\t\t\t\t\t\t\t\t\t\t\t\t\t\t\t<\/div>\n\t\t\t\t\t<\/div>\n\t\t\t\t\t\t\t\t\t<div class=\"elementor-grid-item\">\n\t\t\t\t\t\t<div class=\"elementor-share-btn elementor-share-btn_email\">\n\t\t\t\t\t\t\t\t\t\t\t\t\t\t\t<span class=\"elementor-share-btn__icon\">\n\t\t\t\t\t\t\t\t<i class=\"fas fa-envelope\" aria-hidden=\"true\"><\/i>\t\t\t\t\t\t\t\t<span\n\t\t\t\t\t\t\t\t\tclass=\"elementor-screen-only\">Share on email<\/span>\n\t\t\t\t\t\t\t<\/span>\n\t\t\t\t\t\t\t\t\t\t\t\t\t\t\t\t\t\t\t\t<\/div>\n\t\t\t\t\t<\/div>\n\t\t\t\t\t\t\t\t\t<div class=\"elementor-grid-item\">\n\t\t\t\t\t\t<div class=\"elementor-share-btn elementor-share-btn_whatsapp\">\n\t\t\t\t\t\t\t\t\t\t\t\t\t\t\t<span class=\"elementor-share-btn__icon\">\n\t\t\t\t\t\t\t\t<i class=\"fab fa-whatsapp\" aria-hidden=\"true\"><\/i>\t\t\t\t\t\t\t\t<span\n\t\t\t\t\t\t\t\t\tclass=\"elementor-screen-only\">Share on whatsapp<\/span>\n\t\t\t\t\t\t\t<\/span>\n\t\t\t\t\t\t\t\t\t\t\t\t\t\t\t\t\t\t\t\t<\/div>\n\t\t\t\t\t<\/div>\n\t\t\t\t\t\t<\/div>\n\t\t\t\t\t\t<\/div>\n\t\t\t\t<\/div>\n\t\t\t\t<div class=\"elementor-element elementor-element-1fca8517 elementor-widget elementor-widget-heading\" data-id=\"1fca8517\" data-element_type=\"widget\" data-e-type=\"widget\" data-widget_type=\"heading.default\">\n\t\t\t\t<div class=\"elementor-widget-container\">\n\t\t\t\t\t<h2 class=\"elementor-heading-title elementor-size-default\">Di\u00e1rias e Aux\u00edlios-Representa\u00e7\u00e3o<\/h2>\t\t\t\t<\/div>\n\t\t\t\t<\/div>\n\t\t\t\t<div class=\"elementor-element elementor-element-2e5e1a9c elementor-widget elementor-widget-text-editor\" data-id=\"2e5e1a9c\" data-element_type=\"widget\" data-e-type=\"widget\" data-widget_type=\"text-editor.default\">\n\t\t\t\t<div class=\"elementor-widget-container\">\n\t\t\t\t\t\t\t\t\t<p><a href=\"http:\/\/crefito10.org.br\/cmslite\/userfiles\/file\/diarias\/resolucao_12_diarias.pdf\" target=\"_blank\" rel=\"noopener\">Resolu\u00e7\u00e3o CREFITO-10 n\u00ba 12 Di\u00e1rias<\/a><\/p><p><a href=\"http:\/\/crefito10.org.br\/cmslite\/userfiles\/file\/diarias\/anexo_1.pdf\" target=\"_blank\" rel=\"noopener\">Anexo I Ato de Concess\u00e3o de Di\u00e1rias e Aux\u00edlio de Representa\u00e7\u00e3o.<\/a><\/p><p><a href=\"http:\/\/crefito10.org.br\/cmslite\/userfiles\/file\/diarias\/anexo_2.pdf\" target=\"_blank\" rel=\"noopener\">Anexo II Tabela de Valores\u00a0<\/a><\/p><p><a href=\"http:\/\/crefito10.org.br\/cmslite\/userfiles\/file\/diarias\/anexo_3.pdf\" target=\"_blank\" rel=\"noopener\">Anexo III Relat\u00f3rio de Atividades\u00a0<\/a><\/p><p><a href=\"http:\/\/crefito10.org.br\/cmslite\/userfiles\/file\/diarias\/anexo_4.pdf\" target=\"_blank\" rel=\"noopener\">Anexo IV Relat\u00f3rio de Antecipa\u00e7\u00e3o de Valores e Presta\u00e7\u00e3o de Contas do Aux\u00edlio Representa\u00e7\u00e3o<\/a><\/p><p><a href=\"http:\/\/crefito10.org.br\/cmslite\/userfiles\/file\/diarias\/DOU_113_pg83.pdf\" target=\"_blank\" rel=\"noopener\">Di\u00e1rio Oficial da Uni\u00e3o pg.83<\/a><\/p><p><a href=\"http:\/\/crefito10.org.br\/cmslite\/userfiles\/file\/diarias\/DOU_113_pg84.pdf\" target=\"_blank\" rel=\"noopener\">Di\u00e1rio Oficial da Uni\u00e3o pg.84<\/a><\/p><p>\u00a0<\/p><p><a href=\"http:\/\/crefito10.org.br\/cmslite\/userfiles\/file\/diaria_representacao.pdf\">Exerc\u00edcio 2014<\/a><\/p><p><a href=\"http:\/\/crefito10.org.br\/cmslite\/userfiles\/file\/diaria_representacao2015.pdf\"> Exerc\u00edcio 2015<\/a><\/p><p><a href=\"http:\/\/crefito10.org.br\/cmslite\/userfiles\/file\/diaria_representacao2016.pdf\"> Exerc\u00edcio 2016<\/a><\/p><p><a href=\"http:\/\/crefito10.org.br\/cmslite\/userfiles\/file\/diaria_representacao2017.pdf\"> Exerc\u00edcio 2017<\/a><\/p>\t\t\t\t\t\t\t\t<\/div>\n\t\t\t\t<\/div>\n\t\t\t\t\t<\/div>\n\t\t<\/div>\n\t\t\t\t\t<\/div>\n\t\t<\/section>\n\t\t\t\t<\/div>\n\t\t","protected":false},"excerpt":{"rendered":"<p>Share on facebook Share on email Share on whatsapp Di\u00e1rias e Aux\u00edlios-Representa\u00e7\u00e3o Resolu\u00e7\u00e3o CREFITO-10 n\u00ba 12 Di\u00e1rias Anexo I Ato de Concess\u00e3o de Di\u00e1rias e Aux\u00edlio de Representa\u00e7\u00e3o. Anexo II [&hellip;]<\/p>\n","protected":false},"author":1,"featured_media":0,"parent":0,"menu_order":0,"comment_status":"closed","ping_status":"closed","template":"elementor_header_footer","meta":{"footnotes":""},"class_list":["post-1194","page","type-page","status-publish","hentry"],"yoast_head":"<!-- This site is optimized with the Yoast SEO plugin v27.5 - https:\/\/yoast.com\/product\/yoast-seo-wordpress\/ -->\n<title>O Crefito-10 | Di\u00e1rias e Aux\u00edlios-Representa\u00e7\u00e3o - CREFITO10<\/title>\n<meta name=\"robots\" content=\"index, follow, max-snippet:-1, max-image-preview:large, max-video-preview:-1\" \/>\n<link rel=\"canonical\" href=\"https:\/\/crefito10.org.br\/portal\/index.php\/o-crefito-10-diarias-e-auxilios-representacao\/\" \/>\n<meta property=\"og:locale\" content=\"pt_BR\" \/>\n<meta property=\"og:type\" content=\"article\" \/>\n<meta property=\"og:title\" content=\"O Crefito-10 | Di\u00e1rias e Aux\u00edlios-Representa\u00e7\u00e3o - CREFITO10\" \/>\n<meta property=\"og:description\" content=\"Share on facebook Share on email Share on whatsapp Di\u00e1rias e Aux\u00edlios-Representa\u00e7\u00e3o Resolu\u00e7\u00e3o CREFITO-10 n\u00ba 12 Di\u00e1rias Anexo I Ato de Concess\u00e3o de Di\u00e1rias e Aux\u00edlio de Representa\u00e7\u00e3o. Anexo II [&hellip;]\" \/>\n<meta property=\"og:url\" content=\"https:\/\/crefito10.org.br\/portal\/index.php\/o-crefito-10-diarias-e-auxilios-representacao\/\" \/>\n<meta property=\"og:site_name\" content=\"CREFITO10\" \/>\n<meta property=\"article:modified_time\" content=\"2022-03-04T13:00:31+00:00\" \/>\n<meta name=\"twitter:card\" content=\"summary_large_image\" \/>\n<script type=\"application\/ld+json\" class=\"yoast-schema-graph\">{\"@context\":\"https:\\\/\\\/schema.org\",\"@graph\":[{\"@type\":\"WebPage\",\"@id\":\"https:\\\/\\\/crefito10.org.br\\\/portal\\\/index.php\\\/o-crefito-10-diarias-e-auxilios-representacao\\\/\",\"url\":\"https:\\\/\\\/crefito10.org.br\\\/portal\\\/index.php\\\/o-crefito-10-diarias-e-auxilios-representacao\\\/\",\"name\":\"O Crefito-10 | Di\u00e1rias e Aux\u00edlios-Representa\u00e7\u00e3o - CREFITO10\",\"isPartOf\":{\"@id\":\"https:\\\/\\\/crefito10.org.br\\\/portal\\\/#website\"},\"datePublished\":\"2022-03-04T12:59:44+00:00\",\"dateModified\":\"2022-03-04T13:00:31+00:00\",\"breadcrumb\":{\"@id\":\"https:\\\/\\\/crefito10.org.br\\\/portal\\\/index.php\\\/o-crefito-10-diarias-e-auxilios-representacao\\\/#breadcrumb\"},\"inLanguage\":\"pt-BR\",\"potentialAction\":[{\"@type\":\"ReadAction\",\"target\":[\"https:\\\/\\\/crefito10.org.br\\\/portal\\\/index.php\\\/o-crefito-10-diarias-e-auxilios-representacao\\\/\"]}]},{\"@type\":\"BreadcrumbList\",\"@id\":\"https:\\\/\\\/crefito10.org.br\\\/portal\\\/index.php\\\/o-crefito-10-diarias-e-auxilios-representacao\\\/#breadcrumb\",\"itemListElement\":[{\"@type\":\"ListItem\",\"position\":1,\"name\":\"In\u00edcio\",\"item\":\"https:\\\/\\\/crefito10.org.br\\\/portal\\\/\"},{\"@type\":\"ListItem\",\"position\":2,\"name\":\"O Crefito-10 | Di\u00e1rias e Aux\u00edlios-Representa\u00e7\u00e3o\"}]},{\"@type\":\"WebSite\",\"@id\":\"https:\\\/\\\/crefito10.org.br\\\/portal\\\/#website\",\"url\":\"https:\\\/\\\/crefito10.org.br\\\/portal\\\/\",\"name\":\"CREFITO-10\",\"description\":\"\",\"publisher\":{\"@id\":\"https:\\\/\\\/crefito10.org.br\\\/portal\\\/#organization\"},\"potentialAction\":[{\"@type\":\"SearchAction\",\"target\":{\"@type\":\"EntryPoint\",\"urlTemplate\":\"https:\\\/\\\/crefito10.org.br\\\/portal\\\/?s={search_term_string}\"},\"query-input\":{\"@type\":\"PropertyValueSpecification\",\"valueRequired\":true,\"valueName\":\"search_term_string\"}}],\"inLanguage\":\"pt-BR\"},{\"@type\":\"Organization\",\"@id\":\"https:\\\/\\\/crefito10.org.br\\\/portal\\\/#organization\",\"name\":\"CREFITO-10\",\"url\":\"https:\\\/\\\/crefito10.org.br\\\/portal\\\/\",\"logo\":{\"@type\":\"ImageObject\",\"inLanguage\":\"pt-BR\",\"@id\":\"https:\\\/\\\/crefito10.org.br\\\/portal\\\/#\\\/schema\\\/logo\\\/image\\\/\",\"url\":\"https:\\\/\\\/crefito10.org.br\\\/portal\\\/wp-content\\\/uploads\\\/2022\\\/02\\\/WhatsApp-Image-2022-03-11-at-13.34.44-e1648128473135.jpeg\",\"contentUrl\":\"https:\\\/\\\/crefito10.org.br\\\/portal\\\/wp-content\\\/uploads\\\/2022\\\/02\\\/WhatsApp-Image-2022-03-11-at-13.34.44-e1648128473135.jpeg\",\"width\":139,\"height\":25,\"caption\":\"CREFITO-10\"},\"image\":{\"@id\":\"https:\\\/\\\/crefito10.org.br\\\/portal\\\/#\\\/schema\\\/logo\\\/image\\\/\"},\"sameAs\":[\"https:\\\/\\\/www.instagram.com\\\/crefito10\"]}]}<\/script>\n<!-- \/ Yoast SEO plugin. -->","yoast_head_json":{"title":"O Crefito-10 | Di\u00e1rias e Aux\u00edlios-Representa\u00e7\u00e3o - CREFITO10","robots":{"index":"index","follow":"follow","max-snippet":"max-snippet:-1","max-image-preview":"max-image-preview:large","max-video-preview":"max-video-preview:-1"},"canonical":"https:\/\/crefito10.org.br\/portal\/index.php\/o-crefito-10-diarias-e-auxilios-representacao\/","og_locale":"pt_BR","og_type":"article","og_title":"O Crefito-10 | Di\u00e1rias e Aux\u00edlios-Representa\u00e7\u00e3o - CREFITO10","og_description":"Share on facebook Share on email Share on whatsapp Di\u00e1rias e Aux\u00edlios-Representa\u00e7\u00e3o Resolu\u00e7\u00e3o CREFITO-10 n\u00ba 12 Di\u00e1rias Anexo I Ato de Concess\u00e3o de Di\u00e1rias e Aux\u00edlio de Representa\u00e7\u00e3o. Anexo II [&hellip;]","og_url":"https:\/\/crefito10.org.br\/portal\/index.php\/o-crefito-10-diarias-e-auxilios-representacao\/","og_site_name":"CREFITO10","article_modified_time":"2022-03-04T13:00:31+00:00","twitter_card":"summary_large_image","schema":{"@context":"https:\/\/schema.org","@graph":[{"@type":"WebPage","@id":"https:\/\/crefito10.org.br\/portal\/index.php\/o-crefito-10-diarias-e-auxilios-representacao\/","url":"https:\/\/crefito10.org.br\/portal\/index.php\/o-crefito-10-diarias-e-auxilios-representacao\/","name":"O Crefito-10 | Di\u00e1rias e Aux\u00edlios-Representa\u00e7\u00e3o - CREFITO10","isPartOf":{"@id":"https:\/\/crefito10.org.br\/portal\/#website"},"datePublished":"2022-03-04T12:59:44+00:00","dateModified":"2022-03-04T13:00:31+00:00","breadcrumb":{"@id":"https:\/\/crefito10.org.br\/portal\/index.php\/o-crefito-10-diarias-e-auxilios-representacao\/#breadcrumb"},"inLanguage":"pt-BR","potentialAction":[{"@type":"ReadAction","target":["https:\/\/crefito10.org.br\/portal\/index.php\/o-crefito-10-diarias-e-auxilios-representacao\/"]}]},{"@type":"BreadcrumbList","@id":"https:\/\/crefito10.org.br\/portal\/index.php\/o-crefito-10-diarias-e-auxilios-representacao\/#breadcrumb","itemListElement":[{"@type":"ListItem","position":1,"name":"In\u00edcio","item":"https:\/\/crefito10.org.br\/portal\/"},{"@type":"ListItem","position":2,"name":"O Crefito-10 | Di\u00e1rias e Aux\u00edlios-Representa\u00e7\u00e3o"}]},{"@type":"WebSite","@id":"https:\/\/crefito10.org.br\/portal\/#website","url":"https:\/\/crefito10.org.br\/portal\/","name":"CREFITO-10","description":"","publisher":{"@id":"https:\/\/crefito10.org.br\/portal\/#organization"},"potentialAction":[{"@type":"SearchAction","target":{"@type":"EntryPoint","urlTemplate":"https:\/\/crefito10.org.br\/portal\/?s={search_term_string}"},"query-input":{"@type":"PropertyValueSpecification","valueRequired":true,"valueName":"search_term_string"}}],"inLanguage":"pt-BR"},{"@type":"Organization","@id":"https:\/\/crefito10.org.br\/portal\/#organization","name":"CREFITO-10","url":"https:\/\/crefito10.org.br\/portal\/","logo":{"@type":"ImageObject","inLanguage":"pt-BR","@id":"https:\/\/crefito10.org.br\/portal\/#\/schema\/logo\/image\/","url":"https:\/\/crefito10.org.br\/portal\/wp-content\/uploads\/2022\/02\/WhatsApp-Image-2022-03-11-at-13.34.44-e1648128473135.jpeg","contentUrl":"https:\/\/crefito10.org.br\/portal\/wp-content\/uploads\/2022\/02\/WhatsApp-Image-2022-03-11-at-13.34.44-e1648128473135.jpeg","width":139,"height":25,"caption":"CREFITO-10"},"image":{"@id":"https:\/\/crefito10.org.br\/portal\/#\/schema\/logo\/image\/"},"sameAs":["https:\/\/www.instagram.com\/crefito10"]}]}},"_links":{"self":[{"href":"https:\/\/crefito10.org.br\/portal\/index.php\/wp-json\/wp\/v2\/pages\/1194","targetHints":{"allow":["GET"]}}],"collection":[{"href":"https:\/\/crefito10.org.br\/portal\/index.php\/wp-json\/wp\/v2\/pages"}],"about":[{"href":"https:\/\/crefito10.org.br\/portal\/index.php\/wp-json\/wp\/v2\/types\/page"}],"author":[{"embeddable":true,"href":"https:\/\/crefito10.org.br\/portal\/index.php\/wp-json\/wp\/v2\/users\/1"}],"replies":[{"embeddable":true,"href":"https:\/\/crefito10.org.br\/portal\/index.php\/wp-json\/wp\/v2\/comments?post=1194"}],"version-history":[{"count":0,"href":"https:\/\/crefito10.org.br\/portal\/index.php\/wp-json\/wp\/v2\/pages\/1194\/revisions"}],"wp:attachment":[{"href":"https:\/\/crefito10.org.br\/portal\/index.php\/wp-json\/wp\/v2\/media?parent=1194"}],"curies":[{"name":"wp","href":"https:\/\/api.w.org\/{rel}","templated":true}]}}