{"id":1179,"date":"2022-03-04T09:53:44","date_gmt":"2022-03-04T12:53:44","guid":{"rendered":"https:\/\/crefito10.org.br\/portal\/?page_id=1179"},"modified":"2024-05-20T14:29:05","modified_gmt":"2024-05-20T17:29:05","slug":"concurso","status":"publish","type":"page","link":"https:\/\/crefito10.org.br\/portal\/index.php\/concurso\/","title":{"rendered":"CONCURSO"},"content":{"rendered":"\t\t<div data-elementor-type=\"wp-page\" data-elementor-id=\"1179\" class=\"elementor elementor-1179\">\n\t\t\t\t\t\t<section class=\"elementor-section elementor-top-section elementor-element elementor-element-78dd1692 elementor-section-height-min-height elementor-section-items-top elementor-section-boxed elementor-section-height-default\" data-id=\"78dd1692\" data-element_type=\"section\">\n\t\t\t\t\t\t<div class=\"elementor-container elementor-column-gap-default\">\n\t\t\t\t\t<div class=\"elementor-column elementor-col-100 elementor-top-column elementor-element elementor-element-16c0d0e\" data-id=\"16c0d0e\" data-element_type=\"column\">\n\t\t\t<div class=\"elementor-widget-wrap elementor-element-populated\">\n\t\t\t\t\t\t<div class=\"elementor-element elementor-element-35d25afa elementor-share-buttons--view-icon elementor-share-buttons--shape-circle elementor-share-buttons--align-right elementor-share-buttons--skin-gradient elementor-grid-0 elementor-share-buttons--color-official elementor-widget elementor-widget-share-buttons\" data-id=\"35d25afa\" data-element_type=\"widget\" data-widget_type=\"share-buttons.default\">\n\t\t\t\t<div class=\"elementor-widget-container\">\n\t\t\t\t\t\t\t<div class=\"elementor-grid\">\n\t\t\t\t\t\t\t\t<div class=\"elementor-grid-item\">\n\t\t\t\t\t\t<div class=\"elementor-share-btn elementor-share-btn_facebook\">\n\t\t\t\t\t\t\t\t\t\t\t\t\t\t\t<span class=\"elementor-share-btn__icon\">\n\t\t\t\t\t\t\t\t<i class=\"fab fa-facebook\" aria-hidden=\"true\"><\/i>\t\t\t\t\t\t\t\t<span\n\t\t\t\t\t\t\t\t\tclass=\"elementor-screen-only\">Share on facebook<\/span>\n\t\t\t\t\t\t\t<\/span>\n\t\t\t\t\t\t\t\t\t\t\t\t\t\t\t\t\t\t\t\t<\/div>\n\t\t\t\t\t<\/div>\n\t\t\t\t\t\t\t\t\t<div class=\"elementor-grid-item\">\n\t\t\t\t\t\t<div class=\"elementor-share-btn elementor-share-btn_email\">\n\t\t\t\t\t\t\t\t\t\t\t\t\t\t\t<span class=\"elementor-share-btn__icon\">\n\t\t\t\t\t\t\t\t<i class=\"fas fa-envelope\" aria-hidden=\"true\"><\/i>\t\t\t\t\t\t\t\t<span\n\t\t\t\t\t\t\t\t\tclass=\"elementor-screen-only\">Share on email<\/span>\n\t\t\t\t\t\t\t<\/span>\n\t\t\t\t\t\t\t\t\t\t\t\t\t\t\t\t\t\t\t\t<\/div>\n\t\t\t\t\t<\/div>\n\t\t\t\t\t\t\t\t\t<div class=\"elementor-grid-item\">\n\t\t\t\t\t\t<div class=\"elementor-share-btn elementor-share-btn_whatsapp\">\n\t\t\t\t\t\t\t\t\t\t\t\t\t\t\t<span class=\"elementor-share-btn__icon\">\n\t\t\t\t\t\t\t\t<i class=\"fab fa-whatsapp\" aria-hidden=\"true\"><\/i>\t\t\t\t\t\t\t\t<span\n\t\t\t\t\t\t\t\t\tclass=\"elementor-screen-only\">Share on whatsapp<\/span>\n\t\t\t\t\t\t\t<\/span>\n\t\t\t\t\t\t\t\t\t\t\t\t\t\t\t\t\t\t\t\t<\/div>\n\t\t\t\t\t<\/div>\n\t\t\t\t\t\t<\/div>\n\t\t\t\t\t\t<\/div>\n\t\t\t\t<\/div>\n\t\t\t\t<div class=\"elementor-element elementor-element-2ffe77c3 elementor-widget elementor-widget-heading\" data-id=\"2ffe77c3\" data-element_type=\"widget\" data-widget_type=\"heading.default\">\n\t\t\t\t<div class=\"elementor-widget-container\">\n\t\t\t\t\t<h2 class=\"elementor-heading-title elementor-size-default\">CONCURSO<\/h2>\t\t\t\t<\/div>\n\t\t\t\t<\/div>\n\t\t\t\t<div class=\"elementor-element elementor-element-7de20c2d elementor-widget elementor-widget-text-editor\" data-id=\"7de20c2d\" data-element_type=\"widget\" data-widget_type=\"text-editor.default\">\n\t\t\t\t<div class=\"elementor-widget-container\">\n\t\t\t\t\t\t\t\t\t<h5>EDITAL N\u00ba 01\/2022 DO CONCURSO P\u00daBLICO N\u00ba 01\/2022 \u2013 CREFITO-10, DE 07 DE MAR\u00c7O DE 2022 \u2013 ABERTURA<\/h5>\n<div>O Presidente do Conselho Regional de Fisioterapia e Terapia Ocupacional da 10\u00aa Regi\u00e3o, no uso de suas&nbsp;atribui\u00e7\u00f5es legais, mediante as condi\u00e7\u00f5es estipuladas neste Edital, em conformidade com a Constitui\u00e7\u00e3o Federal e demais&nbsp;disposi\u00e7\u00f5es atinentes \u00e0 mat\u00e9ria, TORNA P\u00daBLICA a realiza\u00e7\u00e3o do CONCURSO P\u00daBLICO, sob regime da Consolida\u00e7\u00e3o das&nbsp;Leis Trabalhistas, para provimento de vagas do Quadro de Pessoal do CREFITO-10 e forma\u00e7\u00e3o de Cadastro de Reserva.<\/div>\n<div><\/div>\n<p>CONCURSO: <a href=\"https:\/\/www.quadrix.org.br\/encerrados\/2022\/crefito10.aspx\" target=\"_blank\" rel=\"noopener\" data-saferedirecturl=\"https:\/\/www.google.com\/url?q=https:\/\/www.quadrix.org.br\/encerrados\/2022\/crefito10.aspx&amp;source=gmail&amp;ust=1674334841575000&amp;usg=AOvVaw2CS4pM4zM7VeAWK5zlBU22\">https:\/\/www.quadrix.org.br\/<wbr>encerrados\/2022\/crefito10.aspx<\/a><wbr><\/p>\n<p><a href=\"https:\/\/www.crefito10.org.br\/cmslite\/userfiles\/file\/concurso\/Homologacao_Concurso.pdf\">HOMOLOGA\u00c7\u00c3O<\/a><\/p>\n<p>CONVOCA\u00c7\u00c3O:<\/p>\n<p><a href=\"https:\/\/www.crefito10.org.br\/cmslite\/userfiles\/file\/concurso\/INPDFViewer.pdf\">Convoca\u00e7\u00e3o Recepcionista e Agente Fiscal<\/a><\/p>\n<p><a href=\"https:\/\/www.crefito10.org.br\/cmslite\/userfiles\/file\/concurso\/Convocacao_Recepcionista(1).pdf\">Convoca\u00e7\u00e3o Recepcionista<\/a><\/p>\n<p><a href=\"https:\/\/www.crefito10.org.br\/cmslite\/userfiles\/file\/concurso\/Convocacao_Recepcionista(2).pdf\">Convoca\u00e7\u00e3o Recepcionista<\/a><\/p>\n<p><a href=\"https:\/\/www.crefito10.org.br\/cmslite\/userfiles\/file\/concurso\/Convocacao_Escriturario.pdf\">Convoca\u00e7\u00e3o Escritur\u00e1rio e Assessor de Imprensa<\/a><\/p>\n<p><a href=\"https:\/\/www.crefito10.org.br\/cmslite\/userfiles\/file\/concurso\/Convocacao_Recepcionista(3).pdf\">Convoca\u00e7\u00e3o Recepcionista<\/a><\/p>\n<p><a href=\"https:\/\/www.crefito10.org.br\/cmslite\/userfiles\/file\/concurso\/Convocacao_Agente_Fiscal.pdf\">Convoca\u00e7\u00e3o Agente Fiscal<\/a><\/p>\n<p><a href=\"https:\/\/www.crefito10.org.br\/cmslite\/userfiles\/file\/concurso\/Convocacao_Recepcionista(4).pdf\">Convoca\u00e7\u00e3o Recepcionista<\/a><\/p>\n<p><a href=\"https:\/\/www.crefito10.org.br\/cmslite\/userfiles\/file\/concurso\/Convocacao_Recepcionista(5).pdf\">Convoca\u00e7\u00e3o Recepcionista<\/a><\/p>\n<p><a href=\"https:\/\/www.crefito10.org.br\/cmslite\/userfiles\/file\/concurso\/Convocacao_Agente_Fiscal(5).pdf\">Convoca\u00e7\u00e3o Agente Fiscal<\/a><\/p><p><br><\/p>\n<h5><\/h5>\n<h5>EDITAL N\u00ba 01\/2014 DO CONCURSO P\u00daBLICO N\u00ba 01\/2014 \u2013 CREFITO-10, DE 15 DE SETEMBRO DE 2014 \u2013 ABERTURA<\/h5>\n<div>O Presidente do Conselho Regional de Fisioterapia e Terapia Ocupacional da 10\u00aa Regi\u00e3o, no uso de suas&nbsp;atribui\u00e7\u00f5es legais, mediante as condi\u00e7\u00f5es estipuladas neste Edital, em conformidade com a Constitui\u00e7\u00e3o Federal e demais&nbsp;disposi\u00e7\u00f5es atinentes \u00e0 mat\u00e9ria, TORNA P\u00daBLICA a realiza\u00e7\u00e3o do CONCURSO P\u00daBLICO, sob regime da Consolida\u00e7\u00e3o das&nbsp;Leis Trabalhistas, para provimento de vagas do Quadro de Pessoal do CREFITO-10 e forma\u00e7\u00e3o de Cadastro de Reserva.<\/div>\n<p><a href=\"http:\/\/www.crefito10.org.br\/cmslite\/userfiles\/file\/downloads\/EDITAL-CREFITO-10.pdf\" target=\"_blank\" rel=\"noopener\">CLIQUE AQUI PARA OBTER O EDITAL 01\/2014<\/a><\/p>\n<p>Incri\u00e7\u00f5es :&nbsp;<a href=\"http:\/\/www.quadrix.org.br\">www.quadrix.org.br<\/a><\/p>\n<p>Resultado Final:<\/p>\n<p><a href=\"http:\/\/www.crefito10.org.br\/cmslite\/userfiles\/file\/Lista_de_Convocados.pdf\">Convocados<\/a><\/p>\n<p><a href=\"http:\/\/www.crefito10.org.br\/cmslite\/userfiles\/file\/RESULTADO_FINAL_AGENTE_FISCAL.PDF\">Resultado Agente Fiscal<\/a><\/p>\n<p><a href=\"http:\/\/www.crefito10.org.br\/cmslite\/userfiles\/file\/RESULTADO_FINAL_ESCRITURARIO_E_RECEPCIONISTA.PDF\">Resultado Escritur\u00e1rio e Recepcionista<\/a><\/p><p><br><\/p>\n<h5>EDITAL N\u00ba 01\/2010 DO CONCURSO P\u00daBLICO N\u00ba 01\/2010 \u2013 CREFITO-10, DE 13 DE MAIO DE 2010 \u2013 ABERTURA<\/h5>\n<div>O Presidente do Conselho Regional de Fisioterapia e Terapia Ocupacional da 10\u00aa Regi\u00e3o, no uso de suas&nbsp;atribui\u00e7\u00f5es legais, mediante as condi\u00e7\u00f5es estipuladas neste Edital, em conformidade com a Constitui\u00e7\u00e3o Federal e demais&nbsp;disposi\u00e7\u00f5es atinentes \u00e0 mat\u00e9ria, TORNA P\u00daBLICA a realiza\u00e7\u00e3o do CONCURSO P\u00daBLICO, sob regime da Consolida\u00e7\u00e3o das&nbsp;Leis Trabalhistas, para provimento de vagas do Quadro de Pessoal do CREFITO-10 e forma\u00e7\u00e3o de Cadastro de Reserva.<\/div>\n<p><a href=\"http:\/\/www.crefito10.org.br\/cmslite\/userfiles\/file\/downloads\/edital_crefitosc.pdf\" target=\"_blank\" rel=\"noopener\">CLIQUE AQUI PARA OBTER O EDITAL 01\/2010<\/a><\/p>\n<p>Incri\u00e7\u00f5es : <a href=\"http:\/\/www.quadrix.org.br\">www.quadrix.org.br<\/a><\/p>\n<p>Resultado Final:<\/p>\n<p><a href=\"http:\/\/www.crefito10.org.br\/cmslite\/userfiles\/file\/resultado_definitivo_300%20Agente%20Fiscal.pdf\">Agente Fiscal<\/a><\/p>\n<p><a href=\"http:\/\/www.crefito10.org.br\/cmslite\/userfiles\/file\/resultado_definitivo_200%20auxiliar%20administrativo.pdf\">Auxiliar Administrativo<\/a><\/p>\n<p><a href=\"http:\/\/www.crefito10.org.br\/cmslite\/userfiles\/file\/resultado_definitivo_301%20%20assistente%20administrativo.pdf\">Assistente Administrativo<\/a><\/p>\n<p><a href=\"https:\/\/www.crefito10.org.br\/cmslite\/userfiles\/file\/concurso\/Convocacao_Agente_Fiscal_Criciuma.pdf\">Convoca\u00e7\u00e3o Agente Fiscal &#8211; Crici\u00fama<\/a><\/p>\t\t\t\t\t\t\t\t<\/div>\n\t\t\t\t<\/div>\n\t\t\t\t\t<\/div>\n\t\t<\/div>\n\t\t\t\t\t<\/div>\n\t\t<\/section>\n\t\t\t\t<\/div>\n\t\t","protected":false},"excerpt":{"rendered":"<p>Share on facebook Share on email Share on whatsapp CONCURSO EDITAL N\u00ba 01\/2022 DO CONCURSO P\u00daBLICO N\u00ba 01\/2022 \u2013 CREFITO-10, DE 07 DE MAR\u00c7O DE 2022 \u2013 ABERTURA O Presidente [&hellip;]<\/p>\n","protected":false},"author":1,"featured_media":0,"parent":0,"menu_order":0,"comment_status":"closed","ping_status":"closed","template":"elementor_header_footer","meta":{"footnotes":""},"class_list":["post-1179","page","type-page","status-publish","hentry"],"yoast_head":"<!-- This site is optimized with the Yoast SEO plugin v27.3 - https:\/\/yoast.com\/product\/yoast-seo-wordpress\/ -->\n<title>CONCURSO - CREFITO10<\/title>\n<meta name=\"robots\" content=\"index, follow, max-snippet:-1, max-image-preview:large, max-video-preview:-1\" \/>\n<link rel=\"canonical\" href=\"https:\/\/crefito10.org.br\/portal\/index.php\/concurso\/\" \/>\n<meta property=\"og:locale\" content=\"pt_BR\" \/>\n<meta property=\"og:type\" content=\"article\" \/>\n<meta property=\"og:title\" content=\"CONCURSO - CREFITO10\" \/>\n<meta property=\"og:description\" content=\"Share on facebook Share on email Share on whatsapp CONCURSO EDITAL N\u00ba 01\/2022 DO CONCURSO P\u00daBLICO N\u00ba 01\/2022 \u2013 CREFITO-10, DE 07 DE MAR\u00c7O DE 2022 \u2013 ABERTURA O Presidente [&hellip;]\" \/>\n<meta property=\"og:url\" content=\"https:\/\/crefito10.org.br\/portal\/index.php\/concurso\/\" \/>\n<meta property=\"og:site_name\" content=\"CREFITO10\" \/>\n<meta property=\"article:modified_time\" content=\"2024-05-20T17:29:05+00:00\" \/>\n<meta name=\"twitter:card\" content=\"summary_large_image\" \/>\n<meta name=\"twitter:label1\" content=\"Est. tempo de leitura\" \/>\n\t<meta name=\"twitter:data1\" content=\"2 minutos\" \/>\n<script type=\"application\/ld+json\" class=\"yoast-schema-graph\">{\"@context\":\"https:\\\/\\\/schema.org\",\"@graph\":[{\"@type\":\"WebPage\",\"@id\":\"https:\\\/\\\/crefito10.org.br\\\/portal\\\/index.php\\\/concurso\\\/\",\"url\":\"https:\\\/\\\/crefito10.org.br\\\/portal\\\/index.php\\\/concurso\\\/\",\"name\":\"CONCURSO - CREFITO10\",\"isPartOf\":{\"@id\":\"https:\\\/\\\/crefito10.org.br\\\/portal\\\/#website\"},\"datePublished\":\"2022-03-04T12:53:44+00:00\",\"dateModified\":\"2024-05-20T17:29:05+00:00\",\"breadcrumb\":{\"@id\":\"https:\\\/\\\/crefito10.org.br\\\/portal\\\/index.php\\\/concurso\\\/#breadcrumb\"},\"inLanguage\":\"pt-BR\",\"potentialAction\":[{\"@type\":\"ReadAction\",\"target\":[\"https:\\\/\\\/crefito10.org.br\\\/portal\\\/index.php\\\/concurso\\\/\"]}]},{\"@type\":\"BreadcrumbList\",\"@id\":\"https:\\\/\\\/crefito10.org.br\\\/portal\\\/index.php\\\/concurso\\\/#breadcrumb\",\"itemListElement\":[{\"@type\":\"ListItem\",\"position\":1,\"name\":\"In\u00edcio\",\"item\":\"https:\\\/\\\/crefito10.org.br\\\/portal\\\/\"},{\"@type\":\"ListItem\",\"position\":2,\"name\":\"CONCURSO\"}]},{\"@type\":\"WebSite\",\"@id\":\"https:\\\/\\\/crefito10.org.br\\\/portal\\\/#website\",\"url\":\"https:\\\/\\\/crefito10.org.br\\\/portal\\\/\",\"name\":\"CREFITO-10\",\"description\":\"\",\"publisher\":{\"@id\":\"https:\\\/\\\/crefito10.org.br\\\/portal\\\/#organization\"},\"potentialAction\":[{\"@type\":\"SearchAction\",\"target\":{\"@type\":\"EntryPoint\",\"urlTemplate\":\"https:\\\/\\\/crefito10.org.br\\\/portal\\\/?s={search_term_string}\"},\"query-input\":{\"@type\":\"PropertyValueSpecification\",\"valueRequired\":true,\"valueName\":\"search_term_string\"}}],\"inLanguage\":\"pt-BR\"},{\"@type\":\"Organization\",\"@id\":\"https:\\\/\\\/crefito10.org.br\\\/portal\\\/#organization\",\"name\":\"CREFITO-10\",\"url\":\"https:\\\/\\\/crefito10.org.br\\\/portal\\\/\",\"logo\":{\"@type\":\"ImageObject\",\"inLanguage\":\"pt-BR\",\"@id\":\"https:\\\/\\\/crefito10.org.br\\\/portal\\\/#\\\/schema\\\/logo\\\/image\\\/\",\"url\":\"https:\\\/\\\/crefito10.org.br\\\/portal\\\/wp-content\\\/uploads\\\/2022\\\/02\\\/WhatsApp-Image-2022-03-11-at-13.34.44-e1648128473135.jpeg\",\"contentUrl\":\"https:\\\/\\\/crefito10.org.br\\\/portal\\\/wp-content\\\/uploads\\\/2022\\\/02\\\/WhatsApp-Image-2022-03-11-at-13.34.44-e1648128473135.jpeg\",\"width\":139,\"height\":25,\"caption\":\"CREFITO-10\"},\"image\":{\"@id\":\"https:\\\/\\\/crefito10.org.br\\\/portal\\\/#\\\/schema\\\/logo\\\/image\\\/\"},\"sameAs\":[\"https:\\\/\\\/www.instagram.com\\\/crefito10\"]}]}<\/script>\n<!-- \/ Yoast SEO plugin. -->","yoast_head_json":{"title":"CONCURSO - CREFITO10","robots":{"index":"index","follow":"follow","max-snippet":"max-snippet:-1","max-image-preview":"max-image-preview:large","max-video-preview":"max-video-preview:-1"},"canonical":"https:\/\/crefito10.org.br\/portal\/index.php\/concurso\/","og_locale":"pt_BR","og_type":"article","og_title":"CONCURSO - CREFITO10","og_description":"Share on facebook Share on email Share on whatsapp CONCURSO EDITAL N\u00ba 01\/2022 DO CONCURSO P\u00daBLICO N\u00ba 01\/2022 \u2013 CREFITO-10, DE 07 DE MAR\u00c7O DE 2022 \u2013 ABERTURA O Presidente [&hellip;]","og_url":"https:\/\/crefito10.org.br\/portal\/index.php\/concurso\/","og_site_name":"CREFITO10","article_modified_time":"2024-05-20T17:29:05+00:00","twitter_card":"summary_large_image","twitter_misc":{"Est. tempo de leitura":"2 minutos"},"schema":{"@context":"https:\/\/schema.org","@graph":[{"@type":"WebPage","@id":"https:\/\/crefito10.org.br\/portal\/index.php\/concurso\/","url":"https:\/\/crefito10.org.br\/portal\/index.php\/concurso\/","name":"CONCURSO - CREFITO10","isPartOf":{"@id":"https:\/\/crefito10.org.br\/portal\/#website"},"datePublished":"2022-03-04T12:53:44+00:00","dateModified":"2024-05-20T17:29:05+00:00","breadcrumb":{"@id":"https:\/\/crefito10.org.br\/portal\/index.php\/concurso\/#breadcrumb"},"inLanguage":"pt-BR","potentialAction":[{"@type":"ReadAction","target":["https:\/\/crefito10.org.br\/portal\/index.php\/concurso\/"]}]},{"@type":"BreadcrumbList","@id":"https:\/\/crefito10.org.br\/portal\/index.php\/concurso\/#breadcrumb","itemListElement":[{"@type":"ListItem","position":1,"name":"In\u00edcio","item":"https:\/\/crefito10.org.br\/portal\/"},{"@type":"ListItem","position":2,"name":"CONCURSO"}]},{"@type":"WebSite","@id":"https:\/\/crefito10.org.br\/portal\/#website","url":"https:\/\/crefito10.org.br\/portal\/","name":"CREFITO-10","description":"","publisher":{"@id":"https:\/\/crefito10.org.br\/portal\/#organization"},"potentialAction":[{"@type":"SearchAction","target":{"@type":"EntryPoint","urlTemplate":"https:\/\/crefito10.org.br\/portal\/?s={search_term_string}"},"query-input":{"@type":"PropertyValueSpecification","valueRequired":true,"valueName":"search_term_string"}}],"inLanguage":"pt-BR"},{"@type":"Organization","@id":"https:\/\/crefito10.org.br\/portal\/#organization","name":"CREFITO-10","url":"https:\/\/crefito10.org.br\/portal\/","logo":{"@type":"ImageObject","inLanguage":"pt-BR","@id":"https:\/\/crefito10.org.br\/portal\/#\/schema\/logo\/image\/","url":"https:\/\/crefito10.org.br\/portal\/wp-content\/uploads\/2022\/02\/WhatsApp-Image-2022-03-11-at-13.34.44-e1648128473135.jpeg","contentUrl":"https:\/\/crefito10.org.br\/portal\/wp-content\/uploads\/2022\/02\/WhatsApp-Image-2022-03-11-at-13.34.44-e1648128473135.jpeg","width":139,"height":25,"caption":"CREFITO-10"},"image":{"@id":"https:\/\/crefito10.org.br\/portal\/#\/schema\/logo\/image\/"},"sameAs":["https:\/\/www.instagram.com\/crefito10"]}]}},"_links":{"self":[{"href":"https:\/\/crefito10.org.br\/portal\/index.php\/wp-json\/wp\/v2\/pages\/1179","targetHints":{"allow":["GET"]}}],"collection":[{"href":"https:\/\/crefito10.org.br\/portal\/index.php\/wp-json\/wp\/v2\/pages"}],"about":[{"href":"https:\/\/crefito10.org.br\/portal\/index.php\/wp-json\/wp\/v2\/types\/page"}],"author":[{"embeddable":true,"href":"https:\/\/crefito10.org.br\/portal\/index.php\/wp-json\/wp\/v2\/users\/1"}],"replies":[{"embeddable":true,"href":"https:\/\/crefito10.org.br\/portal\/index.php\/wp-json\/wp\/v2\/comments?post=1179"}],"version-history":[{"count":0,"href":"https:\/\/crefito10.org.br\/portal\/index.php\/wp-json\/wp\/v2\/pages\/1179\/revisions"}],"wp:attachment":[{"href":"https:\/\/crefito10.org.br\/portal\/index.php\/wp-json\/wp\/v2\/media?parent=1179"}],"curies":[{"name":"wp","href":"https:\/\/api.w.org\/{rel}","templated":true}]}}