{"id":1152,"date":"2022-03-03T20:58:44","date_gmt":"2022-03-03T23:58:44","guid":{"rendered":"https:\/\/crefito10.org.br\/portal\/?page_id=1152"},"modified":"2025-04-07T11:31:25","modified_gmt":"2025-04-07T14:31:25","slug":"o-crefito-10-fiscalizacao","status":"publish","type":"page","link":"https:\/\/crefito10.org.br\/portal\/index.php\/o-crefito-10-fiscalizacao\/","title":{"rendered":"O Crefito-10 | Fiscaliza\u00e7\u00e3o"},"content":{"rendered":"\t\t<div data-elementor-type=\"wp-page\" data-elementor-id=\"1152\" class=\"elementor elementor-1152\">\n\t\t\t\t\t\t<section class=\"elementor-section elementor-top-section elementor-element elementor-element-29fffa99 elementor-section-height-min-height elementor-section-items-top elementor-section-boxed elementor-section-height-default\" data-id=\"29fffa99\" data-element_type=\"section\">\n\t\t\t\t\t\t<div class=\"elementor-container elementor-column-gap-default\">\n\t\t\t\t\t<div class=\"elementor-column elementor-col-100 elementor-top-column elementor-element elementor-element-427e99e2\" data-id=\"427e99e2\" data-element_type=\"column\">\n\t\t\t<div class=\"elementor-widget-wrap elementor-element-populated\">\n\t\t\t\t\t\t<div class=\"elementor-element elementor-element-3ce2587 elementor-share-buttons--view-icon elementor-share-buttons--shape-circle elementor-share-buttons--align-right elementor-share-buttons--skin-gradient elementor-grid-0 elementor-share-buttons--color-official elementor-widget elementor-widget-share-buttons\" data-id=\"3ce2587\" data-element_type=\"widget\" data-widget_type=\"share-buttons.default\">\n\t\t\t\t<div class=\"elementor-widget-container\">\n\t\t\t\t\t\t\t<div class=\"elementor-grid\">\n\t\t\t\t\t\t\t\t<div class=\"elementor-grid-item\">\n\t\t\t\t\t\t<div class=\"elementor-share-btn elementor-share-btn_facebook\">\n\t\t\t\t\t\t\t\t\t\t\t\t\t\t\t<span class=\"elementor-share-btn__icon\">\n\t\t\t\t\t\t\t\t<i class=\"fab fa-facebook\" aria-hidden=\"true\"><\/i>\t\t\t\t\t\t\t\t<span\n\t\t\t\t\t\t\t\t\tclass=\"elementor-screen-only\">Share on facebook<\/span>\n\t\t\t\t\t\t\t<\/span>\n\t\t\t\t\t\t\t\t\t\t\t\t\t\t\t\t\t\t\t\t<\/div>\n\t\t\t\t\t<\/div>\n\t\t\t\t\t\t\t\t\t<div class=\"elementor-grid-item\">\n\t\t\t\t\t\t<div class=\"elementor-share-btn elementor-share-btn_email\">\n\t\t\t\t\t\t\t\t\t\t\t\t\t\t\t<span class=\"elementor-share-btn__icon\">\n\t\t\t\t\t\t\t\t<i class=\"fas fa-envelope\" aria-hidden=\"true\"><\/i>\t\t\t\t\t\t\t\t<span\n\t\t\t\t\t\t\t\t\tclass=\"elementor-screen-only\">Share on email<\/span>\n\t\t\t\t\t\t\t<\/span>\n\t\t\t\t\t\t\t\t\t\t\t\t\t\t\t\t\t\t\t\t<\/div>\n\t\t\t\t\t<\/div>\n\t\t\t\t\t\t\t\t\t<div class=\"elementor-grid-item\">\n\t\t\t\t\t\t<div class=\"elementor-share-btn elementor-share-btn_whatsapp\">\n\t\t\t\t\t\t\t\t\t\t\t\t\t\t\t<span class=\"elementor-share-btn__icon\">\n\t\t\t\t\t\t\t\t<i class=\"fab fa-whatsapp\" aria-hidden=\"true\"><\/i>\t\t\t\t\t\t\t\t<span\n\t\t\t\t\t\t\t\t\tclass=\"elementor-screen-only\">Share on whatsapp<\/span>\n\t\t\t\t\t\t\t<\/span>\n\t\t\t\t\t\t\t\t\t\t\t\t\t\t\t\t\t\t\t\t<\/div>\n\t\t\t\t\t<\/div>\n\t\t\t\t\t\t<\/div>\n\t\t\t\t\t\t<\/div>\n\t\t\t\t<\/div>\n\t\t\t\t<div class=\"elementor-element elementor-element-507bdd0f elementor-widget elementor-widget-heading\" data-id=\"507bdd0f\" data-element_type=\"widget\" data-widget_type=\"heading.default\">\n\t\t\t\t<div class=\"elementor-widget-container\">\n\t\t\t\t\t<h2 class=\"elementor-heading-title elementor-size-default\">Fiscaliza\u00e7\u00e3o<\/h2>\t\t\t\t<\/div>\n\t\t\t\t<\/div>\n\t\t\t\t<div class=\"elementor-element elementor-element-18d3e12 elementor-widget elementor-widget-spacer\" data-id=\"18d3e12\" data-element_type=\"widget\" data-widget_type=\"spacer.default\">\n\t\t\t\t<div class=\"elementor-widget-container\">\n\t\t\t\t\t\t\t<div class=\"elementor-spacer\">\n\t\t\t<div class=\"elementor-spacer-inner\"><\/div>\n\t\t<\/div>\n\t\t\t\t\t\t<\/div>\n\t\t\t\t<\/div>\n\t\t\t\t<div class=\"elementor-element elementor-element-4527cbb9 elementor-widget elementor-widget-text-editor\" data-id=\"4527cbb9\" data-element_type=\"widget\" data-widget_type=\"text-editor.default\">\n\t\t\t\t<div class=\"elementor-widget-container\">\n\t\t\t\t\t\t\t\t\t<p><strong>Fundamenta\u00e7\u00e3o legal:<\/strong><br>A Lei 6.316\/75 regulamenta a fun\u00e7\u00e3o de fiscaliza\u00e7\u00e3o dos CREFITOs: Art. 1\u00ba. S\u00e3o criados o Conselho Federal e os Conselhos Regionais de Fisioterapia e Terapia Ocupacional, com a incumb\u00eancia de fiscalizar o exerc\u00edcio das profiss\u00f5es de Fisioterapeuta e Terapeuta Ocupacional definidas no Decreto-lei n.\u00ba 938, de 13 de outubro de 1969.<\/p>\n<p><strong>Objetivos:<\/strong><br>\u00b7 Assegurar ao cidad\u00e3o a oferta de servi\u00e7os de Fisioterapia e de Terapia Ocupacional que obede\u00e7am a par\u00e2metros legais \u00e9ticos e deontol\u00f3gicos m\u00ednimos e garantam um atendimento de qualidade e resolutivo; prestados por fisioterapeutas e terapeutas ocupacionais regularmente registrados no CREFITO-10.<br>\u00b7 Fiscaliza\u00e7\u00e3o de car\u00e1ter preventivo, educativo e coercitivo; com base na Legisla\u00e7\u00e3o do Sistema COFFITO-CREFITOs e demais Leis aplic\u00e1veis;<br>\u00b7 Est\u00edmulo da exa\u00e7\u00e3o profissional, das boas pr\u00e1ticas, no que concerne a excel\u00eancia na presta\u00e7\u00e3o de servi\u00e7os de Fisioterapia e Terapia Ocupacional no Estado de Santa Catarina, bem como da busca de valoriza\u00e7\u00e3o e dignidade profissional.<\/p>\n<p><strong>Atribui\u00e7\u00f5es:<\/strong><br>Ao Departamento de Fiscaliza\u00e7\u00e3o cumpre: sistematizar a programa\u00e7\u00e3o da fiscaliza\u00e7\u00e3o bem como o roteiro a ser cumprido pelos Agentes Fiscais do CREFITO-10; investigar as den\u00fancias, subsidiando o procedimento fiscalizat\u00f3rio a fim de assegurar a celeridade e resolutividade aos processos. \u00c9 atribui\u00e7\u00e3o ainda, avaliar, analisar e dar parecer no processo administrativo-fiscalizador.<\/p>\n<p><strong>Como funciona a Fiscaliza\u00e7\u00e3o do CREFITO-10:<\/strong><br>Existem basicamente dois modos: fiscaliza\u00e7\u00e3o de rotina e mediante provoca\u00e7\u00e3o do CREFITO-10.<br>A primeira \u00e9 aquela realizada no dia-a-dia, mediante planejamento, organizada por munic\u00edpios ou regi\u00f5es. O processo de identifica\u00e7\u00e3o dos estabelecimentos se d\u00e1 pelo acesso ao cadastro do CREFITO-10, pesquisa em s\u00edtios eletr\u00f4nicos de busca e de relacionamento, na imprensa de forma geral ou quaisquer meios que permitam localizar locais onde haja servi\u00e7os de Fisioterapia ou de Terapia Ocupacional; ou ainda, quando j\u00e1 na cidade, identificados estabelecimentos n\u00e3o registrados.<br>A fiscaliza\u00e7\u00e3o mediante provoca\u00e7\u00e3o acontece quando o DEFIS toma ci\u00eancia de local, fato, ou situa\u00e7\u00e3o em que haja suspeita ou certeza de irregularidade. Identificada a situa\u00e7\u00e3o potencialmente danosa ao cidad\u00e3o ou \u00e0s profiss\u00f5es, o agente fiscal faz a dilig\u00eancia, tomando as medidas cab\u00edveis e\/ou denunciando \u00e0 autoridade competente.<\/p>\n<p><strong>Como denunciar:<\/strong><br>A den\u00fancia \u2013 tamb\u00e9m chamada representa\u00e7\u00e3o \u2013 deve seguir as regras estabelecidas no C\u00f3digo de Processo \u00c9tico-Disciplinar da Fisioterapia (Resolu\u00e7\u00e3o COFFITO 424\/13) e da Terapia Ocupacional (Resolu\u00e7\u00e3o COFFITO 423\/2013):<br>Art.3\u00ba Par\u00e1grafo \u00danico: A representa\u00e7\u00e3o, noticiando fatos que configurem infra\u00e7\u00e3o \u00e9tico-disciplinar, poder\u00e1 ser oferecida por qualquer pessoa.<br>Art. 4\u00ba- S\u00e3o requisitos da representa\u00e7\u00e3o:<br>I &#8211; Qualifica\u00e7\u00e3o do representante e das testemunhas, se houver;<br>II \u2013 Identifica\u00e7\u00e3o do representado e das testemunhas, se houver;<br>III &#8211; Exposi\u00e7\u00e3o de fatos e todas as circunst\u00e2ncias infracionais.<br>\u00a7 \u00danico: A representa\u00e7\u00e3o an\u00f4nima dever\u00e1 conter, obrigatoriamente, indica\u00e7\u00e3o de fatos e todas as circunst\u00e2ncias infracionais.<br>Uma vez acolhida, a den\u00fancia \u00e9 investigada, e, em sendo atestada a irregularidade, posteriormente \u00e9 instaurado o Processo \u00c9tico-Disciplinar (Resolu\u00e7\u00e3o COFFITO 423\/2013 e Resolu\u00e7\u00e3o 424\/2013) podendo acarretar puni\u00e7\u00f5es que poder\u00e3o ser de advert\u00eancia at\u00e9 o cancelamento do registro profissional.<\/p>\n<p><strong>Coordena\u00e7\u00e3o<\/strong><\/p>\n<p>Daiene Muza<\/p>\n<p><\/p>\n<p><strong>Agentes fiscais<\/strong><\/p>\n<p>Arnaldo Calvin Klein<br>Cyntia Akemi Nagamine&nbsp;<br>Daiene Muza<br>Isabella Xavier Peixoto Nunes<br><span style=\"font-family: var( --e-global-typography-text-font-family ), Sans-serif;\"><span style=\"font-size: 1rem; font-weight: var( --e-global-typography-text-font-weight );\">Marcelo Prado Mendes<br><\/span><\/span><span style=\"font-family: var( --e-global-typography-text-font-family ), Sans-serif; font-weight: var( --e-global-typography-text-font-weight ); font-size: 1rem;\">Otaviane Soares Pinheiro<br><\/span><span style=\"font-family: var( --e-global-typography-text-font-family ), Sans-serif; font-weight: var( --e-global-typography-text-font-weight ); font-size: 1rem;\">Paula Negr\u00e3o da Silva<\/span><\/p>\n<p><strong>Contato e Den\u00fancias:<\/strong><br>E-mail: crefito10@crefito10.org.br e defis@crefito10.org.br Fone: (48) 3225-3329<\/p>\t\t\t\t\t\t\t\t<\/div>\n\t\t\t\t<\/div>\n\t\t\t\t\t<\/div>\n\t\t<\/div>\n\t\t\t\t\t<\/div>\n\t\t<\/section>\n\t\t\t\t<\/div>\n\t\t","protected":false},"excerpt":{"rendered":"<p>Share on facebook Share on email Share on whatsapp Fiscaliza\u00e7\u00e3o Fundamenta\u00e7\u00e3o legal:A Lei 6.316\/75 regulamenta a fun\u00e7\u00e3o de fiscaliza\u00e7\u00e3o dos CREFITOs: Art. 1\u00ba. S\u00e3o criados o Conselho Federal e os [&hellip;]<\/p>\n","protected":false},"author":1,"featured_media":0,"parent":0,"menu_order":0,"comment_status":"closed","ping_status":"closed","template":"elementor_header_footer","meta":{"footnotes":""},"class_list":["post-1152","page","type-page","status-publish","hentry"],"yoast_head":"<!-- This site is optimized with the Yoast SEO plugin v27.3 - https:\/\/yoast.com\/product\/yoast-seo-wordpress\/ -->\n<title>O Crefito-10 | Fiscaliza\u00e7\u00e3o - CREFITO10<\/title>\n<meta name=\"robots\" content=\"index, follow, max-snippet:-1, max-image-preview:large, max-video-preview:-1\" \/>\n<link rel=\"canonical\" href=\"https:\/\/crefito10.org.br\/portal\/index.php\/o-crefito-10-fiscalizacao\/\" \/>\n<meta property=\"og:locale\" content=\"pt_BR\" \/>\n<meta property=\"og:type\" content=\"article\" \/>\n<meta property=\"og:title\" content=\"O Crefito-10 | Fiscaliza\u00e7\u00e3o - CREFITO10\" \/>\n<meta property=\"og:description\" content=\"Share on facebook Share on email Share on whatsapp Fiscaliza\u00e7\u00e3o Fundamenta\u00e7\u00e3o legal:A Lei 6.316\/75 regulamenta a fun\u00e7\u00e3o de fiscaliza\u00e7\u00e3o dos CREFITOs: Art. 1\u00ba. S\u00e3o criados o Conselho Federal e os [&hellip;]\" \/>\n<meta property=\"og:url\" content=\"https:\/\/crefito10.org.br\/portal\/index.php\/o-crefito-10-fiscalizacao\/\" \/>\n<meta property=\"og:site_name\" content=\"CREFITO10\" \/>\n<meta property=\"article:modified_time\" content=\"2025-04-07T14:31:25+00:00\" \/>\n<meta name=\"twitter:card\" content=\"summary_large_image\" \/>\n<meta name=\"twitter:label1\" content=\"Est. tempo de leitura\" \/>\n\t<meta name=\"twitter:data1\" content=\"3 minutos\" \/>\n<script type=\"application\/ld+json\" class=\"yoast-schema-graph\">{\"@context\":\"https:\\\/\\\/schema.org\",\"@graph\":[{\"@type\":\"WebPage\",\"@id\":\"https:\\\/\\\/crefito10.org.br\\\/portal\\\/index.php\\\/o-crefito-10-fiscalizacao\\\/\",\"url\":\"https:\\\/\\\/crefito10.org.br\\\/portal\\\/index.php\\\/o-crefito-10-fiscalizacao\\\/\",\"name\":\"O Crefito-10 | Fiscaliza\u00e7\u00e3o - CREFITO10\",\"isPartOf\":{\"@id\":\"https:\\\/\\\/crefito10.org.br\\\/portal\\\/#website\"},\"datePublished\":\"2022-03-03T23:58:44+00:00\",\"dateModified\":\"2025-04-07T14:31:25+00:00\",\"breadcrumb\":{\"@id\":\"https:\\\/\\\/crefito10.org.br\\\/portal\\\/index.php\\\/o-crefito-10-fiscalizacao\\\/#breadcrumb\"},\"inLanguage\":\"pt-BR\",\"potentialAction\":[{\"@type\":\"ReadAction\",\"target\":[\"https:\\\/\\\/crefito10.org.br\\\/portal\\\/index.php\\\/o-crefito-10-fiscalizacao\\\/\"]}]},{\"@type\":\"BreadcrumbList\",\"@id\":\"https:\\\/\\\/crefito10.org.br\\\/portal\\\/index.php\\\/o-crefito-10-fiscalizacao\\\/#breadcrumb\",\"itemListElement\":[{\"@type\":\"ListItem\",\"position\":1,\"name\":\"In\u00edcio\",\"item\":\"https:\\\/\\\/crefito10.org.br\\\/portal\\\/\"},{\"@type\":\"ListItem\",\"position\":2,\"name\":\"O Crefito-10 | Fiscaliza\u00e7\u00e3o\"}]},{\"@type\":\"WebSite\",\"@id\":\"https:\\\/\\\/crefito10.org.br\\\/portal\\\/#website\",\"url\":\"https:\\\/\\\/crefito10.org.br\\\/portal\\\/\",\"name\":\"CREFITO-10\",\"description\":\"\",\"publisher\":{\"@id\":\"https:\\\/\\\/crefito10.org.br\\\/portal\\\/#organization\"},\"potentialAction\":[{\"@type\":\"SearchAction\",\"target\":{\"@type\":\"EntryPoint\",\"urlTemplate\":\"https:\\\/\\\/crefito10.org.br\\\/portal\\\/?s={search_term_string}\"},\"query-input\":{\"@type\":\"PropertyValueSpecification\",\"valueRequired\":true,\"valueName\":\"search_term_string\"}}],\"inLanguage\":\"pt-BR\"},{\"@type\":\"Organization\",\"@id\":\"https:\\\/\\\/crefito10.org.br\\\/portal\\\/#organization\",\"name\":\"CREFITO-10\",\"url\":\"https:\\\/\\\/crefito10.org.br\\\/portal\\\/\",\"logo\":{\"@type\":\"ImageObject\",\"inLanguage\":\"pt-BR\",\"@id\":\"https:\\\/\\\/crefito10.org.br\\\/portal\\\/#\\\/schema\\\/logo\\\/image\\\/\",\"url\":\"https:\\\/\\\/crefito10.org.br\\\/portal\\\/wp-content\\\/uploads\\\/2022\\\/02\\\/WhatsApp-Image-2022-03-11-at-13.34.44-e1648128473135.jpeg\",\"contentUrl\":\"https:\\\/\\\/crefito10.org.br\\\/portal\\\/wp-content\\\/uploads\\\/2022\\\/02\\\/WhatsApp-Image-2022-03-11-at-13.34.44-e1648128473135.jpeg\",\"width\":139,\"height\":25,\"caption\":\"CREFITO-10\"},\"image\":{\"@id\":\"https:\\\/\\\/crefito10.org.br\\\/portal\\\/#\\\/schema\\\/logo\\\/image\\\/\"},\"sameAs\":[\"https:\\\/\\\/www.instagram.com\\\/crefito10\"]}]}<\/script>\n<!-- \/ Yoast SEO plugin. -->","yoast_head_json":{"title":"O Crefito-10 | Fiscaliza\u00e7\u00e3o - CREFITO10","robots":{"index":"index","follow":"follow","max-snippet":"max-snippet:-1","max-image-preview":"max-image-preview:large","max-video-preview":"max-video-preview:-1"},"canonical":"https:\/\/crefito10.org.br\/portal\/index.php\/o-crefito-10-fiscalizacao\/","og_locale":"pt_BR","og_type":"article","og_title":"O Crefito-10 | Fiscaliza\u00e7\u00e3o - CREFITO10","og_description":"Share on facebook Share on email Share on whatsapp Fiscaliza\u00e7\u00e3o Fundamenta\u00e7\u00e3o legal:A Lei 6.316\/75 regulamenta a fun\u00e7\u00e3o de fiscaliza\u00e7\u00e3o dos CREFITOs: Art. 1\u00ba. S\u00e3o criados o Conselho Federal e os [&hellip;]","og_url":"https:\/\/crefito10.org.br\/portal\/index.php\/o-crefito-10-fiscalizacao\/","og_site_name":"CREFITO10","article_modified_time":"2025-04-07T14:31:25+00:00","twitter_card":"summary_large_image","twitter_misc":{"Est. tempo de leitura":"3 minutos"},"schema":{"@context":"https:\/\/schema.org","@graph":[{"@type":"WebPage","@id":"https:\/\/crefito10.org.br\/portal\/index.php\/o-crefito-10-fiscalizacao\/","url":"https:\/\/crefito10.org.br\/portal\/index.php\/o-crefito-10-fiscalizacao\/","name":"O Crefito-10 | Fiscaliza\u00e7\u00e3o - CREFITO10","isPartOf":{"@id":"https:\/\/crefito10.org.br\/portal\/#website"},"datePublished":"2022-03-03T23:58:44+00:00","dateModified":"2025-04-07T14:31:25+00:00","breadcrumb":{"@id":"https:\/\/crefito10.org.br\/portal\/index.php\/o-crefito-10-fiscalizacao\/#breadcrumb"},"inLanguage":"pt-BR","potentialAction":[{"@type":"ReadAction","target":["https:\/\/crefito10.org.br\/portal\/index.php\/o-crefito-10-fiscalizacao\/"]}]},{"@type":"BreadcrumbList","@id":"https:\/\/crefito10.org.br\/portal\/index.php\/o-crefito-10-fiscalizacao\/#breadcrumb","itemListElement":[{"@type":"ListItem","position":1,"name":"In\u00edcio","item":"https:\/\/crefito10.org.br\/portal\/"},{"@type":"ListItem","position":2,"name":"O Crefito-10 | Fiscaliza\u00e7\u00e3o"}]},{"@type":"WebSite","@id":"https:\/\/crefito10.org.br\/portal\/#website","url":"https:\/\/crefito10.org.br\/portal\/","name":"CREFITO-10","description":"","publisher":{"@id":"https:\/\/crefito10.org.br\/portal\/#organization"},"potentialAction":[{"@type":"SearchAction","target":{"@type":"EntryPoint","urlTemplate":"https:\/\/crefito10.org.br\/portal\/?s={search_term_string}"},"query-input":{"@type":"PropertyValueSpecification","valueRequired":true,"valueName":"search_term_string"}}],"inLanguage":"pt-BR"},{"@type":"Organization","@id":"https:\/\/crefito10.org.br\/portal\/#organization","name":"CREFITO-10","url":"https:\/\/crefito10.org.br\/portal\/","logo":{"@type":"ImageObject","inLanguage":"pt-BR","@id":"https:\/\/crefito10.org.br\/portal\/#\/schema\/logo\/image\/","url":"https:\/\/crefito10.org.br\/portal\/wp-content\/uploads\/2022\/02\/WhatsApp-Image-2022-03-11-at-13.34.44-e1648128473135.jpeg","contentUrl":"https:\/\/crefito10.org.br\/portal\/wp-content\/uploads\/2022\/02\/WhatsApp-Image-2022-03-11-at-13.34.44-e1648128473135.jpeg","width":139,"height":25,"caption":"CREFITO-10"},"image":{"@id":"https:\/\/crefito10.org.br\/portal\/#\/schema\/logo\/image\/"},"sameAs":["https:\/\/www.instagram.com\/crefito10"]}]}},"_links":{"self":[{"href":"https:\/\/crefito10.org.br\/portal\/index.php\/wp-json\/wp\/v2\/pages\/1152","targetHints":{"allow":["GET"]}}],"collection":[{"href":"https:\/\/crefito10.org.br\/portal\/index.php\/wp-json\/wp\/v2\/pages"}],"about":[{"href":"https:\/\/crefito10.org.br\/portal\/index.php\/wp-json\/wp\/v2\/types\/page"}],"author":[{"embeddable":true,"href":"https:\/\/crefito10.org.br\/portal\/index.php\/wp-json\/wp\/v2\/users\/1"}],"replies":[{"embeddable":true,"href":"https:\/\/crefito10.org.br\/portal\/index.php\/wp-json\/wp\/v2\/comments?post=1152"}],"version-history":[{"count":6,"href":"https:\/\/crefito10.org.br\/portal\/index.php\/wp-json\/wp\/v2\/pages\/1152\/revisions"}],"predecessor-version":[{"id":5417,"href":"https:\/\/crefito10.org.br\/portal\/index.php\/wp-json\/wp\/v2\/pages\/1152\/revisions\/5417"}],"wp:attachment":[{"href":"https:\/\/crefito10.org.br\/portal\/index.php\/wp-json\/wp\/v2\/media?parent=1152"}],"curies":[{"name":"wp","href":"https:\/\/api.w.org\/{rel}","templated":true}]}}