{"id":1100,"date":"2022-03-03T20:31:06","date_gmt":"2022-03-03T23:31:06","guid":{"rendered":"https:\/\/crefito10.org.br\/portal\/?page_id=1100"},"modified":"2023-05-04T12:55:23","modified_gmt":"2023-05-04T15:55:23","slug":"fisioterapia-simbolo","status":"publish","type":"page","link":"https:\/\/crefito10.org.br\/portal\/index.php\/fisioterapia-simbolo\/","title":{"rendered":"Fisioterapia | S\u00edmbolo"},"content":{"rendered":"\t\t<div data-elementor-type=\"wp-page\" data-elementor-id=\"1100\" class=\"elementor elementor-1100\">\n\t\t\t\t\t\t<section class=\"elementor-section elementor-top-section elementor-element elementor-element-535b7d3 elementor-section-height-min-height elementor-section-items-top elementor-section-boxed elementor-section-height-default\" data-id=\"535b7d3\" data-element_type=\"section\" data-e-type=\"section\">\n\t\t\t\t\t\t<div class=\"elementor-container elementor-column-gap-default\">\n\t\t\t\t\t<div class=\"elementor-column elementor-col-100 elementor-top-column elementor-element elementor-element-6bc352bb\" data-id=\"6bc352bb\" data-element_type=\"column\" data-e-type=\"column\">\n\t\t\t<div class=\"elementor-widget-wrap elementor-element-populated\">\n\t\t\t\t\t\t<div class=\"elementor-element elementor-element-2b337447 elementor-share-buttons--view-icon elementor-share-buttons--shape-circle elementor-share-buttons--align-right elementor-share-buttons--skin-gradient elementor-grid-0 elementor-share-buttons--color-official elementor-widget elementor-widget-share-buttons\" data-id=\"2b337447\" data-element_type=\"widget\" data-e-type=\"widget\" data-widget_type=\"share-buttons.default\">\n\t\t\t\t<div class=\"elementor-widget-container\">\n\t\t\t\t\t\t\t<div class=\"elementor-grid\">\n\t\t\t\t\t\t\t\t<div class=\"elementor-grid-item\">\n\t\t\t\t\t\t<div class=\"elementor-share-btn elementor-share-btn_facebook\">\n\t\t\t\t\t\t\t\t\t\t\t\t\t\t\t<span class=\"elementor-share-btn__icon\">\n\t\t\t\t\t\t\t\t<i class=\"fab fa-facebook\" aria-hidden=\"true\"><\/i>\t\t\t\t\t\t\t\t<span\n\t\t\t\t\t\t\t\t\tclass=\"elementor-screen-only\">Share on facebook<\/span>\n\t\t\t\t\t\t\t<\/span>\n\t\t\t\t\t\t\t\t\t\t\t\t\t\t\t\t\t\t\t\t<\/div>\n\t\t\t\t\t<\/div>\n\t\t\t\t\t\t\t\t\t<div class=\"elementor-grid-item\">\n\t\t\t\t\t\t<div class=\"elementor-share-btn elementor-share-btn_email\">\n\t\t\t\t\t\t\t\t\t\t\t\t\t\t\t<span class=\"elementor-share-btn__icon\">\n\t\t\t\t\t\t\t\t<i class=\"fas fa-envelope\" aria-hidden=\"true\"><\/i>\t\t\t\t\t\t\t\t<span\n\t\t\t\t\t\t\t\t\tclass=\"elementor-screen-only\">Share on email<\/span>\n\t\t\t\t\t\t\t<\/span>\n\t\t\t\t\t\t\t\t\t\t\t\t\t\t\t\t\t\t\t\t<\/div>\n\t\t\t\t\t<\/div>\n\t\t\t\t\t\t\t\t\t<div class=\"elementor-grid-item\">\n\t\t\t\t\t\t<div class=\"elementor-share-btn elementor-share-btn_whatsapp\">\n\t\t\t\t\t\t\t\t\t\t\t\t\t\t\t<span class=\"elementor-share-btn__icon\">\n\t\t\t\t\t\t\t\t<i class=\"fab fa-whatsapp\" aria-hidden=\"true\"><\/i>\t\t\t\t\t\t\t\t<span\n\t\t\t\t\t\t\t\t\tclass=\"elementor-screen-only\">Share on whatsapp<\/span>\n\t\t\t\t\t\t\t<\/span>\n\t\t\t\t\t\t\t\t\t\t\t\t\t\t\t\t\t\t\t\t<\/div>\n\t\t\t\t\t<\/div>\n\t\t\t\t\t\t<\/div>\n\t\t\t\t\t\t<\/div>\n\t\t\t\t<\/div>\n\t\t\t\t<div class=\"elementor-element elementor-element-4544d675 elementor-widget elementor-widget-heading\" data-id=\"4544d675\" data-element_type=\"widget\" data-e-type=\"widget\" data-widget_type=\"heading.default\">\n\t\t\t\t<div class=\"elementor-widget-container\">\n\t\t\t\t\t<h2 class=\"elementor-heading-title elementor-size-default\">S\u00edmbolo<\/h2>\t\t\t\t<\/div>\n\t\t\t\t<\/div>\n\t\t\t\t<div class=\"elementor-element elementor-element-1e9a7a8 elementor-widget elementor-widget-image\" data-id=\"1e9a7a8\" data-element_type=\"widget\" data-e-type=\"widget\" data-widget_type=\"image.default\">\n\t\t\t\t<div class=\"elementor-widget-container\">\n\t\t\t\t\t\t\t\t\t\t\t\t\t\t\t<img decoding=\"async\" src=\"http:\/\/www.crefito10.org.br\/cmslite\/userfiles\/image\/Fisiobr.JPG\" title=\"\" alt=\"\" loading=\"lazy\" \/>\t\t\t\t\t\t\t\t\t\t\t\t\t\t\t<\/div>\n\t\t\t\t<\/div>\n\t\t\t\t<div class=\"elementor-element elementor-element-2c5c6498 elementor-widget elementor-widget-text-editor\" data-id=\"2c5c6498\" data-element_type=\"widget\" data-e-type=\"widget\" data-widget_type=\"text-editor.default\">\n\t\t\t\t<div class=\"elementor-widget-container\">\n\t\t\t\t\t\t\t\t\t<p>Download: <a href=\"http:\/\/www.crefito10.org.br\/cmslite\/userfiles\/file\/downloads\/SFTCDR.zip\">CDR<\/a>, <a href=\"https:\/\/www.crefito10.org.br\/cmslite\/userfiles\/image\/Fisiobr.jpeg\" target=\"_blank\" rel=\"noopener\">JPG<\/a>, <a href=\"http:\/\/www.crefito10.org.br\/cmslite\/userfiles\/file\/slides_simbolofisioterapia.pdf\">SLIDE SOBRE S\u00cdMBOLOS<\/a><\/p>\t\t\t\t\t\t\t\t<\/div>\n\t\t\t\t<\/div>\n\t\t\t\t<div class=\"elementor-element elementor-element-73a055b elementor-widget elementor-widget-text-editor\" data-id=\"73a055b\" data-element_type=\"widget\" data-e-type=\"widget\" data-widget_type=\"text-editor.default\">\n\t\t\t\t<div class=\"elementor-widget-container\">\n\t\t\t\t\t\t\t\t\t<div><span style=\"color: #000000;\"><b>CONSELHO FEDERAL DE FISIOTERAPIA E TERAPIA OCUPACIONAL<\/b><\/span><\/div><div><span style=\"color: #000000;\"><b>\u00a0<\/b><\/span><\/div><div><span style=\"color: #000000;\"><b>\u00a0<\/b><\/span><\/div><div><span style=\"color: #000000;\"><b>RESOLU\u00c7\u00c3O N\u00ba. 232, DE <\/b><b>27 DE DEZEMBRO DE 2002.<\/b><\/span><\/div><div><span style=\"font-size: small; color: #000000;\">(D.O.U. N\u00ba 40, DE 28\/02\/02, SE\u00c7\u00c3O I, P\u00c1GINAS 194\/195)<\/span><\/div><div>\u00a0<\/div><div>\u00a0<\/div><div><span style=\"color: #000000;\">Disp\u00f5e sobre o S\u00edmbolo Oficial da Fisioterapia e d\u00e1 outras provid\u00eancias.<\/span><\/div><div>\u00a0<\/div><div><span style=\"color: #000000;\">O Plen\u00e1rio do CONSELHO FEDERAL DE FISIOTERAPIA E TERAPIA OCUPACIONAL \u2013 COFFITO, no exerc\u00edcio de suas atribui\u00e7\u00f5es legais e regimentais, na 97\u00aa Reuni\u00e3o Ordin\u00e1ria, realizada aos dias 08, 09 e 10 de janeiro de 2002, na sede da Institui\u00e7\u00e3o, SRTS &#8211; Quadra 701 &#8211; Conj. L &#8211; Edif\u00edcio Assis Chateaubriand, Bloco II, Salas 602\/614, Bras\u00edlia \u2013 DF., em conformidade com a compet\u00eancia prevista no inciso II, do Art. 5\u00ba, da Lei n\u00ba 6.316, de 17.12.1975; <u>RESOLVE:<\/u><\/span><\/div><div><span style=\"color: #000000;\"><b>Art. 1\u00ba<\/b> &#8211; Ficam aprovados e oficializados o s\u00edmbolo, o anel de grau e o manual de identidade visual da Fisioterapia:<\/span><\/div><div><span style=\"color: #000000;\"><b>I \u2013 <u>S\u00cdMBOLO<\/u>:<\/b><\/span><\/div><div><span style=\"color: #000000;\">a) RAIO &#8211; com comprimento de 9.5\/10 do eixo maior interno do CAMAFEU (elipse), tendo nas extremidades superior e inferior largura zero e em sua parte mais ampla 0.5\/10 do eixo citado; com impress\u00e3o em 4 (quatro) cores, em escala CMYK na cor dourado (C7\/M3O\/Y100\/K15);<\/span><\/div><div><span style=\"color: #000000;\">b) SERPENTES &#8211; enrolar-se-\u00e3o no raio de cima para baixo, uma da esquerda para a direita e a outra da direita para a esquerda em forma el\u00edptica, passando pela frente, por tr\u00e1s, pela frente e parte superior e inferior do raio respectivamente, tendo a maior dist\u00e2ncia entre elas de 4\/10 do eixo maior interno do Camafeu e na parte superior da extremidade do raio \u00e0 dist\u00e2ncia de 1.2\/10 do eixo maior interno do Camafeu e na parte inferior da extremidade do raio \u00e0 dist\u00e2ncia de 0.3\/10\u00a0do eixo maior interno do Camafeu, com impress\u00e3o em 4(quatro) cores, escala CMYK, nas cores: verde (C100\/M0\/Y90\/K40) e preta (K100);<\/span><\/div><div><span style=\"color: #000000;\">c) CAMAFEU \u2013 ter\u00e1 na borda a largura de 0.5\/10 do seu eixo maior interno (eixo vertical) e, no seu eixo menor interno (eixo horizontal) o comprimento de 8\/10 da referida medida com impress\u00e3o de sua borda em quatro cores, escala CMYK, nas cores: marrom (C60\/M70\/Y80\/K10) e preta (K100), em fundo branco;<\/span><\/div><div><span style=\"color: #000000;\">d) A inscri\u00e7\u00e3o das palavras Fisioterapeuta ou Fisioterapia, ter\u00e1 o comprimento de 2.4\/10 e 2\/10 do eixo maior interno do Camafeu respectivamente, arqueado para baixo, acompanhando a linha do desenho, com impress\u00e3o a 04 (quatro) cores em escala CMYK, na cor preta (K100).<\/span><\/div><div><span style=\"color: #000000;\"><b>II \u2013 <u>ANEL<\/u><\/b> \u2013 uma esmeralda engastada em aro de ouro, ostentando de um lado duas serpentes entrela\u00e7adas e do outro a figura do raio, ambos na forma decomposta do s\u00edmbolo aprovado nesta resolu\u00e7\u00e3o;<\/span><\/div><div><span style=\"color: #000000;\"><b>Art. 2\u00ba<\/b> &#8211; O S\u00edmbolo Oficial da Fisioterapia, ora aprovado, \u00e9 propriedade cultural da classe dos Fisioterapeutas e seu uso ser\u00e1 autorizado, controlado e supervisionado pelo COFFITO.<\/span><\/div><div><span style=\"color: #000000;\"><b>Art. 3\u00ba<\/b> &#8211; O S\u00edmbolo Oficial da Fisioterapia, descrito nesta Resolu\u00e7\u00e3o, tem seu uso autorizado:<\/span><\/div><div><span style=\"color: #000000;\">I \u2013 no \u00e2mbito do Sistema COFFITO\/CREFITOs;<\/span><\/div><div><span style=\"color: #000000;\">II \u2013 nas For\u00e7as Armadas, nas Pol\u00edcias Militares e Corpos de Bombeiros Militares como ins\u00edgnia profissional de indiv\u00edduo com patente de oficial,\u00a0graduado em grau universit\u00e1rio superior em Fisioterapia;<\/span><\/div><div><span style=\"color: #000000;\">III \u2013 por profissionais Fisioterapeutas com registro em CREFITO.<\/span><\/div><div><span style=\"color: #000000;\">IV \u2013 por pessoas f\u00edsicas ou jur\u00eddicas, desde que expressamente autorizadas pelo COFFITO.<\/span><\/div><div><span style=\"color: #000000;\"><b>Art. 4<\/b>\u00ba &#8211; O S\u00edmbolo Oficial da Fisioterapia poder\u00e1 ser utilizado como segundo bras\u00e3o nos documentos oficiais do COFFITO e dos CREFITOs.<\/span><\/div><div><span style=\"color: #000000;\"><b>Art. 5\u00ba<\/b> &#8211; O Manual de Identidade Visual\u00a0poder\u00e1 ser obtido junto ao COFFITO e CREFITOs;<\/span><\/div><div><span style=\"color: #000000;\"><b>Art. 6\u00ba<\/b> &#8211; Os casos omissos ser\u00e3o deliberados pelo Plen\u00e1rio do COFFITO.<\/span><\/div><div><span style=\"color: #000000;\"><b>Art. 7\u00ba<\/b> &#8211; Esta Resolu\u00e7\u00e3o entra em vigor na data da sua publica\u00e7\u00e3o, revogadas as disposi\u00e7\u00f5es em contr\u00e1rio.<\/span><\/div><div>\u00a0<\/div><div style=\"text-align: center;\"><span style=\"color: #000000;\">RUY GALLART DE MENEZES<\/span><\/div><div style=\"text-align: center;\"><span style=\"color: #000000;\">Presidente<\/span><\/div><div style=\"text-align: center;\">\u00a0<\/div><div style=\"text-align: center;\"><span style=\"color: #000000;\">C\u00c9LIA RODRIGUES CUNHA<\/span><\/div><div style=\"text-align: center;\"><span style=\"color: #000000;\">Diretora-Secretaria<\/span><\/div>\t\t\t\t\t\t\t\t<\/div>\n\t\t\t\t<\/div>\n\t\t\t\t\t<\/div>\n\t\t<\/div>\n\t\t\t\t\t<\/div>\n\t\t<\/section>\n\t\t\t\t<\/div>\n\t\t","protected":false},"excerpt":{"rendered":"<p>Share on facebook Share on email Share on whatsapp S\u00edmbolo Download: CDR, JPG, SLIDE SOBRE S\u00cdMBOLOS CONSELHO FEDERAL DE FISIOTERAPIA E TERAPIA OCUPACIONAL\u00a0\u00a0RESOLU\u00c7\u00c3O N\u00ba. 232, DE 27 DE DEZEMBRO DE [&hellip;]<\/p>\n","protected":false},"author":1,"featured_media":0,"parent":0,"menu_order":0,"comment_status":"closed","ping_status":"closed","template":"elementor_header_footer","meta":{"footnotes":""},"class_list":["post-1100","page","type-page","status-publish","hentry"],"yoast_head":"<!-- This site is optimized with the Yoast SEO plugin v27.4 - https:\/\/yoast.com\/product\/yoast-seo-wordpress\/ -->\n<title>Fisioterapia | S\u00edmbolo - CREFITO10<\/title>\n<meta name=\"robots\" content=\"index, follow, max-snippet:-1, max-image-preview:large, max-video-preview:-1\" \/>\n<link rel=\"canonical\" href=\"https:\/\/crefito10.org.br\/portal\/index.php\/fisioterapia-simbolo\/\" \/>\n<meta property=\"og:locale\" content=\"pt_BR\" \/>\n<meta property=\"og:type\" content=\"article\" \/>\n<meta property=\"og:title\" content=\"Fisioterapia | S\u00edmbolo - CREFITO10\" \/>\n<meta property=\"og:description\" content=\"Share on facebook Share on email Share on whatsapp S\u00edmbolo Download: CDR, JPG, SLIDE SOBRE S\u00cdMBOLOS CONSELHO FEDERAL DE FISIOTERAPIA E TERAPIA OCUPACIONAL\u00a0\u00a0RESOLU\u00c7\u00c3O N\u00ba. 232, DE 27 DE DEZEMBRO DE [&hellip;]\" \/>\n<meta property=\"og:url\" content=\"https:\/\/crefito10.org.br\/portal\/index.php\/fisioterapia-simbolo\/\" \/>\n<meta property=\"og:site_name\" content=\"CREFITO10\" \/>\n<meta property=\"article:modified_time\" content=\"2023-05-04T15:55:23+00:00\" \/>\n<meta property=\"og:image\" content=\"http:\/\/www.crefito10.org.br\/cmslite\/userfiles\/image\/Fisiobr.JPG\" \/>\n<meta name=\"twitter:card\" content=\"summary_large_image\" \/>\n<meta name=\"twitter:label1\" content=\"Est. tempo de leitura\" \/>\n\t<meta name=\"twitter:data1\" content=\"3 minutos\" \/>\n<script type=\"application\/ld+json\" class=\"yoast-schema-graph\">{\"@context\":\"https:\\\/\\\/schema.org\",\"@graph\":[{\"@type\":\"WebPage\",\"@id\":\"https:\\\/\\\/crefito10.org.br\\\/portal\\\/index.php\\\/fisioterapia-simbolo\\\/\",\"url\":\"https:\\\/\\\/crefito10.org.br\\\/portal\\\/index.php\\\/fisioterapia-simbolo\\\/\",\"name\":\"Fisioterapia | S\u00edmbolo - CREFITO10\",\"isPartOf\":{\"@id\":\"https:\\\/\\\/crefito10.org.br\\\/portal\\\/#website\"},\"primaryImageOfPage\":{\"@id\":\"https:\\\/\\\/crefito10.org.br\\\/portal\\\/index.php\\\/fisioterapia-simbolo\\\/#primaryimage\"},\"image\":{\"@id\":\"https:\\\/\\\/crefito10.org.br\\\/portal\\\/index.php\\\/fisioterapia-simbolo\\\/#primaryimage\"},\"thumbnailUrl\":\"http:\\\/\\\/www.crefito10.org.br\\\/cmslite\\\/userfiles\\\/image\\\/Fisiobr.JPG\",\"datePublished\":\"2022-03-03T23:31:06+00:00\",\"dateModified\":\"2023-05-04T15:55:23+00:00\",\"breadcrumb\":{\"@id\":\"https:\\\/\\\/crefito10.org.br\\\/portal\\\/index.php\\\/fisioterapia-simbolo\\\/#breadcrumb\"},\"inLanguage\":\"pt-BR\",\"potentialAction\":[{\"@type\":\"ReadAction\",\"target\":[\"https:\\\/\\\/crefito10.org.br\\\/portal\\\/index.php\\\/fisioterapia-simbolo\\\/\"]}]},{\"@type\":\"ImageObject\",\"inLanguage\":\"pt-BR\",\"@id\":\"https:\\\/\\\/crefito10.org.br\\\/portal\\\/index.php\\\/fisioterapia-simbolo\\\/#primaryimage\",\"url\":\"http:\\\/\\\/www.crefito10.org.br\\\/cmslite\\\/userfiles\\\/image\\\/Fisiobr.JPG\",\"contentUrl\":\"http:\\\/\\\/www.crefito10.org.br\\\/cmslite\\\/userfiles\\\/image\\\/Fisiobr.JPG\"},{\"@type\":\"BreadcrumbList\",\"@id\":\"https:\\\/\\\/crefito10.org.br\\\/portal\\\/index.php\\\/fisioterapia-simbolo\\\/#breadcrumb\",\"itemListElement\":[{\"@type\":\"ListItem\",\"position\":1,\"name\":\"In\u00edcio\",\"item\":\"https:\\\/\\\/crefito10.org.br\\\/portal\\\/\"},{\"@type\":\"ListItem\",\"position\":2,\"name\":\"Fisioterapia | S\u00edmbolo\"}]},{\"@type\":\"WebSite\",\"@id\":\"https:\\\/\\\/crefito10.org.br\\\/portal\\\/#website\",\"url\":\"https:\\\/\\\/crefito10.org.br\\\/portal\\\/\",\"name\":\"CREFITO-10\",\"description\":\"\",\"publisher\":{\"@id\":\"https:\\\/\\\/crefito10.org.br\\\/portal\\\/#organization\"},\"potentialAction\":[{\"@type\":\"SearchAction\",\"target\":{\"@type\":\"EntryPoint\",\"urlTemplate\":\"https:\\\/\\\/crefito10.org.br\\\/portal\\\/?s={search_term_string}\"},\"query-input\":{\"@type\":\"PropertyValueSpecification\",\"valueRequired\":true,\"valueName\":\"search_term_string\"}}],\"inLanguage\":\"pt-BR\"},{\"@type\":\"Organization\",\"@id\":\"https:\\\/\\\/crefito10.org.br\\\/portal\\\/#organization\",\"name\":\"CREFITO-10\",\"url\":\"https:\\\/\\\/crefito10.org.br\\\/portal\\\/\",\"logo\":{\"@type\":\"ImageObject\",\"inLanguage\":\"pt-BR\",\"@id\":\"https:\\\/\\\/crefito10.org.br\\\/portal\\\/#\\\/schema\\\/logo\\\/image\\\/\",\"url\":\"https:\\\/\\\/crefito10.org.br\\\/portal\\\/wp-content\\\/uploads\\\/2022\\\/02\\\/WhatsApp-Image-2022-03-11-at-13.34.44-e1648128473135.jpeg\",\"contentUrl\":\"https:\\\/\\\/crefito10.org.br\\\/portal\\\/wp-content\\\/uploads\\\/2022\\\/02\\\/WhatsApp-Image-2022-03-11-at-13.34.44-e1648128473135.jpeg\",\"width\":139,\"height\":25,\"caption\":\"CREFITO-10\"},\"image\":{\"@id\":\"https:\\\/\\\/crefito10.org.br\\\/portal\\\/#\\\/schema\\\/logo\\\/image\\\/\"},\"sameAs\":[\"https:\\\/\\\/www.instagram.com\\\/crefito10\"]}]}<\/script>\n<!-- \/ Yoast SEO plugin. -->","yoast_head_json":{"title":"Fisioterapia | S\u00edmbolo - CREFITO10","robots":{"index":"index","follow":"follow","max-snippet":"max-snippet:-1","max-image-preview":"max-image-preview:large","max-video-preview":"max-video-preview:-1"},"canonical":"https:\/\/crefito10.org.br\/portal\/index.php\/fisioterapia-simbolo\/","og_locale":"pt_BR","og_type":"article","og_title":"Fisioterapia | S\u00edmbolo - CREFITO10","og_description":"Share on facebook Share on email Share on whatsapp S\u00edmbolo Download: CDR, JPG, SLIDE SOBRE S\u00cdMBOLOS CONSELHO FEDERAL DE FISIOTERAPIA E TERAPIA OCUPACIONAL\u00a0\u00a0RESOLU\u00c7\u00c3O N\u00ba. 232, DE 27 DE DEZEMBRO DE [&hellip;]","og_url":"https:\/\/crefito10.org.br\/portal\/index.php\/fisioterapia-simbolo\/","og_site_name":"CREFITO10","article_modified_time":"2023-05-04T15:55:23+00:00","og_image":[{"url":"http:\/\/www.crefito10.org.br\/cmslite\/userfiles\/image\/Fisiobr.JPG","type":"","width":"","height":""}],"twitter_card":"summary_large_image","twitter_misc":{"Est. tempo de leitura":"3 minutos"},"schema":{"@context":"https:\/\/schema.org","@graph":[{"@type":"WebPage","@id":"https:\/\/crefito10.org.br\/portal\/index.php\/fisioterapia-simbolo\/","url":"https:\/\/crefito10.org.br\/portal\/index.php\/fisioterapia-simbolo\/","name":"Fisioterapia | S\u00edmbolo - CREFITO10","isPartOf":{"@id":"https:\/\/crefito10.org.br\/portal\/#website"},"primaryImageOfPage":{"@id":"https:\/\/crefito10.org.br\/portal\/index.php\/fisioterapia-simbolo\/#primaryimage"},"image":{"@id":"https:\/\/crefito10.org.br\/portal\/index.php\/fisioterapia-simbolo\/#primaryimage"},"thumbnailUrl":"http:\/\/www.crefito10.org.br\/cmslite\/userfiles\/image\/Fisiobr.JPG","datePublished":"2022-03-03T23:31:06+00:00","dateModified":"2023-05-04T15:55:23+00:00","breadcrumb":{"@id":"https:\/\/crefito10.org.br\/portal\/index.php\/fisioterapia-simbolo\/#breadcrumb"},"inLanguage":"pt-BR","potentialAction":[{"@type":"ReadAction","target":["https:\/\/crefito10.org.br\/portal\/index.php\/fisioterapia-simbolo\/"]}]},{"@type":"ImageObject","inLanguage":"pt-BR","@id":"https:\/\/crefito10.org.br\/portal\/index.php\/fisioterapia-simbolo\/#primaryimage","url":"http:\/\/www.crefito10.org.br\/cmslite\/userfiles\/image\/Fisiobr.JPG","contentUrl":"http:\/\/www.crefito10.org.br\/cmslite\/userfiles\/image\/Fisiobr.JPG"},{"@type":"BreadcrumbList","@id":"https:\/\/crefito10.org.br\/portal\/index.php\/fisioterapia-simbolo\/#breadcrumb","itemListElement":[{"@type":"ListItem","position":1,"name":"In\u00edcio","item":"https:\/\/crefito10.org.br\/portal\/"},{"@type":"ListItem","position":2,"name":"Fisioterapia | S\u00edmbolo"}]},{"@type":"WebSite","@id":"https:\/\/crefito10.org.br\/portal\/#website","url":"https:\/\/crefito10.org.br\/portal\/","name":"CREFITO-10","description":"","publisher":{"@id":"https:\/\/crefito10.org.br\/portal\/#organization"},"potentialAction":[{"@type":"SearchAction","target":{"@type":"EntryPoint","urlTemplate":"https:\/\/crefito10.org.br\/portal\/?s={search_term_string}"},"query-input":{"@type":"PropertyValueSpecification","valueRequired":true,"valueName":"search_term_string"}}],"inLanguage":"pt-BR"},{"@type":"Organization","@id":"https:\/\/crefito10.org.br\/portal\/#organization","name":"CREFITO-10","url":"https:\/\/crefito10.org.br\/portal\/","logo":{"@type":"ImageObject","inLanguage":"pt-BR","@id":"https:\/\/crefito10.org.br\/portal\/#\/schema\/logo\/image\/","url":"https:\/\/crefito10.org.br\/portal\/wp-content\/uploads\/2022\/02\/WhatsApp-Image-2022-03-11-at-13.34.44-e1648128473135.jpeg","contentUrl":"https:\/\/crefito10.org.br\/portal\/wp-content\/uploads\/2022\/02\/WhatsApp-Image-2022-03-11-at-13.34.44-e1648128473135.jpeg","width":139,"height":25,"caption":"CREFITO-10"},"image":{"@id":"https:\/\/crefito10.org.br\/portal\/#\/schema\/logo\/image\/"},"sameAs":["https:\/\/www.instagram.com\/crefito10"]}]}},"_links":{"self":[{"href":"https:\/\/crefito10.org.br\/portal\/index.php\/wp-json\/wp\/v2\/pages\/1100","targetHints":{"allow":["GET"]}}],"collection":[{"href":"https:\/\/crefito10.org.br\/portal\/index.php\/wp-json\/wp\/v2\/pages"}],"about":[{"href":"https:\/\/crefito10.org.br\/portal\/index.php\/wp-json\/wp\/v2\/types\/page"}],"author":[{"embeddable":true,"href":"https:\/\/crefito10.org.br\/portal\/index.php\/wp-json\/wp\/v2\/users\/1"}],"replies":[{"embeddable":true,"href":"https:\/\/crefito10.org.br\/portal\/index.php\/wp-json\/wp\/v2\/comments?post=1100"}],"version-history":[{"count":0,"href":"https:\/\/crefito10.org.br\/portal\/index.php\/wp-json\/wp\/v2\/pages\/1100\/revisions"}],"wp:attachment":[{"href":"https:\/\/crefito10.org.br\/portal\/index.php\/wp-json\/wp\/v2\/media?parent=1100"}],"curies":[{"name":"wp","href":"https:\/\/api.w.org\/{rel}","templated":true}]}}