{"id":1095,"date":"2022-03-03T20:26:35","date_gmt":"2022-03-03T23:26:35","guid":{"rendered":"https:\/\/crefito10.org.br\/portal\/?page_id=1095"},"modified":"2022-03-03T20:27:29","modified_gmt":"2022-03-03T23:27:29","slug":"fisioterapia-juramento","status":"publish","type":"page","link":"https:\/\/crefito10.org.br\/portal\/index.php\/fisioterapia-juramento\/","title":{"rendered":"Fisioterapia | Juramento"},"content":{"rendered":"\t\t<div data-elementor-type=\"wp-page\" data-elementor-id=\"1095\" class=\"elementor elementor-1095\">\n\t\t\t\t\t\t<section class=\"elementor-section elementor-top-section elementor-element elementor-element-5dc8a792 elementor-section-height-min-height elementor-section-items-top elementor-section-boxed elementor-section-height-default\" data-id=\"5dc8a792\" data-element_type=\"section\" data-e-type=\"section\">\n\t\t\t\t\t\t<div class=\"elementor-container elementor-column-gap-default\">\n\t\t\t\t\t<div class=\"elementor-column elementor-col-100 elementor-top-column elementor-element elementor-element-1c29f0e0\" data-id=\"1c29f0e0\" data-element_type=\"column\" data-e-type=\"column\">\n\t\t\t<div class=\"elementor-widget-wrap elementor-element-populated\">\n\t\t\t\t\t\t<div class=\"elementor-element elementor-element-338eeff8 elementor-share-buttons--view-icon elementor-share-buttons--shape-circle elementor-share-buttons--align-right elementor-share-buttons--skin-gradient elementor-grid-0 elementor-share-buttons--color-official elementor-widget elementor-widget-share-buttons\" data-id=\"338eeff8\" data-element_type=\"widget\" data-e-type=\"widget\" data-widget_type=\"share-buttons.default\">\n\t\t\t\t<div class=\"elementor-widget-container\">\n\t\t\t\t\t\t\t<div class=\"elementor-grid\">\n\t\t\t\t\t\t\t\t<div class=\"elementor-grid-item\">\n\t\t\t\t\t\t<div class=\"elementor-share-btn elementor-share-btn_facebook\">\n\t\t\t\t\t\t\t\t\t\t\t\t\t\t\t<span class=\"elementor-share-btn__icon\">\n\t\t\t\t\t\t\t\t<i class=\"fab fa-facebook\" aria-hidden=\"true\"><\/i>\t\t\t\t\t\t\t\t<span\n\t\t\t\t\t\t\t\t\tclass=\"elementor-screen-only\">Share on facebook<\/span>\n\t\t\t\t\t\t\t<\/span>\n\t\t\t\t\t\t\t\t\t\t\t\t\t\t\t\t\t\t\t\t<\/div>\n\t\t\t\t\t<\/div>\n\t\t\t\t\t\t\t\t\t<div class=\"elementor-grid-item\">\n\t\t\t\t\t\t<div class=\"elementor-share-btn elementor-share-btn_email\">\n\t\t\t\t\t\t\t\t\t\t\t\t\t\t\t<span class=\"elementor-share-btn__icon\">\n\t\t\t\t\t\t\t\t<i class=\"fas fa-envelope\" aria-hidden=\"true\"><\/i>\t\t\t\t\t\t\t\t<span\n\t\t\t\t\t\t\t\t\tclass=\"elementor-screen-only\">Share on email<\/span>\n\t\t\t\t\t\t\t<\/span>\n\t\t\t\t\t\t\t\t\t\t\t\t\t\t\t\t\t\t\t\t<\/div>\n\t\t\t\t\t<\/div>\n\t\t\t\t\t\t\t\t\t<div class=\"elementor-grid-item\">\n\t\t\t\t\t\t<div class=\"elementor-share-btn elementor-share-btn_whatsapp\">\n\t\t\t\t\t\t\t\t\t\t\t\t\t\t\t<span class=\"elementor-share-btn__icon\">\n\t\t\t\t\t\t\t\t<i class=\"fab fa-whatsapp\" aria-hidden=\"true\"><\/i>\t\t\t\t\t\t\t\t<span\n\t\t\t\t\t\t\t\t\tclass=\"elementor-screen-only\">Share on whatsapp<\/span>\n\t\t\t\t\t\t\t<\/span>\n\t\t\t\t\t\t\t\t\t\t\t\t\t\t\t\t\t\t\t\t<\/div>\n\t\t\t\t\t<\/div>\n\t\t\t\t\t\t<\/div>\n\t\t\t\t\t\t<\/div>\n\t\t\t\t<\/div>\n\t\t\t\t<div class=\"elementor-element elementor-element-4b9fb224 elementor-widget elementor-widget-heading\" data-id=\"4b9fb224\" data-element_type=\"widget\" data-e-type=\"widget\" data-widget_type=\"heading.default\">\n\t\t\t\t<div class=\"elementor-widget-container\">\n\t\t\t\t\t<h2 class=\"elementor-heading-title elementor-size-default\">Juramento<\/h2>\t\t\t\t<\/div>\n\t\t\t\t<\/div>\n\t\t\t\t<div class=\"elementor-element elementor-element-201e0e91 elementor-widget elementor-widget-text-editor\" data-id=\"201e0e91\" data-element_type=\"widget\" data-e-type=\"widget\" data-widget_type=\"text-editor.default\">\n\t\t\t\t<div class=\"elementor-widget-container\">\n\t\t\t\t\t\t\t\t\t<h4>RESOLU\u00c7\u00c3O CREFITO-10 N.\u00ba 02, de 10 de agosto de 2007<\/h4><div>\u00a0<\/div><div>ADOTA TEXTO DE JURAMENTO PARA\u00a0OS FORMANDOS EM FISIOTERAPIA<\/div><div>\u00a0<\/div><div>O Presidente do CONSELHO REGIONAL DE FISIOTERAPIA E TERAPIA OCUPACIONAL DA 10\u00aa REGI\u00c3O, no exerc\u00edcio das atribui\u00e7\u00f5es legais e regimentais, cumprindo o deliberado na 25\u00aa. Reuni\u00e3o Plen\u00e1ria, realizada nos dias 15 e 16 de junho de 2007 na cidade de Florian\u00f3polis, em conformidade com as compet\u00eancias conferidas pelo artigo 7.\u00ba e incisos, da Lei Federal n.\u00ba 6.316 de 17 de dezembro de 1975 e Resolu\u00e7\u00e3o COFFITO 182, de 25 de novembro de 1997, e,<\/div><div>\u00a0<\/div><div>CONSIDERANDO, a iniciativa dos coordenadores de Cursos de Fisioterapia e de Terapia Ocupacional das Institui\u00e7\u00f5es de Ensino Superior do Estado de Santa Catarina em elaborar pesquisa sobre Juramento;<\/div><div>\u00a0<\/div><div>CONSIDERANDO a inexist\u00eancia de um texto de Juramento oficial, adotado no Sistema COFFITO\/CREFITOs;<\/div><div>\u00a0<\/div><div>CONSIDERANDO que o ato do Juramento configura condi\u00e7\u00e3o de honra empenhada em prol da dignidade e identidade pelo futuro profissional da Fisioterapia;<\/div><div>\u00a0<\/div><div>CONSIDERANDO a exist\u00eancia difusa de Juramentos utilizados nas solenidades de cola\u00e7\u00e3o de grau dos cursos de Fisioterapia;<\/div><div>\u00a0<\/div><div>CONSIDERANDO que o Juramento constitui importante ato simb\u00f3lico de promessa, respeito e lealdade para com o ser humano e a profiss\u00e3o;<\/div><div>\u00a0<\/div><div>CONSIDERANDO que o Juramento consubstancia ato solene invocado em penhor aos valores \u00e9ticos e morais da sociedade;<\/div><div>\u00a0<\/div><div>CONSIDERANDO os princ\u00edpios \u00e9ticos norteadores do C\u00f3digo de \u00c9tica Profissional;<\/div><div>\u00a0<\/div><div>CONSIDERANDO que o Juramento constitui ato de sublime compromisso e relevante comprometimento do formando para com a profiss\u00e3o e a coletividade;<\/div><div>\u00a0<\/div><div>Resolve:<\/div><div>\u00a0<\/div><div>Art. 1\u00ba. Adotar o texto que segue como Termo de Juramento para os Formandos em Fisioterapia:<\/div><div>\u00a0<\/div><div>Art. 2\u00ba. O presente Termo de Juramento constitui iniciativa de car\u00e1ter sugestivo, ficando, portanto, sua ado\u00e7\u00e3o a crit\u00e9rio das institui\u00e7\u00f5es interessadas.<\/div><div>\u00a0<\/div><div><em>Juro, por Deus e minha fam\u00edlia, diante de meus mestres que me dedicarei \u00e0 Fisioterapia com honra dignidade, respeitando a vida humana desde a concep\u00e7\u00e3o at\u00e9 a morte, jamais cooperando em ato que voluntariamente se atente contra ela, ou que coloque em risco a integridade f\u00edsica, ps\u00edquica e social do ser humano; dispondo todo meu conhecimento, talento e intelig\u00eancia para a promo\u00e7\u00e3o, prote\u00e7\u00e3o e recupera\u00e7\u00e3o da sa\u00fade. Repassarei meus conhecimentos sempre que se fizer necess\u00e1rio e agirei com humildade e honestidade.<\/em><\/div><div><em>Assim, eu juro.<\/em><\/div><div>\u00a0<\/div><div>Art. 3\u00ba. Esta Resolu\u00e7\u00e3o entra em vigor na data de sua publica\u00e7\u00e3o.<\/div><div>\u00a0<\/div><div>Florian\u00f3polis, 10 de agosto de 2007.<\/div><div>\u00a0<\/div><div style=\"text-align: center;\">Dr. Paulo Lu\u00eds Crocomo\u00a0\u00a0\u00a0\u00a0\u00a0 Dra. Ana Beatriz Tonon Cherem<\/div><div style=\"text-align: center;\">\u00a0Presidente \u00a0\u00a0\u00a0\u00a0\u00a0\u00a0\u00a0\u00a0\u00a0\u00a0\u00a0\u00a0\u00a0\u00a0\u00a0\u00a0\u00a0\u00a0\u00a0 \u00a0 \u00a0 Diretora Secret\u00e1ria<\/div>\t\t\t\t\t\t\t\t<\/div>\n\t\t\t\t<\/div>\n\t\t\t\t\t<\/div>\n\t\t<\/div>\n\t\t\t\t\t<\/div>\n\t\t<\/section>\n\t\t\t\t<\/div>\n\t\t","protected":false},"excerpt":{"rendered":"<p>Share on facebook Share on email Share on whatsapp Juramento RESOLU\u00c7\u00c3O CREFITO-10 N.\u00ba 02, de 10 de agosto de 2007 \u00a0ADOTA TEXTO DE JURAMENTO PARA\u00a0OS FORMANDOS EM FISIOTERAPIA\u00a0O Presidente do [&hellip;]<\/p>\n","protected":false},"author":1,"featured_media":0,"parent":0,"menu_order":0,"comment_status":"closed","ping_status":"closed","template":"elementor_header_footer","meta":{"footnotes":""},"class_list":["post-1095","page","type-page","status-publish","hentry"],"yoast_head":"<!-- This site is optimized with the Yoast SEO plugin v27.4 - https:\/\/yoast.com\/product\/yoast-seo-wordpress\/ -->\n<title>Fisioterapia | Juramento - CREFITO10<\/title>\n<meta name=\"robots\" content=\"index, follow, max-snippet:-1, max-image-preview:large, max-video-preview:-1\" \/>\n<link rel=\"canonical\" href=\"https:\/\/crefito10.org.br\/portal\/index.php\/fisioterapia-juramento\/\" \/>\n<meta property=\"og:locale\" content=\"pt_BR\" \/>\n<meta property=\"og:type\" content=\"article\" \/>\n<meta property=\"og:title\" content=\"Fisioterapia | Juramento - CREFITO10\" \/>\n<meta property=\"og:description\" content=\"Share on facebook Share on email Share on whatsapp Juramento RESOLU\u00c7\u00c3O CREFITO-10 N.\u00ba 02, de 10 de agosto de 2007 \u00a0ADOTA TEXTO DE JURAMENTO PARA\u00a0OS FORMANDOS EM FISIOTERAPIA\u00a0O Presidente do [&hellip;]\" \/>\n<meta property=\"og:url\" content=\"https:\/\/crefito10.org.br\/portal\/index.php\/fisioterapia-juramento\/\" \/>\n<meta property=\"og:site_name\" content=\"CREFITO10\" \/>\n<meta property=\"article:modified_time\" content=\"2022-03-03T23:27:29+00:00\" \/>\n<meta name=\"twitter:card\" content=\"summary_large_image\" \/>\n<meta name=\"twitter:label1\" content=\"Est. tempo de leitura\" \/>\n\t<meta name=\"twitter:data1\" content=\"2 minutos\" \/>\n<script type=\"application\/ld+json\" class=\"yoast-schema-graph\">{\"@context\":\"https:\\\/\\\/schema.org\",\"@graph\":[{\"@type\":\"WebPage\",\"@id\":\"https:\\\/\\\/crefito10.org.br\\\/portal\\\/index.php\\\/fisioterapia-juramento\\\/\",\"url\":\"https:\\\/\\\/crefito10.org.br\\\/portal\\\/index.php\\\/fisioterapia-juramento\\\/\",\"name\":\"Fisioterapia | Juramento - CREFITO10\",\"isPartOf\":{\"@id\":\"https:\\\/\\\/crefito10.org.br\\\/portal\\\/#website\"},\"datePublished\":\"2022-03-03T23:26:35+00:00\",\"dateModified\":\"2022-03-03T23:27:29+00:00\",\"breadcrumb\":{\"@id\":\"https:\\\/\\\/crefito10.org.br\\\/portal\\\/index.php\\\/fisioterapia-juramento\\\/#breadcrumb\"},\"inLanguage\":\"pt-BR\",\"potentialAction\":[{\"@type\":\"ReadAction\",\"target\":[\"https:\\\/\\\/crefito10.org.br\\\/portal\\\/index.php\\\/fisioterapia-juramento\\\/\"]}]},{\"@type\":\"BreadcrumbList\",\"@id\":\"https:\\\/\\\/crefito10.org.br\\\/portal\\\/index.php\\\/fisioterapia-juramento\\\/#breadcrumb\",\"itemListElement\":[{\"@type\":\"ListItem\",\"position\":1,\"name\":\"In\u00edcio\",\"item\":\"https:\\\/\\\/crefito10.org.br\\\/portal\\\/\"},{\"@type\":\"ListItem\",\"position\":2,\"name\":\"Fisioterapia | Juramento\"}]},{\"@type\":\"WebSite\",\"@id\":\"https:\\\/\\\/crefito10.org.br\\\/portal\\\/#website\",\"url\":\"https:\\\/\\\/crefito10.org.br\\\/portal\\\/\",\"name\":\"CREFITO-10\",\"description\":\"\",\"publisher\":{\"@id\":\"https:\\\/\\\/crefito10.org.br\\\/portal\\\/#organization\"},\"potentialAction\":[{\"@type\":\"SearchAction\",\"target\":{\"@type\":\"EntryPoint\",\"urlTemplate\":\"https:\\\/\\\/crefito10.org.br\\\/portal\\\/?s={search_term_string}\"},\"query-input\":{\"@type\":\"PropertyValueSpecification\",\"valueRequired\":true,\"valueName\":\"search_term_string\"}}],\"inLanguage\":\"pt-BR\"},{\"@type\":\"Organization\",\"@id\":\"https:\\\/\\\/crefito10.org.br\\\/portal\\\/#organization\",\"name\":\"CREFITO-10\",\"url\":\"https:\\\/\\\/crefito10.org.br\\\/portal\\\/\",\"logo\":{\"@type\":\"ImageObject\",\"inLanguage\":\"pt-BR\",\"@id\":\"https:\\\/\\\/crefito10.org.br\\\/portal\\\/#\\\/schema\\\/logo\\\/image\\\/\",\"url\":\"https:\\\/\\\/crefito10.org.br\\\/portal\\\/wp-content\\\/uploads\\\/2022\\\/02\\\/WhatsApp-Image-2022-03-11-at-13.34.44-e1648128473135.jpeg\",\"contentUrl\":\"https:\\\/\\\/crefito10.org.br\\\/portal\\\/wp-content\\\/uploads\\\/2022\\\/02\\\/WhatsApp-Image-2022-03-11-at-13.34.44-e1648128473135.jpeg\",\"width\":139,\"height\":25,\"caption\":\"CREFITO-10\"},\"image\":{\"@id\":\"https:\\\/\\\/crefito10.org.br\\\/portal\\\/#\\\/schema\\\/logo\\\/image\\\/\"},\"sameAs\":[\"https:\\\/\\\/www.instagram.com\\\/crefito10\"]}]}<\/script>\n<!-- \/ Yoast SEO plugin. -->","yoast_head_json":{"title":"Fisioterapia | Juramento - CREFITO10","robots":{"index":"index","follow":"follow","max-snippet":"max-snippet:-1","max-image-preview":"max-image-preview:large","max-video-preview":"max-video-preview:-1"},"canonical":"https:\/\/crefito10.org.br\/portal\/index.php\/fisioterapia-juramento\/","og_locale":"pt_BR","og_type":"article","og_title":"Fisioterapia | Juramento - CREFITO10","og_description":"Share on facebook Share on email Share on whatsapp Juramento RESOLU\u00c7\u00c3O CREFITO-10 N.\u00ba 02, de 10 de agosto de 2007 \u00a0ADOTA TEXTO DE JURAMENTO PARA\u00a0OS FORMANDOS EM FISIOTERAPIA\u00a0O Presidente do [&hellip;]","og_url":"https:\/\/crefito10.org.br\/portal\/index.php\/fisioterapia-juramento\/","og_site_name":"CREFITO10","article_modified_time":"2022-03-03T23:27:29+00:00","twitter_card":"summary_large_image","twitter_misc":{"Est. tempo de leitura":"2 minutos"},"schema":{"@context":"https:\/\/schema.org","@graph":[{"@type":"WebPage","@id":"https:\/\/crefito10.org.br\/portal\/index.php\/fisioterapia-juramento\/","url":"https:\/\/crefito10.org.br\/portal\/index.php\/fisioterapia-juramento\/","name":"Fisioterapia | Juramento - CREFITO10","isPartOf":{"@id":"https:\/\/crefito10.org.br\/portal\/#website"},"datePublished":"2022-03-03T23:26:35+00:00","dateModified":"2022-03-03T23:27:29+00:00","breadcrumb":{"@id":"https:\/\/crefito10.org.br\/portal\/index.php\/fisioterapia-juramento\/#breadcrumb"},"inLanguage":"pt-BR","potentialAction":[{"@type":"ReadAction","target":["https:\/\/crefito10.org.br\/portal\/index.php\/fisioterapia-juramento\/"]}]},{"@type":"BreadcrumbList","@id":"https:\/\/crefito10.org.br\/portal\/index.php\/fisioterapia-juramento\/#breadcrumb","itemListElement":[{"@type":"ListItem","position":1,"name":"In\u00edcio","item":"https:\/\/crefito10.org.br\/portal\/"},{"@type":"ListItem","position":2,"name":"Fisioterapia | Juramento"}]},{"@type":"WebSite","@id":"https:\/\/crefito10.org.br\/portal\/#website","url":"https:\/\/crefito10.org.br\/portal\/","name":"CREFITO-10","description":"","publisher":{"@id":"https:\/\/crefito10.org.br\/portal\/#organization"},"potentialAction":[{"@type":"SearchAction","target":{"@type":"EntryPoint","urlTemplate":"https:\/\/crefito10.org.br\/portal\/?s={search_term_string}"},"query-input":{"@type":"PropertyValueSpecification","valueRequired":true,"valueName":"search_term_string"}}],"inLanguage":"pt-BR"},{"@type":"Organization","@id":"https:\/\/crefito10.org.br\/portal\/#organization","name":"CREFITO-10","url":"https:\/\/crefito10.org.br\/portal\/","logo":{"@type":"ImageObject","inLanguage":"pt-BR","@id":"https:\/\/crefito10.org.br\/portal\/#\/schema\/logo\/image\/","url":"https:\/\/crefito10.org.br\/portal\/wp-content\/uploads\/2022\/02\/WhatsApp-Image-2022-03-11-at-13.34.44-e1648128473135.jpeg","contentUrl":"https:\/\/crefito10.org.br\/portal\/wp-content\/uploads\/2022\/02\/WhatsApp-Image-2022-03-11-at-13.34.44-e1648128473135.jpeg","width":139,"height":25,"caption":"CREFITO-10"},"image":{"@id":"https:\/\/crefito10.org.br\/portal\/#\/schema\/logo\/image\/"},"sameAs":["https:\/\/www.instagram.com\/crefito10"]}]}},"_links":{"self":[{"href":"https:\/\/crefito10.org.br\/portal\/index.php\/wp-json\/wp\/v2\/pages\/1095","targetHints":{"allow":["GET"]}}],"collection":[{"href":"https:\/\/crefito10.org.br\/portal\/index.php\/wp-json\/wp\/v2\/pages"}],"about":[{"href":"https:\/\/crefito10.org.br\/portal\/index.php\/wp-json\/wp\/v2\/types\/page"}],"author":[{"embeddable":true,"href":"https:\/\/crefito10.org.br\/portal\/index.php\/wp-json\/wp\/v2\/users\/1"}],"replies":[{"embeddable":true,"href":"https:\/\/crefito10.org.br\/portal\/index.php\/wp-json\/wp\/v2\/comments?post=1095"}],"version-history":[{"count":0,"href":"https:\/\/crefito10.org.br\/portal\/index.php\/wp-json\/wp\/v2\/pages\/1095\/revisions"}],"wp:attachment":[{"href":"https:\/\/crefito10.org.br\/portal\/index.php\/wp-json\/wp\/v2\/media?parent=1095"}],"curies":[{"name":"wp","href":"https:\/\/api.w.org\/{rel}","templated":true}]}}