{"id":1090,"date":"2022-03-03T20:23:39","date_gmt":"2022-03-03T23:23:39","guid":{"rendered":"https:\/\/crefito10.org.br\/portal\/?page_id=1090"},"modified":"2022-03-03T20:25:59","modified_gmt":"2022-03-03T23:25:59","slug":"fisioterapia-especialidades","status":"publish","type":"page","link":"https:\/\/crefito10.org.br\/portal\/index.php\/fisioterapia-especialidades\/","title":{"rendered":"Fisioterapia | Especialidades"},"content":{"rendered":"\t\t<div data-elementor-type=\"wp-page\" data-elementor-id=\"1090\" class=\"elementor elementor-1090\">\n\t\t\t\t\t\t<section class=\"elementor-section elementor-top-section elementor-element elementor-element-3fb239ce elementor-section-height-min-height elementor-section-items-top elementor-section-boxed elementor-section-height-default\" data-id=\"3fb239ce\" data-element_type=\"section\" data-e-type=\"section\">\n\t\t\t\t\t\t<div class=\"elementor-container elementor-column-gap-default\">\n\t\t\t\t\t<div class=\"elementor-column elementor-col-100 elementor-top-column elementor-element elementor-element-2887cad9\" data-id=\"2887cad9\" data-element_type=\"column\" data-e-type=\"column\">\n\t\t\t<div class=\"elementor-widget-wrap elementor-element-populated\">\n\t\t\t\t\t\t<div class=\"elementor-element elementor-element-413dfa13 elementor-share-buttons--view-icon elementor-share-buttons--shape-circle elementor-share-buttons--align-right elementor-share-buttons--skin-gradient elementor-grid-0 elementor-share-buttons--color-official elementor-widget elementor-widget-share-buttons\" data-id=\"413dfa13\" data-element_type=\"widget\" data-e-type=\"widget\" data-widget_type=\"share-buttons.default\">\n\t\t\t\t<div class=\"elementor-widget-container\">\n\t\t\t\t\t\t\t<div class=\"elementor-grid\">\n\t\t\t\t\t\t\t\t<div class=\"elementor-grid-item\">\n\t\t\t\t\t\t<div class=\"elementor-share-btn elementor-share-btn_facebook\">\n\t\t\t\t\t\t\t\t\t\t\t\t\t\t\t<span class=\"elementor-share-btn__icon\">\n\t\t\t\t\t\t\t\t<i class=\"fab fa-facebook\" aria-hidden=\"true\"><\/i>\t\t\t\t\t\t\t\t<span\n\t\t\t\t\t\t\t\t\tclass=\"elementor-screen-only\">Share on facebook<\/span>\n\t\t\t\t\t\t\t<\/span>\n\t\t\t\t\t\t\t\t\t\t\t\t\t\t\t\t\t\t\t\t<\/div>\n\t\t\t\t\t<\/div>\n\t\t\t\t\t\t\t\t\t<div class=\"elementor-grid-item\">\n\t\t\t\t\t\t<div class=\"elementor-share-btn elementor-share-btn_email\">\n\t\t\t\t\t\t\t\t\t\t\t\t\t\t\t<span class=\"elementor-share-btn__icon\">\n\t\t\t\t\t\t\t\t<i class=\"fas fa-envelope\" aria-hidden=\"true\"><\/i>\t\t\t\t\t\t\t\t<span\n\t\t\t\t\t\t\t\t\tclass=\"elementor-screen-only\">Share on email<\/span>\n\t\t\t\t\t\t\t<\/span>\n\t\t\t\t\t\t\t\t\t\t\t\t\t\t\t\t\t\t\t\t<\/div>\n\t\t\t\t\t<\/div>\n\t\t\t\t\t\t\t\t\t<div class=\"elementor-grid-item\">\n\t\t\t\t\t\t<div class=\"elementor-share-btn elementor-share-btn_whatsapp\">\n\t\t\t\t\t\t\t\t\t\t\t\t\t\t\t<span class=\"elementor-share-btn__icon\">\n\t\t\t\t\t\t\t\t<i class=\"fab fa-whatsapp\" aria-hidden=\"true\"><\/i>\t\t\t\t\t\t\t\t<span\n\t\t\t\t\t\t\t\t\tclass=\"elementor-screen-only\">Share on whatsapp<\/span>\n\t\t\t\t\t\t\t<\/span>\n\t\t\t\t\t\t\t\t\t\t\t\t\t\t\t\t\t\t\t\t<\/div>\n\t\t\t\t\t<\/div>\n\t\t\t\t\t\t<\/div>\n\t\t\t\t\t\t<\/div>\n\t\t\t\t<\/div>\n\t\t\t\t<div class=\"elementor-element elementor-element-6f0531be elementor-widget elementor-widget-heading\" data-id=\"6f0531be\" data-element_type=\"widget\" data-e-type=\"widget\" data-widget_type=\"heading.default\">\n\t\t\t\t<div class=\"elementor-widget-container\">\n\t\t\t\t\t<h2 class=\"elementor-heading-title elementor-size-default\">Especialidades<\/h2>\t\t\t\t<\/div>\n\t\t\t\t<\/div>\n\t\t\t\t<div class=\"elementor-element elementor-element-577417c2 elementor-widget elementor-widget-text-editor\" data-id=\"577417c2\" data-element_type=\"widget\" data-e-type=\"widget\" data-widget_type=\"text-editor.default\">\n\t\t\t\t<div class=\"elementor-widget-container\">\n\t\t\t\t\t\t\t\t\t<h5>Acupuntura<\/h5><ul><li><div>RESOLU\u00c7\u00c3O N\u00ba. 201, DE 24 DE JUNHO DE 1999. D\u00e1 nova reda\u00e7\u00e3o ao Art. 1\u00ba da Resolu\u00e7\u00e3o COFFITO-97 (D. O. U. n.\u00ba 090, de 16.05.88, Se\u00e7\u00e3o I, P\u00e1g. 8.506), que disp\u00f5e sobre a pr\u00e1tica da acupuntura pelo Fisioterapeuta, e d\u00e1 outras provid\u00eancias.<\/div><\/li><\/ul><div>\u00a0<\/div><h5>Fisioterapia Dermato-Funcional<\/h5><ul><li><div>RESOLU\u00c7\u00c3O COFFITO n\u00ba. 362, de 20 de maio de 2009 (DOU n\u00ba. 112, Se\u00e7\u00e3o 1, em 16\/6\/2009, p\u00e1ginas 41\/42)\u00a0Reconhece a Fisioterapia Dermato-Funcional como especialidade do profissional Fisioterapeuta e d\u00e1 outras provid\u00eancias.<\/div><\/li><\/ul><div>\u00a0<\/div><h5>Fisioterapia Esportiva<\/h5><ul><li><div>RESOLU\u00c7\u00c3O N\u00ba. 337, DE 08 DE NOVEMBRO DE 2007.(DOU n\u00ba. 21, Se\u00e7\u00e3o 1, em 30\/01\/2008, p\u00e1gina 184)\u00a0\u00a0Reconhece a Especialidade de Fisioterapia Esportiva e d\u00e1 outras provid\u00eancias.<\/div><\/li><\/ul><div>\u00a0<\/div><h5>Fisioterapia do Trabalho<\/h5><ul><li><div>RESOLU\u00c7\u00c3O N\u00ba. 351, DE 13 DE JUNHO DE 2008.(DOU n\u00ba. 114, Se\u00e7\u00e3o 1, em 17\/06\/2008, p\u00e1gina 58)(DOU n\u00ba. 114, Se\u00e7\u00e3o 1, em 17\/06\/2008, p\u00e1gina 58) Disp\u00f5e sobre o Reconhecimento da Fisioterapia do Trabalho como Especialidade do profissional Fisioterapeuta e d\u00e1 outras provid\u00eancias.<\/div><\/li><\/ul><div>\u00a0<\/div><h5>Fisioterapia Neuro-Funcional<\/h5><ul><li><div>RESOLU\u00c7\u00c3O N\u00ba. 189, DE 9 DE DEZEMBRO DE 1998. Reconhece a Especialidade de Fisioterapia Neuro Funcional e d\u00e1 outras provid\u00eancias.<\/div><\/li><\/ul><div>\u00a0<\/div><h5>Fisioterapia Onco-Funcional<\/h5><ul><li><div>RESOLU\u00c7\u00c3O COFFITO n\u00ba. 364, de 20 de maio de 2009. DOU n\u00ba. 112, Se\u00e7\u00e3o 1, em 16\/6\/2009, p\u00e1gina 42) Reconhece a Fisioterapia Onco-Funcional como especialidade do profissional Fisioterapeuta e d\u00e1 outras provid\u00eancias.<\/div><\/li><\/ul><div>\u00a0<\/div><h5>Fisioterapia em Sa\u00fade Coletiva<\/h5><ul><li><div>RESOLU\u00c7\u00c3O COFFITO n\u00ba. 363, de 20 de maio de 2009. (DOU n\u00ba. 112, Se\u00e7\u00e3o 1, em 16\/6\/2009, p\u00e1gina 42) Reconhece a Fisioterapia em Sa\u00fade Coletiva como especialidade do profissional Fisioterapeuta e d\u00e1 outras provid\u00eancias.<\/div><\/li><\/ul><div>\u00a0<\/div><h5>Fisioterapia Respirat\u00f3ria<\/h5><ul><li><div>RESOLU\u00c7\u00c3O N\u00ba. 318, DE 30 DE AGOSTO DE 2006. (DOU n\u00ba. 33, Se\u00e7\u00e3o 1, p\u00e1gs&#8230;&#8230;, de 15\/02\/2007) Designa Especialidade pela nomenclatura Fisioterapia Respirat\u00f3ria em substitui\u00e7\u00e3o ao termo Fisioterapia Pneumo Funcional anteriormente estabelecido n\u00a0a Resolu\u00e7\u00e3o n\u00ba. 188, de 9 de dezembro de 1998 e determina outras provid\u00eancias.\u00a0<\/div><\/li><\/ul><div>\u00a0<\/div><h5>Fisioterapia Traumato-Ortop\u00e9dica<\/h5><ul><li><div>RESOLU\u00c7\u00c3O N\u00ba. 260, DE 11 DE FEVEREIRO DE 2004. (D.O.U n\u00ba. 32 \u2013 de 16\/02\/2004, Se\u00e7\u00e3o I, P\u00e1g. 66\/67) Reconhece a Especialidade de Fisioterapia Traumato-Ortop\u00e9dica Funcional e d\u00e1 outras provid\u00eancias.<\/div><\/li><\/ul><div>\u00a0<\/div><h5>Osteopatia e Quiropraxia<\/h5><ul><li>RESOLU\u00c7\u00c3O N\u00ba. 220, DE 23 DE MAIO DE 2001.\u00a0(D.O.U. N\u00ba 108, DE 05.06.01, SE\u00c7\u00c3O I,\u00a0 PAG.46) Disp\u00f5e sobre o reconhecimento da\u00a0 Quiropraxia e da Osteopatia como especialidades do profissional Fisioterapeuta e d\u00e1 outras provid\u00eancias.<\/li><\/ul><div>\u00a0<\/div><h5>Sa\u00fade da Mulher<\/h5><ul><li><div>RESOLU\u00c7\u00c3O COFFITO n\u00ba. 372, de 06 de novembro de 2009 (DOU n\u00ba. 112, Se\u00e7\u00e3o 1, em 16\/6\/2009, p\u00e1gina 42). Reconhece a Sa\u00fade da Mulher como especialidade do profissional Fisioterapeuta e d\u00e1 outras provid\u00eancias.<\/div><\/li><\/ul><p>\u00a0<\/p><h5>Fisioterapia em Terapia Intensiva<\/h5><div>RESOLU\u00c7\u00c3O COFFITO no. 392, de 04 de outubro de 2011 (DOU n\u00ba. 192, Se\u00e7\u00e3o 1, em 05\/10\/2011, p\u00e1gina 160).\u00a0Reconhece a Fisioterapia\u00a0em Terapia Intensiva\u00a0como especialidade do profissional fisioterapeuta e d\u00e1 outras provid\u00eancias.<\/div><div>\u00a0<\/div><div>\u00a0<\/div><h5>Fisioterapia Cardiovascular<\/h5><div>RESOLU\u00c7\u00c3O COFFITO no. 454, de 25 de abril de 2015 (DOU n\u00ba. 90, Se\u00e7\u00e3o 1, em 14\/05\/2015, p\u00e1ginas 96 e 97).\u00a0Reconhece e disciplina a Especialidade Profissional de Fisioterapia Cardiovascular<\/div>\t\t\t\t\t\t\t\t<\/div>\n\t\t\t\t<\/div>\n\t\t\t\t\t<\/div>\n\t\t<\/div>\n\t\t\t\t\t<\/div>\n\t\t<\/section>\n\t\t\t\t<\/div>\n\t\t","protected":false},"excerpt":{"rendered":"<p>Share on facebook Share on email Share on whatsapp Especialidades Acupuntura RESOLU\u00c7\u00c3O N\u00ba. 201, DE 24 DE JUNHO DE 1999. D\u00e1 nova reda\u00e7\u00e3o ao Art. 1\u00ba da Resolu\u00e7\u00e3o COFFITO-97 (D. [&hellip;]<\/p>\n","protected":false},"author":1,"featured_media":0,"parent":0,"menu_order":0,"comment_status":"closed","ping_status":"closed","template":"elementor_header_footer","meta":{"footnotes":""},"class_list":["post-1090","page","type-page","status-publish","hentry"],"yoast_head":"<!-- This site is optimized with the Yoast SEO plugin v27.5 - https:\/\/yoast.com\/product\/yoast-seo-wordpress\/ -->\n<title>Fisioterapia | Especialidades - CREFITO10<\/title>\n<meta name=\"robots\" content=\"index, follow, max-snippet:-1, max-image-preview:large, max-video-preview:-1\" \/>\n<link rel=\"canonical\" href=\"https:\/\/crefito10.org.br\/portal\/index.php\/fisioterapia-especialidades\/\" \/>\n<meta property=\"og:locale\" content=\"pt_BR\" \/>\n<meta property=\"og:type\" content=\"article\" \/>\n<meta property=\"og:title\" content=\"Fisioterapia | Especialidades - CREFITO10\" \/>\n<meta property=\"og:description\" content=\"Share on facebook Share on email Share on whatsapp Especialidades Acupuntura RESOLU\u00c7\u00c3O N\u00ba. 201, DE 24 DE JUNHO DE 1999. D\u00e1 nova reda\u00e7\u00e3o ao Art. 1\u00ba da Resolu\u00e7\u00e3o COFFITO-97 (D. [&hellip;]\" \/>\n<meta property=\"og:url\" content=\"https:\/\/crefito10.org.br\/portal\/index.php\/fisioterapia-especialidades\/\" \/>\n<meta property=\"og:site_name\" content=\"CREFITO10\" \/>\n<meta property=\"article:modified_time\" content=\"2022-03-03T23:25:59+00:00\" \/>\n<meta name=\"twitter:card\" content=\"summary_large_image\" \/>\n<meta name=\"twitter:label1\" content=\"Est. tempo de leitura\" \/>\n\t<meta name=\"twitter:data1\" content=\"2 minutos\" \/>\n<script type=\"application\/ld+json\" class=\"yoast-schema-graph\">{\"@context\":\"https:\\\/\\\/schema.org\",\"@graph\":[{\"@type\":\"WebPage\",\"@id\":\"https:\\\/\\\/crefito10.org.br\\\/portal\\\/index.php\\\/fisioterapia-especialidades\\\/\",\"url\":\"https:\\\/\\\/crefito10.org.br\\\/portal\\\/index.php\\\/fisioterapia-especialidades\\\/\",\"name\":\"Fisioterapia | Especialidades - CREFITO10\",\"isPartOf\":{\"@id\":\"https:\\\/\\\/crefito10.org.br\\\/portal\\\/#website\"},\"datePublished\":\"2022-03-03T23:23:39+00:00\",\"dateModified\":\"2022-03-03T23:25:59+00:00\",\"breadcrumb\":{\"@id\":\"https:\\\/\\\/crefito10.org.br\\\/portal\\\/index.php\\\/fisioterapia-especialidades\\\/#breadcrumb\"},\"inLanguage\":\"pt-BR\",\"potentialAction\":[{\"@type\":\"ReadAction\",\"target\":[\"https:\\\/\\\/crefito10.org.br\\\/portal\\\/index.php\\\/fisioterapia-especialidades\\\/\"]}]},{\"@type\":\"BreadcrumbList\",\"@id\":\"https:\\\/\\\/crefito10.org.br\\\/portal\\\/index.php\\\/fisioterapia-especialidades\\\/#breadcrumb\",\"itemListElement\":[{\"@type\":\"ListItem\",\"position\":1,\"name\":\"In\u00edcio\",\"item\":\"https:\\\/\\\/crefito10.org.br\\\/portal\\\/\"},{\"@type\":\"ListItem\",\"position\":2,\"name\":\"Fisioterapia | Especialidades\"}]},{\"@type\":\"WebSite\",\"@id\":\"https:\\\/\\\/crefito10.org.br\\\/portal\\\/#website\",\"url\":\"https:\\\/\\\/crefito10.org.br\\\/portal\\\/\",\"name\":\"CREFITO-10\",\"description\":\"\",\"publisher\":{\"@id\":\"https:\\\/\\\/crefito10.org.br\\\/portal\\\/#organization\"},\"potentialAction\":[{\"@type\":\"SearchAction\",\"target\":{\"@type\":\"EntryPoint\",\"urlTemplate\":\"https:\\\/\\\/crefito10.org.br\\\/portal\\\/?s={search_term_string}\"},\"query-input\":{\"@type\":\"PropertyValueSpecification\",\"valueRequired\":true,\"valueName\":\"search_term_string\"}}],\"inLanguage\":\"pt-BR\"},{\"@type\":\"Organization\",\"@id\":\"https:\\\/\\\/crefito10.org.br\\\/portal\\\/#organization\",\"name\":\"CREFITO-10\",\"url\":\"https:\\\/\\\/crefito10.org.br\\\/portal\\\/\",\"logo\":{\"@type\":\"ImageObject\",\"inLanguage\":\"pt-BR\",\"@id\":\"https:\\\/\\\/crefito10.org.br\\\/portal\\\/#\\\/schema\\\/logo\\\/image\\\/\",\"url\":\"https:\\\/\\\/crefito10.org.br\\\/portal\\\/wp-content\\\/uploads\\\/2022\\\/02\\\/WhatsApp-Image-2022-03-11-at-13.34.44-e1648128473135.jpeg\",\"contentUrl\":\"https:\\\/\\\/crefito10.org.br\\\/portal\\\/wp-content\\\/uploads\\\/2022\\\/02\\\/WhatsApp-Image-2022-03-11-at-13.34.44-e1648128473135.jpeg\",\"width\":139,\"height\":25,\"caption\":\"CREFITO-10\"},\"image\":{\"@id\":\"https:\\\/\\\/crefito10.org.br\\\/portal\\\/#\\\/schema\\\/logo\\\/image\\\/\"},\"sameAs\":[\"https:\\\/\\\/www.instagram.com\\\/crefito10\"]}]}<\/script>\n<!-- \/ Yoast SEO plugin. -->","yoast_head_json":{"title":"Fisioterapia | Especialidades - CREFITO10","robots":{"index":"index","follow":"follow","max-snippet":"max-snippet:-1","max-image-preview":"max-image-preview:large","max-video-preview":"max-video-preview:-1"},"canonical":"https:\/\/crefito10.org.br\/portal\/index.php\/fisioterapia-especialidades\/","og_locale":"pt_BR","og_type":"article","og_title":"Fisioterapia | Especialidades - CREFITO10","og_description":"Share on facebook Share on email Share on whatsapp Especialidades Acupuntura RESOLU\u00c7\u00c3O N\u00ba. 201, DE 24 DE JUNHO DE 1999. D\u00e1 nova reda\u00e7\u00e3o ao Art. 1\u00ba da Resolu\u00e7\u00e3o COFFITO-97 (D. [&hellip;]","og_url":"https:\/\/crefito10.org.br\/portal\/index.php\/fisioterapia-especialidades\/","og_site_name":"CREFITO10","article_modified_time":"2022-03-03T23:25:59+00:00","twitter_card":"summary_large_image","twitter_misc":{"Est. tempo de leitura":"2 minutos"},"schema":{"@context":"https:\/\/schema.org","@graph":[{"@type":"WebPage","@id":"https:\/\/crefito10.org.br\/portal\/index.php\/fisioterapia-especialidades\/","url":"https:\/\/crefito10.org.br\/portal\/index.php\/fisioterapia-especialidades\/","name":"Fisioterapia | Especialidades - CREFITO10","isPartOf":{"@id":"https:\/\/crefito10.org.br\/portal\/#website"},"datePublished":"2022-03-03T23:23:39+00:00","dateModified":"2022-03-03T23:25:59+00:00","breadcrumb":{"@id":"https:\/\/crefito10.org.br\/portal\/index.php\/fisioterapia-especialidades\/#breadcrumb"},"inLanguage":"pt-BR","potentialAction":[{"@type":"ReadAction","target":["https:\/\/crefito10.org.br\/portal\/index.php\/fisioterapia-especialidades\/"]}]},{"@type":"BreadcrumbList","@id":"https:\/\/crefito10.org.br\/portal\/index.php\/fisioterapia-especialidades\/#breadcrumb","itemListElement":[{"@type":"ListItem","position":1,"name":"In\u00edcio","item":"https:\/\/crefito10.org.br\/portal\/"},{"@type":"ListItem","position":2,"name":"Fisioterapia | Especialidades"}]},{"@type":"WebSite","@id":"https:\/\/crefito10.org.br\/portal\/#website","url":"https:\/\/crefito10.org.br\/portal\/","name":"CREFITO-10","description":"","publisher":{"@id":"https:\/\/crefito10.org.br\/portal\/#organization"},"potentialAction":[{"@type":"SearchAction","target":{"@type":"EntryPoint","urlTemplate":"https:\/\/crefito10.org.br\/portal\/?s={search_term_string}"},"query-input":{"@type":"PropertyValueSpecification","valueRequired":true,"valueName":"search_term_string"}}],"inLanguage":"pt-BR"},{"@type":"Organization","@id":"https:\/\/crefito10.org.br\/portal\/#organization","name":"CREFITO-10","url":"https:\/\/crefito10.org.br\/portal\/","logo":{"@type":"ImageObject","inLanguage":"pt-BR","@id":"https:\/\/crefito10.org.br\/portal\/#\/schema\/logo\/image\/","url":"https:\/\/crefito10.org.br\/portal\/wp-content\/uploads\/2022\/02\/WhatsApp-Image-2022-03-11-at-13.34.44-e1648128473135.jpeg","contentUrl":"https:\/\/crefito10.org.br\/portal\/wp-content\/uploads\/2022\/02\/WhatsApp-Image-2022-03-11-at-13.34.44-e1648128473135.jpeg","width":139,"height":25,"caption":"CREFITO-10"},"image":{"@id":"https:\/\/crefito10.org.br\/portal\/#\/schema\/logo\/image\/"},"sameAs":["https:\/\/www.instagram.com\/crefito10"]}]}},"_links":{"self":[{"href":"https:\/\/crefito10.org.br\/portal\/index.php\/wp-json\/wp\/v2\/pages\/1090","targetHints":{"allow":["GET"]}}],"collection":[{"href":"https:\/\/crefito10.org.br\/portal\/index.php\/wp-json\/wp\/v2\/pages"}],"about":[{"href":"https:\/\/crefito10.org.br\/portal\/index.php\/wp-json\/wp\/v2\/types\/page"}],"author":[{"embeddable":true,"href":"https:\/\/crefito10.org.br\/portal\/index.php\/wp-json\/wp\/v2\/users\/1"}],"replies":[{"embeddable":true,"href":"https:\/\/crefito10.org.br\/portal\/index.php\/wp-json\/wp\/v2\/comments?post=1090"}],"version-history":[{"count":0,"href":"https:\/\/crefito10.org.br\/portal\/index.php\/wp-json\/wp\/v2\/pages\/1090\/revisions"}],"wp:attachment":[{"href":"https:\/\/crefito10.org.br\/portal\/index.php\/wp-json\/wp\/v2\/media?parent=1090"}],"curies":[{"name":"wp","href":"https:\/\/api.w.org\/{rel}","templated":true}]}}