{"id":1063,"date":"2022-03-03T19:55:59","date_gmt":"2022-03-03T22:55:59","guid":{"rendered":"https:\/\/crefito10.org.br\/portal\/?page_id=1063"},"modified":"2022-03-03T19:58:17","modified_gmt":"2022-03-03T22:58:17","slug":"terapia-ocupacional-simbolo","status":"publish","type":"page","link":"https:\/\/crefito10.org.br\/portal\/index.php\/terapia-ocupacional-simbolo\/","title":{"rendered":"Terapia Ocupacional | S\u00edmbolo"},"content":{"rendered":"\t\t<div data-elementor-type=\"wp-page\" data-elementor-id=\"1063\" class=\"elementor elementor-1063\">\n\t\t\t\t\t\t<section class=\"elementor-section elementor-top-section elementor-element elementor-element-1c3f8579 elementor-section-height-min-height elementor-section-items-top elementor-section-boxed elementor-section-height-default\" data-id=\"1c3f8579\" data-element_type=\"section\" data-e-type=\"section\">\n\t\t\t\t\t\t<div class=\"elementor-container elementor-column-gap-default\">\n\t\t\t\t\t<div class=\"elementor-column elementor-col-100 elementor-top-column elementor-element elementor-element-14c1caba\" data-id=\"14c1caba\" data-element_type=\"column\" data-e-type=\"column\">\n\t\t\t<div class=\"elementor-widget-wrap elementor-element-populated\">\n\t\t\t\t\t\t<div class=\"elementor-element elementor-element-3720b110 elementor-share-buttons--view-icon elementor-share-buttons--shape-circle elementor-share-buttons--align-right elementor-share-buttons--skin-gradient elementor-grid-0 elementor-share-buttons--color-official elementor-widget elementor-widget-share-buttons\" data-id=\"3720b110\" data-element_type=\"widget\" data-e-type=\"widget\" data-widget_type=\"share-buttons.default\">\n\t\t\t\t<div class=\"elementor-widget-container\">\n\t\t\t\t\t\t\t<div class=\"elementor-grid\">\n\t\t\t\t\t\t\t\t<div class=\"elementor-grid-item\">\n\t\t\t\t\t\t<div class=\"elementor-share-btn elementor-share-btn_facebook\">\n\t\t\t\t\t\t\t\t\t\t\t\t\t\t\t<span class=\"elementor-share-btn__icon\">\n\t\t\t\t\t\t\t\t<i class=\"fab fa-facebook\" aria-hidden=\"true\"><\/i>\t\t\t\t\t\t\t\t<span\n\t\t\t\t\t\t\t\t\tclass=\"elementor-screen-only\">Share on facebook<\/span>\n\t\t\t\t\t\t\t<\/span>\n\t\t\t\t\t\t\t\t\t\t\t\t\t\t\t\t\t\t\t\t<\/div>\n\t\t\t\t\t<\/div>\n\t\t\t\t\t\t\t\t\t<div class=\"elementor-grid-item\">\n\t\t\t\t\t\t<div class=\"elementor-share-btn elementor-share-btn_email\">\n\t\t\t\t\t\t\t\t\t\t\t\t\t\t\t<span class=\"elementor-share-btn__icon\">\n\t\t\t\t\t\t\t\t<i class=\"fas fa-envelope\" aria-hidden=\"true\"><\/i>\t\t\t\t\t\t\t\t<span\n\t\t\t\t\t\t\t\t\tclass=\"elementor-screen-only\">Share on email<\/span>\n\t\t\t\t\t\t\t<\/span>\n\t\t\t\t\t\t\t\t\t\t\t\t\t\t\t\t\t\t\t\t<\/div>\n\t\t\t\t\t<\/div>\n\t\t\t\t\t\t\t\t\t<div class=\"elementor-grid-item\">\n\t\t\t\t\t\t<div class=\"elementor-share-btn elementor-share-btn_whatsapp\">\n\t\t\t\t\t\t\t\t\t\t\t\t\t\t\t<span class=\"elementor-share-btn__icon\">\n\t\t\t\t\t\t\t\t<i class=\"fab fa-whatsapp\" aria-hidden=\"true\"><\/i>\t\t\t\t\t\t\t\t<span\n\t\t\t\t\t\t\t\t\tclass=\"elementor-screen-only\">Share on whatsapp<\/span>\n\t\t\t\t\t\t\t<\/span>\n\t\t\t\t\t\t\t\t\t\t\t\t\t\t\t\t\t\t\t\t<\/div>\n\t\t\t\t\t<\/div>\n\t\t\t\t\t\t<\/div>\n\t\t\t\t\t\t<\/div>\n\t\t\t\t<\/div>\n\t\t\t\t<div class=\"elementor-element elementor-element-25ed07b8 elementor-widget elementor-widget-heading\" data-id=\"25ed07b8\" data-element_type=\"widget\" data-e-type=\"widget\" data-widget_type=\"heading.default\">\n\t\t\t\t<div class=\"elementor-widget-container\">\n\t\t\t\t\t<h2 class=\"elementor-heading-title elementor-size-default\">S\u00edmbolo<\/h2>\t\t\t\t<\/div>\n\t\t\t\t<\/div>\n\t\t\t\t<div class=\"elementor-element elementor-element-830d48e elementor-widget elementor-widget-image\" data-id=\"830d48e\" data-element_type=\"widget\" data-e-type=\"widget\" data-widget_type=\"image.default\">\n\t\t\t\t<div class=\"elementor-widget-container\">\n\t\t\t\t\t\t\t\t\t\t\t\t\t\t\t<img decoding=\"async\" src=\"http:\/\/www.crefito10.org.br\/cmslite\/userfiles\/image\/brasao\/Brasao_TO.jpg\" title=\"\" alt=\"\" loading=\"lazy\" \/>\t\t\t\t\t\t\t\t\t\t\t\t\t\t\t<\/div>\n\t\t\t\t<\/div>\n\t\t\t\t<div class=\"elementor-element elementor-element-7a13e72d elementor-widget elementor-widget-text-editor\" data-id=\"7a13e72d\" data-element_type=\"widget\" data-e-type=\"widget\" data-widget_type=\"text-editor.default\">\n\t\t\t\t<div class=\"elementor-widget-container\">\n\t\t\t\t\t\t\t\t\t<p>Download: <a href=\"http:\/\/www.crefito10.org.br\/cmslite\/userfiles\/image\/brasao\/Brasao_TO.jpg\" target=\"_blank\" rel=\"noopener\">JPEG<\/a><\/p><p>Download:\u00a0<a href=\"http:\/\/www.crefito10.org.br\/cmslite\/userfiles\/image\/brasao\/Brasao_TO.pdf\" target=\"_blank\" rel=\"noopener\">PDF<\/a><\/p><p>Download:\u00a0<a href=\"http:\/\/www.crefito10.org.br\/cmslite\/userfiles\/image\/brasao\/Brasao_TO.ai\" target=\"_blank\" rel=\"noopener\">AI<\/a><\/p><p>Download:\u00a0<a href=\"http:\/\/www.crefito10.org.br\/cmslite\/userfiles\/image\/brasao\/Brasao_TO.eps\" target=\"_blank\" rel=\"noopener\">EPS<\/a><\/p><p>Download:\u00a0<a href=\"http:\/\/www.crefito10.org.br\/cmslite\/userfiles\/image\/brasao\/Brasao_TO_Pasta.rar\" target=\"_blank\" rel=\"noopener\">RAR<\/a><\/p>\t\t\t\t\t\t\t\t<\/div>\n\t\t\t\t<\/div>\n\t\t\t\t<div class=\"elementor-element elementor-element-eb81f4c elementor-widget elementor-widget-text-editor\" data-id=\"eb81f4c\" data-element_type=\"widget\" data-e-type=\"widget\" data-widget_type=\"text-editor.default\">\n\t\t\t\t<div class=\"elementor-widget-container\">\n\t\t\t\t\t\t\t\t\t<div><b>CONSELHO FEDERAL DE FISIOTERAPIA E TERAPIA OCUPACIONAL<\/b><\/div><div><b>\u00a0<\/b><\/div><div><b>\u00a0<\/b><\/div><div><strong>RESOLU\u00c7\u00c3O N\u00ba 481, DE 26 DE ABRIL DE 2017<\/strong><b>.<\/b><\/div><div align=\"left\">\u00a0<\/div><div>Disp\u00f5e sobre o Bras\u00e3o Oficial da Terapia Ocupacional e d\u00e1 outras provid\u00eancias.<\/div><div>\u00a0<\/div><div><div>O Presidente do Conselho Federal de Fisioterapia e Terapia Ocupacional \u2013 COFFITO, ad referendum do plen\u00e1rio, nos termos das normas contidas no artigo 5\u00ba, inciso II, da Lei n\u00ba 6.316, de 17 de dezembro de 1975, e da Resolu\u00e7\u00e3o-COFFITO n\u00ba 413, de 19 de janeiro de 2012;<\/div><div>RESOLVE:<\/div><div>Art. 1\u00ba Ficam aprovados e oficializados o bras\u00e3o, o anel de grau e o manual de identidade visual da Terapia Ocupacional.<\/div><div>I \u2013 Bras\u00e3o Oficial:<\/div><div>a) o bast\u00e3o de Escul\u00e1pio, que representa o poder da cura, ganha uma releitura com o formato da letra T de terapia, simbolizando o processo de interven\u00e7\u00e3o na ressignifica\u00e7\u00e3o do cotidiano em busca da independ\u00eancia, autonomia, funcionalidade, participa\u00e7\u00e3o e empoderamento social, sendo este representado pelas asas da F\u00eanix, que remetem \u00e0 transforma\u00e7\u00e3o e renascimento para a vida ocupacional do sujeito. As serpentes traduzem a ast\u00facia, criatividade e capacidade de resili\u00eancia dos terapeutas ocupacionais por meio da prescri\u00e7\u00e3o, adapta\u00e7\u00e3o, treino e aplica\u00e7\u00e3o de atividades significativas que comp\u00f5em as ocupa\u00e7\u00f5es, representadas aqui pela letra O, que remete ao sujeito ocupacional.<\/div><div>Art. 2\u00ba O Bras\u00e3o Oficial da Terapia Ocupacional, ora aprovado, \u00e9 propriedade cultural da classe dos terapeutas ocupacionais e seu uso ser\u00e1 autorizado, controlado e supervisionado pelo COFFITO.<\/div><div>Art. 3\u00ba O Bras\u00e3o Oficial da Terapia Ocupacional, descrito nesta Resolu\u00e7\u00e3o, tem seu uso autorizado:<\/div><div>I \u2013 no \u00e2mbito do Sistema COFFITO\/CREFITOs;<\/div><div>II \u2013 nas For\u00e7as Armadas, nas Pol\u00edcias Militares e Corpos de Bombeiros Militares como ins\u00edgnia profissional de indiv\u00edduo com patente de oficial, graduado em grau universit\u00e1rio superior em Terapia Ocupacional;<\/div><div>III \u2013 por profissionais terapeutas ocupacionais com registro em CREFITO;<\/div><div>IV \u2013 por pessoas f\u00edsicas ou jur\u00eddicas, desde que expressamente autorizadas pelo COFFITO.<\/div><div>Art. 4\u00ba O Bras\u00e3o Oficial da Terapia Ocupacional poder\u00e1 ser utilizado como segundo bras\u00e3o nos documentos oficiais do COFFITO e dos CREFITOs.<\/div><div>Art. 5\u00ba O Manual de Identidade Visual poder\u00e1 ser obtido junto ao COFFITO e CREFITOs.<\/div><div>Art. 6\u00ba Os casos omissos ser\u00e3o deliberados pelo Plen\u00e1rio do COFFITO.<\/div><div>Art. 7\u00ba Esta Resolu\u00e7\u00e3o entra em vigor na data da sua publica\u00e7\u00e3o, revogadas as disposi\u00e7\u00f5es em contr\u00e1rio.<\/div><\/div><div>\u00a0<\/div><div>\u00a0<\/div><div align=\"center\">Dr. Roberto Mattar Cepeda<\/div><div align=\"center\">Presidente<\/div>\t\t\t\t\t\t\t\t<\/div>\n\t\t\t\t<\/div>\n\t\t\t\t\t<\/div>\n\t\t<\/div>\n\t\t\t\t\t<\/div>\n\t\t<\/section>\n\t\t\t\t<\/div>\n\t\t","protected":false},"excerpt":{"rendered":"<p>Share on facebook Share on email Share on whatsapp S\u00edmbolo Download: JPEG Download:\u00a0PDF Download:\u00a0AI Download:\u00a0EPS Download:\u00a0RAR CONSELHO FEDERAL DE FISIOTERAPIA E TERAPIA OCUPACIONAL\u00a0\u00a0RESOLU\u00c7\u00c3O N\u00ba 481, DE 26 DE ABRIL DE [&hellip;]<\/p>\n","protected":false},"author":1,"featured_media":0,"parent":0,"menu_order":0,"comment_status":"closed","ping_status":"closed","template":"elementor_header_footer","meta":{"footnotes":""},"class_list":["post-1063","page","type-page","status-publish","hentry"],"yoast_head":"<!-- This site is optimized with the Yoast SEO plugin v27.4 - https:\/\/yoast.com\/product\/yoast-seo-wordpress\/ -->\n<title>Terapia Ocupacional | S\u00edmbolo - CREFITO10<\/title>\n<meta name=\"robots\" content=\"index, follow, max-snippet:-1, max-image-preview:large, max-video-preview:-1\" \/>\n<link rel=\"canonical\" href=\"https:\/\/crefito10.org.br\/portal\/index.php\/terapia-ocupacional-simbolo\/\" \/>\n<meta property=\"og:locale\" content=\"pt_BR\" \/>\n<meta property=\"og:type\" content=\"article\" \/>\n<meta property=\"og:title\" content=\"Terapia Ocupacional | S\u00edmbolo - CREFITO10\" \/>\n<meta property=\"og:description\" content=\"Share on facebook Share on email Share on whatsapp S\u00edmbolo Download: JPEG Download:\u00a0PDF Download:\u00a0AI Download:\u00a0EPS Download:\u00a0RAR CONSELHO FEDERAL DE FISIOTERAPIA E TERAPIA OCUPACIONAL\u00a0\u00a0RESOLU\u00c7\u00c3O N\u00ba 481, DE 26 DE ABRIL DE [&hellip;]\" \/>\n<meta property=\"og:url\" content=\"https:\/\/crefito10.org.br\/portal\/index.php\/terapia-ocupacional-simbolo\/\" \/>\n<meta property=\"og:site_name\" content=\"CREFITO10\" \/>\n<meta property=\"article:modified_time\" content=\"2022-03-03T22:58:17+00:00\" \/>\n<meta property=\"og:image\" content=\"http:\/\/www.crefito10.org.br\/cmslite\/userfiles\/image\/brasao\/Brasao_TO.jpg\" \/>\n<meta name=\"twitter:card\" content=\"summary_large_image\" \/>\n<meta name=\"twitter:label1\" content=\"Est. tempo de leitura\" \/>\n\t<meta name=\"twitter:data1\" content=\"2 minutos\" \/>\n<script type=\"application\/ld+json\" class=\"yoast-schema-graph\">{\"@context\":\"https:\\\/\\\/schema.org\",\"@graph\":[{\"@type\":\"WebPage\",\"@id\":\"https:\\\/\\\/crefito10.org.br\\\/portal\\\/index.php\\\/terapia-ocupacional-simbolo\\\/\",\"url\":\"https:\\\/\\\/crefito10.org.br\\\/portal\\\/index.php\\\/terapia-ocupacional-simbolo\\\/\",\"name\":\"Terapia Ocupacional | S\u00edmbolo - CREFITO10\",\"isPartOf\":{\"@id\":\"https:\\\/\\\/crefito10.org.br\\\/portal\\\/#website\"},\"primaryImageOfPage\":{\"@id\":\"https:\\\/\\\/crefito10.org.br\\\/portal\\\/index.php\\\/terapia-ocupacional-simbolo\\\/#primaryimage\"},\"image\":{\"@id\":\"https:\\\/\\\/crefito10.org.br\\\/portal\\\/index.php\\\/terapia-ocupacional-simbolo\\\/#primaryimage\"},\"thumbnailUrl\":\"http:\\\/\\\/www.crefito10.org.br\\\/cmslite\\\/userfiles\\\/image\\\/brasao\\\/Brasao_TO.jpg\",\"datePublished\":\"2022-03-03T22:55:59+00:00\",\"dateModified\":\"2022-03-03T22:58:17+00:00\",\"breadcrumb\":{\"@id\":\"https:\\\/\\\/crefito10.org.br\\\/portal\\\/index.php\\\/terapia-ocupacional-simbolo\\\/#breadcrumb\"},\"inLanguage\":\"pt-BR\",\"potentialAction\":[{\"@type\":\"ReadAction\",\"target\":[\"https:\\\/\\\/crefito10.org.br\\\/portal\\\/index.php\\\/terapia-ocupacional-simbolo\\\/\"]}]},{\"@type\":\"ImageObject\",\"inLanguage\":\"pt-BR\",\"@id\":\"https:\\\/\\\/crefito10.org.br\\\/portal\\\/index.php\\\/terapia-ocupacional-simbolo\\\/#primaryimage\",\"url\":\"http:\\\/\\\/www.crefito10.org.br\\\/cmslite\\\/userfiles\\\/image\\\/brasao\\\/Brasao_TO.jpg\",\"contentUrl\":\"http:\\\/\\\/www.crefito10.org.br\\\/cmslite\\\/userfiles\\\/image\\\/brasao\\\/Brasao_TO.jpg\"},{\"@type\":\"BreadcrumbList\",\"@id\":\"https:\\\/\\\/crefito10.org.br\\\/portal\\\/index.php\\\/terapia-ocupacional-simbolo\\\/#breadcrumb\",\"itemListElement\":[{\"@type\":\"ListItem\",\"position\":1,\"name\":\"In\u00edcio\",\"item\":\"https:\\\/\\\/crefito10.org.br\\\/portal\\\/\"},{\"@type\":\"ListItem\",\"position\":2,\"name\":\"Terapia Ocupacional | S\u00edmbolo\"}]},{\"@type\":\"WebSite\",\"@id\":\"https:\\\/\\\/crefito10.org.br\\\/portal\\\/#website\",\"url\":\"https:\\\/\\\/crefito10.org.br\\\/portal\\\/\",\"name\":\"CREFITO-10\",\"description\":\"\",\"publisher\":{\"@id\":\"https:\\\/\\\/crefito10.org.br\\\/portal\\\/#organization\"},\"potentialAction\":[{\"@type\":\"SearchAction\",\"target\":{\"@type\":\"EntryPoint\",\"urlTemplate\":\"https:\\\/\\\/crefito10.org.br\\\/portal\\\/?s={search_term_string}\"},\"query-input\":{\"@type\":\"PropertyValueSpecification\",\"valueRequired\":true,\"valueName\":\"search_term_string\"}}],\"inLanguage\":\"pt-BR\"},{\"@type\":\"Organization\",\"@id\":\"https:\\\/\\\/crefito10.org.br\\\/portal\\\/#organization\",\"name\":\"CREFITO-10\",\"url\":\"https:\\\/\\\/crefito10.org.br\\\/portal\\\/\",\"logo\":{\"@type\":\"ImageObject\",\"inLanguage\":\"pt-BR\",\"@id\":\"https:\\\/\\\/crefito10.org.br\\\/portal\\\/#\\\/schema\\\/logo\\\/image\\\/\",\"url\":\"https:\\\/\\\/crefito10.org.br\\\/portal\\\/wp-content\\\/uploads\\\/2022\\\/02\\\/WhatsApp-Image-2022-03-11-at-13.34.44-e1648128473135.jpeg\",\"contentUrl\":\"https:\\\/\\\/crefito10.org.br\\\/portal\\\/wp-content\\\/uploads\\\/2022\\\/02\\\/WhatsApp-Image-2022-03-11-at-13.34.44-e1648128473135.jpeg\",\"width\":139,\"height\":25,\"caption\":\"CREFITO-10\"},\"image\":{\"@id\":\"https:\\\/\\\/crefito10.org.br\\\/portal\\\/#\\\/schema\\\/logo\\\/image\\\/\"},\"sameAs\":[\"https:\\\/\\\/www.instagram.com\\\/crefito10\"]}]}<\/script>\n<!-- \/ Yoast SEO plugin. -->","yoast_head_json":{"title":"Terapia Ocupacional | S\u00edmbolo - CREFITO10","robots":{"index":"index","follow":"follow","max-snippet":"max-snippet:-1","max-image-preview":"max-image-preview:large","max-video-preview":"max-video-preview:-1"},"canonical":"https:\/\/crefito10.org.br\/portal\/index.php\/terapia-ocupacional-simbolo\/","og_locale":"pt_BR","og_type":"article","og_title":"Terapia Ocupacional | S\u00edmbolo - CREFITO10","og_description":"Share on facebook Share on email Share on whatsapp S\u00edmbolo Download: JPEG Download:\u00a0PDF Download:\u00a0AI Download:\u00a0EPS Download:\u00a0RAR CONSELHO FEDERAL DE FISIOTERAPIA E TERAPIA OCUPACIONAL\u00a0\u00a0RESOLU\u00c7\u00c3O N\u00ba 481, DE 26 DE ABRIL DE [&hellip;]","og_url":"https:\/\/crefito10.org.br\/portal\/index.php\/terapia-ocupacional-simbolo\/","og_site_name":"CREFITO10","article_modified_time":"2022-03-03T22:58:17+00:00","og_image":[{"url":"http:\/\/www.crefito10.org.br\/cmslite\/userfiles\/image\/brasao\/Brasao_TO.jpg","type":"","width":"","height":""}],"twitter_card":"summary_large_image","twitter_misc":{"Est. tempo de leitura":"2 minutos"},"schema":{"@context":"https:\/\/schema.org","@graph":[{"@type":"WebPage","@id":"https:\/\/crefito10.org.br\/portal\/index.php\/terapia-ocupacional-simbolo\/","url":"https:\/\/crefito10.org.br\/portal\/index.php\/terapia-ocupacional-simbolo\/","name":"Terapia Ocupacional | S\u00edmbolo - CREFITO10","isPartOf":{"@id":"https:\/\/crefito10.org.br\/portal\/#website"},"primaryImageOfPage":{"@id":"https:\/\/crefito10.org.br\/portal\/index.php\/terapia-ocupacional-simbolo\/#primaryimage"},"image":{"@id":"https:\/\/crefito10.org.br\/portal\/index.php\/terapia-ocupacional-simbolo\/#primaryimage"},"thumbnailUrl":"http:\/\/www.crefito10.org.br\/cmslite\/userfiles\/image\/brasao\/Brasao_TO.jpg","datePublished":"2022-03-03T22:55:59+00:00","dateModified":"2022-03-03T22:58:17+00:00","breadcrumb":{"@id":"https:\/\/crefito10.org.br\/portal\/index.php\/terapia-ocupacional-simbolo\/#breadcrumb"},"inLanguage":"pt-BR","potentialAction":[{"@type":"ReadAction","target":["https:\/\/crefito10.org.br\/portal\/index.php\/terapia-ocupacional-simbolo\/"]}]},{"@type":"ImageObject","inLanguage":"pt-BR","@id":"https:\/\/crefito10.org.br\/portal\/index.php\/terapia-ocupacional-simbolo\/#primaryimage","url":"http:\/\/www.crefito10.org.br\/cmslite\/userfiles\/image\/brasao\/Brasao_TO.jpg","contentUrl":"http:\/\/www.crefito10.org.br\/cmslite\/userfiles\/image\/brasao\/Brasao_TO.jpg"},{"@type":"BreadcrumbList","@id":"https:\/\/crefito10.org.br\/portal\/index.php\/terapia-ocupacional-simbolo\/#breadcrumb","itemListElement":[{"@type":"ListItem","position":1,"name":"In\u00edcio","item":"https:\/\/crefito10.org.br\/portal\/"},{"@type":"ListItem","position":2,"name":"Terapia Ocupacional | S\u00edmbolo"}]},{"@type":"WebSite","@id":"https:\/\/crefito10.org.br\/portal\/#website","url":"https:\/\/crefito10.org.br\/portal\/","name":"CREFITO-10","description":"","publisher":{"@id":"https:\/\/crefito10.org.br\/portal\/#organization"},"potentialAction":[{"@type":"SearchAction","target":{"@type":"EntryPoint","urlTemplate":"https:\/\/crefito10.org.br\/portal\/?s={search_term_string}"},"query-input":{"@type":"PropertyValueSpecification","valueRequired":true,"valueName":"search_term_string"}}],"inLanguage":"pt-BR"},{"@type":"Organization","@id":"https:\/\/crefito10.org.br\/portal\/#organization","name":"CREFITO-10","url":"https:\/\/crefito10.org.br\/portal\/","logo":{"@type":"ImageObject","inLanguage":"pt-BR","@id":"https:\/\/crefito10.org.br\/portal\/#\/schema\/logo\/image\/","url":"https:\/\/crefito10.org.br\/portal\/wp-content\/uploads\/2022\/02\/WhatsApp-Image-2022-03-11-at-13.34.44-e1648128473135.jpeg","contentUrl":"https:\/\/crefito10.org.br\/portal\/wp-content\/uploads\/2022\/02\/WhatsApp-Image-2022-03-11-at-13.34.44-e1648128473135.jpeg","width":139,"height":25,"caption":"CREFITO-10"},"image":{"@id":"https:\/\/crefito10.org.br\/portal\/#\/schema\/logo\/image\/"},"sameAs":["https:\/\/www.instagram.com\/crefito10"]}]}},"_links":{"self":[{"href":"https:\/\/crefito10.org.br\/portal\/index.php\/wp-json\/wp\/v2\/pages\/1063","targetHints":{"allow":["GET"]}}],"collection":[{"href":"https:\/\/crefito10.org.br\/portal\/index.php\/wp-json\/wp\/v2\/pages"}],"about":[{"href":"https:\/\/crefito10.org.br\/portal\/index.php\/wp-json\/wp\/v2\/types\/page"}],"author":[{"embeddable":true,"href":"https:\/\/crefito10.org.br\/portal\/index.php\/wp-json\/wp\/v2\/users\/1"}],"replies":[{"embeddable":true,"href":"https:\/\/crefito10.org.br\/portal\/index.php\/wp-json\/wp\/v2\/comments?post=1063"}],"version-history":[{"count":0,"href":"https:\/\/crefito10.org.br\/portal\/index.php\/wp-json\/wp\/v2\/pages\/1063\/revisions"}],"wp:attachment":[{"href":"https:\/\/crefito10.org.br\/portal\/index.php\/wp-json\/wp\/v2\/media?parent=1063"}],"curies":[{"name":"wp","href":"https:\/\/api.w.org\/{rel}","templated":true}]}}