{"id":1006,"date":"2022-03-03T10:11:41","date_gmt":"2022-03-03T13:11:41","guid":{"rendered":"https:\/\/crefito10.org.br\/portal\/?page_id=1006"},"modified":"2026-03-19T10:07:21","modified_gmt":"2026-03-19T13:07:21","slug":"estagios","status":"publish","type":"page","link":"https:\/\/crefito10.org.br\/portal\/index.php\/estagios\/","title":{"rendered":"Est\u00e1gios"},"content":{"rendered":"\t\t<div data-elementor-type=\"wp-page\" data-elementor-id=\"1006\" class=\"elementor elementor-1006\">\n\t\t\t\t\t\t<section class=\"elementor-section elementor-top-section elementor-element elementor-element-7d3af0d2 elementor-section-height-min-height elementor-section-items-top elementor-section-boxed elementor-section-height-default\" data-id=\"7d3af0d2\" data-element_type=\"section\" data-e-type=\"section\">\n\t\t\t\t\t\t<div class=\"elementor-container elementor-column-gap-default\">\n\t\t\t\t\t<div class=\"elementor-column elementor-col-100 elementor-top-column elementor-element elementor-element-1baae2e2\" data-id=\"1baae2e2\" data-element_type=\"column\" data-e-type=\"column\">\n\t\t\t<div class=\"elementor-widget-wrap elementor-element-populated\">\n\t\t\t\t\t\t<div class=\"elementor-element elementor-element-12047aec elementor-share-buttons--view-icon elementor-share-buttons--shape-circle elementor-share-buttons--align-right elementor-share-buttons--skin-gradient elementor-grid-0 elementor-share-buttons--color-official elementor-widget elementor-widget-share-buttons\" data-id=\"12047aec\" data-element_type=\"widget\" data-e-type=\"widget\" data-widget_type=\"share-buttons.default\">\n\t\t\t\t<div class=\"elementor-widget-container\">\n\t\t\t\t\t\t\t<div class=\"elementor-grid\">\n\t\t\t\t\t\t\t\t<div class=\"elementor-grid-item\">\n\t\t\t\t\t\t<div class=\"elementor-share-btn elementor-share-btn_facebook\">\n\t\t\t\t\t\t\t\t\t\t\t\t\t\t\t<span class=\"elementor-share-btn__icon\">\n\t\t\t\t\t\t\t\t<i class=\"fab fa-facebook\" aria-hidden=\"true\"><\/i>\t\t\t\t\t\t\t\t<span\n\t\t\t\t\t\t\t\t\tclass=\"elementor-screen-only\">Share on facebook<\/span>\n\t\t\t\t\t\t\t<\/span>\n\t\t\t\t\t\t\t\t\t\t\t\t\t\t\t\t\t\t\t\t<\/div>\n\t\t\t\t\t<\/div>\n\t\t\t\t\t\t\t\t\t<div class=\"elementor-grid-item\">\n\t\t\t\t\t\t<div class=\"elementor-share-btn elementor-share-btn_email\">\n\t\t\t\t\t\t\t\t\t\t\t\t\t\t\t<span class=\"elementor-share-btn__icon\">\n\t\t\t\t\t\t\t\t<i class=\"fas fa-envelope\" aria-hidden=\"true\"><\/i>\t\t\t\t\t\t\t\t<span\n\t\t\t\t\t\t\t\t\tclass=\"elementor-screen-only\">Share on email<\/span>\n\t\t\t\t\t\t\t<\/span>\n\t\t\t\t\t\t\t\t\t\t\t\t\t\t\t\t\t\t\t\t<\/div>\n\t\t\t\t\t<\/div>\n\t\t\t\t\t\t\t\t\t<div class=\"elementor-grid-item\">\n\t\t\t\t\t\t<div class=\"elementor-share-btn elementor-share-btn_whatsapp\">\n\t\t\t\t\t\t\t\t\t\t\t\t\t\t\t<span class=\"elementor-share-btn__icon\">\n\t\t\t\t\t\t\t\t<i class=\"fab fa-whatsapp\" aria-hidden=\"true\"><\/i>\t\t\t\t\t\t\t\t<span\n\t\t\t\t\t\t\t\t\tclass=\"elementor-screen-only\">Share on whatsapp<\/span>\n\t\t\t\t\t\t\t<\/span>\n\t\t\t\t\t\t\t\t\t\t\t\t\t\t\t\t\t\t\t\t<\/div>\n\t\t\t\t\t<\/div>\n\t\t\t\t\t\t<\/div>\n\t\t\t\t\t\t<\/div>\n\t\t\t\t<\/div>\n\t\t\t\t<div class=\"elementor-element elementor-element-61a6885e elementor-widget elementor-widget-heading\" data-id=\"61a6885e\" data-element_type=\"widget\" data-e-type=\"widget\" data-widget_type=\"heading.default\">\n\t\t\t\t<div class=\"elementor-widget-container\">\n\t\t\t\t\t<h2 class=\"elementor-heading-title elementor-size-default\">Est\u00e1gios<\/h2>\t\t\t\t<\/div>\n\t\t\t\t<\/div>\n\t\t\t\t<div class=\"elementor-element elementor-element-d74b819 elementor-widget elementor-widget-spacer\" data-id=\"d74b819\" data-element_type=\"widget\" data-e-type=\"widget\" data-widget_type=\"spacer.default\">\n\t\t\t\t<div class=\"elementor-widget-container\">\n\t\t\t\t\t\t\t<div class=\"elementor-spacer\">\n\t\t\t<div class=\"elementor-spacer-inner\"><\/div>\n\t\t<\/div>\n\t\t\t\t\t\t<\/div>\n\t\t\t\t<\/div>\n\t\t\t\t<div class=\"elementor-element elementor-element-5b36fa44 elementor-widget elementor-widget-text-editor\" data-id=\"5b36fa44\" data-element_type=\"widget\" data-e-type=\"widget\" data-widget_type=\"text-editor.default\">\n\t\t\t\t<div class=\"elementor-widget-container\">\n\t\t\t\t\t\t\t\t\t<h3 style=\"margin-top: 0px; margin-bottom: 0.5rem; font-weight: bold; font-size: 1.5em; border-color: #dddddd; color: #2c363a; font-family: Roboto;\">Legisla\u00e7\u00e3o<\/h3>\n<div><\/div>\n<h3 style=\"margin-top: 0px; margin-bottom: 0.5rem; font-weight: bold; font-size: 1.5em; border-color: #dddddd; color: #2c363a; font-family: Roboto;\"><\/h3>\n<div>\n<ul style=\"margin-bottom: 1rem; border-color: #dddddd;\">\n \t<li style=\"border-color: #dddddd;\">\u00a0LEI 11788\/08 \u2013<span style=\"border-color: #dddddd;\">\u00a0<\/span><a style=\"color: #0076c6; border-color: #dddddd;\" href=\"http:\/\/www.crefito10.org.br\/imagens\/LEI_11788.pdf?_gl=1*345owr*_ga*MTY3MzQwNjcxMC4xNjgwNTM4Njcx*_ga_1JC65L20QP*MTcxNTg2NDkxMC43NzIuMS4xNzE1ODY1NDMwLjAuMC4w\" target=\"_blank\" rel=\"noopener noreferrer\">clique aqui<\/a><\/li>\n<\/ul>\n<ul style=\"margin-bottom: 1rem; border-color: #dddddd;\">\n \t<li style=\"border-color: #dddddd;\">Resolu\u00e7\u00e3o COFFITO Est\u00e1gio obrigat\u00f3rio em Fisioterapia 431\/13 \u2013\u00a0<a style=\"color: #0076c6; border-color: #dddddd;\" href=\"https:\/\/www.coffito.gov.br\/nsite\/?p=3193\" target=\"_blank\" rel=\"noopener noreferrer\">clique aqui<\/a><\/li>\n<\/ul>\n<ul style=\"margin-bottom: 1rem; border-color: #dddddd;\">\n \t<li style=\"border-color: #dddddd;\">Resolu\u00e7\u00e3o\u00a0COFFITO Est\u00e1gio n\u00e3o obrigat\u00f3rio em Fisioterapia 432\/13 \u2013<span style=\"border-color: #dddddd;\">\u00a0<\/span><a style=\"color: #0076c6; border-color: #dddddd;\" href=\"https:\/\/www.coffito.gov.br\/nsite\/?p=3194\" target=\"_blank\" rel=\"noopener noreferrer\">clique aqui<\/a><\/li>\n<\/ul>\n<ul style=\"margin-bottom: 1rem; border-color: #dddddd;\">\n \t<li style=\"border-color: #dddddd;\">Resolu\u00e7\u00e3o COFFITO Est\u00e1gio obrigat\u00f3rio em Terapia Ocupacional 451\/15 \u2013<span style=\"border-color: #dddddd;\">\u00a0<\/span><a style=\"color: #0076c6; border-color: #dddddd;\" href=\"http:\/\/www.crefito10.org.br\/imagens\/RES_COFFITO_451.pdf?_gl=1*1cnivn0*_ga*MTY3MzQwNjcxMC4xNjgwNTM4Njcx*_ga_1JC65L20QP*MTcxNTg2NDkxMC43NzIuMS4xNzE1ODY1NDI1LjAuMC4w\" target=\"_blank\" rel=\"noopener noreferrer\">clique aqui<\/a><\/li>\n<\/ul>\n<ul style=\"margin-bottom: 1rem; border-color: #dddddd;\">\n \t<li style=\"border-color: #dddddd;\">Resolu\u00e7\u00e3o\u00a0COFFITO\u00a0Est\u00e1gio n\u00e3o obrigat\u00f3rio em Terapia Ocupacional\u00a0452\/15 \u2013<span style=\"border-color: #dddddd;\">\u00a0<\/span><a style=\"color: #0076c6; border-color: #dddddd;\" href=\"http:\/\/www.crefito10.org.br\/imagens\/RES_COFFITO_452.pdf?_gl=1*345owr*_ga*MTY3MzQwNjcxMC4xNjgwNTM4Njcx*_ga_1JC65L20QP*MTcxNTg2NDkxMC43NzIuMS4xNzE1ODY1NDMwLjAuMC4w\" target=\"_blank\" rel=\"noopener noreferrer\">clique aqui<\/a><\/li>\n<\/ul>\n<p style=\"margin-bottom: 1rem; border-color: #dddddd;\"><span style=\"color: inherit; font-family: inherit; font-size: 1.5em; font-weight: bold;\">\nEst\u00e1gio n\u00e3o obrigat\u00f3rio<\/span><\/p>\n\n<div style=\"border-color: #dddddd; color: #2c363a; font-family: Roboto; font-size: 16px;\">\n<div style=\"border-color: #dddddd;\">\n<div><span style=\"font-size: 16px; font-weight: var( --e-global-typography-text-font-weight );\">Para registro de est\u00e1gio, acesse cada um dos links abaixo (IES, estudante e profissional), fa\u00e7a o download dos requerimentos e junte os documentos descritos em cada uma das solicita\u00e7\u00f5es.<\/span><\/div>\n<\/div>\n<\/div>\n<div style=\"border-color: #dddddd; color: #2c363a; font-family: Roboto; font-size: 16px;\">\n<div style=\"border-color: #dddddd;\">\n<p style=\"margin-bottom: 1rem; border-color: #dddddd;\">Envie os 3 requerimentos, acompanhados dos documentos solicitados nos mesmos, para o endere\u00e7o da nossa sede, informado no rodap\u00e9 da p\u00e1gina, ou entregue pessoalmente na sede ou em uma de nossas secretarias.<\/p>\n\n<\/div>\n<\/div>\n<\/div>\n<a style=\"font-family: Roboto; font-weight: bolder; background-color: #ffffff; color: #0076c6; border-color: #dddddd;\" href=\"https:\/\/crefito10.org.br\/portal\/index.php\/estagios-ies\/\" target=\"_blank\" rel=\"noopener noreferrer\">IES &#8211; Dever\u00e1 ser preenchido pelo representante da\u00a0 universidade\u00a0<\/a>\n<p style=\"margin-bottom: 1rem; border-color: #dddddd;\">Declara\u00e7\u00e3o de Regularidade de Matr\u00edcula e Aptid\u00e3o para o ECNO &#8211; Download:\u00a0<a href=\"https:\/\/crefito10.org.br\/cmslite\/userfiles\/file\/estagio\/1 DECLARACAO_DE_APTIDAO_PARA_ECNO Fisioterapia.pdf\">Fisioterapia\u00a0<\/a>\/\u00a0<a href=\"https:\/\/crefito10.org.br\/cmslite\/userfiles\/file\/estagio\/2 DECLARACAO_DE_APTIDAO_PARA_ECNO Terapia Ocupacional.pdf\" target=\"_blank\" rel=\"noopener\">Terapia Ocupacional<\/a><\/p>\n<p style=\"margin-bottom: 1rem; border-color: #dddddd;\"><span style=\"font-size: 16xp;\">Declara\u00e7\u00e3o de matr\u00edcula em Est\u00e1gio Obrigat\u00f3rio<\/span><\/p>\n<p style=\"margin-bottom: 1rem; border-color: #dddddd;\">Declara\u00e7\u00e3o e hist\u00f3rico comprovando estar matriculado\/cursando, no m\u00ednimo, o pen\u00faltimo ano do curso para fisioterapia, e terceiro ano ou sexto per\u00edodo para terapia ocupacional.<\/p>\n<p style=\"margin-bottom: 1rem; border-color: #dddddd;\"><span style=\"font-size: 1rem;\">Declara\u00e7\u00e3o de ter conclu\u00eddo todos os conte\u00fados te\u00f3ricos inerentes \u00e0 \u00e1rea de est\u00e1gio solicitada<\/span><\/p>\n<p style=\"margin-bottom: 1rem; border-color: #dddddd;\"><span style=\"font-weight: bolder; border-color: #dddddd;\"><a style=\"color: #0076c6; border-color: #dddddd; font-size: 16px;\" href=\"https:\/\/crefito10.org.br\/portal\/index.php\/estagios-estudante\/\" target=\"_blank\" rel=\"noopener noreferrer\">Estudante &#8211; Dever\u00e1 ser preenchido pelo estudante\u00a0<\/a><\/span><\/p>\n<p style=\"margin-bottom: 1rem; border-color: #dddddd;\">Cadastro de estagi\u00e1rio &#8211; Download:\u00a0<a href=\"https:\/\/crefito10.org.br\/cmslite\/userfiles\/file\/estagio\/3 CADASTRO DE ESTAGIARIO DE FISIOTERAPIA.pdf\" target=\"_blank\" rel=\"noopener\">Fisioterapeuta\u00a0<\/a>\/\u00a0<a style=\"background-color: #ffffff; font-size: 1rem;\" href=\"https:\/\/crefito10.org.br\/cmslite\/userfiles\/file\/estagio\/4 CADASTRO DE ESTAGIARIO EM TERAPIA OCUPACIONAL.pdf\" target=\"_blank\" rel=\"noopener\">Terapeuta Ocupacional<\/a><\/p>\n<p style=\"margin-bottom: 1rem; border-color: #dddddd;\">2 fotos 2&#215;2 ou 3&#215;4 recentes<\/p>\n<p style=\"margin-bottom: 1rem; border-color: #dddddd;\"><span style=\"font-weight: bolder; border-color: #dddddd;\"><a style=\"color: #0076c6; border-color: #dddddd;\" href=\"https:\/\/crefito10.org.br\/portal\/index.php\/estagios-profissional\/\" target=\"_blank\" rel=\"noopener noreferrer\">Profissional &#8211; Dever\u00e1 ser preenchido pelo contratante do estagi\u00e1rio (a)\u00a0<\/a><\/span><\/p>\n<p style=\"margin-bottom: 1rem; border-color: #dddddd;\">Requerimento unidade concedente &#8211; Download:\u00a0\u00a0<a href=\"https:\/\/crefito10.org.br\/cmslite\/userfiles\/file\/estagio\/5 Requerimento unidade concedente Fisioterapia.pdf\" target=\"_blank\" rel=\"noopener\">Fisioterapia\u00a0<\/a>\/\u00a0<a style=\"background-color: #ffffff; font-size: 1rem;\" href=\"https:\/\/crefito10.org.br\/cmslite\/userfiles\/file\/estagio\/6 Requerimento unidade concedente Terapia Ocupacional.pdf\" target=\"_blank\" rel=\"noopener\">Terapia Ocupacional<\/a><\/p>\n<p style=\"margin-bottom: 1rem; border-color: #dddddd;\"><span style=\"font-size: 1rem;\">C\u00f3pia do Termo de Compromisso entre a unidade concedente\/acad\u00eamico\/IES<\/span><\/p>\n<p style=\"margin-bottom: 1rem; border-color: #dddddd;\"><span style=\"font-size: 1rem;\">C\u00f3pia da Declara\u00e7\u00e3o de Regularidade de Funcionamento (DRF)<\/span><\/p>\n<p style=\"margin-bottom: 1rem; border-color: #dddddd;\">Documento(s) comprobat\u00f3rio(s) da experi\u00eancia profissional do(s) fisioterapeuta(s) respons\u00e1vel pela \u00e1rea de atua\u00e7\u00e3o do(a) estagi\u00e1rio(a).<\/p>\n<p style=\"margin-bottom: 1rem; border-color: #dddddd;\">Rela\u00e7\u00e3o dos profissionais fisioterapeutas e terapeutas ocupacionais atuantes no local\u00a0&#8211;\u00a0<a style=\"font-family: var( --e-global-typography-text-font-family ), Sans-serif; font-weight: var( --e-global-typography-text-font-weight ); background-color: #ffffff; font-size: 1rem;\" href=\"https:\/\/crefito10.org.br\/cmslite\/userfiles\/file\/estagio\/7 Relacaoo profissionais.pdf\" target=\"_blank\" rel=\"noopener\">clique aqui<\/a><\/p>\n<p style=\"margin-bottom: 1rem; border-color: #dddddd;\"><span style=\"color: #2c363a; font-family: Roboto; font-size: 1.5em; font-weight: bold;\">Est\u00e1gio obrigat\u00f3rio<\/span><\/p>\n<p style=\"margin-bottom: 1rem; border-color: #dddddd; color: #2c363a; font-family: Roboto; font-size: 16px;\">Fisioterapia &#8211;\u00a0<a style=\"font-family: Roboto, sans-serif; background-color: #ffffff; font-size: 1rem;\" href=\"https:\/\/crefito10.org.br\/cmslite\/userfiles\/file\/estagio\/8 Requerimento estagio obrigatorio Fisioterapia.pdf\" target=\"_blank\" rel=\"noopener\">Requerimento<\/a><\/p>\n<p style=\"margin-bottom: 1rem; border-color: #dddddd; color: #2c363a; font-family: Roboto; font-size: 16px;\">Terapia Ocupacional &#8211;\u00a0<a style=\"font-family: Roboto, sans-serif; background-color: #ffffff; font-size: 1rem;\" href=\"https:\/\/crefito10.org.br\/cmslite\/userfiles\/file\/estagio\/9 Requerimento est\u00e1gio obrigat\u00f3rio Terapia Ocupacional.pdf\" target=\"_blank\" rel=\"noopener\">Requerimento<\/a><\/p>\n<p style=\"margin-bottom: 1rem; border-color: #dddddd;\"><\/p>\t\t\t\t\t\t\t\t<\/div>\n\t\t\t\t<\/div>\n\t\t\t\t\t<\/div>\n\t\t<\/div>\n\t\t\t\t\t<\/div>\n\t\t<\/section>\n\t\t\t\t<\/div>\n\t\t","protected":false},"excerpt":{"rendered":"<p>Share on facebook Share on email Share on whatsapp Est\u00e1gios Legisla\u00e7\u00e3o \u00a0LEI 11788\/08 \u2013\u00a0clique aqui Resolu\u00e7\u00e3o COFFITO Est\u00e1gio obrigat\u00f3rio em Fisioterapia 431\/13 \u2013\u00a0clique aqui Resolu\u00e7\u00e3o\u00a0COFFITO Est\u00e1gio n\u00e3o obrigat\u00f3rio em Fisioterapia [&hellip;]<\/p>\n","protected":false},"author":1,"featured_media":0,"parent":0,"menu_order":0,"comment_status":"closed","ping_status":"closed","template":"elementor_header_footer","meta":{"footnotes":""},"class_list":["post-1006","page","type-page","status-publish","hentry"],"yoast_head":"<!-- This site is optimized with the Yoast SEO plugin v27.4 - https:\/\/yoast.com\/product\/yoast-seo-wordpress\/ -->\n<title>Est\u00e1gios - CREFITO10<\/title>\n<meta name=\"robots\" content=\"index, follow, max-snippet:-1, max-image-preview:large, max-video-preview:-1\" \/>\n<link rel=\"canonical\" href=\"https:\/\/crefito10.org.br\/portal\/index.php\/estagios\/\" \/>\n<meta property=\"og:locale\" content=\"pt_BR\" \/>\n<meta property=\"og:type\" content=\"article\" \/>\n<meta property=\"og:title\" content=\"Est\u00e1gios - CREFITO10\" \/>\n<meta property=\"og:description\" content=\"Share on facebook Share on email Share on whatsapp Est\u00e1gios Legisla\u00e7\u00e3o \u00a0LEI 11788\/08 \u2013\u00a0clique aqui Resolu\u00e7\u00e3o COFFITO Est\u00e1gio obrigat\u00f3rio em Fisioterapia 431\/13 \u2013\u00a0clique aqui Resolu\u00e7\u00e3o\u00a0COFFITO Est\u00e1gio n\u00e3o obrigat\u00f3rio em Fisioterapia [&hellip;]\" \/>\n<meta property=\"og:url\" content=\"https:\/\/crefito10.org.br\/portal\/index.php\/estagios\/\" \/>\n<meta property=\"og:site_name\" content=\"CREFITO10\" \/>\n<meta property=\"article:modified_time\" content=\"2026-03-19T13:07:21+00:00\" \/>\n<meta name=\"twitter:card\" content=\"summary_large_image\" \/>\n<meta name=\"twitter:label1\" content=\"Est. tempo de leitura\" \/>\n\t<meta name=\"twitter:data1\" content=\"1 minuto\" \/>\n<script type=\"application\/ld+json\" class=\"yoast-schema-graph\">{\"@context\":\"https:\\\/\\\/schema.org\",\"@graph\":[{\"@type\":\"WebPage\",\"@id\":\"https:\\\/\\\/crefito10.org.br\\\/portal\\\/index.php\\\/estagios\\\/\",\"url\":\"https:\\\/\\\/crefito10.org.br\\\/portal\\\/index.php\\\/estagios\\\/\",\"name\":\"Est\u00e1gios - CREFITO10\",\"isPartOf\":{\"@id\":\"https:\\\/\\\/crefito10.org.br\\\/portal\\\/#website\"},\"datePublished\":\"2022-03-03T13:11:41+00:00\",\"dateModified\":\"2026-03-19T13:07:21+00:00\",\"breadcrumb\":{\"@id\":\"https:\\\/\\\/crefito10.org.br\\\/portal\\\/index.php\\\/estagios\\\/#breadcrumb\"},\"inLanguage\":\"pt-BR\",\"potentialAction\":[{\"@type\":\"ReadAction\",\"target\":[\"https:\\\/\\\/crefito10.org.br\\\/portal\\\/index.php\\\/estagios\\\/\"]}]},{\"@type\":\"BreadcrumbList\",\"@id\":\"https:\\\/\\\/crefito10.org.br\\\/portal\\\/index.php\\\/estagios\\\/#breadcrumb\",\"itemListElement\":[{\"@type\":\"ListItem\",\"position\":1,\"name\":\"In\u00edcio\",\"item\":\"https:\\\/\\\/crefito10.org.br\\\/portal\\\/\"},{\"@type\":\"ListItem\",\"position\":2,\"name\":\"Est\u00e1gios\"}]},{\"@type\":\"WebSite\",\"@id\":\"https:\\\/\\\/crefito10.org.br\\\/portal\\\/#website\",\"url\":\"https:\\\/\\\/crefito10.org.br\\\/portal\\\/\",\"name\":\"CREFITO-10\",\"description\":\"\",\"publisher\":{\"@id\":\"https:\\\/\\\/crefito10.org.br\\\/portal\\\/#organization\"},\"potentialAction\":[{\"@type\":\"SearchAction\",\"target\":{\"@type\":\"EntryPoint\",\"urlTemplate\":\"https:\\\/\\\/crefito10.org.br\\\/portal\\\/?s={search_term_string}\"},\"query-input\":{\"@type\":\"PropertyValueSpecification\",\"valueRequired\":true,\"valueName\":\"search_term_string\"}}],\"inLanguage\":\"pt-BR\"},{\"@type\":\"Organization\",\"@id\":\"https:\\\/\\\/crefito10.org.br\\\/portal\\\/#organization\",\"name\":\"CREFITO-10\",\"url\":\"https:\\\/\\\/crefito10.org.br\\\/portal\\\/\",\"logo\":{\"@type\":\"ImageObject\",\"inLanguage\":\"pt-BR\",\"@id\":\"https:\\\/\\\/crefito10.org.br\\\/portal\\\/#\\\/schema\\\/logo\\\/image\\\/\",\"url\":\"https:\\\/\\\/crefito10.org.br\\\/portal\\\/wp-content\\\/uploads\\\/2022\\\/02\\\/WhatsApp-Image-2022-03-11-at-13.34.44-e1648128473135.jpeg\",\"contentUrl\":\"https:\\\/\\\/crefito10.org.br\\\/portal\\\/wp-content\\\/uploads\\\/2022\\\/02\\\/WhatsApp-Image-2022-03-11-at-13.34.44-e1648128473135.jpeg\",\"width\":139,\"height\":25,\"caption\":\"CREFITO-10\"},\"image\":{\"@id\":\"https:\\\/\\\/crefito10.org.br\\\/portal\\\/#\\\/schema\\\/logo\\\/image\\\/\"},\"sameAs\":[\"https:\\\/\\\/www.instagram.com\\\/crefito10\"]}]}<\/script>\n<!-- \/ Yoast SEO plugin. -->","yoast_head_json":{"title":"Est\u00e1gios - CREFITO10","robots":{"index":"index","follow":"follow","max-snippet":"max-snippet:-1","max-image-preview":"max-image-preview:large","max-video-preview":"max-video-preview:-1"},"canonical":"https:\/\/crefito10.org.br\/portal\/index.php\/estagios\/","og_locale":"pt_BR","og_type":"article","og_title":"Est\u00e1gios - CREFITO10","og_description":"Share on facebook Share on email Share on whatsapp Est\u00e1gios Legisla\u00e7\u00e3o \u00a0LEI 11788\/08 \u2013\u00a0clique aqui Resolu\u00e7\u00e3o COFFITO Est\u00e1gio obrigat\u00f3rio em Fisioterapia 431\/13 \u2013\u00a0clique aqui Resolu\u00e7\u00e3o\u00a0COFFITO Est\u00e1gio n\u00e3o obrigat\u00f3rio em Fisioterapia [&hellip;]","og_url":"https:\/\/crefito10.org.br\/portal\/index.php\/estagios\/","og_site_name":"CREFITO10","article_modified_time":"2026-03-19T13:07:21+00:00","twitter_card":"summary_large_image","twitter_misc":{"Est. tempo de leitura":"1 minuto"},"schema":{"@context":"https:\/\/schema.org","@graph":[{"@type":"WebPage","@id":"https:\/\/crefito10.org.br\/portal\/index.php\/estagios\/","url":"https:\/\/crefito10.org.br\/portal\/index.php\/estagios\/","name":"Est\u00e1gios - CREFITO10","isPartOf":{"@id":"https:\/\/crefito10.org.br\/portal\/#website"},"datePublished":"2022-03-03T13:11:41+00:00","dateModified":"2026-03-19T13:07:21+00:00","breadcrumb":{"@id":"https:\/\/crefito10.org.br\/portal\/index.php\/estagios\/#breadcrumb"},"inLanguage":"pt-BR","potentialAction":[{"@type":"ReadAction","target":["https:\/\/crefito10.org.br\/portal\/index.php\/estagios\/"]}]},{"@type":"BreadcrumbList","@id":"https:\/\/crefito10.org.br\/portal\/index.php\/estagios\/#breadcrumb","itemListElement":[{"@type":"ListItem","position":1,"name":"In\u00edcio","item":"https:\/\/crefito10.org.br\/portal\/"},{"@type":"ListItem","position":2,"name":"Est\u00e1gios"}]},{"@type":"WebSite","@id":"https:\/\/crefito10.org.br\/portal\/#website","url":"https:\/\/crefito10.org.br\/portal\/","name":"CREFITO-10","description":"","publisher":{"@id":"https:\/\/crefito10.org.br\/portal\/#organization"},"potentialAction":[{"@type":"SearchAction","target":{"@type":"EntryPoint","urlTemplate":"https:\/\/crefito10.org.br\/portal\/?s={search_term_string}"},"query-input":{"@type":"PropertyValueSpecification","valueRequired":true,"valueName":"search_term_string"}}],"inLanguage":"pt-BR"},{"@type":"Organization","@id":"https:\/\/crefito10.org.br\/portal\/#organization","name":"CREFITO-10","url":"https:\/\/crefito10.org.br\/portal\/","logo":{"@type":"ImageObject","inLanguage":"pt-BR","@id":"https:\/\/crefito10.org.br\/portal\/#\/schema\/logo\/image\/","url":"https:\/\/crefito10.org.br\/portal\/wp-content\/uploads\/2022\/02\/WhatsApp-Image-2022-03-11-at-13.34.44-e1648128473135.jpeg","contentUrl":"https:\/\/crefito10.org.br\/portal\/wp-content\/uploads\/2022\/02\/WhatsApp-Image-2022-03-11-at-13.34.44-e1648128473135.jpeg","width":139,"height":25,"caption":"CREFITO-10"},"image":{"@id":"https:\/\/crefito10.org.br\/portal\/#\/schema\/logo\/image\/"},"sameAs":["https:\/\/www.instagram.com\/crefito10"]}]}},"_links":{"self":[{"href":"https:\/\/crefito10.org.br\/portal\/index.php\/wp-json\/wp\/v2\/pages\/1006","targetHints":{"allow":["GET"]}}],"collection":[{"href":"https:\/\/crefito10.org.br\/portal\/index.php\/wp-json\/wp\/v2\/pages"}],"about":[{"href":"https:\/\/crefito10.org.br\/portal\/index.php\/wp-json\/wp\/v2\/types\/page"}],"author":[{"embeddable":true,"href":"https:\/\/crefito10.org.br\/portal\/index.php\/wp-json\/wp\/v2\/users\/1"}],"replies":[{"embeddable":true,"href":"https:\/\/crefito10.org.br\/portal\/index.php\/wp-json\/wp\/v2\/comments?post=1006"}],"version-history":[{"count":22,"href":"https:\/\/crefito10.org.br\/portal\/index.php\/wp-json\/wp\/v2\/pages\/1006\/revisions"}],"predecessor-version":[{"id":6948,"href":"https:\/\/crefito10.org.br\/portal\/index.php\/wp-json\/wp\/v2\/pages\/1006\/revisions\/6948"}],"wp:attachment":[{"href":"https:\/\/crefito10.org.br\/portal\/index.php\/wp-json\/wp\/v2\/media?parent=1006"}],"curies":[{"name":"wp","href":"https:\/\/api.w.org\/{rel}","templated":true}]}}