{"id":1001,"date":"2022-03-03T10:10:24","date_gmt":"2022-03-03T13:10:24","guid":{"rendered":"https:\/\/crefito10.org.br\/portal\/?page_id=1001"},"modified":"2022-03-03T10:11:00","modified_gmt":"2022-03-03T13:11:00","slug":"estagios-profissional","status":"publish","type":"page","link":"https:\/\/crefito10.org.br\/portal\/index.php\/estagios-profissional\/","title":{"rendered":"Est\u00e1gios | Profissional"},"content":{"rendered":"\t\t<div data-elementor-type=\"wp-page\" data-elementor-id=\"1001\" class=\"elementor elementor-1001\">\n\t\t\t\t\t\t<section class=\"elementor-section elementor-top-section elementor-element elementor-element-213c86ef elementor-section-height-min-height elementor-section-items-top elementor-section-boxed elementor-section-height-default\" data-id=\"213c86ef\" data-element_type=\"section\" data-e-type=\"section\">\n\t\t\t\t\t\t<div class=\"elementor-container elementor-column-gap-default\">\n\t\t\t\t\t<div class=\"elementor-column elementor-col-100 elementor-top-column elementor-element elementor-element-6a173ff4\" data-id=\"6a173ff4\" data-element_type=\"column\" data-e-type=\"column\">\n\t\t\t<div class=\"elementor-widget-wrap elementor-element-populated\">\n\t\t\t\t\t\t<div class=\"elementor-element elementor-element-2ba58540 elementor-share-buttons--view-icon elementor-share-buttons--shape-circle elementor-share-buttons--align-right elementor-share-buttons--skin-gradient elementor-grid-0 elementor-share-buttons--color-official elementor-widget elementor-widget-share-buttons\" data-id=\"2ba58540\" data-element_type=\"widget\" data-e-type=\"widget\" data-widget_type=\"share-buttons.default\">\n\t\t\t\t<div class=\"elementor-widget-container\">\n\t\t\t\t\t\t\t<div class=\"elementor-grid\">\n\t\t\t\t\t\t\t\t<div class=\"elementor-grid-item\">\n\t\t\t\t\t\t<div class=\"elementor-share-btn elementor-share-btn_facebook\">\n\t\t\t\t\t\t\t\t\t\t\t\t\t\t\t<span class=\"elementor-share-btn__icon\">\n\t\t\t\t\t\t\t\t<i class=\"fab fa-facebook\" aria-hidden=\"true\"><\/i>\t\t\t\t\t\t\t\t<span\n\t\t\t\t\t\t\t\t\tclass=\"elementor-screen-only\">Share on facebook<\/span>\n\t\t\t\t\t\t\t<\/span>\n\t\t\t\t\t\t\t\t\t\t\t\t\t\t\t\t\t\t\t\t<\/div>\n\t\t\t\t\t<\/div>\n\t\t\t\t\t\t\t\t\t<div class=\"elementor-grid-item\">\n\t\t\t\t\t\t<div class=\"elementor-share-btn elementor-share-btn_email\">\n\t\t\t\t\t\t\t\t\t\t\t\t\t\t\t<span class=\"elementor-share-btn__icon\">\n\t\t\t\t\t\t\t\t<i class=\"fas fa-envelope\" aria-hidden=\"true\"><\/i>\t\t\t\t\t\t\t\t<span\n\t\t\t\t\t\t\t\t\tclass=\"elementor-screen-only\">Share on email<\/span>\n\t\t\t\t\t\t\t<\/span>\n\t\t\t\t\t\t\t\t\t\t\t\t\t\t\t\t\t\t\t\t<\/div>\n\t\t\t\t\t<\/div>\n\t\t\t\t\t\t\t\t\t<div class=\"elementor-grid-item\">\n\t\t\t\t\t\t<div class=\"elementor-share-btn elementor-share-btn_whatsapp\">\n\t\t\t\t\t\t\t\t\t\t\t\t\t\t\t<span class=\"elementor-share-btn__icon\">\n\t\t\t\t\t\t\t\t<i class=\"fab fa-whatsapp\" aria-hidden=\"true\"><\/i>\t\t\t\t\t\t\t\t<span\n\t\t\t\t\t\t\t\t\tclass=\"elementor-screen-only\">Share on whatsapp<\/span>\n\t\t\t\t\t\t\t<\/span>\n\t\t\t\t\t\t\t\t\t\t\t\t\t\t\t\t\t\t\t\t<\/div>\n\t\t\t\t\t<\/div>\n\t\t\t\t\t\t<\/div>\n\t\t\t\t\t\t<\/div>\n\t\t\t\t<\/div>\n\t\t\t\t<div class=\"elementor-element elementor-element-3f80bf53 elementor-widget elementor-widget-heading\" data-id=\"3f80bf53\" data-element_type=\"widget\" data-e-type=\"widget\" data-widget_type=\"heading.default\">\n\t\t\t\t<div class=\"elementor-widget-container\">\n\t\t\t\t\t<h2 class=\"elementor-heading-title elementor-size-default\">Est\u00e1gios | Profissional<\/h2>\t\t\t\t<\/div>\n\t\t\t\t<\/div>\n\t\t\t\t<div class=\"elementor-element elementor-element-778afd4f elementor-widget elementor-widget-text-editor\" data-id=\"778afd4f\" data-element_type=\"widget\" data-e-type=\"widget\" data-widget_type=\"text-editor.default\">\n\t\t\t\t<div class=\"elementor-widget-container\">\n\t\t\t\t\t\t\t\t\t<p><strong>\u00a0Est\u00e1gio n\u00e3o Obrigat\u00f3rio<\/strong><\/p><ul><li><a href=\"http:\/\/www.crefito10.org.br\/imagens\/Registro_de_Unidade_Concedente_ECNO_(1).pdf\">Clique aqui<\/a> para emitir o Requerimento<\/li><\/ul>\t\t\t\t\t\t\t\t<\/div>\n\t\t\t\t<\/div>\n\t\t\t\t\t<\/div>\n\t\t<\/div>\n\t\t\t\t\t<\/div>\n\t\t<\/section>\n\t\t\t\t<\/div>\n\t\t","protected":false},"excerpt":{"rendered":"<p>Share on facebook Share on email Share on whatsapp Est\u00e1gios | Profissional \u00a0Est\u00e1gio n\u00e3o Obrigat\u00f3rio Clique aqui para emitir o Requerimento<\/p>\n","protected":false},"author":1,"featured_media":0,"parent":0,"menu_order":0,"comment_status":"closed","ping_status":"closed","template":"elementor_header_footer","meta":{"footnotes":""},"class_list":["post-1001","page","type-page","status-publish","hentry"],"yoast_head":"<!-- This site is optimized with the Yoast SEO plugin v27.4 - https:\/\/yoast.com\/product\/yoast-seo-wordpress\/ -->\n<title>Est\u00e1gios | Profissional - CREFITO10<\/title>\n<meta name=\"robots\" content=\"index, follow, max-snippet:-1, max-image-preview:large, max-video-preview:-1\" \/>\n<link rel=\"canonical\" href=\"https:\/\/crefito10.org.br\/portal\/index.php\/estagios-profissional\/\" \/>\n<meta property=\"og:locale\" content=\"pt_BR\" \/>\n<meta property=\"og:type\" content=\"article\" \/>\n<meta property=\"og:title\" content=\"Est\u00e1gios | Profissional - CREFITO10\" \/>\n<meta property=\"og:description\" content=\"Share on facebook Share on email Share on whatsapp Est\u00e1gios | Profissional \u00a0Est\u00e1gio n\u00e3o Obrigat\u00f3rio Clique aqui para emitir o Requerimento\" \/>\n<meta property=\"og:url\" content=\"https:\/\/crefito10.org.br\/portal\/index.php\/estagios-profissional\/\" \/>\n<meta property=\"og:site_name\" content=\"CREFITO10\" \/>\n<meta property=\"article:modified_time\" content=\"2022-03-03T13:11:00+00:00\" \/>\n<meta name=\"twitter:card\" content=\"summary_large_image\" \/>\n<script type=\"application\/ld+json\" class=\"yoast-schema-graph\">{\"@context\":\"https:\\\/\\\/schema.org\",\"@graph\":[{\"@type\":\"WebPage\",\"@id\":\"https:\\\/\\\/crefito10.org.br\\\/portal\\\/index.php\\\/estagios-profissional\\\/\",\"url\":\"https:\\\/\\\/crefito10.org.br\\\/portal\\\/index.php\\\/estagios-profissional\\\/\",\"name\":\"Est\u00e1gios | Profissional - CREFITO10\",\"isPartOf\":{\"@id\":\"https:\\\/\\\/crefito10.org.br\\\/portal\\\/#website\"},\"datePublished\":\"2022-03-03T13:10:24+00:00\",\"dateModified\":\"2022-03-03T13:11:00+00:00\",\"breadcrumb\":{\"@id\":\"https:\\\/\\\/crefito10.org.br\\\/portal\\\/index.php\\\/estagios-profissional\\\/#breadcrumb\"},\"inLanguage\":\"pt-BR\",\"potentialAction\":[{\"@type\":\"ReadAction\",\"target\":[\"https:\\\/\\\/crefito10.org.br\\\/portal\\\/index.php\\\/estagios-profissional\\\/\"]}]},{\"@type\":\"BreadcrumbList\",\"@id\":\"https:\\\/\\\/crefito10.org.br\\\/portal\\\/index.php\\\/estagios-profissional\\\/#breadcrumb\",\"itemListElement\":[{\"@type\":\"ListItem\",\"position\":1,\"name\":\"In\u00edcio\",\"item\":\"https:\\\/\\\/crefito10.org.br\\\/portal\\\/\"},{\"@type\":\"ListItem\",\"position\":2,\"name\":\"Est\u00e1gios | Profissional\"}]},{\"@type\":\"WebSite\",\"@id\":\"https:\\\/\\\/crefito10.org.br\\\/portal\\\/#website\",\"url\":\"https:\\\/\\\/crefito10.org.br\\\/portal\\\/\",\"name\":\"CREFITO-10\",\"description\":\"\",\"publisher\":{\"@id\":\"https:\\\/\\\/crefito10.org.br\\\/portal\\\/#organization\"},\"potentialAction\":[{\"@type\":\"SearchAction\",\"target\":{\"@type\":\"EntryPoint\",\"urlTemplate\":\"https:\\\/\\\/crefito10.org.br\\\/portal\\\/?s={search_term_string}\"},\"query-input\":{\"@type\":\"PropertyValueSpecification\",\"valueRequired\":true,\"valueName\":\"search_term_string\"}}],\"inLanguage\":\"pt-BR\"},{\"@type\":\"Organization\",\"@id\":\"https:\\\/\\\/crefito10.org.br\\\/portal\\\/#organization\",\"name\":\"CREFITO-10\",\"url\":\"https:\\\/\\\/crefito10.org.br\\\/portal\\\/\",\"logo\":{\"@type\":\"ImageObject\",\"inLanguage\":\"pt-BR\",\"@id\":\"https:\\\/\\\/crefito10.org.br\\\/portal\\\/#\\\/schema\\\/logo\\\/image\\\/\",\"url\":\"https:\\\/\\\/crefito10.org.br\\\/portal\\\/wp-content\\\/uploads\\\/2022\\\/02\\\/WhatsApp-Image-2022-03-11-at-13.34.44-e1648128473135.jpeg\",\"contentUrl\":\"https:\\\/\\\/crefito10.org.br\\\/portal\\\/wp-content\\\/uploads\\\/2022\\\/02\\\/WhatsApp-Image-2022-03-11-at-13.34.44-e1648128473135.jpeg\",\"width\":139,\"height\":25,\"caption\":\"CREFITO-10\"},\"image\":{\"@id\":\"https:\\\/\\\/crefito10.org.br\\\/portal\\\/#\\\/schema\\\/logo\\\/image\\\/\"},\"sameAs\":[\"https:\\\/\\\/www.instagram.com\\\/crefito10\"]}]}<\/script>\n<!-- \/ Yoast SEO plugin. -->","yoast_head_json":{"title":"Est\u00e1gios | Profissional - CREFITO10","robots":{"index":"index","follow":"follow","max-snippet":"max-snippet:-1","max-image-preview":"max-image-preview:large","max-video-preview":"max-video-preview:-1"},"canonical":"https:\/\/crefito10.org.br\/portal\/index.php\/estagios-profissional\/","og_locale":"pt_BR","og_type":"article","og_title":"Est\u00e1gios | Profissional - CREFITO10","og_description":"Share on facebook Share on email Share on whatsapp Est\u00e1gios | Profissional \u00a0Est\u00e1gio n\u00e3o Obrigat\u00f3rio Clique aqui para emitir o Requerimento","og_url":"https:\/\/crefito10.org.br\/portal\/index.php\/estagios-profissional\/","og_site_name":"CREFITO10","article_modified_time":"2022-03-03T13:11:00+00:00","twitter_card":"summary_large_image","schema":{"@context":"https:\/\/schema.org","@graph":[{"@type":"WebPage","@id":"https:\/\/crefito10.org.br\/portal\/index.php\/estagios-profissional\/","url":"https:\/\/crefito10.org.br\/portal\/index.php\/estagios-profissional\/","name":"Est\u00e1gios | Profissional - CREFITO10","isPartOf":{"@id":"https:\/\/crefito10.org.br\/portal\/#website"},"datePublished":"2022-03-03T13:10:24+00:00","dateModified":"2022-03-03T13:11:00+00:00","breadcrumb":{"@id":"https:\/\/crefito10.org.br\/portal\/index.php\/estagios-profissional\/#breadcrumb"},"inLanguage":"pt-BR","potentialAction":[{"@type":"ReadAction","target":["https:\/\/crefito10.org.br\/portal\/index.php\/estagios-profissional\/"]}]},{"@type":"BreadcrumbList","@id":"https:\/\/crefito10.org.br\/portal\/index.php\/estagios-profissional\/#breadcrumb","itemListElement":[{"@type":"ListItem","position":1,"name":"In\u00edcio","item":"https:\/\/crefito10.org.br\/portal\/"},{"@type":"ListItem","position":2,"name":"Est\u00e1gios | Profissional"}]},{"@type":"WebSite","@id":"https:\/\/crefito10.org.br\/portal\/#website","url":"https:\/\/crefito10.org.br\/portal\/","name":"CREFITO-10","description":"","publisher":{"@id":"https:\/\/crefito10.org.br\/portal\/#organization"},"potentialAction":[{"@type":"SearchAction","target":{"@type":"EntryPoint","urlTemplate":"https:\/\/crefito10.org.br\/portal\/?s={search_term_string}"},"query-input":{"@type":"PropertyValueSpecification","valueRequired":true,"valueName":"search_term_string"}}],"inLanguage":"pt-BR"},{"@type":"Organization","@id":"https:\/\/crefito10.org.br\/portal\/#organization","name":"CREFITO-10","url":"https:\/\/crefito10.org.br\/portal\/","logo":{"@type":"ImageObject","inLanguage":"pt-BR","@id":"https:\/\/crefito10.org.br\/portal\/#\/schema\/logo\/image\/","url":"https:\/\/crefito10.org.br\/portal\/wp-content\/uploads\/2022\/02\/WhatsApp-Image-2022-03-11-at-13.34.44-e1648128473135.jpeg","contentUrl":"https:\/\/crefito10.org.br\/portal\/wp-content\/uploads\/2022\/02\/WhatsApp-Image-2022-03-11-at-13.34.44-e1648128473135.jpeg","width":139,"height":25,"caption":"CREFITO-10"},"image":{"@id":"https:\/\/crefito10.org.br\/portal\/#\/schema\/logo\/image\/"},"sameAs":["https:\/\/www.instagram.com\/crefito10"]}]}},"_links":{"self":[{"href":"https:\/\/crefito10.org.br\/portal\/index.php\/wp-json\/wp\/v2\/pages\/1001","targetHints":{"allow":["GET"]}}],"collection":[{"href":"https:\/\/crefito10.org.br\/portal\/index.php\/wp-json\/wp\/v2\/pages"}],"about":[{"href":"https:\/\/crefito10.org.br\/portal\/index.php\/wp-json\/wp\/v2\/types\/page"}],"author":[{"embeddable":true,"href":"https:\/\/crefito10.org.br\/portal\/index.php\/wp-json\/wp\/v2\/users\/1"}],"replies":[{"embeddable":true,"href":"https:\/\/crefito10.org.br\/portal\/index.php\/wp-json\/wp\/v2\/comments?post=1001"}],"version-history":[{"count":0,"href":"https:\/\/crefito10.org.br\/portal\/index.php\/wp-json\/wp\/v2\/pages\/1001\/revisions"}],"wp:attachment":[{"href":"https:\/\/crefito10.org.br\/portal\/index.php\/wp-json\/wp\/v2\/media?parent=1001"}],"curies":[{"name":"wp","href":"https:\/\/api.w.org\/{rel}","templated":true}]}}